{"id":8735,"date":"2025-12-16T17:22:29","date_gmt":"2025-12-16T16:22:29","guid":{"rendered":"https:\/\/serveiseducatius.xtec.cat\/baixllobregat1\/?page_id=8735"},"modified":"2026-02-11T12:25:12","modified_gmt":"2026-02-11T11:25:12","slug":"maletes-de-lectura-daula","status":"publish","type":"page","link":"https:\/\/serveiseducatius.xtec.cat\/baixllobregat1\/recursos\/maletes-pedagogiques\/maletes-de-lectura-daula\/","title":{"rendered":"Maletes de lectura d&#8217;aula"},"content":{"rendered":"<p>S\u00f3n <strong>lectures recomanades per a l\u2019alumnat d\u2019Educaci\u00f3 Infantil, Cicle Inicial, Cicle Mitj\u00e0 i Cicle Superior<\/strong>, seleccionades pel mestre i especialista en literatura infantil <a href=\"https:\/\/jaumecentelles.cat\/\" target=\"_blank\" rel=\"noopener\">Jaume Centelles.<\/a><\/p>\n<p>Aquestes maletes de llibres estan <strong>disponibles en pr\u00e9stec perqu\u00e8 cada aula que les reserva, pugui gaudir de petites joies liter\u00e0ries durant un trimestre<\/strong> del curs. S\u00f3n perfectes per tenir-les com a biblioteca d\u2019aula temporal, per fer lectura compartida o simplement per descobrir noves hist\u00f2ries que ens emocionin i ens facin volar ben lluny!<\/p>\n<p><strong>Qu\u00e8 hi trobareu dins les maletes?<\/strong><\/p>\n<p>Hist\u00f2ries que desperten el riure, la curiositat, la reflexi\u00f3 i les ganes de llegir:<\/p>\n<p>&#8211; <strong>Educaci\u00f3 Infantil:<\/strong> contes plens de color, humor i personatges entranyables.<br \/>\n&#8211; <strong>Cicle Inicial:<\/strong> llibres divertits i sorprenents per jugar amb la imaginaci\u00f3.<br \/>\n&#8211; <strong>Cicle Mitj\u00e0:<\/strong> relats que conviden a pensar i descobrir mons nous.<br \/>\n&#8211; <strong>Cicle Superior:<\/strong> lectures m\u00e9s profundes que connecten amb el m\u00f3n i amb un mateix.<\/p>\n<p>&nbsp;<\/p>\n<div style=\"left: 0; width: 100%; height: 0; position: relative; padding-bottom: 129.4118%;\">\n<table style=\"border-collapse: collapse; width: 47.4206%; height: 32px;\">\n<tbody>\n<tr>\n<td style=\"width: 40.3816%; text-align: center;\"><a href=\"https:\/\/drive.google.com\/file\/d\/1Jc31aUnnaKF9WxAPMzv627EdOwA3VgNS\/view?usp=drive_link\" target=\"_blank\" rel=\"noopener\">Llibres Educaci\u00f3 Infantil<\/a><\/td>\n<td style=\"width: 72.5185%; text-align: center;\"><a href=\"https:\/\/drive.google.com\/file\/d\/1LFTNvHMmRlDaj8G4Imq7KfWZf7n3Srfz\/view?usp=drive_link\" target=\"_blank\" rel=\"noopener\">Llibres Cicle Inicial<\/a><\/td>\n<\/tr>\n<tr>\n<td style=\"width: 40.3816%; text-align: center;\"><a href=\"https:\/\/drive.google.com\/file\/d\/1HiS4gKYGS5wv-Pl1s3ymJqGsW0UKPTtC\/view?usp=drive_link\" target=\"_blank\" rel=\"noopener\">Llibres Cicle Mitj\u00e0<\/a><\/td>\n<td style=\"width: 72.5185%; text-align: center;\"><a href=\"https:\/\/drive.google.com\/file\/d\/1bnjxt4JPr1nb1LWCvkYxxOuxuc3Uo3G7\/view?usp=drive_link\" target=\"_blank\" rel=\"noopener\">Llibres Cicle Superior<\/a><\/td>\n<\/tr>\n<\/tbody>\n<\/table>\n<p><span style=\"font-weight: 400;\">D\u2019altra banda, per facilitar el treball amb els llibres, s\u2019ha creat un <\/span><b>dossier pedag\u00f2gic<\/b><span style=\"font-weight: 400;\"> amb activitats que trobareu a les maletes.<\/span><\/p>\n<p><span style=\"font-weight: 400;\">Aquestes propostes que poden ajudar a:<\/span><\/p>\n<ul>\n<li style=\"font-weight: 400;\" aria-level=\"1\"><span style=\"font-weight: 400;\">Fomentar la comprensi\u00f3 lectora.<\/span><span style=\"font-weight: 400;\"><br \/>\n<\/span><\/li>\n<li style=\"font-weight: 400;\" aria-level=\"1\"><span style=\"font-weight: 400;\">Potenciar la creativitat i la reflexi\u00f3 cr\u00edtica de l\u2019alumnat.<\/span><\/li>\n<li style=\"font-weight: 400;\" aria-level=\"1\">Desenvolupar habilitats de lectura compartida i discussi\u00f3 en grup. Aquest dossier permet que els docents puguin treballar els llibres de manera guiada, amb objectius clars i materials ja preparats per utilitzar directament a l\u2019aula.<\/li>\n<\/ul>\n<p>Nom\u00e9s cal demanar-les en pr\u00e9stec i comen\u00e7ar a llegir!<\/p>\n<\/div>\n","protected":false},"excerpt":{"rendered":"<p>S\u00f3n lectures recomanades per a l\u2019alumnat d\u2019Educaci\u00f3 Infantil, Cicle Inicial, Cicle Mitj\u00e0 i Cicle Superior, seleccionades pel mestre i especialista en literatura infantil Jaume Centelles. Aquestes maletes de llibres estan disponibles en pr\u00e9stec perqu\u00e8 cada aula que les reserva, pugui gaudir de petites joies liter\u00e0ries durant un trimestre del curs. S\u00f3n perfectes per tenir-les com [&hellip;]<\/p>\n","protected":false},"author":10,"featured_media":0,"parent":541,"menu_order":0,"comment_status":"closed","ping_status":"closed","template":"page-templates\/side-menu.php","meta":{"_bbp_topic_count":0,"_bbp_reply_count":0,"_bbp_total_topic_count":0,"_bbp_total_reply_count":0,"_bbp_voice_count":0,"_bbp_anonymous_reply_count":0,"_bbp_topic_count_hidden":0,"_bbp_reply_count_hidden":0,"_bbp_forum_subforum_count":0,"site-sidebar-layout":"default","site-content-layout":"","ast-site-content-layout":"","site-content-style":"default","site-sidebar-style":"default","ast-global-header-display":"","ast-banner-title-visibility":"","ast-main-header-display":"","ast-hfb-above-header-display":"","ast-hfb-below-header-display":"","ast-hfb-mobile-header-display":"","site-post-title":"","ast-breadcrumbs-content":"","ast-featured-img":"","footer-sml-layout":"","theme-transparent-header-meta":"","adv-header-id-meta":"","stick-header-meta":"","header-above-stick-meta":"","header-main-stick-meta":"","header-below-stick-meta":"","astra-migrate-meta-layouts":"default","ast-page-background-enabled":"default","ast-page-background-meta":{"desktop":{"background-color":"var(--ast-global-color-4)","background-image":"","background-repeat":"repeat","background-position":"center center","background-size":"auto","background-attachment":"scroll","background-type":"","background-media":"","overlay-type":"","overlay-color":"","overlay-opacity":"","overlay-gradient":""},"tablet":{"background-color":"","background-image":"","background-repeat":"repeat","background-position":"center center","background-size":"auto","background-attachment":"scroll","background-type":"","background-media":"","overlay-type":"","overlay-color":"","overlay-opacity":"","overlay-gradient":""},"mobile":{"background-color":"","background-image":"","background-repeat":"repeat","background-position":"center center","background-size":"auto","background-attachment":"scroll","background-type":"","background-media":"","overlay-type":"","overlay-color":"","overlay-opacity":"","overlay-gradient":""}},"ast-content-background-meta":{"desktop":{"background-color":"var(--ast-global-color-5)","background-image":"","background-repeat":"repeat","background-position":"center center","background-size":"auto","background-attachment":"scroll","background-type":"","background-media":"","overlay-type":"","overlay-color":"","overlay-opacity":"","overlay-gradient":""},"tablet":{"background-color":"var(--ast-global-color-5)","background-image":"","background-repeat":"repeat","background-position":"center center","background-size":"auto","background-attachment":"scroll","background-type":"","background-media":"","overlay-type":"","overlay-color":"","overlay-opacity":"","overlay-gradient":""},"mobile":{"background-color":"var(--ast-global-color-5)","background-image":"","background-repeat":"repeat","background-position":"center center","background-size":"auto","background-attachment":"scroll","background-type":"","background-media":"","overlay-type":"","overlay-color":"","overlay-opacity":"","overlay-gradient":""}},"footnotes":""},"class_list":["post-8735","page","type-page","status-publish","hentry"],"post_mailing_queue_ids":[],"_links":{"self":[{"href":"https:\/\/serveiseducatius.xtec.cat\/baixllobregat1\/wp-json\/wp\/v2\/pages\/8735","targetHints":{"allow":["GET"]}}],"collection":[{"href":"https:\/\/serveiseducatius.xtec.cat\/baixllobregat1\/wp-json\/wp\/v2\/pages"}],"about":[{"href":"https:\/\/serveiseducatius.xtec.cat\/baixllobregat1\/wp-json\/wp\/v2\/types\/page"}],"author":[{"embeddable":true,"href":"https:\/\/serveiseducatius.xtec.cat\/baixllobregat1\/wp-json\/wp\/v2\/users\/10"}],"replies":[{"embeddable":true,"href":"https:\/\/serveiseducatius.xtec.cat\/baixllobregat1\/wp-json\/wp\/v2\/comments?post=8735"}],"version-history":[{"count":6,"href":"https:\/\/serveiseducatius.xtec.cat\/baixllobregat1\/wp-json\/wp\/v2\/pages\/8735\/revisions"}],"predecessor-version":[{"id":8850,"href":"https:\/\/serveiseducatius.xtec.cat\/baixllobregat1\/wp-json\/wp\/v2\/pages\/8735\/revisions\/8850"}],"up":[{"embeddable":true,"href":"https:\/\/serveiseducatius.xtec.cat\/baixllobregat1\/wp-json\/wp\/v2\/pages\/541"}],"wp:attachment":[{"href":"https:\/\/serveiseducatius.xtec.cat\/baixllobregat1\/wp-json\/wp\/v2\/media?parent=8735"}],"curies":[{"name":"wp","href":"https:\/\/api.w.org\/{rel}","templated":true}]}}