{"id":8226,"date":"2025-04-25T13:24:22","date_gmt":"2025-04-25T11:24:22","guid":{"rendered":"https:\/\/serveiseducatius.xtec.cat\/baixllobregat1\/?page_id=8226"},"modified":"2025-04-25T14:11:16","modified_gmt":"2025-04-25T12:11:16","slug":"escolta-lescola-en-directe","status":"publish","type":"page","link":"https:\/\/serveiseducatius.xtec.cat\/baixllobregat1\/radio-escolar\/escolta-lescola-en-directe\/","title":{"rendered":"Escolta l\u2019Escola en Directe"},"content":{"rendered":"<h6 data-start=\"183\" data-end=\"271\"><strong data-start=\"187\" data-end=\"271\">Descobreix les Emissions en viu del Servei Educatiu Baix Llobregat 1<\/strong><\/h6>\n<p class=\"\" data-start=\"273\" data-end=\"531\">Vols sentir com sona l\u2019escola quan s\u2019obre al m\u00f3n? Algunes escoles del servei educatiu del Baix Llobregat 1 fan <strong data-start=\"386\" data-end=\"410\">emissions en directe.<\/strong><\/p>\n<p class=\"\" data-start=\"533\" data-end=\"779\">A continuaci\u00f3 trobar\u00e0s les escoles amb el seu enlla\u00e7 directe al canal d\u2019emissi\u00f3.<\/p>\n<table style=\"width: 100%; border-collapse: collapse; border-color: #ffffff; border-style: hidden; background-color: #ffffff;\" border=\"0\">\n<tbody>\n<tr>\n<td style=\"width: 33.3333%; border-style: hidden;\"><a href=\"http:\/\/crp-santfeliu.xtec.cat:8084\/esc-castell-ciuro\" target=\"_blank\" rel=\"noopener\"><img loading=\"lazy\" decoding=\"async\" class=\"size-full wp-image-8234 aligncenter\" src=\"https:\/\/serveiseducatius.xtec.cat\/baixllobregat1\/wp-content\/uploads\/usu767\/2025\/04\/Copia-de-Logotips-CRP-David-Ciercoles-1.png\" alt=\"\" width=\"200\" height=\"200\" srcset=\"https:\/\/serveiseducatius.xtec.cat\/baixllobregat1\/wp-content\/uploads\/usu767\/2025\/04\/Copia-de-Logotips-CRP-David-Ciercoles-1.png 200w, https:\/\/serveiseducatius.xtec.cat\/baixllobregat1\/wp-content\/uploads\/usu767\/2025\/04\/Copia-de-Logotips-CRP-David-Ciercoles-1-150x150.png 150w\" sizes=\"auto, (max-width: 200px) 100vw, 200px\" \/><\/a><\/td>\n<td style=\"width: 33.3333%; border-style: hidden;\"><a href=\"http:\/\/crp-santfeliu.xtec.cat:8084\/esc-elpalau\" target=\"_blank\" rel=\"noopener\"><img loading=\"lazy\" decoding=\"async\" class=\"size-medium wp-image-8235 aligncenter\" src=\"https:\/\/serveiseducatius.xtec.cat\/baixllobregat1\/wp-content\/uploads\/usu767\/2025\/04\/Copia-de-Logotips-CRP-David-Ciercoles-2.png\" alt=\"\" width=\"200\" height=\"200\" srcset=\"https:\/\/serveiseducatius.xtec.cat\/baixllobregat1\/wp-content\/uploads\/usu767\/2025\/04\/Copia-de-Logotips-CRP-David-Ciercoles-2.png 200w, https:\/\/serveiseducatius.xtec.cat\/baixllobregat1\/wp-content\/uploads\/usu767\/2025\/04\/Copia-de-Logotips-CRP-David-Ciercoles-2-150x150.png 150w\" sizes=\"auto, (max-width: 200px) 100vw, 200px\" \/><\/a><\/td>\n<td style=\"width: 33.3333%; border-style: hidden;\"><a href=\"http:\/\/crp-santfeliu.xtec.cat:8084\/esc-estel\" target=\"_blank\" rel=\"noopener\"><img loading=\"lazy\" decoding=\"async\" class=\"size-medium wp-image-8236 aligncenter\" src=\"https:\/\/serveiseducatius.xtec.cat\/baixllobregat1\/wp-content\/uploads\/usu767\/2025\/04\/Copia-de-Logotips-CRP-David-Ciercoles-3.png\" alt=\"\" width=\"200\" height=\"200\" srcset=\"https:\/\/serveiseducatius.xtec.cat\/baixllobregat1\/wp-content\/uploads\/usu767\/2025\/04\/Copia-de-Logotips-CRP-David-Ciercoles-3.png 200w, https:\/\/serveiseducatius.xtec.cat\/baixllobregat1\/wp-content\/uploads\/usu767\/2025\/04\/Copia-de-Logotips-CRP-David-Ciercoles-3-150x150.png 150w\" sizes=\"auto, (max-width: 200px) 100vw, 200px\" \/><\/a><\/td>\n<\/tr>\n<tr>\n<td style=\"width: 33.3333%; border-style: hidden; background-color: #ffffff;\"><a href=\"http:\/\/crp-santfeliu.xtec.cat:8084\/ceip-espriu-sfeliu\" target=\"_blank\" rel=\"noopener\"><img loading=\"lazy\" decoding=\"async\" class=\"size-medium wp-image-8237 aligncenter\" src=\"https:\/\/serveiseducatius.xtec.cat\/baixllobregat1\/wp-content\/uploads\/usu767\/2025\/04\/Copia-de-Logotips-CRP-David-Ciercoles-5.png\" alt=\"\" width=\"200\" height=\"200\" srcset=\"https:\/\/serveiseducatius.xtec.cat\/baixllobregat1\/wp-content\/uploads\/usu767\/2025\/04\/Copia-de-Logotips-CRP-David-Ciercoles-5.png 200w, https:\/\/serveiseducatius.xtec.cat\/baixllobregat1\/wp-content\/uploads\/usu767\/2025\/04\/Copia-de-Logotips-CRP-David-Ciercoles-5-150x150.png 150w\" sizes=\"auto, (max-width: 200px) 100vw, 200px\" \/><\/a><\/td>\n<td style=\"width: 33.3333%; border-style: hidden; background-color: #ffffff;\"><a href=\"http:\/\/crp-santfeliu.xtec.cat:8084\/escola-monmany\" target=\"_blank\" rel=\"noopener\"><img loading=\"lazy\" decoding=\"async\" class=\"size-medium wp-image-8238 aligncenter\" src=\"https:\/\/serveiseducatius.xtec.cat\/baixllobregat1\/wp-content\/uploads\/usu767\/2025\/04\/Copia-de-Logotips-CRP-David-Ciercoles.png\" alt=\"\" width=\"200\" height=\"200\" srcset=\"https:\/\/serveiseducatius.xtec.cat\/baixllobregat1\/wp-content\/uploads\/usu767\/2025\/04\/Copia-de-Logotips-CRP-David-Ciercoles.png 200w, https:\/\/serveiseducatius.xtec.cat\/baixllobregat1\/wp-content\/uploads\/usu767\/2025\/04\/Copia-de-Logotips-CRP-David-Ciercoles-150x150.png 150w\" sizes=\"auto, (max-width: 200px) 100vw, 200px\" \/><\/a><\/td>\n<td style=\"width: 33.3333%; border-style: hidden; background-color: #ffffff;\"><a href=\"http:\/\/crp-santfeliu.xtec.cat:8084\/esc-nadal\" target=\"_blank\" rel=\"noopener\"><img loading=\"lazy\" decoding=\"async\" class=\"size-medium wp-image-8239 aligncenter\" src=\"https:\/\/serveiseducatius.xtec.cat\/baixllobregat1\/wp-content\/uploads\/usu767\/2025\/04\/Copia-de-Logotips-CRP-David-Ciercoles-6.png\" alt=\"\" width=\"200\" height=\"200\" srcset=\"https:\/\/serveiseducatius.xtec.cat\/baixllobregat1\/wp-content\/uploads\/usu767\/2025\/04\/Copia-de-Logotips-CRP-David-Ciercoles-6.png 200w, https:\/\/serveiseducatius.xtec.cat\/baixllobregat1\/wp-content\/uploads\/usu767\/2025\/04\/Copia-de-Logotips-CRP-David-Ciercoles-6-150x150.png 150w\" sizes=\"auto, (max-width: 200px) 100vw, 200px\" \/><\/a><\/td>\n<\/tr>\n<\/tbody>\n<\/table>\n<p>&nbsp;<\/p>\n<p>\ud83d\udd0a <strong data-start=\"628\" data-end=\"700\">Tingues en compte que nom\u00e9s sentir\u00e0s \u00e0udio quan estiguin en directe.<\/strong> Aix\u00ed que si en clicar no se sent res\u2026 \u00e9s que encara no han agafat el micro! \ud83d\ude09Explora, escolta i deixa\u2019t sorprendre per les veus que brollen des de les aules.<\/p>\n<table style=\"width: 100%; border-collapse: collapse; border: none; background-color: transparent;\">\n<tbody>\n<tr style=\"height: 32px;\">\n<td style=\"width: 33.3333%; height: 32px; border: none; background-color: transparent;\"><\/td>\n<td style=\"width: 33.3333%; height: 32px; border: none; background-color: transparent;\"><\/td>\n<td style=\"width: 33.3333%; height: 32px; border: none; background-color: transparent;\"><\/td>\n<\/tr>\n<tr style=\"height: 32px;\">\n<td style=\"width: 33.3333%; height: 32px; border: none; background-color: transparent;\"><\/td>\n<td style=\"width: 33.3333%; height: 32px; border: none; background-color: transparent;\"><\/td>\n<td style=\"width: 33.3333%; height: 32px; border: none; background-color: transparent;\"><\/td>\n<\/tr>\n<\/tbody>\n<\/table>\n","protected":false},"excerpt":{"rendered":"<p>Descobreix les Emissions en viu del Servei Educatiu Baix Llobregat 1 Vols sentir com sona l\u2019escola quan s\u2019obre al m\u00f3n? Algunes escoles del servei educatiu del Baix Llobregat 1 fan emissions en directe. A continuaci\u00f3 trobar\u00e0s les escoles amb el seu enlla\u00e7 directe al canal d\u2019emissi\u00f3. &nbsp; \ud83d\udd0a Tingues en compte que nom\u00e9s sentir\u00e0s \u00e0udio [&hellip;]<\/p>\n","protected":false},"author":10,"featured_media":0,"parent":7883,"menu_order":0,"comment_status":"closed","ping_status":"closed","template":"page-templates\/side-menu.php","meta":{"_bbp_topic_count":0,"_bbp_reply_count":0,"_bbp_total_topic_count":0,"_bbp_total_reply_count":0,"_bbp_voice_count":0,"_bbp_anonymous_reply_count":0,"_bbp_topic_count_hidden":0,"_bbp_reply_count_hidden":0,"_bbp_forum_subforum_count":0,"site-sidebar-layout":"default","site-content-layout":"","ast-site-content-layout":"","site-content-style":"default","site-sidebar-style":"default","ast-global-header-display":"","ast-banner-title-visibility":"","ast-main-header-display":"","ast-hfb-above-header-display":"","ast-hfb-below-header-display":"","ast-hfb-mobile-header-display":"","site-post-title":"","ast-breadcrumbs-content":"","ast-featured-img":"","footer-sml-layout":"","theme-transparent-header-meta":"","adv-header-id-meta":"","stick-header-meta":"","header-above-stick-meta":"","header-main-stick-meta":"","header-below-stick-meta":"","astra-migrate-meta-layouts":"default","ast-page-background-enabled":"default","ast-page-background-meta":{"desktop":{"background-color":"var(--ast-global-color-4)","background-image":"","background-repeat":"repeat","background-position":"center center","background-size":"auto","background-attachment":"scroll","background-type":"","background-media":"","overlay-type":"","overlay-color":"","overlay-opacity":"","overlay-gradient":""},"tablet":{"background-color":"","background-image":"","background-repeat":"repeat","background-position":"center center","background-size":"auto","background-attachment":"scroll","background-type":"","background-media":"","overlay-type":"","overlay-color":"","overlay-opacity":"","overlay-gradient":""},"mobile":{"background-color":"","background-image":"","background-repeat":"repeat","background-position":"center center","background-size":"auto","background-attachment":"scroll","background-type":"","background-media":"","overlay-type":"","overlay-color":"","overlay-opacity":"","overlay-gradient":""}},"ast-content-background-meta":{"desktop":{"background-color":"var(--ast-global-color-5)","background-image":"","background-repeat":"repeat","background-position":"center center","background-size":"auto","background-attachment":"scroll","background-type":"","background-media":"","overlay-type":"","overlay-color":"","overlay-opacity":"","overlay-gradient":""},"tablet":{"background-color":"var(--ast-global-color-5)","background-image":"","background-repeat":"repeat","background-position":"center center","background-size":"auto","background-attachment":"scroll","background-type":"","background-media":"","overlay-type":"","overlay-color":"","overlay-opacity":"","overlay-gradient":""},"mobile":{"background-color":"var(--ast-global-color-5)","background-image":"","background-repeat":"repeat","background-position":"center center","background-size":"auto","background-attachment":"scroll","background-type":"","background-media":"","overlay-type":"","overlay-color":"","overlay-opacity":"","overlay-gradient":""}},"footnotes":""},"class_list":["post-8226","page","type-page","status-publish","hentry"],"post_mailing_queue_ids":[],"_links":{"self":[{"href":"https:\/\/serveiseducatius.xtec.cat\/baixllobregat1\/wp-json\/wp\/v2\/pages\/8226","targetHints":{"allow":["GET"]}}],"collection":[{"href":"https:\/\/serveiseducatius.xtec.cat\/baixllobregat1\/wp-json\/wp\/v2\/pages"}],"about":[{"href":"https:\/\/serveiseducatius.xtec.cat\/baixllobregat1\/wp-json\/wp\/v2\/types\/page"}],"author":[{"embeddable":true,"href":"https:\/\/serveiseducatius.xtec.cat\/baixllobregat1\/wp-json\/wp\/v2\/users\/10"}],"replies":[{"embeddable":true,"href":"https:\/\/serveiseducatius.xtec.cat\/baixllobregat1\/wp-json\/wp\/v2\/comments?post=8226"}],"version-history":[{"count":6,"href":"https:\/\/serveiseducatius.xtec.cat\/baixllobregat1\/wp-json\/wp\/v2\/pages\/8226\/revisions"}],"predecessor-version":[{"id":8233,"href":"https:\/\/serveiseducatius.xtec.cat\/baixllobregat1\/wp-json\/wp\/v2\/pages\/8226\/revisions\/8233"}],"up":[{"embeddable":true,"href":"https:\/\/serveiseducatius.xtec.cat\/baixllobregat1\/wp-json\/wp\/v2\/pages\/7883"}],"wp:attachment":[{"href":"https:\/\/serveiseducatius.xtec.cat\/baixllobregat1\/wp-json\/wp\/v2\/media?parent=8226"}],"curies":[{"name":"wp","href":"https:\/\/api.w.org\/{rel}","templated":true}]}}