{"id":8209,"date":"2025-04-24T10:39:47","date_gmt":"2025-04-24T08:39:47","guid":{"rendered":"https:\/\/serveiseducatius.xtec.cat\/baixllobregat1\/?page_id=8209"},"modified":"2025-04-24T10:39:47","modified_gmt":"2025-04-24T08:39:47","slug":"makedo","status":"publish","type":"page","link":"https:\/\/serveiseducatius.xtec.cat\/baixllobregat1\/recursos\/programacio-i-robotica\/makedo\/","title":{"rendered":"MAKEDO"},"content":{"rendered":"<h6 data-start=\"296\" data-end=\"373\">Eina creativa per a projectes STEAM amb els m\u00e9s petits<\/h6>\n<p class=\"\" data-start=\"375\" data-end=\"684\">Els infants aprenen millor quan manipulen, experimenten i donen forma a les seves idees. En aquest sentit, el material <strong data-start=\"494\" data-end=\"504\">Makedo<\/strong> \u00e9s una eina perfecta per incorporar l\u2019enfocament STEAM (Ci\u00e8ncia, Tecnologia, Enginyeria, Art i Matem\u00e0tiques) a partir del segon curs del segon cicle de l\u2019educaci\u00f3 infantil i a cicle inicial d\u2019una manera segura, divertida i col\u00b7laborativa.<\/p>\n<h6 data-start=\"686\" data-end=\"704\">Qu\u00e8 \u00e9s Makedo?<\/h6>\n<p class=\"\" data-start=\"706\" data-end=\"945\"><strong data-start=\"706\" data-end=\"716\">Makedo<\/strong> \u00e9s un conjunt de cargols i eines de pl\u00e0stic dissenyats per permetre als infants <strong data-start=\"797\" data-end=\"831\">unir peces de cartr\u00f3 f\u00e0cilment<\/strong>. \u00c9s segur, reutilitzable i fomenta la creativitat, la motricitat fina, el treball en equip i el pensament cr\u00edtic.<\/p>\n<p class=\"\" data-start=\"947\" data-end=\"1190\">Amb Makedo, els infants poden construir des de casetes, cotxes o robots fins a qualsevol objecte que puguin imaginar amb cartr\u00f3 reciclat. A m\u00e9s, \u00e9s una excel\u00b7lent manera de treballar valors com la sostenibilitat i el respecte pel medi ambient.<\/p>\n<hr class=\"\" data-start=\"1192\" data-end=\"1195\" \/>\n<h6 data-start=\"1197\" data-end=\"1239\">Materials imprescindibles per comen\u00e7ar<\/h6>\n<p class=\"\" data-start=\"1241\" data-end=\"1340\">Per utilitzar Makedo en la teva aula, necessitar\u00e0s tres elements b\u00e0sics, que et pots imprimir en 3D:<\/p>\n<h6 data-start=\"1342\" data-end=\"1372\">\ud83d\udd29 1. <strong data-start=\"1353\" data-end=\"1372\">Cargols\u00a0<\/strong><\/h6>\n<p class=\"\" data-start=\"1373\" data-end=\"1486\">Els cargols s\u00f3n el cor del sistema Makedo. Permeten unir trossos de cartr\u00f3 de manera segura i f\u00e0cil de desmuntar.<\/p>\n<h6 data-start=\"1533\" data-end=\"1562\">\ud83d\udee0\ufe0f 2. <strong data-start=\"1545\" data-end=\"1562\">Eines\u00a0<\/strong><\/h6>\n<p class=\"\" data-start=\"1563\" data-end=\"1698\">Hi ha eines dissenyades per foradar cartr\u00f3 de forma segura, serretes amb punta rodona i tornav\u00eds per cargolar entre d&#8217;altres.<\/p>\n<h6 data-start=\"1743\" data-end=\"1778\">\ud83e\udde9 3. <strong data-start=\"1754\" data-end=\"1778\">Aditaments especials<\/strong><\/h6>\n<p class=\"\" data-start=\"1779\" data-end=\"1893\">Inclouen frontisses, connectors dobles i altres accessoris per fer construccions m\u00e9s complexes o amb parts m\u00f2bils.<\/p>\n<p class=\"\" data-start=\"1895\" data-end=\"1951\">\ud83d\udc49 <a href=\"https:\/\/drive.google.com\/drive\/folders\/1kKlWO2A2vu94h-Bin7BQSwxRDpaw3qox?usp=sharing\" target=\"_blank\" rel=\"noopener\"><em data-start=\"1898\" data-end=\"1951\">[Descarrega els diferents elements per a imprimir-los en 3D]<\/em><\/a><\/p>\n<p data-start=\"1895\" data-end=\"1951\">Aviat tindrem en pr\u00e9stec joc de Makedo.<\/p>\n","protected":false},"excerpt":{"rendered":"<p>Eina creativa per a projectes STEAM amb els m\u00e9s petits Els infants aprenen millor quan manipulen, experimenten i donen forma a les seves idees. En aquest sentit, el material Makedo \u00e9s una eina perfecta per incorporar l\u2019enfocament STEAM (Ci\u00e8ncia, Tecnologia, Enginyeria, Art i Matem\u00e0tiques) a partir del segon curs del segon cicle de l\u2019educaci\u00f3 infantil [&hellip;]<\/p>\n","protected":false},"author":10,"featured_media":0,"parent":3996,"menu_order":90,"comment_status":"closed","ping_status":"closed","template":"page-templates\/side-menu.php","meta":{"_bbp_topic_count":0,"_bbp_reply_count":0,"_bbp_total_topic_count":0,"_bbp_total_reply_count":0,"_bbp_voice_count":0,"_bbp_anonymous_reply_count":0,"_bbp_topic_count_hidden":0,"_bbp_reply_count_hidden":0,"_bbp_forum_subforum_count":0,"site-sidebar-layout":"default","site-content-layout":"","ast-site-content-layout":"","site-content-style":"default","site-sidebar-style":"default","ast-global-header-display":"","ast-banner-title-visibility":"","ast-main-header-display":"","ast-hfb-above-header-display":"","ast-hfb-below-header-display":"","ast-hfb-mobile-header-display":"","site-post-title":"","ast-breadcrumbs-content":"","ast-featured-img":"","footer-sml-layout":"","theme-transparent-header-meta":"","adv-header-id-meta":"","stick-header-meta":"","header-above-stick-meta":"","header-main-stick-meta":"","header-below-stick-meta":"","astra-migrate-meta-layouts":"default","ast-page-background-enabled":"default","ast-page-background-meta":{"desktop":{"background-color":"var(--ast-global-color-4)","background-image":"","background-repeat":"repeat","background-position":"center center","background-size":"auto","background-attachment":"scroll","background-type":"","background-media":"","overlay-type":"","overlay-color":"","overlay-opacity":"","overlay-gradient":""},"tablet":{"background-color":"","background-image":"","background-repeat":"repeat","background-position":"center center","background-size":"auto","background-attachment":"scroll","background-type":"","background-media":"","overlay-type":"","overlay-color":"","overlay-opacity":"","overlay-gradient":""},"mobile":{"background-color":"","background-image":"","background-repeat":"repeat","background-position":"center center","background-size":"auto","background-attachment":"scroll","background-type":"","background-media":"","overlay-type":"","overlay-color":"","overlay-opacity":"","overlay-gradient":""}},"ast-content-background-meta":{"desktop":{"background-color":"var(--ast-global-color-5)","background-image":"","background-repeat":"repeat","background-position":"center center","background-size":"auto","background-attachment":"scroll","background-type":"","background-media":"","overlay-type":"","overlay-color":"","overlay-opacity":"","overlay-gradient":""},"tablet":{"background-color":"var(--ast-global-color-5)","background-image":"","background-repeat":"repeat","background-position":"center center","background-size":"auto","background-attachment":"scroll","background-type":"","background-media":"","overlay-type":"","overlay-color":"","overlay-opacity":"","overlay-gradient":""},"mobile":{"background-color":"var(--ast-global-color-5)","background-image":"","background-repeat":"repeat","background-position":"center center","background-size":"auto","background-attachment":"scroll","background-type":"","background-media":"","overlay-type":"","overlay-color":"","overlay-opacity":"","overlay-gradient":""}},"footnotes":""},"class_list":["post-8209","page","type-page","status-publish","hentry"],"post_mailing_queue_ids":[],"_links":{"self":[{"href":"https:\/\/serveiseducatius.xtec.cat\/baixllobregat1\/wp-json\/wp\/v2\/pages\/8209","targetHints":{"allow":["GET"]}}],"collection":[{"href":"https:\/\/serveiseducatius.xtec.cat\/baixllobregat1\/wp-json\/wp\/v2\/pages"}],"about":[{"href":"https:\/\/serveiseducatius.xtec.cat\/baixllobregat1\/wp-json\/wp\/v2\/types\/page"}],"author":[{"embeddable":true,"href":"https:\/\/serveiseducatius.xtec.cat\/baixllobregat1\/wp-json\/wp\/v2\/users\/10"}],"replies":[{"embeddable":true,"href":"https:\/\/serveiseducatius.xtec.cat\/baixllobregat1\/wp-json\/wp\/v2\/comments?post=8209"}],"version-history":[{"count":5,"href":"https:\/\/serveiseducatius.xtec.cat\/baixllobregat1\/wp-json\/wp\/v2\/pages\/8209\/revisions"}],"predecessor-version":[{"id":8214,"href":"https:\/\/serveiseducatius.xtec.cat\/baixllobregat1\/wp-json\/wp\/v2\/pages\/8209\/revisions\/8214"}],"up":[{"embeddable":true,"href":"https:\/\/serveiseducatius.xtec.cat\/baixllobregat1\/wp-json\/wp\/v2\/pages\/3996"}],"wp:attachment":[{"href":"https:\/\/serveiseducatius.xtec.cat\/baixllobregat1\/wp-json\/wp\/v2\/media?parent=8209"}],"curies":[{"name":"wp","href":"https:\/\/api.w.org\/{rel}","templated":true}]}}