{"id":7598,"date":"2024-10-28T10:59:27","date_gmt":"2024-10-28T09:59:27","guid":{"rendered":"https:\/\/serveiseducatius.xtec.cat\/baixllobregat1\/?page_id=7598"},"modified":"2024-12-19T09:17:36","modified_gmt":"2024-12-19T08:17:36","slug":"escola-i-territori-2","status":"publish","type":"page","link":"https:\/\/serveiseducatius.xtec.cat\/baixllobregat1\/xarxes-educatives\/escola-i-territori-2\/","title":{"rendered":"Escola i territori a Molins de Rei"},"content":{"rendered":"<h6 dir=\"ltr\">Escola i terrirori a Molins de Rei, una xarxa per teixir<\/h6>\n<p dir=\"ltr\">Grup de treball de docents i persones vinculades al m\u00f3n educatiu de Molins de Rei, creat el setembre de 2021<\/p>\n<p dir=\"ltr\">\u00c9s un grup de treball ampli, actualment format per docents de les escoles i els instituts, professionals de l&#8217;Ajuntament i persones relacionades amb el m\u00f3n educatiu del teixit social i educatiu de la vila de Molins de Rei.<\/p>\n<p dir=\"ltr\"><strong>Prop\u00f2sit del grup<\/strong><\/p>\n<p dir=\"ltr\">Crear una comunitat oberta, flexible i participativa.<\/p>\n<p dir=\"ltr\">Establir una relaci\u00f3 entre escola i entorn (natural, patrimoni, institucions) m\u00e9s din\u00e0mica, fluida, de col\u00b7laboraci\u00f3 rec\u00edproca i propera.<\/p>\n<p dir=\"ltr\">Establir una xarxa que faciliti atendre les necessitats dels agents educatius i dels infants i joves.<\/p>\n<h5 dir=\"ltr\"><a href=\"https:\/\/sites.google.com\/xtec.cat\/xarxaiterritoridemolinsderei\/p%C3%A0gina-principal\" target=\"_blank\" rel=\"noopener\">Accedeix al Site\u00a0<\/a><\/h5>\n<p>&nbsp;<\/p>\n<p>&nbsp;<\/p>\n<p>&nbsp;<\/p>\n","protected":false},"excerpt":{"rendered":"<p>Escola i terrirori a Molins de Rei, una xarxa per teixir Grup de treball de docents i persones vinculades al m\u00f3n educatiu de Molins de Rei, creat el setembre de 2021 \u00c9s un grup de treball ampli, actualment format per docents de les escoles i els instituts, professionals de l&#8217;Ajuntament i persones relacionades amb el [&hellip;]<\/p>\n","protected":false},"author":10,"featured_media":0,"parent":5475,"menu_order":9,"comment_status":"closed","ping_status":"closed","template":"page-templates\/side-menu.php","meta":{"_bbp_topic_count":0,"_bbp_reply_count":0,"_bbp_total_topic_count":0,"_bbp_total_reply_count":0,"_bbp_voice_count":0,"_bbp_anonymous_reply_count":0,"_bbp_topic_count_hidden":0,"_bbp_reply_count_hidden":0,"_bbp_forum_subforum_count":0,"site-sidebar-layout":"default","site-content-layout":"","ast-site-content-layout":"","site-content-style":"default","site-sidebar-style":"default","ast-global-header-display":"","ast-banner-title-visibility":"","ast-main-header-display":"","ast-hfb-above-header-display":"","ast-hfb-below-header-display":"","ast-hfb-mobile-header-display":"","site-post-title":"","ast-breadcrumbs-content":"","ast-featured-img":"","footer-sml-layout":"","theme-transparent-header-meta":"","adv-header-id-meta":"","stick-header-meta":"","header-above-stick-meta":"","header-main-stick-meta":"","header-below-stick-meta":"","astra-migrate-meta-layouts":"default","ast-page-background-enabled":"default","ast-page-background-meta":{"desktop":{"background-color":"var(--ast-global-color-4)","background-image":"","background-repeat":"repeat","background-position":"center center","background-size":"auto","background-attachment":"scroll","background-type":"","background-media":"","overlay-type":"","overlay-color":"","overlay-opacity":"","overlay-gradient":""},"tablet":{"background-color":"","background-image":"","background-repeat":"repeat","background-position":"center center","background-size":"auto","background-attachment":"scroll","background-type":"","background-media":"","overlay-type":"","overlay-color":"","overlay-opacity":"","overlay-gradient":""},"mobile":{"background-color":"","background-image":"","background-repeat":"repeat","background-position":"center center","background-size":"auto","background-attachment":"scroll","background-type":"","background-media":"","overlay-type":"","overlay-color":"","overlay-opacity":"","overlay-gradient":""}},"ast-content-background-meta":{"desktop":{"background-color":"var(--ast-global-color-5)","background-image":"","background-repeat":"repeat","background-position":"center center","background-size":"auto","background-attachment":"scroll","background-type":"","background-media":"","overlay-type":"","overlay-color":"","overlay-opacity":"","overlay-gradient":""},"tablet":{"background-color":"var(--ast-global-color-5)","background-image":"","background-repeat":"repeat","background-position":"center center","background-size":"auto","background-attachment":"scroll","background-type":"","background-media":"","overlay-type":"","overlay-color":"","overlay-opacity":"","overlay-gradient":""},"mobile":{"background-color":"var(--ast-global-color-5)","background-image":"","background-repeat":"repeat","background-position":"center center","background-size":"auto","background-attachment":"scroll","background-type":"","background-media":"","overlay-type":"","overlay-color":"","overlay-opacity":"","overlay-gradient":""}},"footnotes":""},"class_list":["post-7598","page","type-page","status-publish","hentry"],"post_mailing_queue_ids":[],"_links":{"self":[{"href":"https:\/\/serveiseducatius.xtec.cat\/baixllobregat1\/wp-json\/wp\/v2\/pages\/7598","targetHints":{"allow":["GET"]}}],"collection":[{"href":"https:\/\/serveiseducatius.xtec.cat\/baixllobregat1\/wp-json\/wp\/v2\/pages"}],"about":[{"href":"https:\/\/serveiseducatius.xtec.cat\/baixllobregat1\/wp-json\/wp\/v2\/types\/page"}],"author":[{"embeddable":true,"href":"https:\/\/serveiseducatius.xtec.cat\/baixllobregat1\/wp-json\/wp\/v2\/users\/10"}],"replies":[{"embeddable":true,"href":"https:\/\/serveiseducatius.xtec.cat\/baixllobregat1\/wp-json\/wp\/v2\/comments?post=7598"}],"version-history":[{"count":4,"href":"https:\/\/serveiseducatius.xtec.cat\/baixllobregat1\/wp-json\/wp\/v2\/pages\/7598\/revisions"}],"predecessor-version":[{"id":7800,"href":"https:\/\/serveiseducatius.xtec.cat\/baixllobregat1\/wp-json\/wp\/v2\/pages\/7598\/revisions\/7800"}],"up":[{"embeddable":true,"href":"https:\/\/serveiseducatius.xtec.cat\/baixllobregat1\/wp-json\/wp\/v2\/pages\/5475"}],"wp:attachment":[{"href":"https:\/\/serveiseducatius.xtec.cat\/baixllobregat1\/wp-json\/wp\/v2\/media?parent=7598"}],"curies":[{"name":"wp","href":"https:\/\/api.w.org\/{rel}","templated":true}]}}