{"id":7253,"date":"2024-05-06T12:37:40","date_gmt":"2024-05-06T10:37:40","guid":{"rendered":"https:\/\/serveiseducatius.xtec.cat\/baixllobregat1\/?page_id=7253"},"modified":"2024-09-16T12:20:46","modified_gmt":"2024-09-16T10:20:46","slug":"recursos-per-a-matematiques","status":"publish","type":"page","link":"https:\/\/serveiseducatius.xtec.cat\/baixllobregat1\/recursos\/recursos-en-linia\/recursos-per-a-matematiques\/","title":{"rendered":"Recursos per a Matem\u00e0tiques"},"content":{"rendered":"<p>&nbsp;<\/p>\n<p>&nbsp;<\/p>\n<p>&nbsp;<\/p>\n<table style=\"border-collapse: collapse; width: 100%; height: 388px;\">\n<tbody>\n<tr style=\"height: 316px;\">\n<td style=\"width: 1205.45px; height: 316px;\"><a href=\"https:\/\/sites.google.com\/xtec.cat\/matcompetentsbaixllobregat\/index-principal\" target=\"_blank\" rel=\"noopener\"><img loading=\"lazy\" decoding=\"async\" class=\"size-medium wp-image-7251 aligncenter\" src=\"https:\/\/serveiseducatius.xtec.cat\/baixllobregat1\/wp-content\/uploads\/usu767\/2024\/05\/MATcompetents-1-300x300.png\" alt=\"\" width=\"300\" height=\"300\" srcset=\"https:\/\/serveiseducatius.xtec.cat\/baixllobregat1\/wp-content\/uploads\/usu767\/2024\/05\/MATcompetents-1-300x300.png 300w, https:\/\/serveiseducatius.xtec.cat\/baixllobregat1\/wp-content\/uploads\/usu767\/2024\/05\/MATcompetents-1-150x150.png 150w, https:\/\/serveiseducatius.xtec.cat\/baixllobregat1\/wp-content\/uploads\/usu767\/2024\/05\/MATcompetents-1.png 500w\" sizes=\"auto, (max-width: 300px) 100vw, 300px\" \/><\/a><\/td>\n<\/tr>\n<tr style=\"height: 72px;\">\n<td style=\"width: 1205.45px; height: 72px;\">En <a href=\"https:\/\/sites.google.com\/xtec.cat\/matcompetentsbaixllobregat\/index-principal\" target=\"_blank\" rel=\"noopener\">aquest espai<\/a>, trobareu propostes d&#8217;aula per treballar la matem\u00e0tica competencial i enlla\u00e7os a webs i espais de refer\u00e8ncia com el MMACA o el <span class=\"il\">CREAMAT<\/span>\u00a0o es poden trobar materials treballats en diferents activitats formatives com el Laboratori de matem\u00e0tiques o les confer\u00e8ncies sobre perspectives i mirades matem\u00e0tiques.<\/p>\n<pre><span class=\"C9DxTc \">El material recollit en aquest lloc web ha estat elaborat conjuntament per les persones assistents al seminari de matem\u00e0tiques manipulatives de les zones educatives de Castelldefels i Baix Llobregat 3 amb l'acompanyament de\u00a0<\/span><span class=\"C9DxTc \">Manel Mart\u00ednez<\/span><span class=\"C9DxTc \">\u00a0al curs 21-22, i<\/span><span class=\"C9DxTc \">\u00a0Laura Morera i Marc Caelles el curs 22-23<\/span><span class=\"C9DxTc \">\u00a0i les persones assistents al cicle de confer\u00e8ncies sobre avaluaci\u00f3 competencial de les matem\u00e0tiques amb\u00a0\u00a0<\/span><span class=\"C9DxTc \">Laura Morera i Marc Caelles el curs 23-24.<\/span><\/pre>\n<\/td>\n<\/tr>\n<\/tbody>\n<\/table>\n<p>&nbsp;<\/p>\n<p>Maletes en pr\u00e9stec disponibles al CRP per treballar les compet\u00e8ncies matem\u00e0tiques:<\/p>\n<table style=\"width: 100%;\">\n<tbody>\n<tr>\n<td style=\"width: 32.9188%;\"><a href=\"https:\/\/serveiseducatius.xtec.cat\/baixllobregat1\/recursos\/maletes-pedagogiques\/maletes-per-ambits-curriculars\/maleta-geometria-primaria\/\"><img loading=\"lazy\" decoding=\"async\" class=\"aligncenter wp-image-4247\" src=\"https:\/\/serveiseducatius.xtec.cat\/baixllobregat1\/wp-content\/uploads\/usu767\/2021\/09\/WhatsApp-Image-2021-09-07-at-12.32.04.jpeg\" sizes=\"auto, (max-width: 383px) 100vw, 383px\" srcset=\"https:\/\/serveiseducatius.xtec.cat\/baixllobregat1\/wp-content\/uploads\/usu767\/2021\/09\/WhatsApp-Image-2021-09-07-at-12.32.04.jpeg 1600w, https:\/\/serveiseducatius.xtec.cat\/baixllobregat1\/wp-content\/uploads\/usu767\/2021\/09\/WhatsApp-Image-2021-09-07-at-12.32.04-300x225.jpeg 300w, https:\/\/serveiseducatius.xtec.cat\/baixllobregat1\/wp-content\/uploads\/usu767\/2021\/09\/WhatsApp-Image-2021-09-07-at-12.32.04-1024x768.jpeg 1024w, https:\/\/serveiseducatius.xtec.cat\/baixllobregat1\/wp-content\/uploads\/usu767\/2021\/09\/WhatsApp-Image-2021-09-07-at-12.32.04-768x576.jpeg 768w, https:\/\/serveiseducatius.xtec.cat\/baixllobregat1\/wp-content\/uploads\/usu767\/2021\/09\/WhatsApp-Image-2021-09-07-at-12.32.04-1536x1152.jpeg 1536w, https:\/\/serveiseducatius.xtec.cat\/baixllobregat1\/wp-content\/uploads\/usu767\/2021\/09\/WhatsApp-Image-2021-09-07-at-12.32.04-200x150.jpeg 200w\" alt=\"\" width=\"383\" height=\"287\" \/><\/a><\/td>\n<td style=\"width: 30.0994%;\"><a href=\"https:\/\/serveiseducatius.xtec.cat\/baixllobregat1\/recursos\/maletes-pedagogiques\/maletes-per-ambits-curriculars\/calcul-mental-secundaria-calculant-tots-som-iguals\/\"><img loading=\"lazy\" decoding=\"async\" class=\"aligncenter wp-image-4254\" src=\"https:\/\/serveiseducatius.xtec.cat\/baixllobregat1\/wp-content\/uploads\/usu767\/2021\/09\/WhatsApp-Image-2021-09-07-at-13.43.00.jpeg\" sizes=\"auto, (max-width: 242px) 100vw, 242px\" srcset=\"https:\/\/serveiseducatius.xtec.cat\/baixllobregat1\/wp-content\/uploads\/usu767\/2021\/09\/WhatsApp-Image-2021-09-07-at-13.43.00.jpeg 1600w, https:\/\/serveiseducatius.xtec.cat\/baixllobregat1\/wp-content\/uploads\/usu767\/2021\/09\/WhatsApp-Image-2021-09-07-at-13.43.00-300x225.jpeg 300w, https:\/\/serveiseducatius.xtec.cat\/baixllobregat1\/wp-content\/uploads\/usu767\/2021\/09\/WhatsApp-Image-2021-09-07-at-13.43.00-1024x768.jpeg 1024w, https:\/\/serveiseducatius.xtec.cat\/baixllobregat1\/wp-content\/uploads\/usu767\/2021\/09\/WhatsApp-Image-2021-09-07-at-13.43.00-768x576.jpeg 768w, https:\/\/serveiseducatius.xtec.cat\/baixllobregat1\/wp-content\/uploads\/usu767\/2021\/09\/WhatsApp-Image-2021-09-07-at-13.43.00-1536x1152.jpeg 1536w, https:\/\/serveiseducatius.xtec.cat\/baixllobregat1\/wp-content\/uploads\/usu767\/2021\/09\/WhatsApp-Image-2021-09-07-at-13.43.00-200x150.jpeg 200w\" alt=\"\" width=\"242\" height=\"181\" \/><\/a><\/td>\n<td style=\"width: 36.2355%;\"><a href=\"https:\/\/serveiseducatius.xtec.cat\/baixllobregat1\/recursos\/maletes-pedagogiques\/maletes-per-ambits-curriculars\/maleta-calcul-de-primaria\/\"><img loading=\"lazy\" decoding=\"async\" class=\"aligncenter wp-image-4238\" src=\"https:\/\/serveiseducatius.xtec.cat\/baixllobregat1\/wp-content\/uploads\/usu767\/2021\/09\/WhatsApp-Image-2021-09-06-at-14.11.33.jpeg\" sizes=\"auto, (max-width: 2016px) 100vw, 2016px\" srcset=\"https:\/\/serveiseducatius.xtec.cat\/baixllobregat1\/wp-content\/uploads\/usu767\/2021\/09\/WhatsApp-Image-2021-09-06-at-14.11.33.jpeg 2016w, https:\/\/serveiseducatius.xtec.cat\/baixllobregat1\/wp-content\/uploads\/usu767\/2021\/09\/WhatsApp-Image-2021-09-06-at-14.11.33-300x169.jpeg 300w, https:\/\/serveiseducatius.xtec.cat\/baixllobregat1\/wp-content\/uploads\/usu767\/2021\/09\/WhatsApp-Image-2021-09-06-at-14.11.33-1024x576.jpeg 1024w, https:\/\/serveiseducatius.xtec.cat\/baixllobregat1\/wp-content\/uploads\/usu767\/2021\/09\/WhatsApp-Image-2021-09-06-at-14.11.33-768x432.jpeg 768w, https:\/\/serveiseducatius.xtec.cat\/baixllobregat1\/wp-content\/uploads\/usu767\/2021\/09\/WhatsApp-Image-2021-09-06-at-14.11.33-1536x864.jpeg 1536w\" alt=\"\" width=\"377\" height=\"212\" \/><\/a><\/td>\n<\/tr>\n<tr>\n<td style=\"width: 32.9188%;\"><a href=\"https:\/\/serveiseducatius.xtec.cat\/baixllobregat1\/recursos\/maletes-pedagogiques\/maletes-per-ambits-curriculars\/maleta-geometria-primaria\/\">Geometria prim\u00e0ria<\/a><\/td>\n<td style=\"width: 30.0994%;\"><a href=\"https:\/\/serveiseducatius.xtec.cat\/baixllobregat1\/recursos\/maletes-pedagogiques\/maletes-per-ambits-curriculars\/calcul-mental-secundaria-calculant-tots-som-iguals\/\">C\u00e0lcul mental secund\u00e0ria<\/a><\/td>\n<td style=\"width: 36.2355%;\"><a href=\"https:\/\/serveiseducatius.xtec.cat\/baixllobregat1\/recursos\/maletes-pedagogiques\/maletes-per-ambits-curriculars\/maleta-calcul-de-primaria\/\">C\u00e0lcul prim\u00e0ria<\/a><\/td>\n<\/tr>\n<tr>\n<td style=\"width: 32.9188%;\"><img loading=\"lazy\" decoding=\"async\" class=\"size-full wp-image-7498 aligncenter\" src=\"https:\/\/serveiseducatius.xtec.cat\/baixllobregat1\/wp-content\/uploads\/usu767\/2024\/09\/Matematiques.jpg\" alt=\"\" width=\"249\" height=\"247\" srcset=\"https:\/\/serveiseducatius.xtec.cat\/baixllobregat1\/wp-content\/uploads\/usu767\/2024\/09\/Matematiques.jpg 249w, https:\/\/serveiseducatius.xtec.cat\/baixllobregat1\/wp-content\/uploads\/usu767\/2024\/09\/Matematiques-150x150.jpg 150w\" sizes=\"auto, (max-width: 249px) 100vw, 249px\" \/><\/td>\n<td style=\"width: 30.0994%;\"><\/td>\n<td style=\"width: 36.2355%;\"><\/td>\n<\/tr>\n<tr>\n<td style=\"width: 32.9188%;\">Al <a href=\"https:\/\/docents.cat\/cat\/matematiques\/\" target=\"_blank\" rel=\"noopener\">web docents.cat<\/a> podeu trobar recursos, masterclass i xerrades sobre matem\u00e0tiques<\/td>\n<td style=\"width: 30.0994%;\"><\/td>\n<td style=\"width: 36.2355%;\"><\/td>\n<\/tr>\n<\/tbody>\n<\/table>\n","protected":false},"excerpt":{"rendered":"<p>&nbsp; &nbsp; &nbsp; En aquest espai, trobareu propostes d&#8217;aula per treballar la matem\u00e0tica competencial i enlla\u00e7os a webs i espais de refer\u00e8ncia com el MMACA o el CREAMAT\u00a0o es poden trobar materials treballats en diferents activitats formatives com el Laboratori de matem\u00e0tiques o les confer\u00e8ncies sobre perspectives i mirades matem\u00e0tiques. El material recollit en aquest [&hellip;]<\/p>\n","protected":false},"author":10,"featured_media":0,"parent":3429,"menu_order":10,"comment_status":"closed","ping_status":"closed","template":"page-templates\/side-menu.php","meta":{"_bbp_topic_count":0,"_bbp_reply_count":0,"_bbp_total_topic_count":0,"_bbp_total_reply_count":0,"_bbp_voice_count":0,"_bbp_anonymous_reply_count":0,"_bbp_topic_count_hidden":0,"_bbp_reply_count_hidden":0,"_bbp_forum_subforum_count":0,"site-sidebar-layout":"default","site-content-layout":"","ast-site-content-layout":"","site-content-style":"default","site-sidebar-style":"default","ast-global-header-display":"","ast-banner-title-visibility":"","ast-main-header-display":"","ast-hfb-above-header-display":"","ast-hfb-below-header-display":"","ast-hfb-mobile-header-display":"","site-post-title":"","ast-breadcrumbs-content":"","ast-featured-img":"","footer-sml-layout":"","theme-transparent-header-meta":"","adv-header-id-meta":"","stick-header-meta":"","header-above-stick-meta":"","header-main-stick-meta":"","header-below-stick-meta":"","astra-migrate-meta-layouts":"default","ast-page-background-enabled":"default","ast-page-background-meta":{"desktop":{"background-color":"var(--ast-global-color-4)","background-image":"","background-repeat":"repeat","background-position":"center center","background-size":"auto","background-attachment":"scroll","background-type":"","background-media":"","overlay-type":"","overlay-color":"","overlay-opacity":"","overlay-gradient":""},"tablet":{"background-color":"","background-image":"","background-repeat":"repeat","background-position":"center center","background-size":"auto","background-attachment":"scroll","background-type":"","background-media":"","overlay-type":"","overlay-color":"","overlay-opacity":"","overlay-gradient":""},"mobile":{"background-color":"","background-image":"","background-repeat":"repeat","background-position":"center center","background-size":"auto","background-attachment":"scroll","background-type":"","background-media":"","overlay-type":"","overlay-color":"","overlay-opacity":"","overlay-gradient":""}},"ast-content-background-meta":{"desktop":{"background-color":"var(--ast-global-color-5)","background-image":"","background-repeat":"repeat","background-position":"center center","background-size":"auto","background-attachment":"scroll","background-type":"","background-media":"","overlay-type":"","overlay-color":"","overlay-opacity":"","overlay-gradient":""},"tablet":{"background-color":"var(--ast-global-color-5)","background-image":"","background-repeat":"repeat","background-position":"center center","background-size":"auto","background-attachment":"scroll","background-type":"","background-media":"","overlay-type":"","overlay-color":"","overlay-opacity":"","overlay-gradient":""},"mobile":{"background-color":"var(--ast-global-color-5)","background-image":"","background-repeat":"repeat","background-position":"center center","background-size":"auto","background-attachment":"scroll","background-type":"","background-media":"","overlay-type":"","overlay-color":"","overlay-opacity":"","overlay-gradient":""}},"footnotes":""},"class_list":["post-7253","page","type-page","status-publish","hentry"],"post_mailing_queue_ids":[],"_links":{"self":[{"href":"https:\/\/serveiseducatius.xtec.cat\/baixllobregat1\/wp-json\/wp\/v2\/pages\/7253","targetHints":{"allow":["GET"]}}],"collection":[{"href":"https:\/\/serveiseducatius.xtec.cat\/baixllobregat1\/wp-json\/wp\/v2\/pages"}],"about":[{"href":"https:\/\/serveiseducatius.xtec.cat\/baixllobregat1\/wp-json\/wp\/v2\/types\/page"}],"author":[{"embeddable":true,"href":"https:\/\/serveiseducatius.xtec.cat\/baixllobregat1\/wp-json\/wp\/v2\/users\/10"}],"replies":[{"embeddable":true,"href":"https:\/\/serveiseducatius.xtec.cat\/baixllobregat1\/wp-json\/wp\/v2\/comments?post=7253"}],"version-history":[{"count":4,"href":"https:\/\/serveiseducatius.xtec.cat\/baixllobregat1\/wp-json\/wp\/v2\/pages\/7253\/revisions"}],"predecessor-version":[{"id":7499,"href":"https:\/\/serveiseducatius.xtec.cat\/baixllobregat1\/wp-json\/wp\/v2\/pages\/7253\/revisions\/7499"}],"up":[{"embeddable":true,"href":"https:\/\/serveiseducatius.xtec.cat\/baixllobregat1\/wp-json\/wp\/v2\/pages\/3429"}],"wp:attachment":[{"href":"https:\/\/serveiseducatius.xtec.cat\/baixllobregat1\/wp-json\/wp\/v2\/media?parent=7253"}],"curies":[{"name":"wp","href":"https:\/\/api.w.org\/{rel}","templated":true}]}}