{"id":5790,"date":"2022-10-05T09:36:51","date_gmt":"2022-10-05T07:36:51","guid":{"rendered":"https:\/\/serveiseducatius.xtec.cat\/baixllobregat1\/?page_id=5790"},"modified":"2025-09-15T10:39:28","modified_gmt":"2025-09-15T08:39:28","slug":"microbit","status":"publish","type":"page","link":"https:\/\/serveiseducatius.xtec.cat\/baixllobregat1\/recursos\/programacio-i-robotica\/microbit\/","title":{"rendered":"Micro:bit"},"content":{"rendered":"<p><strong>Micro:bit<\/strong>\u00a0\u00e9s un petit dispositiu inform\u00e0tic programable, llan\u00e7at per la BBC l\u2019any 2015 amb l\u2019objectiu de facilitar i fer divertit l\u2019aprenentatge de la programaci\u00f3 i el control de dispositius f\u00edsics, com sensors i actuadors.<br \/>\nDes de l\u2019any 2016 la\u00a0<a class=\"urlextern\" title=\"https:\/\/microbit.org\/about\/\" href=\"https:\/\/microbit.org\/about\/\" target=\"_blank\" rel=\"nofollow noopener\">Fundaci\u00f3 Educativa Micro:bit<\/a>\u00a0assumeix aquest projecte amb el prop\u00f2sit d\u2019inspirar la creativitat digital i desenvolupar una nova generaci\u00f3 de pioners tecnol\u00f2gics a nivell mundial.<\/p>\n<p><img loading=\"lazy\" decoding=\"async\" class=\"alignleft size-medium wp-image-5792\" src=\"https:\/\/serveiseducatius.xtec.cat\/baixllobregat1\/wp-content\/uploads\/usu767\/2022\/10\/WhatsApp-Image-2022-10-05-at-09.30.16-300x225.jpeg\" alt=\"\" width=\"300\" height=\"225\" srcset=\"https:\/\/serveiseducatius.xtec.cat\/baixllobregat1\/wp-content\/uploads\/usu767\/2022\/10\/WhatsApp-Image-2022-10-05-at-09.30.16-300x225.jpeg 300w, https:\/\/serveiseducatius.xtec.cat\/baixllobregat1\/wp-content\/uploads\/usu767\/2022\/10\/WhatsApp-Image-2022-10-05-at-09.30.16-1024x768.jpeg 1024w, https:\/\/serveiseducatius.xtec.cat\/baixllobregat1\/wp-content\/uploads\/usu767\/2022\/10\/WhatsApp-Image-2022-10-05-at-09.30.16-768x576.jpeg 768w, https:\/\/serveiseducatius.xtec.cat\/baixllobregat1\/wp-content\/uploads\/usu767\/2022\/10\/WhatsApp-Image-2022-10-05-at-09.30.16-1536x1152.jpeg 1536w, https:\/\/serveiseducatius.xtec.cat\/baixllobregat1\/wp-content\/uploads\/usu767\/2022\/10\/WhatsApp-Image-2022-10-05-at-09.30.16-200x150.jpeg 200w, https:\/\/serveiseducatius.xtec.cat\/baixllobregat1\/wp-content\/uploads\/usu767\/2022\/10\/WhatsApp-Image-2022-10-05-at-09.30.16.jpeg 1600w\" sizes=\"auto, (max-width: 300px) 100vw, 300px\" \/> <img loading=\"lazy\" decoding=\"async\" class=\"alignleft size-medium wp-image-5793\" src=\"https:\/\/serveiseducatius.xtec.cat\/baixllobregat1\/wp-content\/uploads\/usu767\/2022\/10\/WhatsApp-Image-2022-10-05-at-09.30.17-300x225.jpeg\" alt=\"\" width=\"300\" height=\"225\" srcset=\"https:\/\/serveiseducatius.xtec.cat\/baixllobregat1\/wp-content\/uploads\/usu767\/2022\/10\/WhatsApp-Image-2022-10-05-at-09.30.17-300x225.jpeg 300w, https:\/\/serveiseducatius.xtec.cat\/baixllobregat1\/wp-content\/uploads\/usu767\/2022\/10\/WhatsApp-Image-2022-10-05-at-09.30.17-1024x768.jpeg 1024w, https:\/\/serveiseducatius.xtec.cat\/baixllobregat1\/wp-content\/uploads\/usu767\/2022\/10\/WhatsApp-Image-2022-10-05-at-09.30.17-768x576.jpeg 768w, https:\/\/serveiseducatius.xtec.cat\/baixllobregat1\/wp-content\/uploads\/usu767\/2022\/10\/WhatsApp-Image-2022-10-05-at-09.30.17-1536x1152.jpeg 1536w, https:\/\/serveiseducatius.xtec.cat\/baixllobregat1\/wp-content\/uploads\/usu767\/2022\/10\/WhatsApp-Image-2022-10-05-at-09.30.17-200x150.jpeg 200w, https:\/\/serveiseducatius.xtec.cat\/baixllobregat1\/wp-content\/uploads\/usu767\/2022\/10\/WhatsApp-Image-2022-10-05-at-09.30.17-rotated.jpeg 1600w\" sizes=\"auto, (max-width: 300px) 100vw, 300px\" \/> <img loading=\"lazy\" decoding=\"async\" class=\"alignleft size-medium wp-image-5794\" src=\"https:\/\/serveiseducatius.xtec.cat\/baixllobregat1\/wp-content\/uploads\/usu767\/2022\/10\/WhatsApp-Image-2022-10-05-at-09.30.19-300x225.jpeg\" alt=\"\" width=\"300\" height=\"225\" srcset=\"https:\/\/serveiseducatius.xtec.cat\/baixllobregat1\/wp-content\/uploads\/usu767\/2022\/10\/WhatsApp-Image-2022-10-05-at-09.30.19-300x225.jpeg 300w, https:\/\/serveiseducatius.xtec.cat\/baixllobregat1\/wp-content\/uploads\/usu767\/2022\/10\/WhatsApp-Image-2022-10-05-at-09.30.19-1024x768.jpeg 1024w, https:\/\/serveiseducatius.xtec.cat\/baixllobregat1\/wp-content\/uploads\/usu767\/2022\/10\/WhatsApp-Image-2022-10-05-at-09.30.19-768x576.jpeg 768w, https:\/\/serveiseducatius.xtec.cat\/baixllobregat1\/wp-content\/uploads\/usu767\/2022\/10\/WhatsApp-Image-2022-10-05-at-09.30.19-1536x1152.jpeg 1536w, https:\/\/serveiseducatius.xtec.cat\/baixllobregat1\/wp-content\/uploads\/usu767\/2022\/10\/WhatsApp-Image-2022-10-05-at-09.30.19-200x150.jpeg 200w, https:\/\/serveiseducatius.xtec.cat\/baixllobregat1\/wp-content\/uploads\/usu767\/2022\/10\/WhatsApp-Image-2022-10-05-at-09.30.19-rotated.jpeg 1600w\" sizes=\"auto, (max-width: 300px) 100vw, 300px\" \/><\/p>\n<p>&nbsp;<\/p>\n<p>&nbsp;<\/p>\n<p>&nbsp;<\/p>\n<p>&nbsp;<\/p>\n<p>&nbsp;<\/p>\n<p>&nbsp;<\/p>\n<p><strong>Micro:bit permet<\/strong>:<\/p>\n<ul class=\"fix-media-list-overlap\">\n<li class=\"level1\">\n<div class=\"li\">Combinar pensament computacional, programaci\u00f3, creativitat i innovaci\u00f3.<\/div>\n<\/li>\n<li class=\"level1\">\n<div class=\"li\">Adquirir compet\u00e8ncies i habilitats vitals en el pensament cr\u00edtic i la col\u00b7laboraci\u00f3, construint la capacitat i confian\u00e7a per tenir idees, compartir-les i fer-les reals.<\/div>\n<\/li>\n<li class=\"level1\">\n<div class=\"li\">L&#8217;apoderament digital i tecnol\u00f2gic de nois i noies amb diferents capacitats d&#8217;aprenentatge en diferents nivells educatius.<\/div>\n<\/li>\n<\/ul>\n<div class=\"notecustom\">La simplicitat del disseny de micro: bit permet un \u00e8xit immediat, per\u00f2 tamb\u00e9 es converteix en una eina m\u00e9s sofisticada a mesura que s&#8217;avan\u00e7a en el seu coneixement i comprensi\u00f3.<\/div>\n<div><\/div>\n<div><strong>La caixa cont\u00e9:<\/strong><\/div>\n<div><\/div>\n<div>&#8211; Placa micro:bit (1 unitat)<br \/>\n&#8211; Cable USB-microUSB (1 unitat)<br \/>\n&#8211; Micro:shield (1 unitat)<br \/>\n&#8211; Miniservo 180o (1 unitat)<br \/>\n&#8211; Sensor de llum (1 unitat)<br \/>\n&#8211; Sensor IR (1 unitat)<br \/>\n&#8211; Sensor d\u2019ultrasons + suport (1 unitat)<br \/>\n&#8211; Cables alligator (5 unitats)<br \/>\n&#8211; Motor DC + roda (2 unitats)<\/div>\n<div><\/div>\n<div><\/div>\n<div><a href=\"https:\/\/drive.google.com\/drive\/folders\/1-2qEpbfgoTxb1rcWdVFKs0WMQ4hzjdzX?usp=sharing\" target=\"_blank\" rel=\"noopener\">Material per fer el teu propi puls\u00f2metre.<\/a><\/div>\n<div><\/div>\n<div><a href=\"https:\/\/ateneu.xtec.cat\/wikiform\/wikiexport\/materials\/csre\/mbit\/b1\/index\">Crea, dissenya i construeix. Projectes amb Micro:bit<\/a><\/div>\n<div><\/div>\n<div><a href=\"https:\/\/projectes.xtec.cat\/programacioirobotica\/programacio\/microbit\/\">Programaci\u00f3 i rob\u00f2tica Micro:bit<\/a><\/div>\n","protected":false},"excerpt":{"rendered":"<p>Micro:bit\u00a0\u00e9s un petit dispositiu inform\u00e0tic programable, llan\u00e7at per la BBC l\u2019any 2015 amb l\u2019objectiu de facilitar i fer divertit l\u2019aprenentatge de la programaci\u00f3 i el control de dispositius f\u00edsics, com sensors i actuadors. Des de l\u2019any 2016 la\u00a0Fundaci\u00f3 Educativa Micro:bit\u00a0assumeix aquest projecte amb el prop\u00f2sit d\u2019inspirar la creativitat digital i desenvolupar una nova generaci\u00f3 de [&hellip;]<\/p>\n","protected":false},"author":10,"featured_media":0,"parent":3996,"menu_order":21,"comment_status":"closed","ping_status":"closed","template":"page-templates\/side-menu.php","meta":{"_bbp_topic_count":0,"_bbp_reply_count":0,"_bbp_total_topic_count":0,"_bbp_total_reply_count":0,"_bbp_voice_count":0,"_bbp_anonymous_reply_count":0,"_bbp_topic_count_hidden":0,"_bbp_reply_count_hidden":0,"_bbp_forum_subforum_count":0,"site-sidebar-layout":"default","site-content-layout":"","ast-site-content-layout":"","site-content-style":"default","site-sidebar-style":"default","ast-global-header-display":"","ast-banner-title-visibility":"","ast-main-header-display":"","ast-hfb-above-header-display":"","ast-hfb-below-header-display":"","ast-hfb-mobile-header-display":"","site-post-title":"","ast-breadcrumbs-content":"","ast-featured-img":"","footer-sml-layout":"","theme-transparent-header-meta":"","adv-header-id-meta":"","stick-header-meta":"","header-above-stick-meta":"","header-main-stick-meta":"","header-below-stick-meta":"","astra-migrate-meta-layouts":"default","ast-page-background-enabled":"default","ast-page-background-meta":{"desktop":{"background-color":"var(--ast-global-color-4)","background-image":"","background-repeat":"repeat","background-position":"center center","background-size":"auto","background-attachment":"scroll","background-type":"","background-media":"","overlay-type":"","overlay-color":"","overlay-opacity":"","overlay-gradient":""},"tablet":{"background-color":"","background-image":"","background-repeat":"repeat","background-position":"center center","background-size":"auto","background-attachment":"scroll","background-type":"","background-media":"","overlay-type":"","overlay-color":"","overlay-opacity":"","overlay-gradient":""},"mobile":{"background-color":"","background-image":"","background-repeat":"repeat","background-position":"center center","background-size":"auto","background-attachment":"scroll","background-type":"","background-media":"","overlay-type":"","overlay-color":"","overlay-opacity":"","overlay-gradient":""}},"ast-content-background-meta":{"desktop":{"background-color":"var(--ast-global-color-5)","background-image":"","background-repeat":"repeat","background-position":"center center","background-size":"auto","background-attachment":"scroll","background-type":"","background-media":"","overlay-type":"","overlay-color":"","overlay-opacity":"","overlay-gradient":""},"tablet":{"background-color":"var(--ast-global-color-5)","background-image":"","background-repeat":"repeat","background-position":"center center","background-size":"auto","background-attachment":"scroll","background-type":"","background-media":"","overlay-type":"","overlay-color":"","overlay-opacity":"","overlay-gradient":""},"mobile":{"background-color":"var(--ast-global-color-5)","background-image":"","background-repeat":"repeat","background-position":"center center","background-size":"auto","background-attachment":"scroll","background-type":"","background-media":"","overlay-type":"","overlay-color":"","overlay-opacity":"","overlay-gradient":""}},"footnotes":""},"class_list":["post-5790","page","type-page","status-publish","hentry"],"post_mailing_queue_ids":[],"_links":{"self":[{"href":"https:\/\/serveiseducatius.xtec.cat\/baixllobregat1\/wp-json\/wp\/v2\/pages\/5790","targetHints":{"allow":["GET"]}}],"collection":[{"href":"https:\/\/serveiseducatius.xtec.cat\/baixllobregat1\/wp-json\/wp\/v2\/pages"}],"about":[{"href":"https:\/\/serveiseducatius.xtec.cat\/baixllobregat1\/wp-json\/wp\/v2\/types\/page"}],"author":[{"embeddable":true,"href":"https:\/\/serveiseducatius.xtec.cat\/baixllobregat1\/wp-json\/wp\/v2\/users\/10"}],"replies":[{"embeddable":true,"href":"https:\/\/serveiseducatius.xtec.cat\/baixllobregat1\/wp-json\/wp\/v2\/comments?post=5790"}],"version-history":[{"count":5,"href":"https:\/\/serveiseducatius.xtec.cat\/baixllobregat1\/wp-json\/wp\/v2\/pages\/5790\/revisions"}],"predecessor-version":[{"id":8355,"href":"https:\/\/serveiseducatius.xtec.cat\/baixllobregat1\/wp-json\/wp\/v2\/pages\/5790\/revisions\/8355"}],"up":[{"embeddable":true,"href":"https:\/\/serveiseducatius.xtec.cat\/baixllobregat1\/wp-json\/wp\/v2\/pages\/3996"}],"wp:attachment":[{"href":"https:\/\/serveiseducatius.xtec.cat\/baixllobregat1\/wp-json\/wp\/v2\/media?parent=5790"}],"curies":[{"name":"wp","href":"https:\/\/api.w.org\/{rel}","templated":true}]}}