{"id":572,"date":"2015-11-26T21:44:54","date_gmt":"2015-11-26T20:44:54","guid":{"rendered":"http:\/\/serveiseducatius.xtec.cat\/se-baixllobregat1\/?page_id=572"},"modified":"2021-05-31T11:22:36","modified_gmt":"2021-05-31T09:22:36","slug":"formacio-interna-fic","status":"publish","type":"page","link":"https:\/\/serveiseducatius.xtec.cat\/baixllobregat1\/formacio\/formacio-interna-fic\/","title":{"rendered":"Formaci\u00f3 interna de centre (FIC)"},"content":{"rendered":"<p><a href=\"http:\/\/serveiseducatius.xtec.cat\/se-baixllobregat1\/wp-content\/uploads\/usu767\/2015\/11\/fic1.png\"><img loading=\"lazy\" decoding=\"async\" class=\" wp-image-574 alignleft\" src=\"http:\/\/serveiseducatius.xtec.cat\/se-baixllobregat1\/wp-content\/uploads\/usu767\/2015\/11\/fic1.png\" alt=\"fic\" width=\"76\" height=\"72\" \/><\/a>Modalitat formativa que t\u00e9 lloc dins de cada\u00a0centre educatiu, i s\u2019adre\u00e7a a la majoria del\u00a0claustre o a un col\u00b7lectiu d\u2019un centre.<\/p>\n<p><iframe loading=\"lazy\" src=\"https:\/\/www.youtube.com\/embed\/GPuOkHsICWk\" width=\"300\" height=\"170\" frameborder=\"0\"><\/iframe><\/p>\n<p>\u00c9s liderat i dinamitzat per un equip de\u00a0coordinaci\u00f3 format per tres persones del\u00a0centre entre les quals almenys una \u00e9s de\u00a0l\u2019equip directiu. No hi ha un formador extern.<\/p>\n<p><strong style=\"font-family: inherit; font-size: 1em;\">Itineraris formatius guiats:\u00a0<\/strong><\/p>\n<p>El Departament d\u2019Educaci\u00f3 ofereix uns itineraris guiats que contenen eines d\u2019autodiagnosi, materials de formaci\u00f3 (orientacions, activitats, enlla\u00e7os, idees clau i bibliografia), protocols i instruments d\u2019avaluaci\u00f3.<\/p>\n<p>Els itineraris formatius guiats tenen una durada de\u00a0 45 hores, de les quals\u00a0 30 han de ser de treball conjunt i 15 s&#8217;han de dedicar a treball individual o en grups redu\u00efts.<\/p>\n<p><strong>Materials dels itineraris guiats:\u00a0 <\/strong><strong><a href=\"http:\/\/ateneu.xtec.cat\/wikiform\/wikiexport\/fic\/dir\/index\" target=\"_blank\" rel=\"noopener noreferrer\">Llars d&#8217;infants, Educaci\u00f3 infantil i prim\u00e0ria, Educaci\u00f3 secund\u00e0ria, Educaci\u00f3 d&#8217;adults, Escola Oficial d&#8217;Idiomes<\/a><\/strong><\/p>\n<p><strong>Itineraris formatius propis:<\/strong><\/p>\n<p>Els centres que ja duen a terme un proc\u00e9s col\u00b7lectiu de reflexi\u00f3 i dinamitzaci\u00f3 interna podran optar per fer itineraris formatius propis.<\/p>\n<p>El CRP o la unitat responsable comprovar\u00e0 que l\u2019itinerari propi s\u2019adequa a les necessitats i les caracter\u00edstiques de la modalitat.<\/p>\n<p>Els itineraris formatius propis tenen una durada de 30\u00a0 hores, de les quals 20 han de ser de treball conjunt i 10 s&#8217;han de dedicar a treball individual o en grups redu\u00efts.<\/p>\n","protected":false},"excerpt":{"rendered":"<p>Modalitat formativa que t\u00e9 lloc dins de cada\u00a0centre educatiu, i s\u2019adre\u00e7a a la majoria del\u00a0claustre o a un col\u00b7lectiu d\u2019un centre. \u00c9s liderat i dinamitzat per un equip de\u00a0coordinaci\u00f3 format per tres persones del\u00a0centre entre les quals almenys una \u00e9s de\u00a0l\u2019equip directiu. No hi ha un formador extern. Itineraris formatius guiats:\u00a0 El Departament d\u2019Educaci\u00f3 ofereix [&hellip;]<\/p>\n","protected":false},"author":1,"featured_media":0,"parent":416,"menu_order":40,"comment_status":"closed","ping_status":"closed","template":"page-templates\/side-menu.php","meta":{"_bbp_topic_count":0,"_bbp_reply_count":0,"_bbp_total_topic_count":0,"_bbp_total_reply_count":0,"_bbp_voice_count":0,"_bbp_anonymous_reply_count":0,"_bbp_topic_count_hidden":0,"_bbp_reply_count_hidden":0,"_bbp_forum_subforum_count":0,"site-sidebar-layout":"default","site-content-layout":"","ast-site-content-layout":"","site-content-style":"default","site-sidebar-style":"default","ast-global-header-display":"","ast-banner-title-visibility":"","ast-main-header-display":"","ast-hfb-above-header-display":"","ast-hfb-below-header-display":"","ast-hfb-mobile-header-display":"","site-post-title":"","ast-breadcrumbs-content":"","ast-featured-img":"","footer-sml-layout":"","theme-transparent-header-meta":"","adv-header-id-meta":"","stick-header-meta":"","header-above-stick-meta":"","header-main-stick-meta":"","header-below-stick-meta":"","astra-migrate-meta-layouts":"default","ast-page-background-enabled":"default","ast-page-background-meta":{"desktop":{"background-color":"var(--ast-global-color-4)","background-image":"","background-repeat":"repeat","background-position":"center center","background-size":"auto","background-attachment":"scroll","background-type":"","background-media":"","overlay-type":"","overlay-color":"","overlay-opacity":"","overlay-gradient":""},"tablet":{"background-color":"","background-image":"","background-repeat":"repeat","background-position":"center center","background-size":"auto","background-attachment":"scroll","background-type":"","background-media":"","overlay-type":"","overlay-color":"","overlay-opacity":"","overlay-gradient":""},"mobile":{"background-color":"","background-image":"","background-repeat":"repeat","background-position":"center center","background-size":"auto","background-attachment":"scroll","background-type":"","background-media":"","overlay-type":"","overlay-color":"","overlay-opacity":"","overlay-gradient":""}},"ast-content-background-meta":{"desktop":{"background-color":"var(--ast-global-color-5)","background-image":"","background-repeat":"repeat","background-position":"center center","background-size":"auto","background-attachment":"scroll","background-type":"","background-media":"","overlay-type":"","overlay-color":"","overlay-opacity":"","overlay-gradient":""},"tablet":{"background-color":"var(--ast-global-color-5)","background-image":"","background-repeat":"repeat","background-position":"center center","background-size":"auto","background-attachment":"scroll","background-type":"","background-media":"","overlay-type":"","overlay-color":"","overlay-opacity":"","overlay-gradient":""},"mobile":{"background-color":"var(--ast-global-color-5)","background-image":"","background-repeat":"repeat","background-position":"center center","background-size":"auto","background-attachment":"scroll","background-type":"","background-media":"","overlay-type":"","overlay-color":"","overlay-opacity":"","overlay-gradient":""}},"footnotes":""},"class_list":["post-572","page","type-page","status-publish","hentry"],"post_mailing_queue_ids":[],"_links":{"self":[{"href":"https:\/\/serveiseducatius.xtec.cat\/baixllobregat1\/wp-json\/wp\/v2\/pages\/572","targetHints":{"allow":["GET"]}}],"collection":[{"href":"https:\/\/serveiseducatius.xtec.cat\/baixllobregat1\/wp-json\/wp\/v2\/pages"}],"about":[{"href":"https:\/\/serveiseducatius.xtec.cat\/baixllobregat1\/wp-json\/wp\/v2\/types\/page"}],"author":[{"embeddable":true,"href":"https:\/\/serveiseducatius.xtec.cat\/baixllobregat1\/wp-json\/wp\/v2\/users\/1"}],"replies":[{"embeddable":true,"href":"https:\/\/serveiseducatius.xtec.cat\/baixllobregat1\/wp-json\/wp\/v2\/comments?post=572"}],"version-history":[{"count":4,"href":"https:\/\/serveiseducatius.xtec.cat\/baixllobregat1\/wp-json\/wp\/v2\/pages\/572\/revisions"}],"predecessor-version":[{"id":4172,"href":"https:\/\/serveiseducatius.xtec.cat\/baixllobregat1\/wp-json\/wp\/v2\/pages\/572\/revisions\/4172"}],"up":[{"embeddable":true,"href":"https:\/\/serveiseducatius.xtec.cat\/baixllobregat1\/wp-json\/wp\/v2\/pages\/416"}],"wp:attachment":[{"href":"https:\/\/serveiseducatius.xtec.cat\/baixllobregat1\/wp-json\/wp\/v2\/media?parent=572"}],"curies":[{"name":"wp","href":"https:\/\/api.w.org\/{rel}","templated":true}]}}