{"id":5485,"date":"2022-03-23T11:27:44","date_gmt":"2022-03-23T10:27:44","guid":{"rendered":"https:\/\/serveiseducatius.xtec.cat\/baixllobregat1\/?page_id=5485"},"modified":"2025-09-12T09:40:45","modified_gmt":"2025-09-12T07:40:45","slug":"professionals-eap","status":"publish","type":"page","link":"https:\/\/serveiseducatius.xtec.cat\/baixllobregat1\/professionals-eap\/","title":{"rendered":"Professionals EAP"},"content":{"rendered":"<table style=\"height: 650px; width: 100%; border-collapse: collapse; border-style: solid;\">\n<tbody>\n<tr style=\"height: 24px;\">\n<td style=\"width: 33.3333%; height: 24px;\"><strong>Localitat<\/strong><\/td>\n<td style=\"width: 33.3333%; height: 24px;\"><strong>Centre docent<\/strong><\/td>\n<td style=\"width: 33.3333%; height: 24px;\"><strong>Psicopedagog\/a<\/strong><\/td>\n<\/tr>\n<tr>\n<td style=\"width: 33.3333%;\">Sant Feliu<\/td>\n<td style=\"width: 33.3333%;\">ESC Arquitecte Gaud\u00ed<\/td>\n<td style=\"width: 33.3333%;\">\n<div>\n<div>Andrea Rodr\u00edguez Saura<\/div>\n<\/div>\n<\/td>\n<\/tr>\n<tr>\n<td style=\"width: 33.3333%;\"><\/td>\n<td style=\"width: 33.3333%;\">ESC Miquel Mart\u00ed i Pol<\/td>\n<td style=\"width: 33.3333%;\">\n<div>\n<div>Andrea Rodr\u00edguez Saura<\/div>\n<\/div>\n<\/td>\n<\/tr>\n<tr>\n<td style=\"width: 33.3333%;\"><\/td>\n<td style=\"width: 33.3333%;\">Col\u00b7legi Verge de la Salut<\/td>\n<td style=\"width: 33.3333%;\">\n<div>\n<div>Andrea Rodr\u00edguez Saura<\/div>\n<\/div>\n<\/td>\n<\/tr>\n<tr>\n<td style=\"width: 33.3333%;\"><\/td>\n<td style=\"width: 33.3333%;\">INS Olorda<\/td>\n<td style=\"width: 33.3333%;\">\n<div>\n<div>Andrea Rodr\u00edguez Saura<\/div>\n<\/div>\n<\/td>\n<\/tr>\n<tr>\n<td style=\"width: 33.3333%;\"><\/td>\n<td style=\"width: 33.3333%;\">Escola Mestral<\/td>\n<td style=\"width: 33.3333%;\">\n<div>\n<div>Esther Carcel Ferrer<\/div>\n<\/div>\n<\/td>\n<\/tr>\n<tr>\n<td style=\"width: 33.3333%;\"><\/td>\n<td style=\"width: 33.3333%;\">CEE Tramuntana<\/td>\n<td style=\"width: 33.3333%;\">\n<div>\n<div>Esther Carcel Ferrer<\/div>\n<\/div>\n<\/td>\n<\/tr>\n<tr>\n<td style=\"width: 33.3333%;\"><\/td>\n<td style=\"width: 33.3333%;\">ESC Falguera<\/td>\n<td style=\"width: 33.3333%;\">\n<div>\n<div>Isabel Pons Mitjavila<\/div>\n<\/div>\n<\/td>\n<\/tr>\n<tr>\n<td style=\"width: 33.3333%;\"><\/td>\n<td style=\"width: 33.3333%;\">ESC Pau Vila (SF)<\/td>\n<td style=\"width: 33.3333%;\">\n<div>\n<div>Isabel Pons Mitjavila<\/div>\n<\/div>\n<\/td>\n<\/tr>\n<tr>\n<td style=\"width: 33.3333%;\"><\/td>\n<td style=\"width: 33.3333%;\">Col\u00b7legi Bon Salvador<\/td>\n<td style=\"width: 33.3333%;\">\n<div>\n<div>Isabel Pons Mitjavila<\/div>\n<\/div>\n<\/td>\n<\/tr>\n<tr>\n<td style=\"width: 33.3333%;\"><\/td>\n<td style=\"width: 33.3333%;\">INS Mart\u00ed Dot<\/td>\n<td style=\"width: 33.3333%;\">\n<div>\n<div>Isabel Pons Mitjavila<\/div>\n<\/div>\n<\/td>\n<\/tr>\n<tr>\n<td style=\"width: 33.3333%;\"><\/td>\n<td style=\"width: 33.3333%;\">ESC Josep Monmany i Amat<\/td>\n<td style=\"width: 33.3333%;\">\n<div>\n<div>Maria del Pilar Prat Jorba<\/div>\n<\/div>\n<\/td>\n<\/tr>\n<tr>\n<td style=\"width: 33.3333%;\"><\/td>\n<td style=\"width: 33.3333%;\">ESC Salvador Espriu<\/td>\n<td style=\"width: 33.3333%;\">\n<div>\n<div>Maria del Pilar Prat Jorba<\/div>\n<\/div>\n<\/td>\n<\/tr>\n<tr>\n<td style=\"width: 33.3333%;\"><\/td>\n<td style=\"width: 33.3333%;\">ESC Nadal<\/td>\n<td style=\"width: 33.3333%;\">\n<div>\n<div>Maria del Pilar Prat Jorba<\/div>\n<\/div>\n<\/td>\n<\/tr>\n<tr>\n<td style=\"width: 33.3333%;\"><\/td>\n<td style=\"width: 33.3333%;\">Col\u00b7legi Mare de D\u00e9u de la Merc\u00e8<\/td>\n<td style=\"width: 33.3333%;\">\n<div>\n<div>Maria del Pilar Prat Jorba<\/div>\n<\/div>\n<\/td>\n<\/tr>\n<tr>\n<td style=\"width: 33.3333%;\">Molins de Rei<\/td>\n<td style=\"width: 33.3333%;\">ESC La S\u00ednia<\/td>\n<td style=\"width: 33.3333%;\">\n<div>\n<div>Agust\u00edn Mart\u00edn Fraile<\/div>\n<\/div>\n<\/td>\n<\/tr>\n<tr>\n<td style=\"width: 33.3333%;\"><\/td>\n<td style=\"width: 33.3333%;\">ESC l&#8217;Alzina<\/td>\n<td style=\"width: 33.3333%;\">\n<div>\n<div>Agust\u00edn Mart\u00edn Fraile<\/div>\n<\/div>\n<\/td>\n<\/tr>\n<tr>\n<td style=\"width: 33.3333%;\"><\/td>\n<td style=\"width: 33.3333%;\">Col\u00b7legi Virolai<\/td>\n<td style=\"width: 33.3333%;\">\n<div>\n<div>Agust\u00edn Mart\u00edn Fraile<\/div>\n<\/div>\n<\/td>\n<\/tr>\n<tr>\n<td style=\"width: 33.3333%;\"><\/td>\n<td style=\"width: 33.3333%;\">INS Bernat El Ferrer<\/td>\n<td style=\"width: 33.3333%;\">\n<div>\n<div>Agust\u00edn Mart\u00edn Fraile<\/div>\n<\/div>\n<\/td>\n<\/tr>\n<tr>\n<td style=\"width: 33.3333%;\"><\/td>\n<td style=\"width: 33.3333%;\">ESC Pont De La Cadena<\/td>\n<td style=\"width: 33.3333%;\">Carol Mu\u00f1oz Gil<\/td>\n<\/tr>\n<tr>\n<td style=\"width: 33.3333%;\"><\/td>\n<td style=\"width: 33.3333%;\">ESC Josep Maria Madorell<\/td>\n<td style=\"width: 33.3333%;\">Carol Mu\u00f1oz Gil<\/td>\n<\/tr>\n<tr>\n<td style=\"width: 33.3333%;\"><\/td>\n<td style=\"width: 33.3333%;\">Col\u00b7legi Sant Miquel Arc\u00e0ngel &#8211; Manyanet<\/td>\n<td style=\"width: 33.3333%;\">Carol Mu\u00f1oz Gil<\/td>\n<\/tr>\n<tr>\n<td style=\"width: 33.3333%;\"><\/td>\n<td style=\"width: 33.3333%;\">ESC Estel<\/td>\n<td style=\"width: 33.3333%;\">Maria Ezquerro<\/td>\n<\/tr>\n<tr>\n<td style=\"width: 33.3333%;\"><\/td>\n<td style=\"width: 33.3333%;\">ESC El Palau<\/td>\n<td style=\"width: 33.3333%;\">Maria Ezquerro<\/td>\n<\/tr>\n<tr>\n<td style=\"width: 33.3333%;\"><\/td>\n<td style=\"width: 33.3333%;\">ESC Castell Ciur\u00f3<\/td>\n<td style=\"width: 33.3333%;\">Maria Ezquerro<\/td>\n<\/tr>\n<tr>\n<td style=\"width: 33.3333%;\"><\/td>\n<td style=\"width: 33.3333%;\">INS Llu\u00eds de Requesens<\/td>\n<td style=\"width: 33.3333%;\">Maria Ezquerro<\/td>\n<\/tr>\n<tr>\n<td style=\"width: 33.3333%;\">El Papiol<\/td>\n<td style=\"width: 33.3333%;\">ESC Pau Vila (EP)<\/td>\n<td style=\"width: 33.3333%;\">Carol Mu\u00f1oz Gil<\/td>\n<\/tr>\n<\/tbody>\n<\/table>\n<p>&nbsp;<\/p>\n<table style=\"border-collapse: collapse; width: 61.2978%;\">\n<tbody>\n<tr>\n<td style=\"width: 25.7822%;\">Treballadora social<\/td>\n<td style=\"width: 35.5156%;\">Laura Borjesson<\/td>\n<\/tr>\n<tr>\n<td style=\"width: 25.7822%;\">Fisioterapeuta<\/td>\n<td style=\"width: 35.5156%;\">Alejandro L\u00f3pez G\u00f3mez<\/td>\n<\/tr>\n<\/tbody>\n<\/table>\n<p>&nbsp;<\/p>\n<table style=\"border-collapse: collapse; width: 61.5296%;\">\n<tbody>\n<tr>\n<td style=\"width: 25.8428%;\">Direcci\u00f3<\/td>\n<td style=\"width: 35.5433%;\">Esther Carcel Ferrer<\/td>\n<\/tr>\n<\/tbody>\n<\/table>\n","protected":false},"excerpt":{"rendered":"<p>Localitat Centre docent Psicopedagog\/a Sant Feliu ESC Arquitecte Gaud\u00ed Andrea Rodr\u00edguez Saura ESC Miquel Mart\u00ed i Pol Andrea Rodr\u00edguez Saura Col\u00b7legi Verge de la Salut Andrea Rodr\u00edguez Saura INS Olorda Andrea Rodr\u00edguez Saura Escola Mestral Esther Carcel Ferrer CEE Tramuntana Esther Carcel Ferrer ESC Falguera Isabel Pons Mitjavila ESC Pau Vila (SF) Isabel Pons Mitjavila [&hellip;]<\/p>\n","protected":false},"author":10,"featured_media":0,"parent":0,"menu_order":0,"comment_status":"closed","ping_status":"closed","template":"page-templates\/side-menu.php","meta":{"_bbp_topic_count":0,"_bbp_reply_count":0,"_bbp_total_topic_count":0,"_bbp_total_reply_count":0,"_bbp_voice_count":0,"_bbp_anonymous_reply_count":0,"_bbp_topic_count_hidden":0,"_bbp_reply_count_hidden":0,"_bbp_forum_subforum_count":0,"site-sidebar-layout":"default","site-content-layout":"","ast-site-content-layout":"","site-content-style":"default","site-sidebar-style":"default","ast-global-header-display":"","ast-banner-title-visibility":"","ast-main-header-display":"","ast-hfb-above-header-display":"","ast-hfb-below-header-display":"","ast-hfb-mobile-header-display":"","site-post-title":"","ast-breadcrumbs-content":"","ast-featured-img":"","footer-sml-layout":"","theme-transparent-header-meta":"","adv-header-id-meta":"","stick-header-meta":"","header-above-stick-meta":"","header-main-stick-meta":"","header-below-stick-meta":"","astra-migrate-meta-layouts":"default","ast-page-background-enabled":"default","ast-page-background-meta":{"desktop":{"background-color":"var(--ast-global-color-4)","background-image":"","background-repeat":"repeat","background-position":"center center","background-size":"auto","background-attachment":"scroll","background-type":"","background-media":"","overlay-type":"","overlay-color":"","overlay-opacity":"","overlay-gradient":""},"tablet":{"background-color":"","background-image":"","background-repeat":"repeat","background-position":"center center","background-size":"auto","background-attachment":"scroll","background-type":"","background-media":"","overlay-type":"","overlay-color":"","overlay-opacity":"","overlay-gradient":""},"mobile":{"background-color":"","background-image":"","background-repeat":"repeat","background-position":"center center","background-size":"auto","background-attachment":"scroll","background-type":"","background-media":"","overlay-type":"","overlay-color":"","overlay-opacity":"","overlay-gradient":""}},"ast-content-background-meta":{"desktop":{"background-color":"var(--ast-global-color-5)","background-image":"","background-repeat":"repeat","background-position":"center center","background-size":"auto","background-attachment":"scroll","background-type":"","background-media":"","overlay-type":"","overlay-color":"","overlay-opacity":"","overlay-gradient":""},"tablet":{"background-color":"var(--ast-global-color-5)","background-image":"","background-repeat":"repeat","background-position":"center center","background-size":"auto","background-attachment":"scroll","background-type":"","background-media":"","overlay-type":"","overlay-color":"","overlay-opacity":"","overlay-gradient":""},"mobile":{"background-color":"var(--ast-global-color-5)","background-image":"","background-repeat":"repeat","background-position":"center center","background-size":"auto","background-attachment":"scroll","background-type":"","background-media":"","overlay-type":"","overlay-color":"","overlay-opacity":"","overlay-gradient":""}},"footnotes":""},"class_list":["post-5485","page","type-page","status-publish","hentry"],"post_mailing_queue_ids":[],"_links":{"self":[{"href":"https:\/\/serveiseducatius.xtec.cat\/baixllobregat1\/wp-json\/wp\/v2\/pages\/5485","targetHints":{"allow":["GET"]}}],"collection":[{"href":"https:\/\/serveiseducatius.xtec.cat\/baixllobregat1\/wp-json\/wp\/v2\/pages"}],"about":[{"href":"https:\/\/serveiseducatius.xtec.cat\/baixllobregat1\/wp-json\/wp\/v2\/types\/page"}],"author":[{"embeddable":true,"href":"https:\/\/serveiseducatius.xtec.cat\/baixllobregat1\/wp-json\/wp\/v2\/users\/10"}],"replies":[{"embeddable":true,"href":"https:\/\/serveiseducatius.xtec.cat\/baixllobregat1\/wp-json\/wp\/v2\/comments?post=5485"}],"version-history":[{"count":3,"href":"https:\/\/serveiseducatius.xtec.cat\/baixllobregat1\/wp-json\/wp\/v2\/pages\/5485\/revisions"}],"predecessor-version":[{"id":8351,"href":"https:\/\/serveiseducatius.xtec.cat\/baixllobregat1\/wp-json\/wp\/v2\/pages\/5485\/revisions\/8351"}],"wp:attachment":[{"href":"https:\/\/serveiseducatius.xtec.cat\/baixllobregat1\/wp-json\/wp\/v2\/media?parent=5485"}],"curies":[{"name":"wp","href":"https:\/\/api.w.org\/{rel}","templated":true}]}}