{"id":467,"date":"2015-11-25T18:29:59","date_gmt":"2015-11-25T17:29:59","guid":{"rendered":"http:\/\/serveiseducatius.xtec.cat\/se-baixllobregat1\/?page_id=467"},"modified":"2021-07-14T23:59:44","modified_gmt":"2021-07-14T21:59:44","slug":"mes-informacio","status":"publish","type":"page","link":"https:\/\/serveiseducatius.xtec.cat\/baixllobregat1\/formacio\/mes-informacio\/","title":{"rendered":"M\u00e9s informaci\u00f3"},"content":{"rendered":"<ul>\n<li><a href=\"http:\/\/xtec.gencat.cat\/ca\/formacio\/\" target=\"_blank\" rel=\"noopener noreferrer\">Formaci\u00f3 del professorat a la XTEC<\/a><\/li>\n<li><a href=\"http:\/\/xtec.gencat.cat\/ca\/formacio\/info-general\/oferta-formativa\/\" target=\"_blank\" rel=\"noopener noreferrer\">Informaci\u00f3 general<\/a><\/li>\n<li><a href=\"http:\/\/xtec.gencat.cat\/ca\/formacio\/info-general\/plans-formacio-zona\/\" target=\"_blank\" rel=\"noopener noreferrer\">Plans de formaci\u00f3 de zona<\/a><\/li>\n<li><a href=\"http:\/\/ateneu.xtec.cat\/wikiform\/wikiexport\/fic\/dir\/index\" target=\"_blank\" rel=\"noopener noreferrer\">Formaci\u00f3 Interna de Centre (FIC) Materials Ateneu<\/a><\/li>\n<\/ul>\n","protected":false},"excerpt":{"rendered":"<p>Formaci\u00f3 del professorat a la XTEC Informaci\u00f3 general Plans de formaci\u00f3 de zona Formaci\u00f3 Interna de Centre (FIC) Materials Ateneu<\/p>\n","protected":false},"author":1,"featured_media":0,"parent":416,"menu_order":80,"comment_status":"closed","ping_status":"closed","template":"page-templates\/side-menu.php","meta":{"_bbp_topic_count":0,"_bbp_reply_count":0,"_bbp_total_topic_count":0,"_bbp_total_reply_count":0,"_bbp_voice_count":0,"_bbp_anonymous_reply_count":0,"_bbp_topic_count_hidden":0,"_bbp_reply_count_hidden":0,"_bbp_forum_subforum_count":0,"site-sidebar-layout":"default","site-content-layout":"","ast-site-content-layout":"","site-content-style":"default","site-sidebar-style":"default","ast-global-header-display":"","ast-banner-title-visibility":"","ast-main-header-display":"","ast-hfb-above-header-display":"","ast-hfb-below-header-display":"","ast-hfb-mobile-header-display":"","site-post-title":"","ast-breadcrumbs-content":"","ast-featured-img":"","footer-sml-layout":"","theme-transparent-header-meta":"","adv-header-id-meta":"","stick-header-meta":"","header-above-stick-meta":"","header-main-stick-meta":"","header-below-stick-meta":"","astra-migrate-meta-layouts":"default","ast-page-background-enabled":"default","ast-page-background-meta":{"desktop":{"background-color":"var(--ast-global-color-4)","background-image":"","background-repeat":"repeat","background-position":"center center","background-size":"auto","background-attachment":"scroll","background-type":"","background-media":"","overlay-type":"","overlay-color":"","overlay-opacity":"","overlay-gradient":""},"tablet":{"background-color":"","background-image":"","background-repeat":"repeat","background-position":"center center","background-size":"auto","background-attachment":"scroll","background-type":"","background-media":"","overlay-type":"","overlay-color":"","overlay-opacity":"","overlay-gradient":""},"mobile":{"background-color":"","background-image":"","background-repeat":"repeat","background-position":"center center","background-size":"auto","background-attachment":"scroll","background-type":"","background-media":"","overlay-type":"","overlay-color":"","overlay-opacity":"","overlay-gradient":""}},"ast-content-background-meta":{"desktop":{"background-color":"var(--ast-global-color-5)","background-image":"","background-repeat":"repeat","background-position":"center center","background-size":"auto","background-attachment":"scroll","background-type":"","background-media":"","overlay-type":"","overlay-color":"","overlay-opacity":"","overlay-gradient":""},"tablet":{"background-color":"var(--ast-global-color-5)","background-image":"","background-repeat":"repeat","background-position":"center center","background-size":"auto","background-attachment":"scroll","background-type":"","background-media":"","overlay-type":"","overlay-color":"","overlay-opacity":"","overlay-gradient":""},"mobile":{"background-color":"var(--ast-global-color-5)","background-image":"","background-repeat":"repeat","background-position":"center center","background-size":"auto","background-attachment":"scroll","background-type":"","background-media":"","overlay-type":"","overlay-color":"","overlay-opacity":"","overlay-gradient":""}},"footnotes":""},"class_list":["post-467","page","type-page","status-publish","hentry"],"post_mailing_queue_ids":[],"_links":{"self":[{"href":"https:\/\/serveiseducatius.xtec.cat\/baixllobregat1\/wp-json\/wp\/v2\/pages\/467","targetHints":{"allow":["GET"]}}],"collection":[{"href":"https:\/\/serveiseducatius.xtec.cat\/baixllobregat1\/wp-json\/wp\/v2\/pages"}],"about":[{"href":"https:\/\/serveiseducatius.xtec.cat\/baixllobregat1\/wp-json\/wp\/v2\/types\/page"}],"author":[{"embeddable":true,"href":"https:\/\/serveiseducatius.xtec.cat\/baixllobregat1\/wp-json\/wp\/v2\/users\/1"}],"replies":[{"embeddable":true,"href":"https:\/\/serveiseducatius.xtec.cat\/baixllobregat1\/wp-json\/wp\/v2\/comments?post=467"}],"version-history":[{"count":4,"href":"https:\/\/serveiseducatius.xtec.cat\/baixllobregat1\/wp-json\/wp\/v2\/pages\/467\/revisions"}],"predecessor-version":[{"id":4185,"href":"https:\/\/serveiseducatius.xtec.cat\/baixllobregat1\/wp-json\/wp\/v2\/pages\/467\/revisions\/4185"}],"up":[{"embeddable":true,"href":"https:\/\/serveiseducatius.xtec.cat\/baixllobregat1\/wp-json\/wp\/v2\/pages\/416"}],"wp:attachment":[{"href":"https:\/\/serveiseducatius.xtec.cat\/baixllobregat1\/wp-json\/wp\/v2\/media?parent=467"}],"curies":[{"name":"wp","href":"https:\/\/api.w.org\/{rel}","templated":true}]}}