{"id":4482,"date":"2021-09-16T10:05:40","date_gmt":"2021-09-16T08:05:40","guid":{"rendered":"https:\/\/serveiseducatius.xtec.cat\/baixllobregat1\/?page_id=4482"},"modified":"2022-11-08T16:13:24","modified_gmt":"2022-11-08T15:13:24","slug":"kit-xtec-radio","status":"publish","type":"page","link":"https:\/\/serveiseducatius.xtec.cat\/baixllobregat1\/recursos\/aparells\/kit-xtec-radio\/","title":{"rendered":"Kit Xtec R\u00e0dio"},"content":{"rendered":"<p><img loading=\"lazy\" decoding=\"async\" class=\"size-full wp-image-4485 alignleft\" src=\"https:\/\/serveiseducatius.xtec.cat\/baixllobregat1\/wp-content\/uploads\/usu767\/2021\/09\/recurs-01_gran.jpg\" alt=\"\" width=\"353\" height=\"450\" srcset=\"https:\/\/serveiseducatius.xtec.cat\/baixllobregat1\/wp-content\/uploads\/usu767\/2021\/09\/recurs-01_gran.jpg 353w, https:\/\/serveiseducatius.xtec.cat\/baixllobregat1\/wp-content\/uploads\/usu767\/2021\/09\/recurs-01_gran-235x300.jpg 235w\" sizes=\"auto, (max-width: 353px) 100vw, 353px\" \/><\/p>\n<p align=\"justify\">El Kit Xtec R\u00e0dio est\u00e0 pensat per un treball global del so als centres docents. Un treball espec\u00edfic amb la r\u00e0dio escolar per Internet, o b\u00e9 un treball de teatre, un treball oral de lleng\u00fces, i fins i tot de dinamitzaci\u00f3 de l&#8217;activitat del centre i el seu entorn, etc.<\/p>\n<p align=\"justify\">Per donar-li qualitat als treballs dels alumnes i les alumnes s&#8217;ha pensat en un equipament professional adaptat a les necessitats dels centres i de les seves activitats.<\/p>\n<p align=\"justify\">Aquest equipament est\u00e0 composat per una maleta amb rodes per facilitar el transport dins el centre i tancada per a facilitar la seguretat<\/p>\n<p align=\"justify\">A m\u00e9s de la maleta hi ha dos altaveus autoamplificats per a poder sonoritzar una sala d&#8217;actes o un pati d&#8217;escola.<\/p>\n<p align=\"justify\"><a href=\"http:\/\/xtec.gencat.cat\/ca\/recursos\/media\/radio\/suport\/kit\/\">Kit d&#8217;\u00e0udio<\/a><\/p>\n<p><a href=\"http:\/\/xtec.gencat.cat\/ca\/recursos\/media\/radio\">Recursos Xtec r\u00e0dio<\/a><\/p>\n<p><a href=\"https:\/\/drive.google.com\/file\/d\/11cfsSoYgQmyj0-hmGYtpzau1JV3FB0u_\/view?usp=share_link\">Guia r\u00e0pida de l&#8217; \u00fas del Kit d&#8217;audio<\/a><\/p>\n<p><a href=\"https:\/\/drive.google.com\/file\/d\/1LtmfE8j3SX1TeLOxVuw_q78oIe98qNow\/view?usp=sharing\">Configuraci\u00f3 t\u00e8cnica<\/a><\/p>\n<p><a href=\"http:\/\/www.slideshare.net\/benitomend\/fem-un-programa-de-rdio\" target=\"_blank\" rel=\"nofollow noopener\">Fem un programa de r\u00e0dio<\/a><\/p>\n<p>&nbsp;<\/p>\n","protected":false},"excerpt":{"rendered":"<p>El Kit Xtec R\u00e0dio est\u00e0 pensat per un treball global del so als centres docents. Un treball espec\u00edfic amb la r\u00e0dio escolar per Internet, o b\u00e9 un treball de teatre, un treball oral de lleng\u00fces, i fins i tot de dinamitzaci\u00f3 de l&#8217;activitat del centre i el seu entorn, etc. Per donar-li qualitat als treballs [&hellip;]<\/p>\n","protected":false},"author":10,"featured_media":0,"parent":4405,"menu_order":105,"comment_status":"closed","ping_status":"closed","template":"page-templates\/side-menu.php","meta":{"_bbp_topic_count":0,"_bbp_reply_count":0,"_bbp_total_topic_count":0,"_bbp_total_reply_count":0,"_bbp_voice_count":0,"_bbp_anonymous_reply_count":0,"_bbp_topic_count_hidden":0,"_bbp_reply_count_hidden":0,"_bbp_forum_subforum_count":0,"site-sidebar-layout":"default","site-content-layout":"","ast-site-content-layout":"","site-content-style":"default","site-sidebar-style":"default","ast-global-header-display":"","ast-banner-title-visibility":"","ast-main-header-display":"","ast-hfb-above-header-display":"","ast-hfb-below-header-display":"","ast-hfb-mobile-header-display":"","site-post-title":"","ast-breadcrumbs-content":"","ast-featured-img":"","footer-sml-layout":"","theme-transparent-header-meta":"","adv-header-id-meta":"","stick-header-meta":"","header-above-stick-meta":"","header-main-stick-meta":"","header-below-stick-meta":"","astra-migrate-meta-layouts":"default","ast-page-background-enabled":"default","ast-page-background-meta":{"desktop":{"background-color":"var(--ast-global-color-4)","background-image":"","background-repeat":"repeat","background-position":"center center","background-size":"auto","background-attachment":"scroll","background-type":"","background-media":"","overlay-type":"","overlay-color":"","overlay-opacity":"","overlay-gradient":""},"tablet":{"background-color":"","background-image":"","background-repeat":"repeat","background-position":"center center","background-size":"auto","background-attachment":"scroll","background-type":"","background-media":"","overlay-type":"","overlay-color":"","overlay-opacity":"","overlay-gradient":""},"mobile":{"background-color":"","background-image":"","background-repeat":"repeat","background-position":"center center","background-size":"auto","background-attachment":"scroll","background-type":"","background-media":"","overlay-type":"","overlay-color":"","overlay-opacity":"","overlay-gradient":""}},"ast-content-background-meta":{"desktop":{"background-color":"var(--ast-global-color-5)","background-image":"","background-repeat":"repeat","background-position":"center center","background-size":"auto","background-attachment":"scroll","background-type":"","background-media":"","overlay-type":"","overlay-color":"","overlay-opacity":"","overlay-gradient":""},"tablet":{"background-color":"var(--ast-global-color-5)","background-image":"","background-repeat":"repeat","background-position":"center center","background-size":"auto","background-attachment":"scroll","background-type":"","background-media":"","overlay-type":"","overlay-color":"","overlay-opacity":"","overlay-gradient":""},"mobile":{"background-color":"var(--ast-global-color-5)","background-image":"","background-repeat":"repeat","background-position":"center center","background-size":"auto","background-attachment":"scroll","background-type":"","background-media":"","overlay-type":"","overlay-color":"","overlay-opacity":"","overlay-gradient":""}},"footnotes":""},"class_list":["post-4482","page","type-page","status-publish","hentry"],"post_mailing_queue_ids":[],"_links":{"self":[{"href":"https:\/\/serveiseducatius.xtec.cat\/baixllobregat1\/wp-json\/wp\/v2\/pages\/4482","targetHints":{"allow":["GET"]}}],"collection":[{"href":"https:\/\/serveiseducatius.xtec.cat\/baixllobregat1\/wp-json\/wp\/v2\/pages"}],"about":[{"href":"https:\/\/serveiseducatius.xtec.cat\/baixllobregat1\/wp-json\/wp\/v2\/types\/page"}],"author":[{"embeddable":true,"href":"https:\/\/serveiseducatius.xtec.cat\/baixllobregat1\/wp-json\/wp\/v2\/users\/10"}],"replies":[{"embeddable":true,"href":"https:\/\/serveiseducatius.xtec.cat\/baixllobregat1\/wp-json\/wp\/v2\/comments?post=4482"}],"version-history":[{"count":3,"href":"https:\/\/serveiseducatius.xtec.cat\/baixllobregat1\/wp-json\/wp\/v2\/pages\/4482\/revisions"}],"predecessor-version":[{"id":4484,"href":"https:\/\/serveiseducatius.xtec.cat\/baixllobregat1\/wp-json\/wp\/v2\/pages\/4482\/revisions\/4484"}],"up":[{"embeddable":true,"href":"https:\/\/serveiseducatius.xtec.cat\/baixllobregat1\/wp-json\/wp\/v2\/pages\/4405"}],"wp:attachment":[{"href":"https:\/\/serveiseducatius.xtec.cat\/baixllobregat1\/wp-json\/wp\/v2\/media?parent=4482"}],"curies":[{"name":"wp","href":"https:\/\/api.w.org\/{rel}","templated":true}]}}