{"id":4412,"date":"2021-09-15T10:01:40","date_gmt":"2021-09-15T08:01:40","guid":{"rendered":"https:\/\/serveiseducatius.xtec.cat\/baixllobregat1\/?page_id=4412"},"modified":"2021-09-16T10:59:53","modified_gmt":"2021-09-16T08:59:53","slug":"chroma-key","status":"publish","type":"page","link":"https:\/\/serveiseducatius.xtec.cat\/baixllobregat1\/recursos\/aparells\/chroma-key\/","title":{"rendered":"Chroma Key"},"content":{"rendered":"<p>&nbsp;<\/p>\n<p id=\"tw-target-text\" class=\"tw-data-text tw-text-large XcVN5d tw-ta\" dir=\"ltr\" data-placeholder=\"Traducci\u00f3n\"><span class=\"Y2IQFc\" lang=\"ca\"><img loading=\"lazy\" decoding=\"async\" class=\"size-full wp-image-4415 alignleft\" src=\"https:\/\/serveiseducatius.xtec.cat\/baixllobregat1\/wp-content\/uploads\/usu767\/2021\/09\/71AX4JNw01L._AC_UL320_.jpg\" alt=\"\" width=\"320\" height=\"320\" srcset=\"https:\/\/serveiseducatius.xtec.cat\/baixllobregat1\/wp-content\/uploads\/usu767\/2021\/09\/71AX4JNw01L._AC_UL320_.jpg 320w, https:\/\/serveiseducatius.xtec.cat\/baixllobregat1\/wp-content\/uploads\/usu767\/2021\/09\/71AX4JNw01L._AC_UL320_-300x300.jpg 300w, https:\/\/serveiseducatius.xtec.cat\/baixllobregat1\/wp-content\/uploads\/usu767\/2021\/09\/71AX4JNw01L._AC_UL320_-150x150.jpg 150w\" sizes=\"auto, (max-width: 320px) 100vw, 320px\" \/>El Chroma, \u00e9s una t\u00e8cnica audiovisual que consisteix a extreure un color d&#8217;una imatge o v\u00eddeo per reempla\u00e7ar-la per una altra<br \/>\nimatge o v\u00eddeo, amb l&#8217;ajuda d&#8217;un programa computat d&#8217;edici\u00f3. \u00c9s utilitzada en postproducci\u00f3, cinema, televisi\u00f3 i<br \/>\nfotografia, normalment quan resulta molt cost\u00f3s o poc factible filmar a l&#8217;escenari desitjat. Amb aquest recurs es<br \/>\npermet la creaci\u00f3 de molts efectes\u00a0 especials. <a href=\"https:\/\/blocs.xtec.cat\/mobilsperlainclusio\/tag\/croma\/\">Alguns exemples.<\/a><\/span><\/p>\n<p>El CRP posa en pr\u00e9stec una maleta Chroma amb difusors, llums, tr\u00edpode amb suport per a tauleta, tela verda i pinces per poder realitzar propostes audiovisuals amb la t\u00e8cnica Chroma.<\/p>\n","protected":false},"excerpt":{"rendered":"<p>&nbsp; El Chroma, \u00e9s una t\u00e8cnica audiovisual que consisteix a extreure un color d&#8217;una imatge o v\u00eddeo per reempla\u00e7ar-la per una altra imatge o v\u00eddeo, amb l&#8217;ajuda d&#8217;un programa computat d&#8217;edici\u00f3. \u00c9s utilitzada en postproducci\u00f3, cinema, televisi\u00f3 i fotografia, normalment quan resulta molt cost\u00f3s o poc factible filmar a l&#8217;escenari desitjat. Amb aquest recurs es [&hellip;]<\/p>\n","protected":false},"author":10,"featured_media":0,"parent":4405,"menu_order":92,"comment_status":"closed","ping_status":"closed","template":"page-templates\/side-menu.php","meta":{"_bbp_topic_count":0,"_bbp_reply_count":0,"_bbp_total_topic_count":0,"_bbp_total_reply_count":0,"_bbp_voice_count":0,"_bbp_anonymous_reply_count":0,"_bbp_topic_count_hidden":0,"_bbp_reply_count_hidden":0,"_bbp_forum_subforum_count":0,"site-sidebar-layout":"default","site-content-layout":"","ast-site-content-layout":"","site-content-style":"default","site-sidebar-style":"default","ast-global-header-display":"","ast-banner-title-visibility":"","ast-main-header-display":"","ast-hfb-above-header-display":"","ast-hfb-below-header-display":"","ast-hfb-mobile-header-display":"","site-post-title":"","ast-breadcrumbs-content":"","ast-featured-img":"","footer-sml-layout":"","theme-transparent-header-meta":"","adv-header-id-meta":"","stick-header-meta":"","header-above-stick-meta":"","header-main-stick-meta":"","header-below-stick-meta":"","astra-migrate-meta-layouts":"default","ast-page-background-enabled":"default","ast-page-background-meta":{"desktop":{"background-color":"var(--ast-global-color-4)","background-image":"","background-repeat":"repeat","background-position":"center center","background-size":"auto","background-attachment":"scroll","background-type":"","background-media":"","overlay-type":"","overlay-color":"","overlay-opacity":"","overlay-gradient":""},"tablet":{"background-color":"","background-image":"","background-repeat":"repeat","background-position":"center center","background-size":"auto","background-attachment":"scroll","background-type":"","background-media":"","overlay-type":"","overlay-color":"","overlay-opacity":"","overlay-gradient":""},"mobile":{"background-color":"","background-image":"","background-repeat":"repeat","background-position":"center center","background-size":"auto","background-attachment":"scroll","background-type":"","background-media":"","overlay-type":"","overlay-color":"","overlay-opacity":"","overlay-gradient":""}},"ast-content-background-meta":{"desktop":{"background-color":"var(--ast-global-color-5)","background-image":"","background-repeat":"repeat","background-position":"center center","background-size":"auto","background-attachment":"scroll","background-type":"","background-media":"","overlay-type":"","overlay-color":"","overlay-opacity":"","overlay-gradient":""},"tablet":{"background-color":"var(--ast-global-color-5)","background-image":"","background-repeat":"repeat","background-position":"center center","background-size":"auto","background-attachment":"scroll","background-type":"","background-media":"","overlay-type":"","overlay-color":"","overlay-opacity":"","overlay-gradient":""},"mobile":{"background-color":"var(--ast-global-color-5)","background-image":"","background-repeat":"repeat","background-position":"center center","background-size":"auto","background-attachment":"scroll","background-type":"","background-media":"","overlay-type":"","overlay-color":"","overlay-opacity":"","overlay-gradient":""}},"footnotes":""},"class_list":["post-4412","page","type-page","status-publish","hentry"],"post_mailing_queue_ids":[],"_links":{"self":[{"href":"https:\/\/serveiseducatius.xtec.cat\/baixllobregat1\/wp-json\/wp\/v2\/pages\/4412","targetHints":{"allow":["GET"]}}],"collection":[{"href":"https:\/\/serveiseducatius.xtec.cat\/baixllobregat1\/wp-json\/wp\/v2\/pages"}],"about":[{"href":"https:\/\/serveiseducatius.xtec.cat\/baixllobregat1\/wp-json\/wp\/v2\/types\/page"}],"author":[{"embeddable":true,"href":"https:\/\/serveiseducatius.xtec.cat\/baixllobregat1\/wp-json\/wp\/v2\/users\/10"}],"replies":[{"embeddable":true,"href":"https:\/\/serveiseducatius.xtec.cat\/baixllobregat1\/wp-json\/wp\/v2\/comments?post=4412"}],"version-history":[{"count":2,"href":"https:\/\/serveiseducatius.xtec.cat\/baixllobregat1\/wp-json\/wp\/v2\/pages\/4412\/revisions"}],"predecessor-version":[{"id":4417,"href":"https:\/\/serveiseducatius.xtec.cat\/baixllobregat1\/wp-json\/wp\/v2\/pages\/4412\/revisions\/4417"}],"up":[{"embeddable":true,"href":"https:\/\/serveiseducatius.xtec.cat\/baixllobregat1\/wp-json\/wp\/v2\/pages\/4405"}],"wp:attachment":[{"href":"https:\/\/serveiseducatius.xtec.cat\/baixllobregat1\/wp-json\/wp\/v2\/media?parent=4412"}],"curies":[{"name":"wp","href":"https:\/\/api.w.org\/{rel}","templated":true}]}}