{"id":4408,"date":"2021-09-15T09:41:46","date_gmt":"2021-09-15T07:41:46","guid":{"rendered":"https:\/\/serveiseducatius.xtec.cat\/baixllobregat1\/?page_id=4408"},"modified":"2021-09-16T10:59:31","modified_gmt":"2021-09-16T08:59:31","slug":"camera-360o","status":"publish","type":"page","link":"https:\/\/serveiseducatius.xtec.cat\/baixllobregat1\/recursos\/aparells\/camera-360o\/","title":{"rendered":"C\u00e0mera 360\u00ba"},"content":{"rendered":"<p><img loading=\"lazy\" decoding=\"async\" class=\"size-full wp-image-4410 alignleft\" src=\"https:\/\/serveiseducatius.xtec.cat\/baixllobregat1\/wp-content\/uploads\/usu767\/2021\/09\/theta.png\" alt=\"\" width=\"640\" height=\"311\" srcset=\"https:\/\/serveiseducatius.xtec.cat\/baixllobregat1\/wp-content\/uploads\/usu767\/2021\/09\/theta.png 640w, https:\/\/serveiseducatius.xtec.cat\/baixllobregat1\/wp-content\/uploads\/usu767\/2021\/09\/theta-300x146.png 300w\" sizes=\"auto, (max-width: 640px) 100vw, 640px\" \/>C\u00e0mera de 360\u00ba per capturar imatges esf\u00e8riques i fer una immersi\u00f3 a la\u00a0 realitat virtual (RV).<\/p>\n<p>La c\u00e0mera <a href=\"https:\/\/theta360.com\/es\/about\/theta\/v.html\">Ricoh Theta V<\/a> t\u00e9 la capacitat de gravar v\u00eddeo i fotografia; \u00e9s molt vers\u00e0til i pot acompanyar en moltes solucions audiovisuals.<\/p>\n<p>Algunes pr\u00e0ctiques educatives: <a href=\"https:\/\/toolbox.mobileworldcapital.com\/experiencies\/attribute[TaxonomyTaxonomyValue0]:1\/attribute[TaxonomyTaxonomyValue10]:770\">infantil,<\/a> <a href=\"https:\/\/toolbox.mobileworldcapital.com\/experiencia\/art-360\/717\">prim\u00e0ria<\/a>, <a href=\"https:\/\/projectes.xtec.cat\/programacioirobotica\/centres3d\/institut-vilatzara-realitat-virtual-per-a-tothom\/\">secund\u00e0ria<\/a><\/p>\n","protected":false},"excerpt":{"rendered":"<p>C\u00e0mera de 360\u00ba per capturar imatges esf\u00e8riques i fer una immersi\u00f3 a la\u00a0 realitat virtual (RV). La c\u00e0mera Ricoh Theta V t\u00e9 la capacitat de gravar v\u00eddeo i fotografia; \u00e9s molt vers\u00e0til i pot acompanyar en moltes solucions audiovisuals. Algunes pr\u00e0ctiques educatives: infantil, prim\u00e0ria, secund\u00e0ria<\/p>\n","protected":false},"author":10,"featured_media":0,"parent":4405,"menu_order":91,"comment_status":"closed","ping_status":"closed","template":"page-templates\/side-menu.php","meta":{"_bbp_topic_count":0,"_bbp_reply_count":0,"_bbp_total_topic_count":0,"_bbp_total_reply_count":0,"_bbp_voice_count":0,"_bbp_anonymous_reply_count":0,"_bbp_topic_count_hidden":0,"_bbp_reply_count_hidden":0,"_bbp_forum_subforum_count":0,"site-sidebar-layout":"default","site-content-layout":"","ast-site-content-layout":"","site-content-style":"default","site-sidebar-style":"default","ast-global-header-display":"","ast-banner-title-visibility":"","ast-main-header-display":"","ast-hfb-above-header-display":"","ast-hfb-below-header-display":"","ast-hfb-mobile-header-display":"","site-post-title":"","ast-breadcrumbs-content":"","ast-featured-img":"","footer-sml-layout":"","theme-transparent-header-meta":"","adv-header-id-meta":"","stick-header-meta":"","header-above-stick-meta":"","header-main-stick-meta":"","header-below-stick-meta":"","astra-migrate-meta-layouts":"default","ast-page-background-enabled":"default","ast-page-background-meta":{"desktop":{"background-color":"var(--ast-global-color-4)","background-image":"","background-repeat":"repeat","background-position":"center center","background-size":"auto","background-attachment":"scroll","background-type":"","background-media":"","overlay-type":"","overlay-color":"","overlay-opacity":"","overlay-gradient":""},"tablet":{"background-color":"","background-image":"","background-repeat":"repeat","background-position":"center center","background-size":"auto","background-attachment":"scroll","background-type":"","background-media":"","overlay-type":"","overlay-color":"","overlay-opacity":"","overlay-gradient":""},"mobile":{"background-color":"","background-image":"","background-repeat":"repeat","background-position":"center center","background-size":"auto","background-attachment":"scroll","background-type":"","background-media":"","overlay-type":"","overlay-color":"","overlay-opacity":"","overlay-gradient":""}},"ast-content-background-meta":{"desktop":{"background-color":"var(--ast-global-color-5)","background-image":"","background-repeat":"repeat","background-position":"center center","background-size":"auto","background-attachment":"scroll","background-type":"","background-media":"","overlay-type":"","overlay-color":"","overlay-opacity":"","overlay-gradient":""},"tablet":{"background-color":"var(--ast-global-color-5)","background-image":"","background-repeat":"repeat","background-position":"center center","background-size":"auto","background-attachment":"scroll","background-type":"","background-media":"","overlay-type":"","overlay-color":"","overlay-opacity":"","overlay-gradient":""},"mobile":{"background-color":"var(--ast-global-color-5)","background-image":"","background-repeat":"repeat","background-position":"center center","background-size":"auto","background-attachment":"scroll","background-type":"","background-media":"","overlay-type":"","overlay-color":"","overlay-opacity":"","overlay-gradient":""}},"footnotes":""},"class_list":["post-4408","page","type-page","status-publish","hentry"],"post_mailing_queue_ids":[],"_links":{"self":[{"href":"https:\/\/serveiseducatius.xtec.cat\/baixllobregat1\/wp-json\/wp\/v2\/pages\/4408","targetHints":{"allow":["GET"]}}],"collection":[{"href":"https:\/\/serveiseducatius.xtec.cat\/baixllobregat1\/wp-json\/wp\/v2\/pages"}],"about":[{"href":"https:\/\/serveiseducatius.xtec.cat\/baixllobregat1\/wp-json\/wp\/v2\/types\/page"}],"author":[{"embeddable":true,"href":"https:\/\/serveiseducatius.xtec.cat\/baixllobregat1\/wp-json\/wp\/v2\/users\/10"}],"replies":[{"embeddable":true,"href":"https:\/\/serveiseducatius.xtec.cat\/baixllobregat1\/wp-json\/wp\/v2\/comments?post=4408"}],"version-history":[{"count":2,"href":"https:\/\/serveiseducatius.xtec.cat\/baixllobregat1\/wp-json\/wp\/v2\/pages\/4408\/revisions"}],"predecessor-version":[{"id":4414,"href":"https:\/\/serveiseducatius.xtec.cat\/baixllobregat1\/wp-json\/wp\/v2\/pages\/4408\/revisions\/4414"}],"up":[{"embeddable":true,"href":"https:\/\/serveiseducatius.xtec.cat\/baixllobregat1\/wp-json\/wp\/v2\/pages\/4405"}],"wp:attachment":[{"href":"https:\/\/serveiseducatius.xtec.cat\/baixllobregat1\/wp-json\/wp\/v2\/media?parent=4408"}],"curies":[{"name":"wp","href":"https:\/\/api.w.org\/{rel}","templated":true}]}}