{"id":4405,"date":"2021-09-15T09:08:55","date_gmt":"2021-09-15T07:08:55","guid":{"rendered":"https:\/\/serveiseducatius.xtec.cat\/baixllobregat1\/?page_id=4405"},"modified":"2025-12-16T13:55:44","modified_gmt":"2025-12-16T12:55:44","slug":"aparells","status":"publish","type":"page","link":"https:\/\/serveiseducatius.xtec.cat\/baixllobregat1\/recursos\/aparells\/","title":{"rendered":"Aparells"},"content":{"rendered":"<p>Conjunt d&#8217;aparells tecnol\u00f2gics per a treballar a l\u2019aula amb alumnat de prim\u00e0ria i\/o secund\u00e0ria.<\/p>\n<table style=\"border-collapse: collapse; width: 100%; height: 888px;\">\n<tbody>\n<tr style=\"height: 270px;\">\n<td style=\"width: 33.3333%; height: 270px;\"><a href=\"https:\/\/serveiseducatius.xtec.cat\/baixllobregat1\/recursos\/aparells\/camera-360o\/\"><img loading=\"lazy\" decoding=\"async\" class=\"aligncenter size-full wp-image-4410\" src=\"https:\/\/serveiseducatius.xtec.cat\/baixllobregat1\/wp-content\/uploads\/usu767\/2021\/09\/theta.png\" alt=\"\" width=\"640\" height=\"311\" srcset=\"https:\/\/serveiseducatius.xtec.cat\/baixllobregat1\/wp-content\/uploads\/usu767\/2021\/09\/theta.png 640w, https:\/\/serveiseducatius.xtec.cat\/baixllobregat1\/wp-content\/uploads\/usu767\/2021\/09\/theta-300x146.png 300w\" sizes=\"auto, (max-width: 640px) 100vw, 640px\" \/><\/a><\/td>\n<td style=\"width: 33.3333%; height: 270px;\"><a href=\"https:\/\/serveiseducatius.xtec.cat\/baixllobregat1\/recursos\/aparells\/chroma-key\/\"><img loading=\"lazy\" decoding=\"async\" class=\"aligncenter wp-image-4415\" src=\"https:\/\/serveiseducatius.xtec.cat\/baixllobregat1\/wp-content\/uploads\/usu767\/2021\/09\/71AX4JNw01L._AC_UL320_.jpg\" alt=\"\" width=\"254\" height=\"254\" srcset=\"https:\/\/serveiseducatius.xtec.cat\/baixllobregat1\/wp-content\/uploads\/usu767\/2021\/09\/71AX4JNw01L._AC_UL320_.jpg 320w, https:\/\/serveiseducatius.xtec.cat\/baixllobregat1\/wp-content\/uploads\/usu767\/2021\/09\/71AX4JNw01L._AC_UL320_-300x300.jpg 300w, https:\/\/serveiseducatius.xtec.cat\/baixllobregat1\/wp-content\/uploads\/usu767\/2021\/09\/71AX4JNw01L._AC_UL320_-150x150.jpg 150w\" sizes=\"auto, (max-width: 254px) 100vw, 254px\" \/><\/a><\/td>\n<td style=\"width: 33.3333%; height: 270px;\"><a href=\"https:\/\/serveiseducatius.xtec.cat\/baixllobregat1\/recursos\/aparells\/kit-xtec-radio\/\"><img loading=\"lazy\" decoding=\"async\" class=\"aligncenter wp-image-4487\" src=\"https:\/\/serveiseducatius.xtec.cat\/baixllobregat1\/wp-content\/uploads\/usu767\/2021\/09\/xtecradio2.jpg\" alt=\"\" width=\"305\" height=\"229\" srcset=\"https:\/\/serveiseducatius.xtec.cat\/baixllobregat1\/wp-content\/uploads\/usu767\/2021\/09\/xtecradio2.jpg 350w, https:\/\/serveiseducatius.xtec.cat\/baixllobregat1\/wp-content\/uploads\/usu767\/2021\/09\/xtecradio2-300x225.jpg 300w, https:\/\/serveiseducatius.xtec.cat\/baixllobregat1\/wp-content\/uploads\/usu767\/2021\/09\/xtecradio2-200x150.jpg 200w\" sizes=\"auto, (max-width: 305px) 100vw, 305px\" \/><\/a><\/td>\n<\/tr>\n<tr style=\"height: 65px;\">\n<td style=\"width: 33.3333%; height: 65px;\">\n<h3><a href=\"https:\/\/serveiseducatius.xtec.cat\/baixllobregat1\/recursos\/aparells\/camera-360o\/\">C\u00e0mera 360\u00ba<\/a><\/h3>\n<\/td>\n<td style=\"width: 33.3333%; height: 65px;\">\n<h3><a href=\"https:\/\/serveiseducatius.xtec.cat\/baixllobregat1\/recursos\/aparells\/chroma-key\/\">Chroma key<\/a><\/h3>\n<\/td>\n<td style=\"width: 33.3333%; height: 65px;\">\n<h3><a href=\"https:\/\/serveiseducatius.xtec.cat\/baixllobregat1\/recursos\/aparells\/kit-xtec-radio\/\">Kit r\u00e0dio<\/a><\/h3>\n<\/td>\n<\/tr>\n<tr style=\"height: 242px;\">\n<td style=\"width: 33.3333%; height: 242px;\"><a href=\"https:\/\/serveiseducatius.xtec.cat\/baixllobregat1\/recursos\/aparells\/kit-micro\/\"><img loading=\"lazy\" decoding=\"async\" class=\"aligncenter wp-image-4421\" src=\"https:\/\/serveiseducatius.xtec.cat\/baixllobregat1\/wp-content\/uploads\/usu767\/2021\/09\/2021-09-15_101254.png\" alt=\"\" width=\"333\" height=\"215\" srcset=\"https:\/\/serveiseducatius.xtec.cat\/baixllobregat1\/wp-content\/uploads\/usu767\/2021\/09\/2021-09-15_101254.png 718w, https:\/\/serveiseducatius.xtec.cat\/baixllobregat1\/wp-content\/uploads\/usu767\/2021\/09\/2021-09-15_101254-300x193.png 300w\" sizes=\"auto, (max-width: 333px) 100vw, 333px\" \/><\/a><\/td>\n<td style=\"width: 33.3333%; height: 242px;\"><a href=\"https:\/\/serveiseducatius.xtec.cat\/baixllobregat1\/recursos\/aparells\/gravadora\/\"><img loading=\"lazy\" decoding=\"async\" class=\"aligncenter wp-image-4426\" src=\"https:\/\/serveiseducatius.xtec.cat\/baixllobregat1\/wp-content\/uploads\/usu767\/2021\/09\/41CACNX9FXL._AC_.jpg\" alt=\"\" width=\"72\" height=\"209\" srcset=\"https:\/\/serveiseducatius.xtec.cat\/baixllobregat1\/wp-content\/uploads\/usu767\/2021\/09\/41CACNX9FXL._AC_.jpg 156w, https:\/\/serveiseducatius.xtec.cat\/baixllobregat1\/wp-content\/uploads\/usu767\/2021\/09\/41CACNX9FXL._AC_-104x300.jpg 104w\" sizes=\"auto, (max-width: 72px) 100vw, 72px\" \/><\/a><\/td>\n<td style=\"width: 33.3333%; height: 242px;\"><a href=\"https:\/\/serveiseducatius.xtec.cat\/baixllobregat1\/recursos\/aparells\/panell-projector\/\"><img loading=\"lazy\" decoding=\"async\" class=\"aligncenter wp-image-4442\" src=\"https:\/\/serveiseducatius.xtec.cat\/baixllobregat1\/wp-content\/uploads\/usu767\/2021\/09\/WhatsApp-Image-2021-09-15-at-14.07.06.jpeg\" alt=\"\" width=\"169\" height=\"226\" srcset=\"https:\/\/serveiseducatius.xtec.cat\/baixllobregat1\/wp-content\/uploads\/usu767\/2021\/09\/WhatsApp-Image-2021-09-15-at-14.07.06.jpeg 1512w, https:\/\/serveiseducatius.xtec.cat\/baixllobregat1\/wp-content\/uploads\/usu767\/2021\/09\/WhatsApp-Image-2021-09-15-at-14.07.06-225x300.jpeg 225w, https:\/\/serveiseducatius.xtec.cat\/baixllobregat1\/wp-content\/uploads\/usu767\/2021\/09\/WhatsApp-Image-2021-09-15-at-14.07.06-768x1024.jpeg 768w, https:\/\/serveiseducatius.xtec.cat\/baixllobregat1\/wp-content\/uploads\/usu767\/2021\/09\/WhatsApp-Image-2021-09-15-at-14.07.06-1152x1536.jpeg 1152w\" sizes=\"auto, (max-width: 169px) 100vw, 169px\" \/><\/a><\/td>\n<\/tr>\n<tr style=\"height: 31px;\">\n<td style=\"width: 33.3333%; height: 31px;\">\n<h3><a href=\"https:\/\/serveiseducatius.xtec.cat\/baixllobregat1\/recursos\/aparells\/kit-micro\/\">Kit micr\u00f2fon<\/a><\/h3>\n<\/td>\n<td style=\"width: 33.3333%; height: 31px;\">\n<h3><a href=\"https:\/\/serveiseducatius.xtec.cat\/baixllobregat1\/recursos\/aparells\/gravadora\/\">Gravadora<\/a><\/h3>\n<\/td>\n<td style=\"width: 33.3333%; height: 31px;\">\n<h3><a href=\"https:\/\/serveiseducatius.xtec.cat\/baixllobregat1\/recursos\/aparells\/panell-projector\/\">Panell projector<\/a><\/h3>\n<\/td>\n<\/tr>\n<tr style=\"height: 248px;\">\n<td style=\"width: 33.3333%; height: 248px;\"><a href=\"https:\/\/serveiseducatius.xtec.cat\/baixllobregat1\/?page_id=4448&amp;preview=true\"><img loading=\"lazy\" decoding=\"async\" class=\"aligncenter wp-image-4447\" src=\"https:\/\/serveiseducatius.xtec.cat\/baixllobregat1\/wp-content\/uploads\/usu767\/2021\/09\/WhatsApp-Image-2021-09-15-at-14.07.53-1.jpeg\" alt=\"\" width=\"174\" height=\"232\" srcset=\"https:\/\/serveiseducatius.xtec.cat\/baixllobregat1\/wp-content\/uploads\/usu767\/2021\/09\/WhatsApp-Image-2021-09-15-at-14.07.53-1.jpeg 1200w, https:\/\/serveiseducatius.xtec.cat\/baixllobregat1\/wp-content\/uploads\/usu767\/2021\/09\/WhatsApp-Image-2021-09-15-at-14.07.53-1-225x300.jpeg 225w, https:\/\/serveiseducatius.xtec.cat\/baixllobregat1\/wp-content\/uploads\/usu767\/2021\/09\/WhatsApp-Image-2021-09-15-at-14.07.53-1-768x1024.jpeg 768w, https:\/\/serveiseducatius.xtec.cat\/baixllobregat1\/wp-content\/uploads\/usu767\/2021\/09\/WhatsApp-Image-2021-09-15-at-14.07.53-1-1152x1536.jpeg 1152w\" sizes=\"auto, (max-width: 174px) 100vw, 174px\" \/><\/a><\/td>\n<td style=\"width: 33.3333%; height: 248px;\"><a href=\"https:\/\/serveiseducatius.xtec.cat\/baixllobregat1\/recursos\/aparells\/projector\/\"><img loading=\"lazy\" decoding=\"async\" class=\"aligncenter wp-image-4454\" src=\"https:\/\/serveiseducatius.xtec.cat\/baixllobregat1\/wp-content\/uploads\/usu767\/2021\/09\/WhatsApp-Image-2021-09-15-at-14.07.07-5.jpeg\" alt=\"\" width=\"293\" height=\"220\" srcset=\"https:\/\/serveiseducatius.xtec.cat\/baixllobregat1\/wp-content\/uploads\/usu767\/2021\/09\/WhatsApp-Image-2021-09-15-at-14.07.07-5.jpeg 2016w, https:\/\/serveiseducatius.xtec.cat\/baixllobregat1\/wp-content\/uploads\/usu767\/2021\/09\/WhatsApp-Image-2021-09-15-at-14.07.07-5-300x225.jpeg 300w, https:\/\/serveiseducatius.xtec.cat\/baixllobregat1\/wp-content\/uploads\/usu767\/2021\/09\/WhatsApp-Image-2021-09-15-at-14.07.07-5-1024x768.jpeg 1024w, https:\/\/serveiseducatius.xtec.cat\/baixllobregat1\/wp-content\/uploads\/usu767\/2021\/09\/WhatsApp-Image-2021-09-15-at-14.07.07-5-768x576.jpeg 768w, https:\/\/serveiseducatius.xtec.cat\/baixllobregat1\/wp-content\/uploads\/usu767\/2021\/09\/WhatsApp-Image-2021-09-15-at-14.07.07-5-1536x1152.jpeg 1536w, https:\/\/serveiseducatius.xtec.cat\/baixllobregat1\/wp-content\/uploads\/usu767\/2021\/09\/WhatsApp-Image-2021-09-15-at-14.07.07-5-200x150.jpeg 200w\" sizes=\"auto, (max-width: 293px) 100vw, 293px\" \/><\/a><\/td>\n<td style=\"width: 33.3333%; height: 248px;\"><a href=\"https:\/\/serveiseducatius.xtec.cat\/baixllobregat1\/?page_id=4460&amp;preview=true\"><img loading=\"lazy\" decoding=\"async\" class=\"aligncenter wp-image-4459\" src=\"https:\/\/serveiseducatius.xtec.cat\/baixllobregat1\/wp-content\/uploads\/usu767\/2021\/09\/WhatsApp-Image-2021-09-15-at-14.07.07-6.jpeg\" alt=\"\" width=\"286\" height=\"215\" srcset=\"https:\/\/serveiseducatius.xtec.cat\/baixllobregat1\/wp-content\/uploads\/usu767\/2021\/09\/WhatsApp-Image-2021-09-15-at-14.07.07-6.jpeg 2016w, https:\/\/serveiseducatius.xtec.cat\/baixllobregat1\/wp-content\/uploads\/usu767\/2021\/09\/WhatsApp-Image-2021-09-15-at-14.07.07-6-300x225.jpeg 300w, https:\/\/serveiseducatius.xtec.cat\/baixllobregat1\/wp-content\/uploads\/usu767\/2021\/09\/WhatsApp-Image-2021-09-15-at-14.07.07-6-1024x768.jpeg 1024w, https:\/\/serveiseducatius.xtec.cat\/baixllobregat1\/wp-content\/uploads\/usu767\/2021\/09\/WhatsApp-Image-2021-09-15-at-14.07.07-6-768x576.jpeg 768w, https:\/\/serveiseducatius.xtec.cat\/baixllobregat1\/wp-content\/uploads\/usu767\/2021\/09\/WhatsApp-Image-2021-09-15-at-14.07.07-6-1536x1152.jpeg 1536w, https:\/\/serveiseducatius.xtec.cat\/baixllobregat1\/wp-content\/uploads\/usu767\/2021\/09\/WhatsApp-Image-2021-09-15-at-14.07.07-6-200x150.jpeg 200w\" sizes=\"auto, (max-width: 286px) 100vw, 286px\" \/><\/a><\/td>\n<\/tr>\n<tr style=\"height: 32px;\">\n<td style=\"width: 33.3333%; height: 32px;\">\n<h3><a href=\"https:\/\/serveiseducatius.xtec.cat\/baixllobregat1\/recursos\/aparells\/maquina_de_xapes\/\" target=\"_blank\" rel=\"noopener\">M\u00e0quina de xapes<\/a><\/h3>\n<\/td>\n<td style=\"width: 33.3333%; height: 32px;\">\n<h3><a href=\"https:\/\/serveiseducatius.xtec.cat\/baixllobregat1\/recursos\/aparells\/projector\/\">Projector Epson<\/a><\/h3>\n<\/td>\n<td style=\"width: 33.3333%; height: 32px;\">\n<h3><a href=\"https:\/\/serveiseducatius.xtec.cat\/baixllobregat1\/?page_id=4460&amp;preview=true\">Projector Hitachi\u00a0<\/a><\/h3>\n<\/td>\n<\/tr>\n<tr>\n<td style=\"width: 33.3333%;\">\n<h3><a href=\"https:\/\/serveiseducatius.xtec.cat\/baixllobregat1\/recursos\/aparells\/altaveu-actiu-eurolive\/\"><img loading=\"lazy\" decoding=\"async\" class=\"aligncenter wp-image-4464\" src=\"https:\/\/serveiseducatius.xtec.cat\/baixllobregat1\/wp-content\/uploads\/usu767\/2021\/09\/WhatsApp-Image-2021-09-15-at-14.07.07-1.jpeg\" alt=\"\" width=\"197\" height=\"263\" srcset=\"https:\/\/serveiseducatius.xtec.cat\/baixllobregat1\/wp-content\/uploads\/usu767\/2021\/09\/WhatsApp-Image-2021-09-15-at-14.07.07-1.jpeg 1512w, https:\/\/serveiseducatius.xtec.cat\/baixllobregat1\/wp-content\/uploads\/usu767\/2021\/09\/WhatsApp-Image-2021-09-15-at-14.07.07-1-225x300.jpeg 225w, https:\/\/serveiseducatius.xtec.cat\/baixllobregat1\/wp-content\/uploads\/usu767\/2021\/09\/WhatsApp-Image-2021-09-15-at-14.07.07-1-768x1024.jpeg 768w, https:\/\/serveiseducatius.xtec.cat\/baixllobregat1\/wp-content\/uploads\/usu767\/2021\/09\/WhatsApp-Image-2021-09-15-at-14.07.07-1-1152x1536.jpeg 1152w\" sizes=\"auto, (max-width: 197px) 100vw, 197px\" \/><\/a><\/h3>\n<\/td>\n<td style=\"width: 33.3333%;\">\n<h3><a href=\"https:\/\/serveiseducatius.xtec.cat\/baixllobregat1\/recursos\/aparells\/cameres-de-fotografia\/\"><img loading=\"lazy\" decoding=\"async\" class=\"aligncenter wp-image-4469\" src=\"https:\/\/serveiseducatius.xtec.cat\/baixllobregat1\/wp-content\/uploads\/usu767\/2021\/09\/WhatsApp-Image-2021-09-15-at-14.07.08-1.jpeg\" alt=\"\" width=\"378\" height=\"283\" srcset=\"https:\/\/serveiseducatius.xtec.cat\/baixllobregat1\/wp-content\/uploads\/usu767\/2021\/09\/WhatsApp-Image-2021-09-15-at-14.07.08-1.jpeg 2016w, https:\/\/serveiseducatius.xtec.cat\/baixllobregat1\/wp-content\/uploads\/usu767\/2021\/09\/WhatsApp-Image-2021-09-15-at-14.07.08-1-300x225.jpeg 300w, https:\/\/serveiseducatius.xtec.cat\/baixllobregat1\/wp-content\/uploads\/usu767\/2021\/09\/WhatsApp-Image-2021-09-15-at-14.07.08-1-1024x768.jpeg 1024w, https:\/\/serveiseducatius.xtec.cat\/baixllobregat1\/wp-content\/uploads\/usu767\/2021\/09\/WhatsApp-Image-2021-09-15-at-14.07.08-1-768x576.jpeg 768w, https:\/\/serveiseducatius.xtec.cat\/baixllobregat1\/wp-content\/uploads\/usu767\/2021\/09\/WhatsApp-Image-2021-09-15-at-14.07.08-1-1536x1152.jpeg 1536w, https:\/\/serveiseducatius.xtec.cat\/baixllobregat1\/wp-content\/uploads\/usu767\/2021\/09\/WhatsApp-Image-2021-09-15-at-14.07.08-1-200x150.jpeg 200w\" sizes=\"auto, (max-width: 378px) 100vw, 378px\" \/><\/a><\/h3>\n<\/td>\n<td style=\"width: 33.3333%;\">\n<h3><a href=\"https:\/\/serveiseducatius.xtec.cat\/baixllobregat1\/recursos\/aparells\/taula-de-mescles\/\"><img loading=\"lazy\" decoding=\"async\" class=\"aligncenter wp-image-4480\" src=\"https:\/\/serveiseducatius.xtec.cat\/baixllobregat1\/wp-content\/uploads\/usu767\/2021\/09\/WhatsApp-Image-2021-09-15-at-14.07.07-3-1.jpeg\" alt=\"\" width=\"329\" height=\"247\" srcset=\"https:\/\/serveiseducatius.xtec.cat\/baixllobregat1\/wp-content\/uploads\/usu767\/2021\/09\/WhatsApp-Image-2021-09-15-at-14.07.07-3-1.jpeg 2016w, https:\/\/serveiseducatius.xtec.cat\/baixllobregat1\/wp-content\/uploads\/usu767\/2021\/09\/WhatsApp-Image-2021-09-15-at-14.07.07-3-1-300x225.jpeg 300w, https:\/\/serveiseducatius.xtec.cat\/baixllobregat1\/wp-content\/uploads\/usu767\/2021\/09\/WhatsApp-Image-2021-09-15-at-14.07.07-3-1-1024x768.jpeg 1024w, https:\/\/serveiseducatius.xtec.cat\/baixllobregat1\/wp-content\/uploads\/usu767\/2021\/09\/WhatsApp-Image-2021-09-15-at-14.07.07-3-1-768x576.jpeg 768w, https:\/\/serveiseducatius.xtec.cat\/baixllobregat1\/wp-content\/uploads\/usu767\/2021\/09\/WhatsApp-Image-2021-09-15-at-14.07.07-3-1-1536x1152.jpeg 1536w, https:\/\/serveiseducatius.xtec.cat\/baixllobregat1\/wp-content\/uploads\/usu767\/2021\/09\/WhatsApp-Image-2021-09-15-at-14.07.07-3-1-200x150.jpeg 200w\" sizes=\"auto, (max-width: 329px) 100vw, 329px\" \/><\/a><\/h3>\n<\/td>\n<\/tr>\n<tr>\n<td style=\"width: 33.3333%;\">\n<h3><a href=\"https:\/\/serveiseducatius.xtec.cat\/baixllobregat1\/recursos\/aparells\/altaveu-actiu-eurolive\/\">Altaveu actiu compacte<\/a><\/h3>\n<\/td>\n<td style=\"width: 33.3333%;\">\n<h3><a href=\"https:\/\/serveiseducatius.xtec.cat\/baixllobregat1\/recursos\/aparells\/cameres-de-fotografia\/\">C\u00e0mera de fotos<\/a><\/h3>\n<\/td>\n<td style=\"width: 33.3333%;\">\n<h3><a href=\"https:\/\/serveiseducatius.xtec.cat\/baixllobregat1\/recursos\/aparells\/taula-de-mescles\/\">Taula de mescles Ecler<\/a><\/h3>\n<\/td>\n<\/tr>\n<tr>\n<td style=\"width: 33.3333%;\">\n<h3><img decoding=\"async\" src=\"https:\/\/agora.xtec.cat\/nodes\/wp-content\/uploads\/usu135\/2015\/12\/instruments.png\" \/><\/h3>\n<\/td>\n<td style=\"width: 33.3333%;\">\n<h3><img decoding=\"async\" class=\"aligncenter\" src=\"https:\/\/serveiseducatius.xtec.cat\/baixllobregat1\/wp-content\/uploads\/usu767\/2024\/05\/Screenshot-12-300x213.png\" \/><\/h3>\n<\/td>\n<td style=\"width: 33.3333%;\">\n<h3><img loading=\"lazy\" decoding=\"async\" class=\"size-medium wp-image-8719 aligncenter\" src=\"https:\/\/serveiseducatius.xtec.cat\/baixllobregat1\/wp-content\/uploads\/usu767\/2025\/12\/79135_discovery-nano-polar-microscope_00_500_30003868676190e41105214058727d1cb438-300x260.jpg\" alt=\"\" width=\"300\" height=\"260\" srcset=\"https:\/\/serveiseducatius.xtec.cat\/baixllobregat1\/wp-content\/uploads\/usu767\/2025\/12\/79135_discovery-nano-polar-microscope_00_500_30003868676190e41105214058727d1cb438-300x260.jpg 300w, https:\/\/serveiseducatius.xtec.cat\/baixllobregat1\/wp-content\/uploads\/usu767\/2025\/12\/79135_discovery-nano-polar-microscope_00_500_30003868676190e41105214058727d1cb438.jpg 657w\" sizes=\"auto, (max-width: 300px) 100vw, 300px\" \/><\/h3>\n<\/td>\n<\/tr>\n<tr>\n<td style=\"width: 33.3333%;\">\n<h3><a href=\"https:\/\/serveiseducatius.xtec.cat\/baixllobregat1\/categoria\/dinamitzacio\/motxilla-bioclimatica\/\" target=\"_blank\" rel=\"noopener\">Motxilla bioclim\u00e0tica<\/a><\/h3>\n<\/td>\n<td style=\"width: 33.3333%;\">\n<h3><a href=\"https:\/\/serveiseducatius.xtec.cat\/baixllobregat1\/recursos\/aparells\/incubadora\/\" target=\"_blank\" rel=\"noopener\">Incubadora<\/a><\/h3>\n<\/td>\n<td style=\"width: 33.3333%;\">\n<h3><a href=\"https:\/\/serveiseducatius.xtec.cat\/baixllobregat1\/portada\/microscopi-estereoscopic-i-microscopi-biologic-2\/\" target=\"_blank\" rel=\"noopener\">Microsc\u00f2pi biol\u00f2gic i estereosc\u00f2pic<\/a><\/h3>\n<\/td>\n<\/tr>\n<\/tbody>\n<\/table>\n<p>El per\u00edode de pr\u00e9stec habitual \u00e9s de 3 setmanes, prorrogable.<\/p>\n<p>Per fer una reserva:<\/p>\n<ul>\n<li>Consulteu al CRP que la maleta est\u00e0 disponible a la llista de reserves.<\/li>\n<li>Feu la vostra pr\u00f2pia reserva<\/li>\n<\/ul>\n<p>CONTACTE<br \/>\nTel. 93 685 31 00<br \/>\ncrp-santfeliu@xtec.cat<\/p>\n","protected":false},"excerpt":{"rendered":"<p>Conjunt d&#8217;aparells tecnol\u00f2gics per a treballar a l\u2019aula amb alumnat de prim\u00e0ria i\/o secund\u00e0ria. C\u00e0mera 360\u00ba Chroma key Kit r\u00e0dio Kit micr\u00f2fon Gravadora Panell projector M\u00e0quina de xapes Projector Epson Projector Hitachi\u00a0 Altaveu actiu compacte C\u00e0mera de fotos Taula de mescles Ecler Motxilla bioclim\u00e0tica Incubadora Microsc\u00f2pi biol\u00f2gic i estereosc\u00f2pic El per\u00edode de pr\u00e9stec habitual \u00e9s [&hellip;]<\/p>\n","protected":false},"author":10,"featured_media":0,"parent":3026,"menu_order":90,"comment_status":"closed","ping_status":"closed","template":"page-templates\/side-menu.php","meta":{"_bbp_topic_count":0,"_bbp_reply_count":0,"_bbp_total_topic_count":0,"_bbp_total_reply_count":0,"_bbp_voice_count":0,"_bbp_anonymous_reply_count":0,"_bbp_topic_count_hidden":0,"_bbp_reply_count_hidden":0,"_bbp_forum_subforum_count":0,"site-sidebar-layout":"default","site-content-layout":"","ast-site-content-layout":"","site-content-style":"default","site-sidebar-style":"default","ast-global-header-display":"","ast-banner-title-visibility":"","ast-main-header-display":"","ast-hfb-above-header-display":"","ast-hfb-below-header-display":"","ast-hfb-mobile-header-display":"","site-post-title":"","ast-breadcrumbs-content":"","ast-featured-img":"","footer-sml-layout":"","theme-transparent-header-meta":"","adv-header-id-meta":"","stick-header-meta":"","header-above-stick-meta":"","header-main-stick-meta":"","header-below-stick-meta":"","astra-migrate-meta-layouts":"default","ast-page-background-enabled":"default","ast-page-background-meta":{"desktop":{"background-color":"var(--ast-global-color-4)","background-image":"","background-repeat":"repeat","background-position":"center center","background-size":"auto","background-attachment":"scroll","background-type":"","background-media":"","overlay-type":"","overlay-color":"","overlay-opacity":"","overlay-gradient":""},"tablet":{"background-color":"","background-image":"","background-repeat":"repeat","background-position":"center center","background-size":"auto","background-attachment":"scroll","background-type":"","background-media":"","overlay-type":"","overlay-color":"","overlay-opacity":"","overlay-gradient":""},"mobile":{"background-color":"","background-image":"","background-repeat":"repeat","background-position":"center center","background-size":"auto","background-attachment":"scroll","background-type":"","background-media":"","overlay-type":"","overlay-color":"","overlay-opacity":"","overlay-gradient":""}},"ast-content-background-meta":{"desktop":{"background-color":"var(--ast-global-color-5)","background-image":"","background-repeat":"repeat","background-position":"center center","background-size":"auto","background-attachment":"scroll","background-type":"","background-media":"","overlay-type":"","overlay-color":"","overlay-opacity":"","overlay-gradient":""},"tablet":{"background-color":"var(--ast-global-color-5)","background-image":"","background-repeat":"repeat","background-position":"center center","background-size":"auto","background-attachment":"scroll","background-type":"","background-media":"","overlay-type":"","overlay-color":"","overlay-opacity":"","overlay-gradient":""},"mobile":{"background-color":"var(--ast-global-color-5)","background-image":"","background-repeat":"repeat","background-position":"center center","background-size":"auto","background-attachment":"scroll","background-type":"","background-media":"","overlay-type":"","overlay-color":"","overlay-opacity":"","overlay-gradient":""}},"footnotes":""},"class_list":["post-4405","page","type-page","status-publish","hentry"],"post_mailing_queue_ids":[],"_links":{"self":[{"href":"https:\/\/serveiseducatius.xtec.cat\/baixllobregat1\/wp-json\/wp\/v2\/pages\/4405","targetHints":{"allow":["GET"]}}],"collection":[{"href":"https:\/\/serveiseducatius.xtec.cat\/baixllobregat1\/wp-json\/wp\/v2\/pages"}],"about":[{"href":"https:\/\/serveiseducatius.xtec.cat\/baixllobregat1\/wp-json\/wp\/v2\/types\/page"}],"author":[{"embeddable":true,"href":"https:\/\/serveiseducatius.xtec.cat\/baixllobregat1\/wp-json\/wp\/v2\/users\/10"}],"replies":[{"embeddable":true,"href":"https:\/\/serveiseducatius.xtec.cat\/baixllobregat1\/wp-json\/wp\/v2\/comments?post=4405"}],"version-history":[{"count":6,"href":"https:\/\/serveiseducatius.xtec.cat\/baixllobregat1\/wp-json\/wp\/v2\/pages\/4405\/revisions"}],"predecessor-version":[{"id":8729,"href":"https:\/\/serveiseducatius.xtec.cat\/baixllobregat1\/wp-json\/wp\/v2\/pages\/4405\/revisions\/8729"}],"up":[{"embeddable":true,"href":"https:\/\/serveiseducatius.xtec.cat\/baixllobregat1\/wp-json\/wp\/v2\/pages\/3026"}],"wp:attachment":[{"href":"https:\/\/serveiseducatius.xtec.cat\/baixllobregat1\/wp-json\/wp\/v2\/media?parent=4405"}],"curies":[{"name":"wp","href":"https:\/\/api.w.org\/{rel}","templated":true}]}}