{"id":4351,"date":"2021-09-09T13:36:54","date_gmt":"2021-09-09T11:36:54","guid":{"rendered":"https:\/\/serveiseducatius.xtec.cat\/baixllobregat1\/?page_id=4351"},"modified":"2026-03-26T08:46:59","modified_gmt":"2026-03-26T07:46:59","slug":"fades","status":"publish","type":"page","link":"https:\/\/serveiseducatius.xtec.cat\/baixllobregat1\/recursos\/maletes-pedagogiques\/maletes-per-ambits-curriculars\/fades\/","title":{"rendered":"Fades"},"content":{"rendered":"<p><img loading=\"lazy\" decoding=\"async\" class=\"wp-image-4348 alignleft\" src=\"https:\/\/serveiseducatius.xtec.cat\/baixllobregat1\/wp-content\/uploads\/usu767\/2021\/09\/350a.jpg\" alt=\"\" width=\"204\" height=\"153\" srcset=\"https:\/\/serveiseducatius.xtec.cat\/baixllobregat1\/wp-content\/uploads\/usu767\/2021\/09\/350a.jpg 800w, https:\/\/serveiseducatius.xtec.cat\/baixllobregat1\/wp-content\/uploads\/usu767\/2021\/09\/350a-300x225.jpg 300w, https:\/\/serveiseducatius.xtec.cat\/baixllobregat1\/wp-content\/uploads\/usu767\/2021\/09\/350a-768x576.jpg 768w, https:\/\/serveiseducatius.xtec.cat\/baixllobregat1\/wp-content\/uploads\/usu767\/2021\/09\/350a-200x150.jpg 200w\" sizes=\"auto, (max-width: 204px) 100vw, 204px\" \/>Maleta de La Caixa per treballar les fades (caracter\u00edstiques, qu\u00e8 fan, com s\u00f3n&#8230;) i, a la vegada, consolidar les estructures b\u00e0siques del discurs oral i fer que l\u2019alumnat s\u2019adoni que ha d\u2019estructurar i donar forma a tot all\u00f2 que la seva imaginaci\u00f3 li suggereix, creant el seu propi conte de fades i aprenent a explicar-lo. El CRP va complementar-la amb una maleta de creaci\u00f3 pr\u00f2pia, Les Fades, que cont\u00e9 una selecci\u00f3 de contes de fades per exemplificar els set tipus de fades que treballa la maleta gran.<\/p>\n\n\n<p><\/p>\n\n\n\n<p>La narrativa tradicional es basa en estructures narratives simples que es repeteixen amb petites variacions en gaireb\u00e9 tots els pa\u00efsos i en totes les lleng\u00fces. Avui dia, els contes de fades en s\u00f3n l\u2019exemple m\u00e9s proper. Els personatges ex\u00f2tics, els elements m\u00e0gics i l\u2019acci\u00f3 trepidant fan que aquestes narracions siguin molt atractives per a nens de 5 a 8 anys.<\/p>\n\n\n\n<p>La maleta Contes de fades pret\u00e9n introduir i consolidar les estructures b\u00e0siques del discurs oral. I a la vegada, fer que el nen s&#8217;adoni que ha d&#8217;estructurar i donar forma a tot all\u00f2 que la seva imaginaci\u00f3 li suggereix, per tal que les persones que l&#8217;escolten puguin entendre&#8217;l b\u00e9.<\/p>\n\n\n\n<p>Comen\u00e7ant pels elements m\u00e9s simples -la caracteritzaci\u00f3 dels personatges, com s\u00f3n i que fan, els nens creen el seu propi conte de fades i aprenen a explicar-ho.<\/p>\n\n\n\n<p>Els nens necessiten practicar l\u2019estructura de la frase, aprendre a construir seq\u00fc\u00e8ncies verbals i utilitzar nexos. Per aconseguir-ho cal anar pas a pas.<\/p>\n\n\n\n<p><strong>Aquesta maleta est\u00e0 estructurada en set seccions dedicades a:<\/strong><br><br>La frase: Vestim les fades<br>La seq\u00fc\u00e8ncia: El poder de les fades<br>L&#8217;esquema: Codis i diagrames<br>La manipulaci\u00f3 i la dramatitzaci\u00f3: Fem m\u00e0gia<br>La comprovaci\u00f3 del missatge oral: Escolta i explica<br>La narraci\u00f3: Inventem un conte<br>El discurs oral: La comunicaci\u00f3 a trav\u00e9s de l\u2019aparell<\/p>\n","protected":false},"excerpt":{"rendered":"<p>Maleta de La Caixa per treballar les fades (caracter\u00edstiques, qu\u00e8 fan, com s\u00f3n&#8230;) i, a la vegada, consolidar les estructures b\u00e0siques del discurs oral i fer que l\u2019alumnat s\u2019adoni que ha d\u2019estructurar i donar forma a tot all\u00f2 que la seva imaginaci\u00f3 li suggereix, creant el seu propi conte de fades i aprenent a explicar-lo. [&hellip;]<\/p>\n","protected":false},"author":10,"featured_media":0,"parent":2346,"menu_order":59,"comment_status":"closed","ping_status":"closed","template":"","meta":{"_bbp_topic_count":0,"_bbp_reply_count":0,"_bbp_total_topic_count":0,"_bbp_total_reply_count":0,"_bbp_voice_count":0,"_bbp_anonymous_reply_count":0,"_bbp_topic_count_hidden":0,"_bbp_reply_count_hidden":0,"_bbp_forum_subforum_count":0,"site-sidebar-layout":"default","site-content-layout":"","ast-site-content-layout":"default","site-content-style":"default","site-sidebar-style":"default","ast-global-header-display":"","ast-banner-title-visibility":"","ast-main-header-display":"","ast-hfb-above-header-display":"","ast-hfb-below-header-display":"","ast-hfb-mobile-header-display":"","site-post-title":"","ast-breadcrumbs-content":"","ast-featured-img":"","footer-sml-layout":"","theme-transparent-header-meta":"","adv-header-id-meta":"","stick-header-meta":"","header-above-stick-meta":"","header-main-stick-meta":"","header-below-stick-meta":"","astra-migrate-meta-layouts":"set","ast-page-background-enabled":"default","ast-page-background-meta":{"desktop":{"background-color":"var(--ast-global-color-4)","background-image":"","background-repeat":"repeat","background-position":"center center","background-size":"auto","background-attachment":"scroll","background-type":"","background-media":"","overlay-type":"","overlay-color":"","overlay-opacity":"","overlay-gradient":""},"tablet":{"background-color":"","background-image":"","background-repeat":"repeat","background-position":"center center","background-size":"auto","background-attachment":"scroll","background-type":"","background-media":"","overlay-type":"","overlay-color":"","overlay-opacity":"","overlay-gradient":""},"mobile":{"background-color":"","background-image":"","background-repeat":"repeat","background-position":"center center","background-size":"auto","background-attachment":"scroll","background-type":"","background-media":"","overlay-type":"","overlay-color":"","overlay-opacity":"","overlay-gradient":""}},"ast-content-background-meta":{"desktop":{"background-color":"var(--ast-global-color-5)","background-image":"","background-repeat":"repeat","background-position":"center center","background-size":"auto","background-attachment":"scroll","background-type":"","background-media":"","overlay-type":"","overlay-color":"","overlay-opacity":"","overlay-gradient":""},"tablet":{"background-color":"var(--ast-global-color-5)","background-image":"","background-repeat":"repeat","background-position":"center center","background-size":"auto","background-attachment":"scroll","background-type":"","background-media":"","overlay-type":"","overlay-color":"","overlay-opacity":"","overlay-gradient":""},"mobile":{"background-color":"var(--ast-global-color-5)","background-image":"","background-repeat":"repeat","background-position":"center center","background-size":"auto","background-attachment":"scroll","background-type":"","background-media":"","overlay-type":"","overlay-color":"","overlay-opacity":"","overlay-gradient":""}},"footnotes":""},"class_list":["post-4351","page","type-page","status-publish","hentry"],"post_mailing_queue_ids":[],"_links":{"self":[{"href":"https:\/\/serveiseducatius.xtec.cat\/baixllobregat1\/wp-json\/wp\/v2\/pages\/4351","targetHints":{"allow":["GET"]}}],"collection":[{"href":"https:\/\/serveiseducatius.xtec.cat\/baixllobregat1\/wp-json\/wp\/v2\/pages"}],"about":[{"href":"https:\/\/serveiseducatius.xtec.cat\/baixllobregat1\/wp-json\/wp\/v2\/types\/page"}],"author":[{"embeddable":true,"href":"https:\/\/serveiseducatius.xtec.cat\/baixllobregat1\/wp-json\/wp\/v2\/users\/10"}],"replies":[{"embeddable":true,"href":"https:\/\/serveiseducatius.xtec.cat\/baixllobregat1\/wp-json\/wp\/v2\/comments?post=4351"}],"version-history":[{"count":5,"href":"https:\/\/serveiseducatius.xtec.cat\/baixllobregat1\/wp-json\/wp\/v2\/pages\/4351\/revisions"}],"predecessor-version":[{"id":8971,"href":"https:\/\/serveiseducatius.xtec.cat\/baixllobregat1\/wp-json\/wp\/v2\/pages\/4351\/revisions\/8971"}],"up":[{"embeddable":true,"href":"https:\/\/serveiseducatius.xtec.cat\/baixllobregat1\/wp-json\/wp\/v2\/pages\/2346"}],"wp:attachment":[{"href":"https:\/\/serveiseducatius.xtec.cat\/baixllobregat1\/wp-json\/wp\/v2\/media?parent=4351"}],"curies":[{"name":"wp","href":"https:\/\/api.w.org\/{rel}","templated":true}]}}