{"id":4260,"date":"2021-09-07T14:38:23","date_gmt":"2021-09-07T12:38:23","guid":{"rendered":"https:\/\/serveiseducatius.xtec.cat\/baixllobregat1\/?page_id=4260"},"modified":"2024-12-09T14:01:20","modified_gmt":"2024-12-09T13:01:20","slug":"maleta-potabilitzadora-daigua","status":"publish","type":"page","link":"https:\/\/serveiseducatius.xtec.cat\/baixllobregat1\/recursos\/maletes-pedagogiques\/maletes-per-ambits-curriculars\/maleta-potabilitzadora-daigua\/","title":{"rendered":"Maleta potabilitzadora d&#8217;aigua"},"content":{"rendered":"<table style=\"border-collapse: collapse; width: 100%;\">\n<tbody>\n<tr>\n<td style=\"width: 50%;\"><img loading=\"lazy\" decoding=\"async\" class=\"size-medium wp-image-4261 aligncenter\" src=\"https:\/\/serveiseducatius.xtec.cat\/baixllobregat1\/wp-content\/uploads\/usu767\/2021\/09\/WhatsApp-Image-2021-09-07-at-13.43.01-300x225.jpeg\" alt=\"\" width=\"300\" height=\"225\" srcset=\"https:\/\/serveiseducatius.xtec.cat\/baixllobregat1\/wp-content\/uploads\/usu767\/2021\/09\/WhatsApp-Image-2021-09-07-at-13.43.01-300x225.jpeg 300w, https:\/\/serveiseducatius.xtec.cat\/baixllobregat1\/wp-content\/uploads\/usu767\/2021\/09\/WhatsApp-Image-2021-09-07-at-13.43.01-1024x768.jpeg 1024w, https:\/\/serveiseducatius.xtec.cat\/baixllobregat1\/wp-content\/uploads\/usu767\/2021\/09\/WhatsApp-Image-2021-09-07-at-13.43.01-768x576.jpeg 768w, https:\/\/serveiseducatius.xtec.cat\/baixllobregat1\/wp-content\/uploads\/usu767\/2021\/09\/WhatsApp-Image-2021-09-07-at-13.43.01-1536x1152.jpeg 1536w, https:\/\/serveiseducatius.xtec.cat\/baixllobregat1\/wp-content\/uploads\/usu767\/2021\/09\/WhatsApp-Image-2021-09-07-at-13.43.01-200x150.jpeg 200w, https:\/\/serveiseducatius.xtec.cat\/baixllobregat1\/wp-content\/uploads\/usu767\/2021\/09\/WhatsApp-Image-2021-09-07-at-13.43.01.jpeg 1600w\" sizes=\"auto, (max-width: 300px) 100vw, 300px\" \/><\/td>\n<td style=\"width: 50%;\"><img loading=\"lazy\" decoding=\"async\" class=\"size-medium wp-image-4262 aligncenter\" src=\"https:\/\/serveiseducatius.xtec.cat\/baixllobregat1\/wp-content\/uploads\/usu767\/2021\/09\/purificadora-300x225.jpg\" alt=\"\" width=\"300\" height=\"225\" srcset=\"https:\/\/serveiseducatius.xtec.cat\/baixllobregat1\/wp-content\/uploads\/usu767\/2021\/09\/purificadora-300x225.jpg 300w, https:\/\/serveiseducatius.xtec.cat\/baixllobregat1\/wp-content\/uploads\/usu767\/2021\/09\/purificadora-200x150.jpg 200w, https:\/\/serveiseducatius.xtec.cat\/baixllobregat1\/wp-content\/uploads\/usu767\/2021\/09\/purificadora.jpg 400w\" sizes=\"auto, (max-width: 300px) 100vw, 300px\" \/><\/td>\n<\/tr>\n<\/tbody>\n<\/table>\n<p>Simulaci\u00f3 d\u2019una planta potabilitzadora d\u2019aigua en les seves fases de floculaci\u00f3, sedimentaci\u00f3 i filtraci\u00f3.<\/p>\n<h4>Descripci\u00f3<\/h4>\n<ol>\n<li>Material incl\u00f2s en el kit:\n<ul>\n<li>El dip\u00f2sit de floculaci\u00f3 i sedimentaci\u00f3, amb aixeta.<\/li>\n<li>El dip\u00f2sit de filtraci\u00f3, amb aixeta i sorra.<\/li>\n<li>El dip\u00f2sit de recollida de l\u2019aigua potabilitzada.<\/li>\n<li>Tres ampolles de laboratori dosificadores.<\/li>\n<li>Una base o peanya.<\/li>\n<li><a href=\"http:\/\/serveiseducatius.xtec.cat\/tarragones\/wp-content\/uploads\/usu549\/2018\/05\/la-potabilitzadora-daigua_descripcio.pdf\" target=\"_blank\" rel=\"noopener noreferrer\">Manual d\u2019instruccions d\u2019\u00fas<\/a><\/li>\n<li><a href=\"https:\/\/serveiseducatius.xtec.cat\/tarragones\/wp-content\/uploads\/usu549\/2018\/05\/fitxes-de-laigua.pdf\" target=\"_blank\" rel=\"noopener noreferrer\">Les fitxes de l\u2019aigua.<\/a><\/li>\n<li><a href=\"https:\/\/drive.google.com\/file\/d\/1tZunolG4w_NArZoY1ilri050SSVXAZEk\/view?usp=drive_link\" target=\"_blank\" rel=\"noopener\">Descripci\u00f3 de la potabilitzadora d&#8217;aigua<\/a><\/li>\n<\/ul>\n<\/li>\n<\/ol>\n<p>&nbsp;<\/p>\n<p>2. Podeu ampliar la pr\u00e0ctica amb els seg\u00fcents enlla\u00e7os:<\/p>\n<ul>\n<li style=\"list-style-type: none;\">\n<ul>\n<li><a href=\"https:\/\/aca.gencat.cat\/ca\/laigua\/gestio-del-cicle-de-laigua\/\">Gesti\u00f3 del cicle de l\u2019aigua<\/a>. Ag\u00e8ncia Catalana de l\u2019Aigua<\/li>\n<li><a href=\"http:\/\/www.xtec.cat\/~fmas\/pota.htm\">Potabilitzadora d\u2019aigua<\/a>. Xtec<\/li>\n<li>V\u00eddeo: La Potabilitzaci\u00f3 \u2013<a href=\"https:\/\/www.youtube.com\/watch?v=gtvGPcpPrKg\">\u00a0Did\u00e0ctica de l\u2019aigua\u00a0<\/a>de Global Omnium<\/li>\n<li>V\u00eddeo:\u00a0<a href=\"https:\/\/www.youtube.com\/watch?v=9NTm6oWWCY8\">Qu\u00e8 s\u00f3n les estacions de potabilitzaci\u00f3 d\u2019aigua<\/a>\u00a0de ACA Aigua<\/li>\n<li>V\u00eddeo:\u00a0<a href=\"https:\/\/www.youtube.com\/watch?v=FpEdb6eZS04\">L\u2019aigua, l\u2019impuls de la ciutat. El repte de potabilitzar l\u2019aigua\u00a0<\/a>del Museu de les Aig\u00fces<\/li>\n<\/ul>\n<\/li>\n<\/ul>\n<p>3. Activitats educatives:<\/p>\n<ul>\n<li style=\"list-style-type: none;\">\n<ul>\n<li><a href=\"https:\/\/www.aiguesdebarcelona.cat\/ca\/explora-educa-i-participa\/activitats-educatives\" target=\"_blank\" rel=\"noopener\">Aig\u00fces de Barcelona<\/a><\/li>\n<li><a href=\"https:\/\/www.museudelesaigues.cat\/\" target=\"_blank\" rel=\"noopener\">Museu de les aig\u00fces<\/a><\/li>\n<li><a href=\"https:\/\/agbaramblesescoles.cat\/\" target=\"_blank\" rel=\"noopener\">Agbar amb les escoles<\/a><\/li>\n<\/ul>\n<\/li>\n<\/ul>\n<p>&nbsp;<\/p>\n<p>&nbsp;<\/p>\n","protected":false},"excerpt":{"rendered":"<p>Simulaci\u00f3 d\u2019una planta potabilitzadora d\u2019aigua en les seves fases de floculaci\u00f3, sedimentaci\u00f3 i filtraci\u00f3. Descripci\u00f3 Material incl\u00f2s en el kit: El dip\u00f2sit de floculaci\u00f3 i sedimentaci\u00f3, amb aixeta. El dip\u00f2sit de filtraci\u00f3, amb aixeta i sorra. El dip\u00f2sit de recollida de l\u2019aigua potabilitzada. Tres ampolles de laboratori dosificadores. Una base o peanya. Manual d\u2019instruccions d\u2019\u00fas [&hellip;]<\/p>\n","protected":false},"author":10,"featured_media":0,"parent":2346,"menu_order":56,"comment_status":"closed","ping_status":"closed","template":"page-templates\/side-menu.php","meta":{"_bbp_topic_count":0,"_bbp_reply_count":0,"_bbp_total_topic_count":0,"_bbp_total_reply_count":0,"_bbp_voice_count":0,"_bbp_anonymous_reply_count":0,"_bbp_topic_count_hidden":0,"_bbp_reply_count_hidden":0,"_bbp_forum_subforum_count":0,"site-sidebar-layout":"default","site-content-layout":"","ast-site-content-layout":"","site-content-style":"default","site-sidebar-style":"default","ast-global-header-display":"","ast-banner-title-visibility":"","ast-main-header-display":"","ast-hfb-above-header-display":"","ast-hfb-below-header-display":"","ast-hfb-mobile-header-display":"","site-post-title":"","ast-breadcrumbs-content":"","ast-featured-img":"","footer-sml-layout":"","theme-transparent-header-meta":"","adv-header-id-meta":"","stick-header-meta":"","header-above-stick-meta":"","header-main-stick-meta":"","header-below-stick-meta":"","astra-migrate-meta-layouts":"default","ast-page-background-enabled":"default","ast-page-background-meta":{"desktop":{"background-color":"var(--ast-global-color-4)","background-image":"","background-repeat":"repeat","background-position":"center center","background-size":"auto","background-attachment":"scroll","background-type":"","background-media":"","overlay-type":"","overlay-color":"","overlay-opacity":"","overlay-gradient":""},"tablet":{"background-color":"","background-image":"","background-repeat":"repeat","background-position":"center center","background-size":"auto","background-attachment":"scroll","background-type":"","background-media":"","overlay-type":"","overlay-color":"","overlay-opacity":"","overlay-gradient":""},"mobile":{"background-color":"","background-image":"","background-repeat":"repeat","background-position":"center center","background-size":"auto","background-attachment":"scroll","background-type":"","background-media":"","overlay-type":"","overlay-color":"","overlay-opacity":"","overlay-gradient":""}},"ast-content-background-meta":{"desktop":{"background-color":"var(--ast-global-color-5)","background-image":"","background-repeat":"repeat","background-position":"center center","background-size":"auto","background-attachment":"scroll","background-type":"","background-media":"","overlay-type":"","overlay-color":"","overlay-opacity":"","overlay-gradient":""},"tablet":{"background-color":"var(--ast-global-color-5)","background-image":"","background-repeat":"repeat","background-position":"center center","background-size":"auto","background-attachment":"scroll","background-type":"","background-media":"","overlay-type":"","overlay-color":"","overlay-opacity":"","overlay-gradient":""},"mobile":{"background-color":"var(--ast-global-color-5)","background-image":"","background-repeat":"repeat","background-position":"center center","background-size":"auto","background-attachment":"scroll","background-type":"","background-media":"","overlay-type":"","overlay-color":"","overlay-opacity":"","overlay-gradient":""}},"footnotes":""},"class_list":["post-4260","page","type-page","status-publish","hentry"],"post_mailing_queue_ids":[],"_links":{"self":[{"href":"https:\/\/serveiseducatius.xtec.cat\/baixllobregat1\/wp-json\/wp\/v2\/pages\/4260","targetHints":{"allow":["GET"]}}],"collection":[{"href":"https:\/\/serveiseducatius.xtec.cat\/baixllobregat1\/wp-json\/wp\/v2\/pages"}],"about":[{"href":"https:\/\/serveiseducatius.xtec.cat\/baixllobregat1\/wp-json\/wp\/v2\/types\/page"}],"author":[{"embeddable":true,"href":"https:\/\/serveiseducatius.xtec.cat\/baixllobregat1\/wp-json\/wp\/v2\/users\/10"}],"replies":[{"embeddable":true,"href":"https:\/\/serveiseducatius.xtec.cat\/baixllobregat1\/wp-json\/wp\/v2\/comments?post=4260"}],"version-history":[{"count":5,"href":"https:\/\/serveiseducatius.xtec.cat\/baixllobregat1\/wp-json\/wp\/v2\/pages\/4260\/revisions"}],"predecessor-version":[{"id":7780,"href":"https:\/\/serveiseducatius.xtec.cat\/baixllobregat1\/wp-json\/wp\/v2\/pages\/4260\/revisions\/7780"}],"up":[{"embeddable":true,"href":"https:\/\/serveiseducatius.xtec.cat\/baixllobregat1\/wp-json\/wp\/v2\/pages\/2346"}],"wp:attachment":[{"href":"https:\/\/serveiseducatius.xtec.cat\/baixllobregat1\/wp-json\/wp\/v2\/media?parent=4260"}],"curies":[{"name":"wp","href":"https:\/\/api.w.org\/{rel}","templated":true}]}}