{"id":426,"date":"2015-11-25T16:25:57","date_gmt":"2015-11-25T15:25:57","guid":{"rendered":"http:\/\/serveiseducatius.xtec.cat\/se-baixllobregat1\/?page_id=426"},"modified":"2026-04-08T17:01:23","modified_gmt":"2026-04-08T15:01:23","slug":"deteccio-necessitats","status":"publish","type":"page","link":"https:\/\/serveiseducatius.xtec.cat\/baixllobregat1\/formacio\/deteccio-necessitats\/","title":{"rendered":"Detecci\u00f3 de necessitats de formaci\u00f3  del  professorat pel  curs 2026-2027"},"content":{"rendered":"<h5 style=\"text-align: center;\"><span style=\"color: #0000ff;\">El per\u00edode per fer les demandes de formaci\u00f3 pel curs 2026-2027 es tancar\u00e0<\/span><\/h5>\n<h5 style=\"text-align: center;\"><strong><span style=\"color: #ff0000;\">el 27d\u2019abril de 2026<\/span><\/strong><\/h5>\n<p><span style=\"font-size: 1.125em; font-weight: bold;\"><br \/>\n<\/span><span >D\u2019acord\u00a0 amb els \u00a0\u201cCriteris, instruccions i orientacions de la Formaci\u00f3 Permanent del Professorat\u00a0 2026-2027\u201d\u00a0 del Departament d\u2019Educaci\u00f3 i Formaci\u00f3 Professional, i d\u2019acord amb la Inspecci\u00f3 d\u2019Educaci\u00f3, obrim un per\u00edode per fer la detecci\u00f3 de necessitats de formaci\u00f3 per al proper curs 2026-2027<\/span><\/p>\n<p>Per a fer la detecci\u00f3 de necessitats de formaci\u00f3 cal tenir en compte \u00a0la documentaci\u00f3 seg\u00fcent:<\/p>\n<ol>\n<li><strong> Resum Criteris i instruccions formaci\u00f3 permanent del professorat 2026-2027 (*):<\/strong><\/li>\n<\/ol>\n<p>1- <a href=\"https:\/\/drive.google.com\/file\/d\/1a3PT863kmEOhg5VZk9SLNRfq2wEfxtW5\/view?usp=drive_link\" target=\"_blank\" rel=\"noopener\">Presentaci\u00f3<\/a><br \/>\n2-<a href=\"https:\/\/drive.google.com\/file\/d\/14Xt9y-F8yVueEcp9-GHg5QdFw5cyDfSq\/view?usp=drive_link\" target=\"_blank\" rel=\"noopener\"> Marc de refer\u00e8ncia i l\u00ednies estrat\u00e8giques<\/a><br \/>\n4- <a href=\"https:\/\/drive.google.com\/file\/d\/10BbKH06nElxFfAceQwFsJh9uH5UFKGcz\/view?usp=drive_link\" target=\"_blank\" rel=\"noopener\">L\u00ednies priorit\u00e0ries<\/a><br \/>\n5.6- <a href=\"https:\/\/drive.google.com\/file\/d\/10RDV3FcFAJYwQdVooNjaJ__HJPDA7NJk\/view?usp=drive_link\" target=\"_blank\" rel=\"noopener\">Calendari de gesti\u00f3<\/a><br \/>\n7- <a href=\"https:\/\/drive.google.com\/file\/d\/1_FZS7C-qkUAIDF1M5TCeBWMKMCtWERaa\/view?usp=drive_link\" target=\"_blank\" rel=\"noopener\">Pla de Formaci\u00f3 de Zona<\/a><br \/>\n8- <a href=\"https:\/\/drive.google.com\/file\/d\/1RBrw7Hyz8ylGp3ylhmxjDHSXXFntTSCD\/view?usp=drive_link\" target=\"_blank\" rel=\"noopener\">Orientacions per al disseny, la gesti\u00f3 i l&#8217;avaluaci\u00f3<\/a><br \/>\n10- <a href=\"https:\/\/drive.google.com\/file\/d\/1qDtZk4RmY19m4WFlGv6xqNyTC3ZcMedu\/view?usp=drive_link\" target=\"_blank\" rel=\"noopener\">Modalitats i formats de formaci\u00f3<\/a><\/p>\n<p>(*) Selecci\u00f3 dels apartats m\u00e9s rellevants, en relaci\u00f3 amb la gesti\u00f3 del Pla de Formaci\u00f3 de Zona.<\/p>\n<ol start=\"2\">\n<li><strong>Demanda formaci\u00f3 en centre<\/strong><\/li>\n<\/ol>\n<p><a href=\"https:\/\/docs.google.com\/document\/d\/1HPQmp6qNg73HAWh-qvnjXTQWioX_ABL4\/edit?usp=drive_link&amp;ouid=116293121945617658964&amp;rtpof=true&amp;sd=true\" target=\"_blank\" rel=\"noopener\"><strong>Model de document <\/strong><\/a>per si es vol fer una proposta de formaci\u00f3 en centre, \u00a0que cal retornar emplenat al CRP <a href=\"mailto:crp-santfeliu@xtec.cat\">crp-santfeliu@xtec.cat<\/a><\/p>\n<p>El per\u00edode per fer les demandes del primer torn, es tancar\u00e0 \u00a0<strong>el 25 d&#8217;abril\u00a0 <\/strong>(tant per les activitats que s\u2019inici\u00efn al setembre &#8211; octubre de 2025 (primer torn) com per les que s\u2019inici\u00efn a partir del gener de 2026 (segon torn).<\/p>\n<p><strong>3. Previsi\u00f3 de formaci\u00f3 intercentres pel curs 2025-2026 \u2013 Activitats de Zona\u00a0<\/strong><\/p>\n<p>Acc\u00e9s al <a href=\"https:\/\/docs.google.com\/document\/d\/1vJez9B2uy81j3gokVn19lhB5oeT3V5RL\/edit?usp=drive_link&amp;ouid=116293121945617658964&amp;rtpof=true&amp;sd=true\" target=\"_blank\" rel=\"noopener\">document amb les activitats de zona\u00a0 previstes pel curs 2026-2027,<\/a> inclou:<\/p>\n<ul>\n<li style=\"list-style-type: none;\">\n<ul>\n<li>Seminaris de coordinaci\u00f3, Xarxes, grups de treball, etc.<\/li>\n<li>Activitats de formaci\u00f3 individuals: Tallers, cursos, seminaris, grups de treball; etc.<\/li>\n<\/ul>\n<\/li>\n<\/ul>\n<p>La relaci\u00f3 d&#8217;activitats previstes en aquest <a href=\"https:\/\/docs.google.com\/document\/d\/1vJez9B2uy81j3gokVn19lhB5oeT3V5RL\/edit?usp=drive_link&amp;ouid=116293121945617658964&amp;rtpof=true&amp;sd=true\" target=\"_blank\" rel=\"noopener\">document<\/a>, es pot veure ampliada amb noves propostes de formaci\u00f3 intercentres.<\/p>\n<p><strong>4- Formulari per a fer\u00a0 noves propostes de formaci\u00f3 intercentres.<\/strong><\/p>\n<p><a href=\"https:\/\/docs.google.com\/document\/d\/1CWmZOyi8WoCB3u3cvKv6J6pm0M8sciHg\/edit?usp=drive_link&amp;ouid=116293121945617658964&amp;rtpof=true&amp;sd=true\" target=\"_blank\" rel=\"noopener\"><strong>Model de document<\/strong><\/a> per si es vol fer una proposta de formaci\u00f3 de zona. Cal retornar, si \u00e9s el cas, \u00a0al CRP <a href=\"mailto:crp-santfeliu@xtec.cat\">crp-santfeliu@xtec.cat<\/a> abans del 25 d&#8217;abril de 2025.<\/p>\n<p><strong>5. <a href=\"https:\/\/serveiseducatius.xtec.cat\/baixllobregat1\/formacio\/calendari-pfz\/\">Calendari de gesti\u00f3 PFZ 2026-2027<\/a><\/strong><\/p>\n<table style=\"width: 95.2626%;\">\n<tbody>\n<tr>\n<td style=\"width: 100%;\">Per a qualsevol dubte que tingueu o informaci\u00f3 addicional que necessiteu us podeu adre\u00e7ar al Centre de Recursos Pedag\u00f2gics.<\/td>\n<\/tr>\n<\/tbody>\n<\/table>\n","protected":false},"excerpt":{"rendered":"<p>El per\u00edode per fer les demandes de formaci\u00f3 pel curs 2026-2027 es tancar\u00e0 el 27d\u2019abril de 2026 D\u2019acord\u00a0 amb els \u00a0\u201cCriteris, instruccions i orientacions de la Formaci\u00f3 Permanent del Professorat\u00a0 2026-2027\u201d\u00a0 del Departament d\u2019Educaci\u00f3 i Formaci\u00f3 Professional, i d\u2019acord amb la Inspecci\u00f3 d\u2019Educaci\u00f3, obrim un per\u00edode per fer la detecci\u00f3 de necessitats de formaci\u00f3 per [&hellip;]<\/p>\n","protected":false},"author":1,"featured_media":0,"parent":416,"menu_order":70,"comment_status":"closed","ping_status":"closed","template":"","meta":{"_bbp_topic_count":0,"_bbp_reply_count":0,"_bbp_total_topic_count":0,"_bbp_total_reply_count":0,"_bbp_voice_count":0,"_bbp_anonymous_reply_count":0,"_bbp_topic_count_hidden":0,"_bbp_reply_count_hidden":0,"_bbp_forum_subforum_count":0,"site-sidebar-layout":"default","site-content-layout":"","ast-site-content-layout":"default","site-content-style":"default","site-sidebar-style":"default","ast-global-header-display":"","ast-banner-title-visibility":"","ast-main-header-display":"","ast-hfb-above-header-display":"","ast-hfb-below-header-display":"","ast-hfb-mobile-header-display":"","site-post-title":"","ast-breadcrumbs-content":"","ast-featured-img":"","footer-sml-layout":"","theme-transparent-header-meta":"","adv-header-id-meta":"","stick-header-meta":"","header-above-stick-meta":"","header-main-stick-meta":"","header-below-stick-meta":"","astra-migrate-meta-layouts":"set","ast-page-background-enabled":"default","ast-page-background-meta":{"desktop":{"background-color":"var(--ast-global-color-4)","background-image":"","background-repeat":"repeat","background-position":"center center","background-size":"auto","background-attachment":"scroll","background-type":"","background-media":"","overlay-type":"","overlay-color":"","overlay-opacity":"","overlay-gradient":""},"tablet":{"background-color":"","background-image":"","background-repeat":"repeat","background-position":"center center","background-size":"auto","background-attachment":"scroll","background-type":"","background-media":"","overlay-type":"","overlay-color":"","overlay-opacity":"","overlay-gradient":""},"mobile":{"background-color":"","background-image":"","background-repeat":"repeat","background-position":"center center","background-size":"auto","background-attachment":"scroll","background-type":"","background-media":"","overlay-type":"","overlay-color":"","overlay-opacity":"","overlay-gradient":""}},"ast-content-background-meta":{"desktop":{"background-color":"var(--ast-global-color-5)","background-image":"","background-repeat":"repeat","background-position":"center center","background-size":"auto","background-attachment":"scroll","background-type":"","background-media":"","overlay-type":"","overlay-color":"","overlay-opacity":"","overlay-gradient":""},"tablet":{"background-color":"var(--ast-global-color-5)","background-image":"","background-repeat":"repeat","background-position":"center center","background-size":"auto","background-attachment":"scroll","background-type":"","background-media":"","overlay-type":"","overlay-color":"","overlay-opacity":"","overlay-gradient":""},"mobile":{"background-color":"var(--ast-global-color-5)","background-image":"","background-repeat":"repeat","background-position":"center center","background-size":"auto","background-attachment":"scroll","background-type":"","background-media":"","overlay-type":"","overlay-color":"","overlay-opacity":"","overlay-gradient":""}},"footnotes":""},"class_list":["post-426","page","type-page","status-publish","hentry"],"post_mailing_queue_ids":[],"_links":{"self":[{"href":"https:\/\/serveiseducatius.xtec.cat\/baixllobregat1\/wp-json\/wp\/v2\/pages\/426","targetHints":{"allow":["GET"]}}],"collection":[{"href":"https:\/\/serveiseducatius.xtec.cat\/baixllobregat1\/wp-json\/wp\/v2\/pages"}],"about":[{"href":"https:\/\/serveiseducatius.xtec.cat\/baixllobregat1\/wp-json\/wp\/v2\/types\/page"}],"author":[{"embeddable":true,"href":"https:\/\/serveiseducatius.xtec.cat\/baixllobregat1\/wp-json\/wp\/v2\/users\/1"}],"replies":[{"embeddable":true,"href":"https:\/\/serveiseducatius.xtec.cat\/baixllobregat1\/wp-json\/wp\/v2\/comments?post=426"}],"version-history":[{"count":7,"href":"https:\/\/serveiseducatius.xtec.cat\/baixllobregat1\/wp-json\/wp\/v2\/pages\/426\/revisions"}],"predecessor-version":[{"id":9014,"href":"https:\/\/serveiseducatius.xtec.cat\/baixllobregat1\/wp-json\/wp\/v2\/pages\/426\/revisions\/9014"}],"up":[{"embeddable":true,"href":"https:\/\/serveiseducatius.xtec.cat\/baixllobregat1\/wp-json\/wp\/v2\/pages\/416"}],"wp:attachment":[{"href":"https:\/\/serveiseducatius.xtec.cat\/baixllobregat1\/wp-json\/wp\/v2\/media?parent=426"}],"curies":[{"name":"wp","href":"https:\/\/api.w.org\/{rel}","templated":true}]}}