{"id":4236,"date":"2021-09-06T14:16:01","date_gmt":"2021-09-06T12:16:01","guid":{"rendered":"https:\/\/serveiseducatius.xtec.cat\/baixllobregat1\/?page_id=4236"},"modified":"2021-09-16T10:56:47","modified_gmt":"2021-09-16T08:56:47","slug":"maleta-calcul-de-primaria","status":"publish","type":"page","link":"https:\/\/serveiseducatius.xtec.cat\/baixllobregat1\/recursos\/maletes-pedagogiques\/maletes-per-ambits-curriculars\/maleta-calcul-de-primaria\/","title":{"rendered":"Maleta c\u00e0lcul de prim\u00e0ria"},"content":{"rendered":"<p><img loading=\"lazy\" decoding=\"async\" class=\"alignleft size-medium wp-image-4238\" src=\"https:\/\/serveiseducatius.xtec.cat\/baixllobregat1\/wp-content\/uploads\/usu767\/2021\/09\/WhatsApp-Image-2021-09-06-at-14.11.33-300x169.jpeg\" alt=\"\" width=\"300\" height=\"169\" srcset=\"https:\/\/serveiseducatius.xtec.cat\/baixllobregat1\/wp-content\/uploads\/usu767\/2021\/09\/WhatsApp-Image-2021-09-06-at-14.11.33-300x169.jpeg 300w, https:\/\/serveiseducatius.xtec.cat\/baixllobregat1\/wp-content\/uploads\/usu767\/2021\/09\/WhatsApp-Image-2021-09-06-at-14.11.33-1024x576.jpeg 1024w, https:\/\/serveiseducatius.xtec.cat\/baixllobregat1\/wp-content\/uploads\/usu767\/2021\/09\/WhatsApp-Image-2021-09-06-at-14.11.33-768x432.jpeg 768w, https:\/\/serveiseducatius.xtec.cat\/baixllobregat1\/wp-content\/uploads\/usu767\/2021\/09\/WhatsApp-Image-2021-09-06-at-14.11.33-1536x864.jpeg 1536w, https:\/\/serveiseducatius.xtec.cat\/baixllobregat1\/wp-content\/uploads\/usu767\/2021\/09\/WhatsApp-Image-2021-09-06-at-14.11.33.jpeg 2016w\" sizes=\"auto, (max-width: 300px) 100vw, 300px\" \/><span style=\"color: #000000; font-family: Arial, Helvetica, sans-serif; font-size: medium;\"><span style=\"font-size: small;\">Maleta de matem\u00e0tiques que inclou un recull de materials per treballar el c\u00e0lcul mental als diferents cicles de prim\u00e0ria.<\/span><\/span><br \/>\n<span style=\"color: #000000;\"><span style=\"font-family: Arial, Helvetica, sans-serif; font-size: medium;\"><span style=\"font-size: small;\">S&#8217;acompanya d&#8217;una guia did\u00e0ctica que en facilita l&#8217;explotaci\u00f3 a l&#8217;aula.<\/span><\/span><\/span><\/p>\n<table style=\"width: 95.3353%; height: 989px;\" width=\"690\" cellspacing=\"0\" cellpadding=\"3\" bgcolor=\"#A9CDDE\">\n<tbody>\n<tr style=\"height: 62px;\">\n<td style=\"width: 138.026%; height: 62px;\" colspan=\"3\">\n<p style=\"text-align: left;\"><span style=\"color: #000000;\"><span style=\"font-family: Arial, Helvetica, sans-serif; font-size: medium;\"><span style=\"font-size: small;\"><span style=\"font-size: large;\">Relaci\u00f3 de materials:<\/span><\/span><\/span><\/span><\/p>\n<\/td>\n<\/tr>\n<tr style=\"height: 31px;\">\n<td style=\"width: 138.026%; height: 31px;\" colspan=\"3\"><\/td>\n<\/tr>\n<tr style=\"height: 56px;\">\n<td style=\"width: 36.5747%; height: 56px;\" bgcolor=\"#0080C0\" width=\"246\"><span style=\"color: #ffffff;\"><b><span style=\"font-family: Arial, Helvetica, sans-serif; font-size: small;\">\u00a0\u00a01.- D\u00f2mino de sumes<\/span><\/b><\/span><\/td>\n<td style=\"width: 7.40203%; height: 56px;\" bgcolor=\"#0080C0\" width=\"51\">\n<div align=\"center\"><span style=\"color: #ffffff;\"><b><span style=\"font-family: Arial, Helvetica, sans-serif;\"><span style=\"font-size: small;\">2- 4 jug.<\/span><\/span><\/b><\/span><\/div>\n<\/td>\n<td style=\"width: 94.0493%; height: 56px;\" bgcolor=\"#0080C0\" width=\"373\"><span style=\"color: #ffffff;\"><b><span style=\"font-family: Arial, Helvetica, sans-serif; font-size: small;\">Sumes de nombres del 0 al 20<\/span><\/b><\/span><\/td>\n<\/tr>\n<tr style=\"height: 56px;\">\n<td style=\"width: 36.5747%; height: 56px;\" width=\"246\"><span style=\"color: #000000;\"><span style=\"font-family: Arial, Helvetica, sans-serif; font-size: small;\">\u00a0\u00a02.-\u00a0D\u00f2mino de restes<\/span><\/span><\/td>\n<td style=\"width: 7.40203%; height: 56px;\" width=\"51\">\n<div align=\"center\"><span style=\"color: #000000;\"><span style=\"font-family: Arial, Helvetica, sans-serif;\"><span style=\"font-size: small;\">2- 4 jug.<\/span><\/span><\/span><\/div>\n<\/td>\n<td style=\"width: 94.0493%; height: 56px;\" width=\"373\"><span style=\"color: #000000;\"><span style=\"font-family: Arial, Helvetica, sans-serif; font-size: small;\">Restes de<\/span><\/span><span style=\"color: #000000;\"><span style=\"font-family: Arial, Helvetica, sans-serif; font-size: small;\"> nom<\/span><\/span><span style=\"color: #000000;\"><span style=\"font-family: Arial, Helvetica, sans-serif; font-size: small;\">bres<\/span><\/span><span style=\"color: #000000;\"><span style=\"font-family: Arial, Helvetica, sans-serif; font-size: small;\">del 0 <\/span><span style=\"font-family: Arial, Helvetica, sans-serif; font-size: small;\">al 20<\/span><\/span><\/td>\n<\/tr>\n<tr style=\"height: 56px;\" bgcolor=\"#0080C0\">\n<td style=\"width: 36.5747%; height: 56px;\" width=\"246\"><span style=\"color: #ffffff;\"><b><span style=\"font-family: Arial, Helvetica, sans-serif; font-size: small;\">\u00a0\u00a03.-\u00a0Tri\u00f2mino de sumes i de restes<\/span><\/b><\/span><\/td>\n<td style=\"width: 7.40203%; height: 56px;\" width=\"51\">\n<div align=\"center\"><span style=\"color: #ffffff;\"><b><span style=\"font-family: Arial, Helvetica, sans-serif;\"><span style=\"font-size: small;\">2- 4 jug.<\/span><\/span><\/b><\/span><\/div>\n<\/td>\n<td style=\"width: 94.0493%; height: 56px;\" width=\"373\"><span style=\"color: #ffffff;\"><b><span style=\"font-family: Arial, Helvetica, sans-serif; font-size: small;\">Sumes\u00a0<\/span><\/b><span style=\"font-family: Arial, Helvetica, sans-serif; font-size: small;\">(del 0 al 20)<\/span><b><span style=\"font-family: Arial, Helvetica, sans-serif; font-size: small;\">\u00a0i restes\u00a0<\/span><\/b><span style=\"font-family: Arial, Helvetica, sans-serif; font-size: small;\">(del 0 al 10)<\/span><b><span style=\"font-family: Arial, Helvetica, sans-serif; font-size: small;\">\u00a0de nombres naturals<\/span><\/b><\/span><\/td>\n<\/tr>\n<tr style=\"height: 56px;\">\n<td style=\"width: 36.5747%; height: 56px;\" width=\"246\"><span style=\"color: #000000;\"><span style=\"font-family: Arial, Helvetica, sans-serif; font-size: small;\">\u00a0\u00a04.- D\u00f2mino de multiplicacions<\/span><\/span><\/td>\n<td style=\"width: 7.40203%; height: 56px;\" width=\"51\">\n<div align=\"center\"><span style=\"color: #000000;\"><span style=\"font-family: Arial, Helvetica, sans-serif;\"><span style=\"font-size: small;\">2- 4 jug.<\/span><\/span><\/span><\/div>\n<\/td>\n<td style=\"width: 94.0493%; height: 56px;\" width=\"373\"><span style=\"color: #000000;\"><span style=\"font-family: Arial, Helvetica, sans-serif; font-size: small;\">Taules de multiplicar del 2 al 9<\/span><\/span><\/td>\n<\/tr>\n<tr style=\"height: 56px;\">\n<td style=\"width: 36.5747%; height: 56px;\" bgcolor=\"#0080C0\" width=\"246\"><span style=\"color: #ffffff;\"><b><span style=\"font-family: Arial, Helvetica, sans-serif; font-size: small;\">\u00a0\u00a05.- Tri\u00f2mino de multiplicacions<\/span><\/b><\/span><\/td>\n<td style=\"width: 7.40203%; height: 56px;\" bgcolor=\"#0080C0\" width=\"51\">\n<div align=\"center\"><span style=\"color: #ffffff;\"><b><span style=\"font-family: Arial, Helvetica, sans-serif;\"><span style=\"font-size: small;\">2- 4 jug.<\/span><\/span><\/b><\/span><\/div>\n<\/td>\n<td style=\"width: 94.0493%; height: 56px;\" bgcolor=\"#0080C0\" width=\"373\"><span style=\"color: #ffffff;\"><b><span style=\"font-family: Arial, Helvetica, sans-serif; font-size: small;\">Multiplicacions de dos nombres amb resultat = \u00f3 &lt;120<\/span><\/b><\/span><\/td>\n<\/tr>\n<tr style=\"height: 56px;\">\n<td style=\"width: 36.5747%; height: 56px;\" width=\"246\"><span style=\"color: #000000;\"><span style=\"font-family: Arial, Helvetica, sans-serif; font-size: small;\">\u00a0\u00a06.- Heinevetters 0-20 (autocorrectiu)<\/span><\/span><\/td>\n<td style=\"width: 7.40203%; height: 56px;\" width=\"51\">\n<div align=\"center\"><span style=\"color: #000000;\"><span style=\"font-family: Arial, Helvetica, sans-serif;\"><span style=\"font-size: small;\">1- 2 jug.<\/span><\/span><\/span><\/div>\n<\/td>\n<td style=\"width: 94.0493%; height: 56px;\" width=\"373\"><span style=\"color: #000000;\"><span style=\"font-family: Arial, Helvetica, sans-serif; font-size: small;\">C\u00e0lcul mental del 0 al 20 (comptar, +, &#8211; , x , : )<\/span><\/span><\/td>\n<\/tr>\n<tr style=\"height: 56px;\">\n<td style=\"width: 36.5747%; height: 56px;\" bgcolor=\"#0080C0\" width=\"246\"><span style=\"color: #ffffff;\"><span style=\"font-family: Arial, Helvetica, sans-serif; font-size: small;\">\u00a0\u00a07.-\u00a0<\/span><span style=\"font-family: Arial, Helvetica, sans-serif; font-size: small;\">Heinevetters 0-100 (autocorrectiu)<\/span><\/span><\/td>\n<td style=\"width: 7.40203%; height: 56px;\" bgcolor=\"#0080C0\" width=\"51\">\n<div align=\"center\"><span style=\"color: #ffffff;\"><span style=\"font-family: Arial, Helvetica, sans-serif;\"><span style=\"font-size: small;\">1- 2 jug.<\/span><\/span><\/span><\/div>\n<\/td>\n<td style=\"width: 94.0493%; height: 56px;\" bgcolor=\"#0080C0\" width=\"373\"><span style=\"color: #ffffff;\"><span style=\"font-family: Arial, Helvetica, sans-serif; font-size: small;\">C\u00e0lcul mental del 0 al 100 (comptar, +, &#8211; , x , : )<\/span><\/span><\/td>\n<\/tr>\n<tr style=\"height: 56px;\">\n<td style=\"width: 36.5747%; height: 56px;\" width=\"246\"><span style=\"color: #000000;\"><span style=\"font-family: Arial, Helvetica, sans-serif; font-size: small;\">\u00a0\u00a08.-\u00a0Tri\u00f2mino de divisions<\/span><\/span><\/td>\n<td style=\"width: 7.40203%; height: 56px;\" width=\"51\">\n<div align=\"center\"><span style=\"color: #000000;\"><span style=\"font-family: Arial, Helvetica, sans-serif;\"><span style=\"font-size: small;\">2- 4 jug.<\/span><\/span><\/span><\/div>\n<\/td>\n<td style=\"width: 94.0493%; height: 56px;\" width=\"373\"><span style=\"color: #000000;\"><span style=\"font-family: Arial, Helvetica, sans-serif; font-size: small;\">Divisions exactes<\/span><span style=\"font-family: Arial, Helvetica, sans-serif; font-size: small;\"> amb divident = \u00f3 &lt; 100 i divisor d&#8217;1 xifra<\/span><\/span><\/td>\n<\/tr>\n<tr style=\"height: 56px;\">\n<td style=\"width: 36.5747%; height: 56px;\" bgcolor=\"#0080C0\" width=\"246\"><span style=\"color: #ffffff;\"><b><span style=\"font-family: Arial, Helvetica, sans-serif; font-size: small;\">\u00a0\u00a09.-\u00a0D\u00f2mino de divisions.\u00a0<\/span><\/b><span style=\"font-family: Arial, Helvetica, sans-serif; font-size: small;\">Mathdomino<\/span><b><span style=\"font-family: Arial, Helvetica, sans-serif; font-size: small;\">\u00a0<\/span><\/b><span style=\"font-family: Arial, Helvetica, sans-serif; font-size: small;\">7<\/span><\/span><\/td>\n<td style=\"width: 7.40203%; height: 56px;\" bgcolor=\"#0080C0\" width=\"51\">\n<div align=\"center\"><span style=\"color: #ffffff;\"><b><span style=\"font-family: Arial, Helvetica, sans-serif;\"><span style=\"font-size: small;\">2- 4 jug.<\/span><\/span><\/b><\/span><\/div>\n<\/td>\n<td style=\"width: 94.0493%; height: 56px;\" bgcolor=\"#0080C0\" width=\"373\"><span style=\"color: #ffffff;\"><b><span style=\"font-family: Arial, Helvetica, sans-serif; font-size: small;\">Divisions de dos nombres naturals amb resultat exacte<\/span><\/b><\/span><\/td>\n<\/tr>\n<tr style=\"height: 56px;\">\n<td style=\"width: 36.5747%; height: 56px;\" width=\"246\"><span style=\"color: #000000;\"><span style=\"font-family: Arial, Helvetica, sans-serif; font-size: small;\">10.-<\/span><span style=\"font-family: Arial, Helvetica, sans-serif; font-size: small;\"> D\u00f2mino de divisions.\u00a0<\/span><span style=\"font-family: Arial, Helvetica, sans-serif; font-size: small;\">Mathdomino<\/span><span style=\"font-family: Arial, Helvetica, sans-serif; font-size: small;\">\u00a0<\/span><span style=\"font-family: Arial, Helvetica, sans-serif; font-size: small;\">8<\/span><\/span><\/td>\n<td style=\"width: 7.40203%; height: 56px;\" width=\"51\">\n<div align=\"center\"><span style=\"color: #000000;\"><span style=\"font-family: Arial, Helvetica, sans-serif;\"><span style=\"font-size: small;\">2- 4 jug.<\/span><\/span><\/span><\/div>\n<\/td>\n<td style=\"width: 94.0493%; height: 56px;\" width=\"373\"><span style=\"color: #000000;\"><span style=\"font-family: Arial, Helvetica, sans-serif; font-size: small;\">Divisions de dos nombres naturals; resultat<\/span><span style=\"font-family: Arial, Helvetica, sans-serif; font-size: small;\"> amb residu<\/span><\/span><\/td>\n<\/tr>\n<tr style=\"height: 56px;\">\n<td style=\"width: 36.5747%; height: 56px;\" bgcolor=\"#0080C0\" width=\"246\"><span style=\"color: #ffffff;\"><b><span style=\"font-family: Arial, Helvetica, sans-serif; font-size: small;\">11.- D\u00f2mino de fraccions<\/span><\/b><\/span><\/td>\n<td style=\"width: 7.40203%; height: 56px;\" bgcolor=\"#0080C0\" width=\"51\">\n<div align=\"center\"><span style=\"color: #ffffff;\"><b><span style=\"font-family: Arial, Helvetica, sans-serif;\"><span style=\"font-size: small;\">2- 4 jug.<\/span><\/span><\/b><\/span><\/div>\n<\/td>\n<td style=\"width: 94.0493%; height: 56px;\" bgcolor=\"#0080C0\" width=\"373\"><span style=\"color: #ffffff;\"><b><span style=\"font-family: Arial, Helvetica, sans-serif; font-size: small;\">Relacionar fraccions amb la seva representaci\u00f3 gr\u00e0fica<\/span><\/b><\/span><\/td>\n<\/tr>\n<tr style=\"height: 56px;\">\n<td style=\"width: 36.5747%; height: 56px;\" width=\"246\"><span style=\"color: #000000;\"><span style=\"font-family: Arial, Helvetica, sans-serif; font-size: small;\">12.- Tri\u00f2mino de fraccions equivalents<\/span><\/span><\/td>\n<td style=\"width: 7.40203%; height: 56px;\" width=\"51\">\n<div align=\"center\"><span style=\"color: #000000;\"><span style=\"font-family: Arial, Helvetica, sans-serif;\"><span style=\"font-size: small;\">2- 4 jug.<\/span><\/span><\/span><\/div>\n<\/td>\n<td style=\"width: 94.0493%; height: 56px;\" width=\"373\"><span style=\"color: #000000;\"><span style=\"font-family: Arial, Helvetica, sans-serif; font-size: small;\">Recon\u00e8ixer fraccions equivalents<\/span><\/span><\/td>\n<\/tr>\n<tr style=\"height: 56px;\">\n<td style=\"width: 36.5747%; height: 56px;\" bgcolor=\"#0080C0\" width=\"246\"><span style=\"color: #ffffff;\"><b><span style=\"font-family: Arial, Helvetica, sans-serif; font-size: small;\">13.- D\u00f2mino de fraccions: sumes-restes<\/span><\/b><\/span><\/td>\n<td style=\"width: 7.40203%; height: 56px;\" bgcolor=\"#0080C0\" width=\"51\">\n<div align=\"center\"><span style=\"color: #ffffff;\"><b><span style=\"font-family: Arial, Helvetica, sans-serif;\"><span style=\"font-size: small;\">1- 2 jug.<\/span><\/span><\/b><\/span><\/div>\n<\/td>\n<td style=\"width: 94.0493%; height: 56px;\" bgcolor=\"#0080C0\" width=\"373\"><span style=\"color: #ffffff;\"><b><span style=\"font-family: Arial, Helvetica, sans-serif; font-size: small;\">Sumar i restar fraccions<\/span><\/b><\/span><\/td>\n<\/tr>\n<tr style=\"height: 56px;\">\n<td style=\"width: 36.5747%; height: 56px;\" width=\"246\"><span style=\"color: #000000;\"><span style=\"font-family: Arial, Helvetica, sans-serif; font-size: small;\">14.- Fem l&#8217;1 (Hex-a-one)<\/span><\/span><\/td>\n<td style=\"width: 7.40203%; height: 56px;\" width=\"51\">\n<div align=\"center\"><span style=\"color: #000000;\"><span style=\"font-family: Arial, Helvetica, sans-serif;\"><span style=\"font-size: small;\">2- 4 jug.<\/span><\/span><\/span><\/div>\n<\/td>\n<td style=\"width: 94.0493%; height: 56px;\" width=\"373\"><span style=\"color: #000000;\"><span style=\"font-family: Arial, Helvetica, sans-serif; font-size: small;\">Sumar dos nombre<\/span><span style=\"font-family: Arial, Helvetica, sans-serif; font-size: small;\">s decimals que donin la unitat<\/span><\/span><\/td>\n<\/tr>\n<tr style=\"height: 56px;\">\n<td style=\"width: 36.5747%; height: 56px;\" bgcolor=\"#0080C0\" width=\"246\"><span style=\"color: #ffffff;\"><b><span style=\"font-family: Arial, Helvetica, sans-serif; font-size: small;\">15.- D\u00f2mino de sumes decimals<\/span><\/b><\/span><\/td>\n<td style=\"width: 7.40203%; height: 56px;\" bgcolor=\"#0080C0\" width=\"51\">\n<div align=\"center\"><span style=\"color: #ffffff;\"><b><span style=\"font-family: Arial, Helvetica, sans-serif;\"><span style=\"font-size: small;\">2- 4 jug.<\/span><\/span><\/b><\/span><\/div>\n<\/td>\n<td style=\"width: 94.0493%; height: 56px;\" bgcolor=\"#0080C0\" width=\"373\"><span style=\"color: #ffffff;\"><b><span style=\"font-family: Arial, Helvetica, sans-serif; font-size: small;\">Sumar dos nombres decimals amb resultat &gt; \u00f3 &lt; 1<\/span><\/b><\/span><\/td>\n<\/tr>\n<tr style=\"height: 56px;\">\n<td style=\"width: 36.5747%; height: 56px;\" width=\"246\"><span style=\"color: #000000;\"><span style=\"font-family: Arial, Helvetica, sans-serif; font-size: small;\">16.- D\u00f2mino d&#8217;equacions<\/span><\/span><\/td>\n<td style=\"width: 7.40203%; height: 56px;\" width=\"51\">\n<div align=\"center\"><span style=\"color: #000000;\"><span style=\"font-family: Arial, Helvetica, sans-serif;\"><span style=\"font-size: small;\">2- 4 jug.<\/span><\/span><\/span><\/div>\n<\/td>\n<td style=\"width: 94.0493%; height: 56px;\" width=\"373\"><span style=\"color: #000000;\"><span style=\"font-family: Arial, Helvetica, sans-serif; font-size: small;\">Equacions senzilles de primer grau<\/span><\/span><\/td>\n<\/tr>\n<\/tbody>\n<\/table>\n","protected":false},"excerpt":{"rendered":"<p>Maleta de matem\u00e0tiques que inclou un recull de materials per treballar el c\u00e0lcul mental als diferents cicles de prim\u00e0ria. S&#8217;acompanya d&#8217;una guia did\u00e0ctica que en facilita l&#8217;explotaci\u00f3 a l&#8217;aula. Relaci\u00f3 de materials: \u00a0\u00a01.- D\u00f2mino de sumes 2- 4 jug. Sumes de nombres del 0 al 20 \u00a0\u00a02.-\u00a0D\u00f2mino de restes 2- 4 jug. Restes de nombresdel [&hellip;]<\/p>\n","protected":false},"author":10,"featured_media":0,"parent":2346,"menu_order":57,"comment_status":"closed","ping_status":"closed","template":"page-templates\/side-menu.php","meta":{"_bbp_topic_count":0,"_bbp_reply_count":0,"_bbp_total_topic_count":0,"_bbp_total_reply_count":0,"_bbp_voice_count":0,"_bbp_anonymous_reply_count":0,"_bbp_topic_count_hidden":0,"_bbp_reply_count_hidden":0,"_bbp_forum_subforum_count":0,"site-sidebar-layout":"default","site-content-layout":"","ast-site-content-layout":"","site-content-style":"default","site-sidebar-style":"default","ast-global-header-display":"","ast-banner-title-visibility":"","ast-main-header-display":"","ast-hfb-above-header-display":"","ast-hfb-below-header-display":"","ast-hfb-mobile-header-display":"","site-post-title":"","ast-breadcrumbs-content":"","ast-featured-img":"","footer-sml-layout":"","theme-transparent-header-meta":"","adv-header-id-meta":"","stick-header-meta":"","header-above-stick-meta":"","header-main-stick-meta":"","header-below-stick-meta":"","astra-migrate-meta-layouts":"default","ast-page-background-enabled":"default","ast-page-background-meta":{"desktop":{"background-color":"var(--ast-global-color-4)","background-image":"","background-repeat":"repeat","background-position":"center center","background-size":"auto","background-attachment":"scroll","background-type":"","background-media":"","overlay-type":"","overlay-color":"","overlay-opacity":"","overlay-gradient":""},"tablet":{"background-color":"","background-image":"","background-repeat":"repeat","background-position":"center center","background-size":"auto","background-attachment":"scroll","background-type":"","background-media":"","overlay-type":"","overlay-color":"","overlay-opacity":"","overlay-gradient":""},"mobile":{"background-color":"","background-image":"","background-repeat":"repeat","background-position":"center center","background-size":"auto","background-attachment":"scroll","background-type":"","background-media":"","overlay-type":"","overlay-color":"","overlay-opacity":"","overlay-gradient":""}},"ast-content-background-meta":{"desktop":{"background-color":"var(--ast-global-color-5)","background-image":"","background-repeat":"repeat","background-position":"center center","background-size":"auto","background-attachment":"scroll","background-type":"","background-media":"","overlay-type":"","overlay-color":"","overlay-opacity":"","overlay-gradient":""},"tablet":{"background-color":"var(--ast-global-color-5)","background-image":"","background-repeat":"repeat","background-position":"center center","background-size":"auto","background-attachment":"scroll","background-type":"","background-media":"","overlay-type":"","overlay-color":"","overlay-opacity":"","overlay-gradient":""},"mobile":{"background-color":"var(--ast-global-color-5)","background-image":"","background-repeat":"repeat","background-position":"center center","background-size":"auto","background-attachment":"scroll","background-type":"","background-media":"","overlay-type":"","overlay-color":"","overlay-opacity":"","overlay-gradient":""}},"footnotes":""},"class_list":["post-4236","page","type-page","status-publish","hentry"],"post_mailing_queue_ids":[],"_links":{"self":[{"href":"https:\/\/serveiseducatius.xtec.cat\/baixllobregat1\/wp-json\/wp\/v2\/pages\/4236","targetHints":{"allow":["GET"]}}],"collection":[{"href":"https:\/\/serveiseducatius.xtec.cat\/baixllobregat1\/wp-json\/wp\/v2\/pages"}],"about":[{"href":"https:\/\/serveiseducatius.xtec.cat\/baixllobregat1\/wp-json\/wp\/v2\/types\/page"}],"author":[{"embeddable":true,"href":"https:\/\/serveiseducatius.xtec.cat\/baixllobregat1\/wp-json\/wp\/v2\/users\/10"}],"replies":[{"embeddable":true,"href":"https:\/\/serveiseducatius.xtec.cat\/baixllobregat1\/wp-json\/wp\/v2\/comments?post=4236"}],"version-history":[{"count":3,"href":"https:\/\/serveiseducatius.xtec.cat\/baixllobregat1\/wp-json\/wp\/v2\/pages\/4236\/revisions"}],"predecessor-version":[{"id":4269,"href":"https:\/\/serveiseducatius.xtec.cat\/baixllobregat1\/wp-json\/wp\/v2\/pages\/4236\/revisions\/4269"}],"up":[{"embeddable":true,"href":"https:\/\/serveiseducatius.xtec.cat\/baixllobregat1\/wp-json\/wp\/v2\/pages\/2346"}],"wp:attachment":[{"href":"https:\/\/serveiseducatius.xtec.cat\/baixllobregat1\/wp-json\/wp\/v2\/media?parent=4236"}],"curies":[{"name":"wp","href":"https:\/\/api.w.org\/{rel}","templated":true}]}}