{"id":4226,"date":"2021-09-06T13:52:42","date_gmt":"2021-09-06T11:52:42","guid":{"rendered":"https:\/\/serveiseducatius.xtec.cat\/baixllobregat1\/?page_id=4226"},"modified":"2023-07-12T13:26:08","modified_gmt":"2023-07-12T11:26:08","slug":"maleta-estris-prehistoria","status":"publish","type":"page","link":"https:\/\/serveiseducatius.xtec.cat\/baixllobregat1\/recursos\/maletes-pedagogiques\/maletes-per-ambits-curriculars\/maleta-estris-prehistoria\/","title":{"rendered":"Maleta estris i eines de la prehist\u00f2ria"},"content":{"rendered":"<p><img loading=\"lazy\" decoding=\"async\" class=\"alignleft size-medium wp-image-4230\" src=\"https:\/\/serveiseducatius.xtec.cat\/baixllobregat1\/wp-content\/uploads\/usu767\/2021\/09\/WhatsApp-Image-2021-09-06-at-13.48.57-300x225.jpeg\" alt=\"\" width=\"300\" height=\"225\" srcset=\"https:\/\/serveiseducatius.xtec.cat\/baixllobregat1\/wp-content\/uploads\/usu767\/2021\/09\/WhatsApp-Image-2021-09-06-at-13.48.57-300x225.jpeg 300w, https:\/\/serveiseducatius.xtec.cat\/baixllobregat1\/wp-content\/uploads\/usu767\/2021\/09\/WhatsApp-Image-2021-09-06-at-13.48.57-1024x768.jpeg 1024w, https:\/\/serveiseducatius.xtec.cat\/baixllobregat1\/wp-content\/uploads\/usu767\/2021\/09\/WhatsApp-Image-2021-09-06-at-13.48.57-768x576.jpeg 768w, https:\/\/serveiseducatius.xtec.cat\/baixllobregat1\/wp-content\/uploads\/usu767\/2021\/09\/WhatsApp-Image-2021-09-06-at-13.48.57-1536x1152.jpeg 1536w, https:\/\/serveiseducatius.xtec.cat\/baixllobregat1\/wp-content\/uploads\/usu767\/2021\/09\/WhatsApp-Image-2021-09-06-at-13.48.57-200x150.jpeg 200w, https:\/\/serveiseducatius.xtec.cat\/baixllobregat1\/wp-content\/uploads\/usu767\/2021\/09\/WhatsApp-Image-2021-09-06-at-13.48.57-rotated.jpeg 1600w\" sizes=\"auto, (max-width: 300px) 100vw, 300px\" \/><\/p>\n<p><span style=\"color: #000000;\"><span style=\"font-family: Arial, Helvetica, sans-serif; font-size: medium;\">Conjunt de reproduccions d&#8217;estris i d&#8217;eines de les cultures del Paleol\u00edtic i del Neol\u00edtic que faciliten que els alumnes puguin dur a terme un treball d&#8217;observaci\u00f3, an\u00e0lisi i experimentaci\u00f3 que els apropi a l&#8217;economia i al context cultural de les societats primitives.<br \/>\nS&#8217;acompanya d&#8217;un dossier que introdueix a la tecnologia espec\u00edfica i que fa una descripci\u00f3 de les eines i estris amb una proposta d&#8217;activitats.<\/span><\/span><\/p>\n<p><span style=\"color: #000000;\"><span style=\"font-family: Arial, Helvetica, sans-serif; font-size: medium;\">Tipus d&#8217;eines: Unifacial, bifacial, denticulat, punta, rascadora, bur\u00ed, gratador, l\u00e0mina, punta de fletxa emmanegada, punta d&#8217;\u00f3s, eina de pedra polida, pe\u00e7a de cer\u00e0mica i fusaioles.<\/span><\/span><\/p>\n<p>&nbsp;<\/p>\n<p>&nbsp;<\/p>\n<p>Guies:<\/p>\n<p><a href=\"https:\/\/www.scholactiva.com\/recursos-educatius\/wp-content\/uploads\/2022\/02\/La-vida-a-la-Prehistoria-cicle-mitja-2022.pdf\">Tallers a l&#8217;aula. La vida a la prehist\u00f2ria.<\/a><\/p>\n<p><a href=\"https:\/\/drive.google.com\/file\/d\/19tTsdbXAyXzTxXZltX3nhUbtB1w6EMJn\/view?usp=sharing\">Tallers a l&#8217;aula. Eines de la prehist\u00f2ria.<\/a><\/p>\n<p><a href=\"https:\/\/drive.google.com\/file\/d\/1HtqRHaeVFJbwJCS9H_nxmRdLmW84MX3O\/view?usp=sharing\">Contingut maleta eines de la prehist\u00f2ria<\/a><\/p>\n<p>&nbsp;<\/p>\n<h2 id=\"Pnsjpd\" class=\"zv7tnb\" aria-label=\"Comparteix Tallers a l'aula. Eines de la prehist\u00f3ria\"><\/h2>\n","protected":false},"excerpt":{"rendered":"<p>Conjunt de reproduccions d&#8217;estris i d&#8217;eines de les cultures del Paleol\u00edtic i del Neol\u00edtic que faciliten que els alumnes puguin dur a terme un treball d&#8217;observaci\u00f3, an\u00e0lisi i experimentaci\u00f3 que els apropi a l&#8217;economia i al context cultural de les societats primitives. S&#8217;acompanya d&#8217;un dossier que introdueix a la tecnologia espec\u00edfica i que fa una [&hellip;]<\/p>\n","protected":false},"author":10,"featured_media":0,"parent":2346,"menu_order":53,"comment_status":"closed","ping_status":"closed","template":"page-templates\/side-menu.php","meta":{"_bbp_topic_count":0,"_bbp_reply_count":0,"_bbp_total_topic_count":0,"_bbp_total_reply_count":0,"_bbp_voice_count":0,"_bbp_anonymous_reply_count":0,"_bbp_topic_count_hidden":0,"_bbp_reply_count_hidden":0,"_bbp_forum_subforum_count":0,"site-sidebar-layout":"default","site-content-layout":"","ast-site-content-layout":"","site-content-style":"default","site-sidebar-style":"default","ast-global-header-display":"","ast-banner-title-visibility":"","ast-main-header-display":"","ast-hfb-above-header-display":"","ast-hfb-below-header-display":"","ast-hfb-mobile-header-display":"","site-post-title":"","ast-breadcrumbs-content":"","ast-featured-img":"","footer-sml-layout":"","theme-transparent-header-meta":"","adv-header-id-meta":"","stick-header-meta":"","header-above-stick-meta":"","header-main-stick-meta":"","header-below-stick-meta":"","astra-migrate-meta-layouts":"default","ast-page-background-enabled":"default","ast-page-background-meta":{"desktop":{"background-color":"var(--ast-global-color-4)","background-image":"","background-repeat":"repeat","background-position":"center center","background-size":"auto","background-attachment":"scroll","background-type":"","background-media":"","overlay-type":"","overlay-color":"","overlay-opacity":"","overlay-gradient":""},"tablet":{"background-color":"","background-image":"","background-repeat":"repeat","background-position":"center center","background-size":"auto","background-attachment":"scroll","background-type":"","background-media":"","overlay-type":"","overlay-color":"","overlay-opacity":"","overlay-gradient":""},"mobile":{"background-color":"","background-image":"","background-repeat":"repeat","background-position":"center center","background-size":"auto","background-attachment":"scroll","background-type":"","background-media":"","overlay-type":"","overlay-color":"","overlay-opacity":"","overlay-gradient":""}},"ast-content-background-meta":{"desktop":{"background-color":"var(--ast-global-color-5)","background-image":"","background-repeat":"repeat","background-position":"center center","background-size":"auto","background-attachment":"scroll","background-type":"","background-media":"","overlay-type":"","overlay-color":"","overlay-opacity":"","overlay-gradient":""},"tablet":{"background-color":"var(--ast-global-color-5)","background-image":"","background-repeat":"repeat","background-position":"center center","background-size":"auto","background-attachment":"scroll","background-type":"","background-media":"","overlay-type":"","overlay-color":"","overlay-opacity":"","overlay-gradient":""},"mobile":{"background-color":"var(--ast-global-color-5)","background-image":"","background-repeat":"repeat","background-position":"center center","background-size":"auto","background-attachment":"scroll","background-type":"","background-media":"","overlay-type":"","overlay-color":"","overlay-opacity":"","overlay-gradient":""}},"footnotes":""},"class_list":["post-4226","page","type-page","status-publish","hentry"],"post_mailing_queue_ids":[],"_links":{"self":[{"href":"https:\/\/serveiseducatius.xtec.cat\/baixllobregat1\/wp-json\/wp\/v2\/pages\/4226","targetHints":{"allow":["GET"]}}],"collection":[{"href":"https:\/\/serveiseducatius.xtec.cat\/baixllobregat1\/wp-json\/wp\/v2\/pages"}],"about":[{"href":"https:\/\/serveiseducatius.xtec.cat\/baixllobregat1\/wp-json\/wp\/v2\/types\/page"}],"author":[{"embeddable":true,"href":"https:\/\/serveiseducatius.xtec.cat\/baixllobregat1\/wp-json\/wp\/v2\/users\/10"}],"replies":[{"embeddable":true,"href":"https:\/\/serveiseducatius.xtec.cat\/baixllobregat1\/wp-json\/wp\/v2\/comments?post=4226"}],"version-history":[{"count":3,"href":"https:\/\/serveiseducatius.xtec.cat\/baixllobregat1\/wp-json\/wp\/v2\/pages\/4226\/revisions"}],"predecessor-version":[{"id":6322,"href":"https:\/\/serveiseducatius.xtec.cat\/baixllobregat1\/wp-json\/wp\/v2\/pages\/4226\/revisions\/6322"}],"up":[{"embeddable":true,"href":"https:\/\/serveiseducatius.xtec.cat\/baixllobregat1\/wp-json\/wp\/v2\/pages\/2346"}],"wp:attachment":[{"href":"https:\/\/serveiseducatius.xtec.cat\/baixllobregat1\/wp-json\/wp\/v2\/media?parent=4226"}],"curies":[{"name":"wp","href":"https:\/\/api.w.org\/{rel}","templated":true}]}}