{"id":4221,"date":"2021-09-06T13:34:30","date_gmt":"2021-09-06T11:34:30","guid":{"rendered":"https:\/\/serveiseducatius.xtec.cat\/baixllobregat1\/?page_id=4221"},"modified":"2021-09-16T10:54:37","modified_gmt":"2021-09-16T08:54:37","slug":"maleta-expressart-museu-portatil-per-a-leducacio-infantil-i-primaria","status":"publish","type":"page","link":"https:\/\/serveiseducatius.xtec.cat\/baixllobregat1\/recursos\/maletes-pedagogiques\/maletes-per-ambits-curriculars\/maleta-expressart-museu-portatil-per-a-leducacio-infantil-i-primaria\/","title":{"rendered":"Maleta Expressart. Museu port\u00e0til per a l\u2019educaci\u00f3 infantil i prim\u00e0ria."},"content":{"rendered":"<p><span style=\"font-weight: 400;\"><img loading=\"lazy\" decoding=\"async\" class=\"alignleft wp-image-4222\" src=\"https:\/\/serveiseducatius.xtec.cat\/baixllobregat1\/wp-content\/uploads\/usu767\/2021\/09\/Caixa_objectes_gran_900-300x225.jpg\" alt=\"\" width=\"361\" height=\"271\" srcset=\"https:\/\/serveiseducatius.xtec.cat\/baixllobregat1\/wp-content\/uploads\/usu767\/2021\/09\/Caixa_objectes_gran_900-300x225.jpg 300w, https:\/\/serveiseducatius.xtec.cat\/baixllobregat1\/wp-content\/uploads\/usu767\/2021\/09\/Caixa_objectes_gran_900-200x150.jpg 200w, https:\/\/serveiseducatius.xtec.cat\/baixllobregat1\/wp-content\/uploads\/usu767\/2021\/09\/Caixa_objectes_gran_900.jpg 600w\" sizes=\"auto, (max-width: 361px) 100vw, 361px\" \/>El <\/span><a href=\"https:\/\/www.macba.cat\/es\/exposiciones-actividades\/actividades\/expressart-museo-portatil-educacion-infantil-primaria-2014\"><span style=\"font-weight: 400;\">projecte ExpressArt<\/span><\/a><span style=\"font-weight: 400;\"> neix de considerar l&#8217;art contemporani com un generador inesgotable d&#8217;aprenentatges diversos i de la voluntat de posar a l&#8217;abast de tothom un projecte on les experi\u00e8ncies d&#8217;\u00e8xit de tots els que participin en ell estiguin garantides des del principi. Est\u00e0 pensat per al professorat i l&#8217;alumnat d&#8217;educaci\u00f3 infantil, prim\u00e0ria i primer cicle de secund\u00e0ria, inclosos els alumnes NESE. Tamb\u00e9 pot utilitzar-se en altres nivells educatius i amb adults. L&#8217;objectiu \u00e9s proporcionar recursos per treballar q\u00fcestions i tem\u00e0tiques molt diferents, tenint present un enfocament \u00a0 competencial, sent l&#8217;art contemporani el punt de partida de tot el que es suggereix.<\/span><\/p>\n<p><a href=\"https:\/\/img.macba.cat\/public\/uploads\/20100611\/expressart_CAS.pdf\"><span style=\"font-weight: 400;\">\u00a0 \u00a0 \u00a0 \u00a0 \u00a0 \u00a0 \u00a0 \u00a0 \u00a0 \u00a0 \u00a0 \u00a0 \u00a0 \u00a0 \u00a0 \u00a0 \u00a0 \u00a0 \u00a0 \u00a0 \u00a0 \u00a0 \u00a0 \u00a0 \u00a0 \u00a0 \u00a0 \u00a0 \u00a0 \u00a0 \u00a0 \u00a0 \u00a0 \u00a0 \u00a0 \u00a0 \u00a0 \u00a0 \u00a0 \u00a0 \u00a0 \u00a0 \u00a0 \u00a0 \u00a0 \u00a0 \u00a0 \u00a0 \u00a0 \u00a0Guia pel professorat.<\/span><\/a><\/p>\n","protected":false},"excerpt":{"rendered":"<p>El projecte ExpressArt neix de considerar l&#8217;art contemporani com un generador inesgotable d&#8217;aprenentatges diversos i de la voluntat de posar a l&#8217;abast de tothom un projecte on les experi\u00e8ncies d&#8217;\u00e8xit de tots els que participin en ell estiguin garantides des del principi. Est\u00e0 pensat per al professorat i l&#8217;alumnat d&#8217;educaci\u00f3 infantil, prim\u00e0ria i primer cicle [&hellip;]<\/p>\n","protected":false},"author":10,"featured_media":0,"parent":2346,"menu_order":52,"comment_status":"closed","ping_status":"closed","template":"page-templates\/side-menu.php","meta":{"_bbp_topic_count":0,"_bbp_reply_count":0,"_bbp_total_topic_count":0,"_bbp_total_reply_count":0,"_bbp_voice_count":0,"_bbp_anonymous_reply_count":0,"_bbp_topic_count_hidden":0,"_bbp_reply_count_hidden":0,"_bbp_forum_subforum_count":0,"site-sidebar-layout":"default","site-content-layout":"","ast-site-content-layout":"","site-content-style":"default","site-sidebar-style":"default","ast-global-header-display":"","ast-banner-title-visibility":"","ast-main-header-display":"","ast-hfb-above-header-display":"","ast-hfb-below-header-display":"","ast-hfb-mobile-header-display":"","site-post-title":"","ast-breadcrumbs-content":"","ast-featured-img":"","footer-sml-layout":"","theme-transparent-header-meta":"","adv-header-id-meta":"","stick-header-meta":"","header-above-stick-meta":"","header-main-stick-meta":"","header-below-stick-meta":"","astra-migrate-meta-layouts":"default","ast-page-background-enabled":"default","ast-page-background-meta":{"desktop":{"background-color":"var(--ast-global-color-4)","background-image":"","background-repeat":"repeat","background-position":"center center","background-size":"auto","background-attachment":"scroll","background-type":"","background-media":"","overlay-type":"","overlay-color":"","overlay-opacity":"","overlay-gradient":""},"tablet":{"background-color":"","background-image":"","background-repeat":"repeat","background-position":"center center","background-size":"auto","background-attachment":"scroll","background-type":"","background-media":"","overlay-type":"","overlay-color":"","overlay-opacity":"","overlay-gradient":""},"mobile":{"background-color":"","background-image":"","background-repeat":"repeat","background-position":"center center","background-size":"auto","background-attachment":"scroll","background-type":"","background-media":"","overlay-type":"","overlay-color":"","overlay-opacity":"","overlay-gradient":""}},"ast-content-background-meta":{"desktop":{"background-color":"var(--ast-global-color-5)","background-image":"","background-repeat":"repeat","background-position":"center center","background-size":"auto","background-attachment":"scroll","background-type":"","background-media":"","overlay-type":"","overlay-color":"","overlay-opacity":"","overlay-gradient":""},"tablet":{"background-color":"var(--ast-global-color-5)","background-image":"","background-repeat":"repeat","background-position":"center center","background-size":"auto","background-attachment":"scroll","background-type":"","background-media":"","overlay-type":"","overlay-color":"","overlay-opacity":"","overlay-gradient":""},"mobile":{"background-color":"var(--ast-global-color-5)","background-image":"","background-repeat":"repeat","background-position":"center center","background-size":"auto","background-attachment":"scroll","background-type":"","background-media":"","overlay-type":"","overlay-color":"","overlay-opacity":"","overlay-gradient":""}},"footnotes":""},"class_list":["post-4221","page","type-page","status-publish","hentry"],"post_mailing_queue_ids":[],"_links":{"self":[{"href":"https:\/\/serveiseducatius.xtec.cat\/baixllobregat1\/wp-json\/wp\/v2\/pages\/4221","targetHints":{"allow":["GET"]}}],"collection":[{"href":"https:\/\/serveiseducatius.xtec.cat\/baixllobregat1\/wp-json\/wp\/v2\/pages"}],"about":[{"href":"https:\/\/serveiseducatius.xtec.cat\/baixllobregat1\/wp-json\/wp\/v2\/types\/page"}],"author":[{"embeddable":true,"href":"https:\/\/serveiseducatius.xtec.cat\/baixllobregat1\/wp-json\/wp\/v2\/users\/10"}],"replies":[{"embeddable":true,"href":"https:\/\/serveiseducatius.xtec.cat\/baixllobregat1\/wp-json\/wp\/v2\/comments?post=4221"}],"version-history":[{"count":2,"href":"https:\/\/serveiseducatius.xtec.cat\/baixllobregat1\/wp-json\/wp\/v2\/pages\/4221\/revisions"}],"predecessor-version":[{"id":4225,"href":"https:\/\/serveiseducatius.xtec.cat\/baixllobregat1\/wp-json\/wp\/v2\/pages\/4221\/revisions\/4225"}],"up":[{"embeddable":true,"href":"https:\/\/serveiseducatius.xtec.cat\/baixllobregat1\/wp-json\/wp\/v2\/pages\/2346"}],"wp:attachment":[{"href":"https:\/\/serveiseducatius.xtec.cat\/baixllobregat1\/wp-json\/wp\/v2\/media?parent=4221"}],"curies":[{"name":"wp","href":"https:\/\/api.w.org\/{rel}","templated":true}]}}