{"id":4211,"date":"2021-09-06T12:10:31","date_gmt":"2021-09-06T10:10:31","guid":{"rendered":"https:\/\/serveiseducatius.xtec.cat\/baixllobregat1\/?page_id=4211"},"modified":"2021-09-16T10:54:12","modified_gmt":"2021-09-16T08:54:12","slug":"maleta-del-cos-huma","status":"publish","type":"page","link":"https:\/\/serveiseducatius.xtec.cat\/baixllobregat1\/recursos\/maletes-pedagogiques\/maletes-per-ambits-curriculars\/maleta-del-cos-huma\/","title":{"rendered":"Maleta tors bisexuat"},"content":{"rendered":"<p style=\"text-align: justify;\"><img loading=\"lazy\" decoding=\"async\" class=\"alignleft wp-image-4217\" src=\"https:\/\/serveiseducatius.xtec.cat\/baixllobregat1\/wp-content\/uploads\/usu767\/2021\/09\/WhatsApp-Image-2021-09-06-at-12.41.14-3-225x300.jpeg\" alt=\"\" width=\"256\" height=\"341\" srcset=\"https:\/\/serveiseducatius.xtec.cat\/baixllobregat1\/wp-content\/uploads\/usu767\/2021\/09\/WhatsApp-Image-2021-09-06-at-12.41.14-3-225x300.jpeg 225w, https:\/\/serveiseducatius.xtec.cat\/baixllobregat1\/wp-content\/uploads\/usu767\/2021\/09\/WhatsApp-Image-2021-09-06-at-12.41.14-3-768x1024.jpeg 768w, https:\/\/serveiseducatius.xtec.cat\/baixllobregat1\/wp-content\/uploads\/usu767\/2021\/09\/WhatsApp-Image-2021-09-06-at-12.41.14-3-1152x1536.jpeg 1152w, https:\/\/serveiseducatius.xtec.cat\/baixllobregat1\/wp-content\/uploads\/usu767\/2021\/09\/WhatsApp-Image-2021-09-06-at-12.41.14-3.jpeg 1200w\" sizes=\"auto, (max-width: 256px) 100vw, 256px\" \/>Al CRP tenim en pr\u00e9stec un <strong>tors bisexuat<\/strong> per a l&#8217;estudi de les diferents parts del cos hum\u00e0 (disposa d\u2019\u00f2rgans genitals masculins i femenins) adequat a tots els nivells educatius.<\/p>\n<p>Tots els detalls, orificis i colors estan realitzats en pl\u00e0stic i reprodu\u00efts fidelment. De 85 cm d&#8217;al\u00e7ada, desmuntable en 38 parts per a una observaci\u00f3 m\u00e9s detallada dels diferents \u00f2rgans del cos hum\u00e0. Es fa el pr\u00e9stec amb carpeta que inclouen fitxes sobre:<\/p>\n<ul>\n<li>Sistema muscular (dorsal i frontal),\u00a0 nervi\u00f3s i excretor.<\/li>\n<li>Sentits: o\u00efda, equilibri, tacte, olfacte, gust i visi\u00f3.<\/li>\n<li>Aparell reproductor.<\/li>\n<li>Desenvolupament embrionari i fetal.<\/li>\n<li>Crani, columna vertebral i articulacions.<\/li>\n<\/ul>\n<p>A m\u00e9s a m\u00e9s, podeu veure el cos hum\u00e0 en 3D (als vostres dispositius) a la plataforma<span style=\"font-weight: 400;\">\u00a0<a href=\"https:\/\/www.biodigital.com\/\">Biodigital<\/a>\u00a0 a trav\u00e9s de la realitat augmentada. Han incl\u00f2s el modelatge 3D d&#8217;11 sistemes del cos hum\u00e0, com el sistema circulatori, el sistema ossi, el sistema muscular o el sistema gastrointestinal, entre d&#8217;altres.\u00a0<\/span><\/p>\n","protected":false},"excerpt":{"rendered":"<p>Al CRP tenim en pr\u00e9stec un tors bisexuat per a l&#8217;estudi de les diferents parts del cos hum\u00e0 (disposa d\u2019\u00f2rgans genitals masculins i femenins) adequat a tots els nivells educatius. Tots els detalls, orificis i colors estan realitzats en pl\u00e0stic i reprodu\u00efts fidelment. De 85 cm d&#8217;al\u00e7ada, desmuntable en 38 parts per a una observaci\u00f3 [&hellip;]<\/p>\n","protected":false},"author":10,"featured_media":0,"parent":2346,"menu_order":51,"comment_status":"closed","ping_status":"closed","template":"page-templates\/side-menu.php","meta":{"_bbp_topic_count":0,"_bbp_reply_count":0,"_bbp_total_topic_count":0,"_bbp_total_reply_count":0,"_bbp_voice_count":0,"_bbp_anonymous_reply_count":0,"_bbp_topic_count_hidden":0,"_bbp_reply_count_hidden":0,"_bbp_forum_subforum_count":0,"site-sidebar-layout":"default","site-content-layout":"","ast-site-content-layout":"","site-content-style":"default","site-sidebar-style":"default","ast-global-header-display":"","ast-banner-title-visibility":"","ast-main-header-display":"","ast-hfb-above-header-display":"","ast-hfb-below-header-display":"","ast-hfb-mobile-header-display":"","site-post-title":"","ast-breadcrumbs-content":"","ast-featured-img":"","footer-sml-layout":"","theme-transparent-header-meta":"","adv-header-id-meta":"","stick-header-meta":"","header-above-stick-meta":"","header-main-stick-meta":"","header-below-stick-meta":"","astra-migrate-meta-layouts":"default","ast-page-background-enabled":"default","ast-page-background-meta":{"desktop":{"background-color":"var(--ast-global-color-4)","background-image":"","background-repeat":"repeat","background-position":"center center","background-size":"auto","background-attachment":"scroll","background-type":"","background-media":"","overlay-type":"","overlay-color":"","overlay-opacity":"","overlay-gradient":""},"tablet":{"background-color":"","background-image":"","background-repeat":"repeat","background-position":"center center","background-size":"auto","background-attachment":"scroll","background-type":"","background-media":"","overlay-type":"","overlay-color":"","overlay-opacity":"","overlay-gradient":""},"mobile":{"background-color":"","background-image":"","background-repeat":"repeat","background-position":"center center","background-size":"auto","background-attachment":"scroll","background-type":"","background-media":"","overlay-type":"","overlay-color":"","overlay-opacity":"","overlay-gradient":""}},"ast-content-background-meta":{"desktop":{"background-color":"var(--ast-global-color-5)","background-image":"","background-repeat":"repeat","background-position":"center center","background-size":"auto","background-attachment":"scroll","background-type":"","background-media":"","overlay-type":"","overlay-color":"","overlay-opacity":"","overlay-gradient":""},"tablet":{"background-color":"var(--ast-global-color-5)","background-image":"","background-repeat":"repeat","background-position":"center center","background-size":"auto","background-attachment":"scroll","background-type":"","background-media":"","overlay-type":"","overlay-color":"","overlay-opacity":"","overlay-gradient":""},"mobile":{"background-color":"var(--ast-global-color-5)","background-image":"","background-repeat":"repeat","background-position":"center center","background-size":"auto","background-attachment":"scroll","background-type":"","background-media":"","overlay-type":"","overlay-color":"","overlay-opacity":"","overlay-gradient":""}},"footnotes":""},"class_list":["post-4211","page","type-page","status-publish","hentry"],"post_mailing_queue_ids":[],"_links":{"self":[{"href":"https:\/\/serveiseducatius.xtec.cat\/baixllobregat1\/wp-json\/wp\/v2\/pages\/4211","targetHints":{"allow":["GET"]}}],"collection":[{"href":"https:\/\/serveiseducatius.xtec.cat\/baixllobregat1\/wp-json\/wp\/v2\/pages"}],"about":[{"href":"https:\/\/serveiseducatius.xtec.cat\/baixllobregat1\/wp-json\/wp\/v2\/types\/page"}],"author":[{"embeddable":true,"href":"https:\/\/serveiseducatius.xtec.cat\/baixllobregat1\/wp-json\/wp\/v2\/users\/10"}],"replies":[{"embeddable":true,"href":"https:\/\/serveiseducatius.xtec.cat\/baixllobregat1\/wp-json\/wp\/v2\/comments?post=4211"}],"version-history":[{"count":3,"href":"https:\/\/serveiseducatius.xtec.cat\/baixllobregat1\/wp-json\/wp\/v2\/pages\/4211\/revisions"}],"predecessor-version":[{"id":4220,"href":"https:\/\/serveiseducatius.xtec.cat\/baixllobregat1\/wp-json\/wp\/v2\/pages\/4211\/revisions\/4220"}],"up":[{"embeddable":true,"href":"https:\/\/serveiseducatius.xtec.cat\/baixllobregat1\/wp-json\/wp\/v2\/pages\/2346"}],"wp:attachment":[{"href":"https:\/\/serveiseducatius.xtec.cat\/baixllobregat1\/wp-json\/wp\/v2\/media?parent=4211"}],"curies":[{"name":"wp","href":"https:\/\/api.w.org\/{rel}","templated":true}]}}