{"id":416,"date":"2015-11-25T15:58:53","date_gmt":"2015-11-25T14:58:53","guid":{"rendered":"http:\/\/serveiseducatius.xtec.cat\/se-baixllobregat1\/?page_id=416"},"modified":"2024-07-20T18:43:17","modified_gmt":"2024-07-20T16:43:17","slug":"formacio","status":"publish","type":"page","link":"https:\/\/serveiseducatius.xtec.cat\/baixllobregat1\/formacio\/","title":{"rendered":"Formaci\u00f3"},"content":{"rendered":"<p>La formaci\u00f3 del professorat \u00e9s un recurs que ha de contribuir a la millora dels projectes educatius dels centres i a l\u2019enfortiment de les compet\u00e8ncies professionals del professorat.<\/p>\n<p>El Departament d\u2019Educaci\u00f3 ha establert les l\u00ednies estrat\u00e8giques i els objectius prioritaris de la formaci\u00f3 permanent que volen donar resposta a les necessitats de formaci\u00f3 dels centres educatius, dels docents i del personal adscrit als centres del Servei d\u2019Educaci\u00f3 de Catalunya.<\/p>\n<p>Els plans de formaci\u00f3 de zona (PFZ) s\u00f3n l\u2019eina de planificaci\u00f3 i gesti\u00f3 de qu\u00e8 s\u2019ha dotat el Departament d\u2019Educaci\u00f3 per donar resposta a les necessitats concretes del territori i planificar, gestionar i avaluar l\u2019oferta descentralitzada.<\/p>\n<p>El\u00a0 PFZ at\u00e9n les necessitats formatives dels centres educatius p\u00fablics i concertats del territori: llars d\u2019infants, centres d\u2019educaci\u00f3 infantil i prim\u00e0ria, centres d\u2019educaci\u00f3 secund\u00e0ria i centres de formaci\u00f3 d\u2019adults.<\/p>\n<p>En el\u00a0 <a href=\"https:\/\/drive.google.com\/file\/d\/1es5vcxIMsc7kvENozZahiHw2BbQovEIu\/view\" target=\"_blank\" rel=\"noopener noreferrer\"><strong>Resum dels criteris i instruccions de la formaci\u00f3 permanent del professorat per al curs 2024-2025<\/strong><\/a>,\u00a0 s&#8217;hi pot trobar la informaci\u00f3 seg\u00fcent:<\/p>\n<ul>\n<li>El calendari de gesti\u00f3<strong>\u00a0(Atenci\u00f3 a les dates destacades)<\/strong><\/li>\n<li>Les l\u00ednies estrat\u00e8giques i els objectius prioritaris de la formaci\u00f3<\/li>\n<li>El Pla de Formaci\u00f3 de Zona (organitzaci\u00f3)<\/li>\n<li>Orientacions per al disseny i l\u2019avaluaci\u00f3<\/li>\n<li>Les diferents modalitats i formats<\/li>\n<\/ul>\n<p>&nbsp;<\/p>\n","protected":false},"excerpt":{"rendered":"<p>La formaci\u00f3 del professorat \u00e9s un recurs que ha de contribuir a la millora dels projectes educatius dels centres i a l\u2019enfortiment de les compet\u00e8ncies professionals del professorat. El Departament d\u2019Educaci\u00f3 ha establert les l\u00ednies estrat\u00e8giques i els objectius prioritaris de la formaci\u00f3 permanent que volen donar resposta a les necessitats de formaci\u00f3 dels centres [&hellip;]<\/p>\n","protected":false},"author":1,"featured_media":0,"parent":0,"menu_order":0,"comment_status":"closed","ping_status":"closed","template":"page-templates\/side-menu.php","meta":{"_bbp_topic_count":0,"_bbp_reply_count":0,"_bbp_total_topic_count":0,"_bbp_total_reply_count":0,"_bbp_voice_count":0,"_bbp_anonymous_reply_count":0,"_bbp_topic_count_hidden":0,"_bbp_reply_count_hidden":0,"_bbp_forum_subforum_count":0,"site-sidebar-layout":"default","site-content-layout":"","ast-site-content-layout":"","site-content-style":"default","site-sidebar-style":"default","ast-global-header-display":"","ast-banner-title-visibility":"","ast-main-header-display":"","ast-hfb-above-header-display":"","ast-hfb-below-header-display":"","ast-hfb-mobile-header-display":"","site-post-title":"","ast-breadcrumbs-content":"","ast-featured-img":"","footer-sml-layout":"","theme-transparent-header-meta":"","adv-header-id-meta":"","stick-header-meta":"","header-above-stick-meta":"","header-main-stick-meta":"","header-below-stick-meta":"","astra-migrate-meta-layouts":"default","ast-page-background-enabled":"default","ast-page-background-meta":{"desktop":{"background-color":"var(--ast-global-color-4)","background-image":"","background-repeat":"repeat","background-position":"center center","background-size":"auto","background-attachment":"scroll","background-type":"","background-media":"","overlay-type":"","overlay-color":"","overlay-opacity":"","overlay-gradient":""},"tablet":{"background-color":"","background-image":"","background-repeat":"repeat","background-position":"center center","background-size":"auto","background-attachment":"scroll","background-type":"","background-media":"","overlay-type":"","overlay-color":"","overlay-opacity":"","overlay-gradient":""},"mobile":{"background-color":"","background-image":"","background-repeat":"repeat","background-position":"center center","background-size":"auto","background-attachment":"scroll","background-type":"","background-media":"","overlay-type":"","overlay-color":"","overlay-opacity":"","overlay-gradient":""}},"ast-content-background-meta":{"desktop":{"background-color":"var(--ast-global-color-5)","background-image":"","background-repeat":"repeat","background-position":"center center","background-size":"auto","background-attachment":"scroll","background-type":"","background-media":"","overlay-type":"","overlay-color":"","overlay-opacity":"","overlay-gradient":""},"tablet":{"background-color":"var(--ast-global-color-5)","background-image":"","background-repeat":"repeat","background-position":"center center","background-size":"auto","background-attachment":"scroll","background-type":"","background-media":"","overlay-type":"","overlay-color":"","overlay-opacity":"","overlay-gradient":""},"mobile":{"background-color":"var(--ast-global-color-5)","background-image":"","background-repeat":"repeat","background-position":"center center","background-size":"auto","background-attachment":"scroll","background-type":"","background-media":"","overlay-type":"","overlay-color":"","overlay-opacity":"","overlay-gradient":""}},"footnotes":""},"class_list":["post-416","page","type-page","status-publish","hentry"],"post_mailing_queue_ids":[],"_links":{"self":[{"href":"https:\/\/serveiseducatius.xtec.cat\/baixllobregat1\/wp-json\/wp\/v2\/pages\/416","targetHints":{"allow":["GET"]}}],"collection":[{"href":"https:\/\/serveiseducatius.xtec.cat\/baixllobregat1\/wp-json\/wp\/v2\/pages"}],"about":[{"href":"https:\/\/serveiseducatius.xtec.cat\/baixllobregat1\/wp-json\/wp\/v2\/types\/page"}],"author":[{"embeddable":true,"href":"https:\/\/serveiseducatius.xtec.cat\/baixllobregat1\/wp-json\/wp\/v2\/users\/1"}],"replies":[{"embeddable":true,"href":"https:\/\/serveiseducatius.xtec.cat\/baixllobregat1\/wp-json\/wp\/v2\/comments?post=416"}],"version-history":[{"count":6,"href":"https:\/\/serveiseducatius.xtec.cat\/baixllobregat1\/wp-json\/wp\/v2\/pages\/416\/revisions"}],"predecessor-version":[{"id":7444,"href":"https:\/\/serveiseducatius.xtec.cat\/baixllobregat1\/wp-json\/wp\/v2\/pages\/416\/revisions\/7444"}],"wp:attachment":[{"href":"https:\/\/serveiseducatius.xtec.cat\/baixllobregat1\/wp-json\/wp\/v2\/media?parent=416"}],"curies":[{"name":"wp","href":"https:\/\/api.w.org\/{rel}","templated":true}]}}