{"id":3962,"date":"2021-02-16T19:33:56","date_gmt":"2021-02-16T18:33:56","guid":{"rendered":"http:\/\/serveiseducatius.xtec.cat\/baixllobregat1\/?page_id=3962"},"modified":"2021-03-05T10:48:01","modified_gmt":"2021-03-05T09:48:01","slug":"spike-prime","status":"publish","type":"page","link":"https:\/\/serveiseducatius.xtec.cat\/baixllobregat1\/recursos\/programacio-i-robotica\/spike-prime\/","title":{"rendered":"Spike Prime"},"content":{"rendered":"<p>&nbsp;<\/p>\n<p><img loading=\"lazy\" decoding=\"async\" class=\"size-medium wp-image-3965 aligncenter\" src=\"https:\/\/serveiseducatius.xtec.cat\/baixllobregat1\/wp-content\/uploads\/usu767\/2021\/02\/Spike-300x211.jpeg\" alt=\"\" width=\"300\" height=\"211\" srcset=\"https:\/\/serveiseducatius.xtec.cat\/baixllobregat1\/wp-content\/uploads\/usu767\/2021\/02\/Spike-300x211.jpeg 300w, https:\/\/serveiseducatius.xtec.cat\/baixllobregat1\/wp-content\/uploads\/usu767\/2021\/02\/Spike-768x539.jpeg 768w, https:\/\/serveiseducatius.xtec.cat\/baixllobregat1\/wp-content\/uploads\/usu767\/2021\/02\/Spike-1024x719.jpeg 1024w, https:\/\/serveiseducatius.xtec.cat\/baixllobregat1\/wp-content\/uploads\/usu767\/2021\/02\/Spike.jpeg 1500w\" sizes=\"auto, (max-width: 300px) 100vw, 300px\" \/><\/p>\n<p>&nbsp;<\/p>\n<p>Els objectius principals de les capses <b>Spike Prime <\/b>s\u00f3n introduir l\u2019alumnat i el professorat d\u2019ensenyament primari i\u00a0 secundari en els conceptes b\u00e0sics de:<\/p>\n<ul>\n<li>Investigar, crear models i dissenyar solucions.<\/li>\n<li>Involucrar a l&#8217;alumnat en les ci\u00e8ncies, al convertir-les en una cosa real i rellevant.<\/li>\n<li>Generar habilitats b\u00e0siques de programaci\u00f3, pensament cr\u00edtic i resoluci\u00f3 de problemes.<\/li>\n<li>Impulsar habilitats de col\u00b7laboraci\u00f3 i presentaci\u00f3.<\/li>\n<li>Millorar l&#8217;\u00fas de la tecnologia instrumental promovent l&#8217;empoderament de les dones.<\/li>\n<\/ul>\n<p>La rob\u00f2tica educativa tamb\u00e9 vol fomentar l\u2019inter\u00e8s i <strong>crear vocacions<\/strong> dels alumnes per les disciplines <strong>cientifico-t\u00e8cniques,<\/strong> i crear una<strong> xarxa d\u2019intercanvi de coneixement i col\u00b7laboraci\u00f3 permanent<\/strong> entre professional investigador i docents en actiu.<\/p>\n<p>&nbsp;<\/p>\n<table style=\"height: 246px;\">\n<tbody>\n<tr style=\"height: 31px;\">\n<td style=\"width: 346px; height: 41px;\"><strong>Guies d\u2019usuari i tutorials:<\/strong><\/td>\n<td style=\"width: 402px; height: 41px;\"><strong>Recursos diversos:<\/strong><\/td>\n<\/tr>\n<tr style=\"height: 143px;\">\n<td style=\"width: 346px; height: 143px;\">\n<ul>\n<li><a href=\"https:\/\/education.lego.com\/es-es\/downloads\/spike-prime\/software\">Instal\u00b7lador del programa<\/a><\/li>\n<li><a href=\"https:\/\/education.lego.com\/es-es\/start\/spike-prime#Introducci%C3%B3n\">Comen\u00e7a<\/a><\/li>\n<\/ul>\n<\/td>\n<td style=\"width: 402px; height: 143px;\">\n<ul>\n<li><a href=\"https:\/\/primelessons.org\/en\/ProgrammingLessons\/SPIKEPrimevsEV3.pdf\" target=\"_blank\" rel=\"noopener noreferrer\">Spike Prime\u00a0 &amp; Mindstorm EV3\u00a0<\/a><\/li>\n<\/ul>\n<\/td>\n<\/tr>\n<tr style=\"height: 31px;\">\n<td style=\"width: 346px; height: 31px;\"><strong>Propostes did\u00e0ctiques:<\/strong><\/td>\n<td style=\"width: 402px; height: 31px;\"><strong>Mirem alguns exemples:<\/strong><\/td>\n<\/tr>\n<tr style=\"height: 31px;\">\n<td style=\"width: 346px; height: 31px;\">\n<ul>\n<li><a href=\"https:\/\/education.lego.com\/en-us\/product-resources\/spike-prime\/downloads\/building-instructions\" target=\"_blank\" rel=\"noopener noreferrer\">Construccions<\/a><\/li>\n<\/ul>\n<\/td>\n<td style=\"width: 402px; height: 31px;\">\n<ul>\n<li><a href=\"https:\/\/youtu.be\/PqnBgQmOyS0\" target=\"_blank\" rel=\"noopener noreferrer\">Balla amb Spike<\/a><\/li>\n<li><a href=\"https:\/\/youtu.be\/SXwX0BEKxXE\">Projectes amb Spike<\/a><\/li>\n<li><a href=\"https:\/\/legostudiovives.be\/spikeprimesmallballcontraption\/\" target=\"_blank\" rel=\"noopener noreferrer\">Spike Prime SBC \u2013 Part1: Scratch coding \u2013 Part2: Python coding \u2013 Part3: SBC XL<\/a><\/li>\n<li><a href=\"https:\/\/www.youtube.com\/watch?v=U5n7yQfJjsk\" target=\"_blank\" rel=\"noopener noreferrer\">Sensors de l&#8217;Spike<\/a><\/li>\n<\/ul>\n<\/td>\n<\/tr>\n<\/tbody>\n<\/table>\n","protected":false},"excerpt":{"rendered":"<p>&nbsp; &nbsp; Els objectius principals de les capses Spike Prime s\u00f3n introduir l\u2019alumnat i el professorat d\u2019ensenyament primari i\u00a0 secundari en els conceptes b\u00e0sics de: Investigar, crear models i dissenyar solucions. Involucrar a l&#8217;alumnat en les ci\u00e8ncies, al convertir-les en una cosa real i rellevant. Generar habilitats b\u00e0siques de programaci\u00f3, pensament cr\u00edtic i resoluci\u00f3 de [&hellip;]<\/p>\n","protected":false},"author":10,"featured_media":0,"parent":3996,"menu_order":20,"comment_status":"closed","ping_status":"closed","template":"page-templates\/side-menu.php","meta":{"_bbp_topic_count":0,"_bbp_reply_count":0,"_bbp_total_topic_count":0,"_bbp_total_reply_count":0,"_bbp_voice_count":0,"_bbp_anonymous_reply_count":0,"_bbp_topic_count_hidden":0,"_bbp_reply_count_hidden":0,"_bbp_forum_subforum_count":0,"site-sidebar-layout":"default","site-content-layout":"","ast-site-content-layout":"","site-content-style":"default","site-sidebar-style":"default","ast-global-header-display":"","ast-banner-title-visibility":"","ast-main-header-display":"","ast-hfb-above-header-display":"","ast-hfb-below-header-display":"","ast-hfb-mobile-header-display":"","site-post-title":"","ast-breadcrumbs-content":"","ast-featured-img":"","footer-sml-layout":"","theme-transparent-header-meta":"","adv-header-id-meta":"","stick-header-meta":"","header-above-stick-meta":"","header-main-stick-meta":"","header-below-stick-meta":"","astra-migrate-meta-layouts":"default","ast-page-background-enabled":"default","ast-page-background-meta":{"desktop":{"background-color":"var(--ast-global-color-4)","background-image":"","background-repeat":"repeat","background-position":"center center","background-size":"auto","background-attachment":"scroll","background-type":"","background-media":"","overlay-type":"","overlay-color":"","overlay-opacity":"","overlay-gradient":""},"tablet":{"background-color":"","background-image":"","background-repeat":"repeat","background-position":"center center","background-size":"auto","background-attachment":"scroll","background-type":"","background-media":"","overlay-type":"","overlay-color":"","overlay-opacity":"","overlay-gradient":""},"mobile":{"background-color":"","background-image":"","background-repeat":"repeat","background-position":"center center","background-size":"auto","background-attachment":"scroll","background-type":"","background-media":"","overlay-type":"","overlay-color":"","overlay-opacity":"","overlay-gradient":""}},"ast-content-background-meta":{"desktop":{"background-color":"var(--ast-global-color-5)","background-image":"","background-repeat":"repeat","background-position":"center center","background-size":"auto","background-attachment":"scroll","background-type":"","background-media":"","overlay-type":"","overlay-color":"","overlay-opacity":"","overlay-gradient":""},"tablet":{"background-color":"var(--ast-global-color-5)","background-image":"","background-repeat":"repeat","background-position":"center center","background-size":"auto","background-attachment":"scroll","background-type":"","background-media":"","overlay-type":"","overlay-color":"","overlay-opacity":"","overlay-gradient":""},"mobile":{"background-color":"var(--ast-global-color-5)","background-image":"","background-repeat":"repeat","background-position":"center center","background-size":"auto","background-attachment":"scroll","background-type":"","background-media":"","overlay-type":"","overlay-color":"","overlay-opacity":"","overlay-gradient":""}},"footnotes":""},"class_list":["post-3962","page","type-page","status-publish","hentry"],"post_mailing_queue_ids":[],"_links":{"self":[{"href":"https:\/\/serveiseducatius.xtec.cat\/baixllobregat1\/wp-json\/wp\/v2\/pages\/3962","targetHints":{"allow":["GET"]}}],"collection":[{"href":"https:\/\/serveiseducatius.xtec.cat\/baixllobregat1\/wp-json\/wp\/v2\/pages"}],"about":[{"href":"https:\/\/serveiseducatius.xtec.cat\/baixllobregat1\/wp-json\/wp\/v2\/types\/page"}],"author":[{"embeddable":true,"href":"https:\/\/serveiseducatius.xtec.cat\/baixllobregat1\/wp-json\/wp\/v2\/users\/10"}],"replies":[{"embeddable":true,"href":"https:\/\/serveiseducatius.xtec.cat\/baixllobregat1\/wp-json\/wp\/v2\/comments?post=3962"}],"version-history":[{"count":3,"href":"https:\/\/serveiseducatius.xtec.cat\/baixllobregat1\/wp-json\/wp\/v2\/pages\/3962\/revisions"}],"predecessor-version":[{"id":3972,"href":"https:\/\/serveiseducatius.xtec.cat\/baixllobregat1\/wp-json\/wp\/v2\/pages\/3962\/revisions\/3972"}],"up":[{"embeddable":true,"href":"https:\/\/serveiseducatius.xtec.cat\/baixllobregat1\/wp-json\/wp\/v2\/pages\/3996"}],"wp:attachment":[{"href":"https:\/\/serveiseducatius.xtec.cat\/baixllobregat1\/wp-json\/wp\/v2\/media?parent=3962"}],"curies":[{"name":"wp","href":"https:\/\/api.w.org\/{rel}","templated":true}]}}