{"id":3956,"date":"2021-02-16T19:33:01","date_gmt":"2021-02-16T18:33:01","guid":{"rendered":"http:\/\/serveiseducatius.xtec.cat\/baixllobregat1\/?page_id=3956"},"modified":"2021-03-05T10:47:31","modified_gmt":"2021-03-05T09:47:31","slug":"lego-wedo-2-0","status":"publish","type":"page","link":"https:\/\/serveiseducatius.xtec.cat\/baixllobregat1\/recursos\/programacio-i-robotica\/lego-wedo-2-0\/","title":{"rendered":"Lego Wedo 2.0"},"content":{"rendered":"<p><img loading=\"lazy\" decoding=\"async\" class=\"size-medium wp-image-3980 aligncenter\" src=\"https:\/\/serveiseducatius.xtec.cat\/baixllobregat1\/wp-content\/uploads\/usu767\/2021\/02\/36427db4-da63-45cb-aa03-a58700e4b321-300x300.jpg\" alt=\"\" width=\"300\" height=\"300\" srcset=\"https:\/\/serveiseducatius.xtec.cat\/baixllobregat1\/wp-content\/uploads\/usu767\/2021\/02\/36427db4-da63-45cb-aa03-a58700e4b321-300x300.jpg 300w, https:\/\/serveiseducatius.xtec.cat\/baixllobregat1\/wp-content\/uploads\/usu767\/2021\/02\/36427db4-da63-45cb-aa03-a58700e4b321-150x150.jpg 150w, https:\/\/serveiseducatius.xtec.cat\/baixllobregat1\/wp-content\/uploads\/usu767\/2021\/02\/36427db4-da63-45cb-aa03-a58700e4b321.jpg 500w\" sizes=\"auto, (max-width: 300px) 100vw, 300px\" \/><\/p>\n<p>Els objectius principals de les capses <strong>Lego Wedo 2.0<\/strong> s\u00f3n introduir l\u2019alumnat i el professorat d\u2019ensenyament primari i\u00a0 secundari en els conceptes b\u00e0sics de:<\/p>\n<ul>\n<li>Investigar, crear models i dissenyar solucions.<\/li>\n<li>Involucrar a l&#8217;alumnat en les ci\u00e8ncies, al convertir-les en una cosa real i rellevant.<\/li>\n<li>Generar habilitats b\u00e0siques de programaci\u00f3, pensament cr\u00edtic i resoluci\u00f3 de problemes.<\/li>\n<li>Impulsar habilitats de col\u00b7laboraci\u00f3 i presentaci\u00f3.<\/li>\n<li>Millorar l&#8217;\u00fas de la tecnologia instrumental promovent l&#8217;empoderament de les dones.<\/li>\n<\/ul>\n<p>La rob\u00f2tica educativa tamb\u00e9 vol fomentar l\u2019inter\u00e8s i <strong>crear vocacions<\/strong> dels alumnes per les disciplines <strong>cientifico-t\u00e8cniques,<\/strong> i crear una<strong> xarxa d\u2019intercanvi de coneixement i col\u00b7laboraci\u00f3 permanent<\/strong> entre professional investigador i docents en actiu.<\/p>\n<table style=\"width: 756px; height: 246px;\">\n<tbody>\n<tr style=\"height: 31px;\">\n<td style=\"width: 346px; height: 41px;\"><strong>Guies d\u2019usuari i tutorials:<\/strong><\/td>\n<td style=\"width: 402px; height: 41px;\"><strong>Recursos diversos:<\/strong><\/td>\n<\/tr>\n<tr style=\"height: 143px;\">\n<td style=\"width: 346px; height: 143px;\">&nbsp;<\/p>\n<ul>\n<li><a href=\"https:\/\/drive.google.com\/file\/d\/1mgn0R7_CHfE5XFUSbilTbjDLRLlRT9Po\/view?usp=sharing\" target=\"_blank\" rel=\"noopener noreferrer\">Introducci\u00f3 Lego Education WeDo 2.0<\/a><\/li>\n<li><a href=\"https:\/\/drive.google.com\/file\/d\/1Mmt2Xld0DrwP8weGaGBhBKgC3KQjX4Hx\/view?usp=sharing\" target=\"_blank\" rel=\"noopener noreferrer\">Pensament Computacional. Guia del professor<\/a><\/li>\n<li><a href=\"https:\/\/www.robotix.es\/es\/guia-inicio-lego-education-wedo-2\" target=\"_blank\" rel=\"noopener noreferrer\">Primers passos<\/a><\/li>\n<li><a href=\"https:\/\/education.lego.com\/es-es\/lessons\/wedo-2-science\" target=\"_blank\" rel=\"noopener noreferrer\">Lli\u00e7ons<\/a><\/li>\n<li><a href=\"https:\/\/juegosrobotica.es\/instrucciones-lego-wedo\/\" target=\"_blank\" rel=\"noopener noreferrer\">Instruccions Lego WeDo 2.0 en pdf<\/a><\/li>\n<li><a href=\"https:\/\/education.lego.com\/en-us\/support\/wedo-2\/building-instructions\" target=\"_blank\" rel=\"noopener noreferrer\">Fitxers pdf dels models (per separat) WeDo 2.0<\/a><\/li>\n<li><a href=\"https:\/\/education.lego.com\/v3\/assets\/blt293eea581807678a\/blt61df7250e800d745\/5f840133722f2a15c7b9bc2c\/eses_le_lego-education-hygiene-guidelines_digital_1hy20.pdf\" target=\"_blank\" rel=\"noopener noreferrer\">Pautes d&#8217;higi\u00e8ne<\/a><\/li>\n<\/ul>\n<\/td>\n<td style=\"width: 402px; height: 143px;\">\n<ul>\n<li><a href=\"https:\/\/education.lego.com\/es-es\/lessons\/wedo-2-science\" target=\"_blank\" rel=\"noopener noreferrer\">Ci\u00e8ncies amb Lego WeDo 2.0<\/a><\/li>\n<li><a href=\"https:\/\/drive.google.com\/file\/d\/1pRXbQWSo-CDv3gXSH5EOCOtzz402nTvG\/view?usp=sharing\" target=\"_blank\" rel=\"noopener noreferrer\">Caixa d&#8217;eines<\/a><\/li>\n<li><a href=\"https:\/\/education.lego.com\/v3\/assets\/blt293eea581807678a\/bltf772ec813e765b4b\/5ebe7feb4f8f8f50c7a8abea\/es-wedoct-curriculum.pdf\" target=\"_blank\" rel=\"noopener noreferrer\">Pla d&#8217;estudis<\/a><\/li>\n<li><a href=\"https:\/\/agora.xtec.cat\/escolalestany\/wp-content\/uploads\/usu937\/2019\/10\/Rob%C3%B3tica-y-experimentaci%C3%B3n_versi%C3%B3n_6_1.pdf\" target=\"_blank\" rel=\"noopener noreferrer\">Projecte pedag\u00f2gic<\/a><\/li>\n<li><a href=\"https:\/\/www.firstlegoleague.es\/girls-first\" target=\"_blank\" rel=\"noopener noreferrer\">Girls First<\/a><\/li>\n<li><a href=\"https:\/\/www.firstlegoleague.es\/fll-libre?utm_source=FIRST+LEGO+League&amp;utm_campaign=d7a8c0deb8-&amp;utm_medium=email&amp;utm_term=0_d9cf0b8cac-d7a8c0deb8-322770684&amp;goal=0_d9cf0b8cac-d7a8c0deb8-322770684&amp;mc_cid=d7a8c0deb8&amp;mc_eid=e64b253942\" target=\"_blank\" rel=\"noopener noreferrer\">FIRST LEGO League LIBRE<\/a><\/li>\n<\/ul>\n<\/td>\n<\/tr>\n<tr style=\"height: 31px;\">\n<td style=\"width: 346px; height: 31px;\"><strong>Propostes did\u00e0ctiques:<\/strong><\/td>\n<td style=\"width: 402px; height: 31px;\"><strong>Mirem alguns exemples:<\/strong><\/td>\n<\/tr>\n<tr style=\"height: 31px;\">\n<td style=\"width: 346px; height: 31px;\">\n<ul>\n<li><a href=\"http:\/\/es.slideshare.net\/dalguerri\/wedo-clase-1-24037992\" target=\"_blank\" rel=\"noopener noreferrer\">Rob\u00f3tica Educativa WeDo. Sesi\u00f3n 1 (S.Rojas, J.C.Barreto)<\/a><\/li>\n<li><a href=\"http:\/\/es.slideshare.net\/dalguerri\/wedo-clase-23\" target=\"_blank\" rel=\"noopener noreferrer\">Rob\u00f3tica Educativa WeDo. Sesiones 2-3 (S.Rojas, J.C.Barreto)<\/a><\/li>\n<li><a href=\"http:\/\/es.slideshare.net\/dalguerri\/wedo-clase-4y5\" target=\"_blank\" rel=\"noopener noreferrer\">Rob\u00f3tica Educativa WeDo. Sesiones 4-5 (S.Rojas, J.C.Barreto)<\/a><\/li>\n<li><a href=\"http:\/\/es.slideshare.net\/dalguerri\/wedo-clase-6y7\" target=\"_blank\" rel=\"noopener noreferrer\">Rob\u00f3tica Educativa WeDo. Sesiones 6-7 (S.Rojas, J.C.Barreto)<\/a><\/li>\n<\/ul>\n<\/td>\n<td style=\"width: 402px; height: 31px;\">&nbsp;<\/p>\n<ul>\n<li><a href=\"https:\/\/youtu.be\/G9e_P9PXRQk\" target=\"_blank\" rel=\"noopener noreferrer\">V\u00eddeo introducci\u00f3 a Lego WeDo 2.0<\/a><\/li>\n<li><a href=\"https:\/\/www.youtube.com\/watch?v=LnSHI7pFQWs&amp;feature=youtu.be\" target=\"_blank\" rel=\"noopener noreferrer\">Inventem un conte d\u2019animals (Escola \u00c0ngel Guimer\u00e0 \u2013 CRP de La Noguera)<\/a><\/li>\n<li><a href=\"https:\/\/vimeo.com\/94981185\" target=\"_blank\" rel=\"noopener noreferrer\">Programant amb Lego WeDo (Escola Bar\u00f3 de Viver \u2013 Barcelona)<\/a><\/li>\n<li><a href=\"https:\/\/www.youtube.com\/watch?v=2Jl0xi5T_V0\" target=\"_blank\" rel=\"noopener noreferrer\">Aprenem a fer servir el WeDo (Escola Vedruna de Tona)<\/a><\/li>\n<li><a href=\"https:\/\/www.youtube.com\/watch?v=aSvv9n2rCEQ&amp;feature=emb_logo\" target=\"_blank\" rel=\"noopener noreferrer\">Lesson 1 Helicopter with Lego Wedo 2.0<\/a><\/li>\n<li><a href=\"https:\/\/youtu.be\/c37cbJEptrc\" target=\"_blank\" rel=\"noopener noreferrer\">Lesson 2 Helicopter with Lego Wedo 2.0<\/a><\/li>\n<li><a href=\"https:\/\/youtu.be\/87HQBsKoGaI\" target=\"_blank\" rel=\"noopener noreferrer\">Lesson 3 Helicopter with Lego Wedo 2.0<\/a><\/li>\n<li><a href=\"https:\/\/youtu.be\/yV-iYmK2zEs\" target=\"_blank\" rel=\"noopener noreferrer\">Lesson 4 Helicopter with Lego Wedo 2.0<\/a><\/li>\n<\/ul>\n<\/td>\n<\/tr>\n<\/tbody>\n<\/table>\n<ul>\n<li><\/li>\n<\/ul>\n","protected":false},"excerpt":{"rendered":"<p>Els objectius principals de les capses Lego Wedo 2.0 s\u00f3n introduir l\u2019alumnat i el professorat d\u2019ensenyament primari i\u00a0 secundari en els conceptes b\u00e0sics de: Investigar, crear models i dissenyar solucions. Involucrar a l&#8217;alumnat en les ci\u00e8ncies, al convertir-les en una cosa real i rellevant. Generar habilitats b\u00e0siques de programaci\u00f3, pensament cr\u00edtic i resoluci\u00f3 de problemes. [&hellip;]<\/p>\n","protected":false},"author":10,"featured_media":0,"parent":3996,"menu_order":10,"comment_status":"closed","ping_status":"closed","template":"page-templates\/side-menu.php","meta":{"_bbp_topic_count":0,"_bbp_reply_count":0,"_bbp_total_topic_count":0,"_bbp_total_reply_count":0,"_bbp_voice_count":0,"_bbp_anonymous_reply_count":0,"_bbp_topic_count_hidden":0,"_bbp_reply_count_hidden":0,"_bbp_forum_subforum_count":0,"site-sidebar-layout":"default","site-content-layout":"","ast-site-content-layout":"","site-content-style":"default","site-sidebar-style":"default","ast-global-header-display":"","ast-banner-title-visibility":"","ast-main-header-display":"","ast-hfb-above-header-display":"","ast-hfb-below-header-display":"","ast-hfb-mobile-header-display":"","site-post-title":"","ast-breadcrumbs-content":"","ast-featured-img":"","footer-sml-layout":"","theme-transparent-header-meta":"","adv-header-id-meta":"","stick-header-meta":"","header-above-stick-meta":"","header-main-stick-meta":"","header-below-stick-meta":"","astra-migrate-meta-layouts":"default","ast-page-background-enabled":"default","ast-page-background-meta":{"desktop":{"background-color":"var(--ast-global-color-4)","background-image":"","background-repeat":"repeat","background-position":"center center","background-size":"auto","background-attachment":"scroll","background-type":"","background-media":"","overlay-type":"","overlay-color":"","overlay-opacity":"","overlay-gradient":""},"tablet":{"background-color":"","background-image":"","background-repeat":"repeat","background-position":"center center","background-size":"auto","background-attachment":"scroll","background-type":"","background-media":"","overlay-type":"","overlay-color":"","overlay-opacity":"","overlay-gradient":""},"mobile":{"background-color":"","background-image":"","background-repeat":"repeat","background-position":"center center","background-size":"auto","background-attachment":"scroll","background-type":"","background-media":"","overlay-type":"","overlay-color":"","overlay-opacity":"","overlay-gradient":""}},"ast-content-background-meta":{"desktop":{"background-color":"var(--ast-global-color-5)","background-image":"","background-repeat":"repeat","background-position":"center center","background-size":"auto","background-attachment":"scroll","background-type":"","background-media":"","overlay-type":"","overlay-color":"","overlay-opacity":"","overlay-gradient":""},"tablet":{"background-color":"var(--ast-global-color-5)","background-image":"","background-repeat":"repeat","background-position":"center center","background-size":"auto","background-attachment":"scroll","background-type":"","background-media":"","overlay-type":"","overlay-color":"","overlay-opacity":"","overlay-gradient":""},"mobile":{"background-color":"var(--ast-global-color-5)","background-image":"","background-repeat":"repeat","background-position":"center center","background-size":"auto","background-attachment":"scroll","background-type":"","background-media":"","overlay-type":"","overlay-color":"","overlay-opacity":"","overlay-gradient":""}},"footnotes":""},"class_list":["post-3956","page","type-page","status-publish","hentry"],"post_mailing_queue_ids":[],"_links":{"self":[{"href":"https:\/\/serveiseducatius.xtec.cat\/baixllobregat1\/wp-json\/wp\/v2\/pages\/3956","targetHints":{"allow":["GET"]}}],"collection":[{"href":"https:\/\/serveiseducatius.xtec.cat\/baixllobregat1\/wp-json\/wp\/v2\/pages"}],"about":[{"href":"https:\/\/serveiseducatius.xtec.cat\/baixllobregat1\/wp-json\/wp\/v2\/types\/page"}],"author":[{"embeddable":true,"href":"https:\/\/serveiseducatius.xtec.cat\/baixllobregat1\/wp-json\/wp\/v2\/users\/10"}],"replies":[{"embeddable":true,"href":"https:\/\/serveiseducatius.xtec.cat\/baixllobregat1\/wp-json\/wp\/v2\/comments?post=3956"}],"version-history":[{"count":2,"href":"https:\/\/serveiseducatius.xtec.cat\/baixllobregat1\/wp-json\/wp\/v2\/pages\/3956\/revisions"}],"predecessor-version":[{"id":3987,"href":"https:\/\/serveiseducatius.xtec.cat\/baixllobregat1\/wp-json\/wp\/v2\/pages\/3956\/revisions\/3987"}],"up":[{"embeddable":true,"href":"https:\/\/serveiseducatius.xtec.cat\/baixllobregat1\/wp-json\/wp\/v2\/pages\/3996"}],"wp:attachment":[{"href":"https:\/\/serveiseducatius.xtec.cat\/baixllobregat1\/wp-json\/wp\/v2\/media?parent=3956"}],"curies":[{"name":"wp","href":"https:\/\/api.w.org\/{rel}","templated":true}]}}