{"id":3860,"date":"2020-12-21T13:22:39","date_gmt":"2020-12-21T12:22:39","guid":{"rendered":"http:\/\/serveiseducatius.xtec.cat\/baixllobregat1\/?page_id=3860"},"modified":"2020-12-23T07:59:28","modified_gmt":"2020-12-23T06:59:28","slug":"maletes-pedagogiques-coeducacio-i-perspectiva-de-genere","status":"publish","type":"page","link":"https:\/\/serveiseducatius.xtec.cat\/baixllobregat1\/recursos\/maletes-pedagogiques\/coeducacio-i-perspectiva-de-genere\/maletes-pedagogiques-coeducacio-i-perspectiva-de-genere\/","title":{"rendered":"Maletes pedag\u00f2giques: Coeducaci\u00f3 i perspectiva de g\u00e8nere"},"content":{"rendered":"<p><span style=\"font-weight: 400;\">El CRP\u00a0 posa disposici\u00f3 del centres unes maletes pedag\u00f2giques amb una selecci\u00f3 de llibres\u00a0 adre\u00e7ats a l&#8217;alumnat d&#8217;infantil, prim\u00e0ria, secund\u00e0ria obligat\u00f2ria i batxillerat. <\/span><\/p>\n<p><span style=\"font-weight: 400;\">La finalitat \u00e9s oferir als centres educatius recursos\u00a0 que\u00a0 facilitin l\u2019abordatge de la coeducaci\u00f3, la perspectiva de g\u00e8nere, l\u2019educaci\u00f3 afectiva i sexual i la prevenci\u00f3 de la viol\u00e8ncia masclista<\/span><span style=\"font-weight: 400;\">. Per aix\u00f2 la maleta <\/span><span style=\"font-weight: 400;\">\u00a0cont\u00e9\u00a0 lectures escollides, interessants i atractives per a l\u2019alumnat de les diverses etapes educatives, que tenen en compte el tractament adequat de la perspectiva de g\u00e8nere i la coeducaci\u00f3.<\/span><\/p>\n<p><span style=\"font-weight: 400;\">Per a la confecci\u00f3 d\u2019aquestes maletes s\u2019ha comptat amb la col\u00b7laboraci\u00f3 del Departament d\u2019Educaci\u00f3 de la Generalitat de Catalunya i de l\u2019ajut econ\u00f2mic del <\/span><i><span style=\"font-weight: 400;\">Fons del \u201cPacto de Estado contra la Violencia de g\u00e9nero\u201d <\/span><\/i><span style=\"font-weight: 400;\">que t\u00e9 com a finalitats incorporar la perspectiva de g\u00e8nere i la igualtat real i efectiva dels homes i les dones en les pol\u00edtiques educatives i\u00a0 promoure la coeducaci\u00f3.<\/span><\/p>\n<p><strong>Maletes pedag\u00f2giques per nivells educatius:<\/strong><\/p>\n<ul>\n<li style=\"list-style-type: none;\">\n<ul>\n<li style=\"list-style-type: none;\">\n<ul>\n<li style=\"list-style-type: none;\">\n<ul>\n<li style=\"list-style-type: none;\">\n<ul>\n<li style=\"list-style-type: none;\">\n<ul>\n<li style=\"list-style-type: none;\">\n<ul>\n<li style=\"list-style-type: none;\">\n<ul>\n<li style=\"list-style-type: none;\">\n<ul>\n<li style=\"list-style-type: none;\">\n<ul>\n<li style=\"list-style-type: none;\">\n<ul style=\"list-style-type: square;\">\n<li><a href=\"https:\/\/drive.google.com\/file\/d\/1LEZKY3SGS1gZP5yWPkzspQvxT7fTTyGj\/view\" target=\"_blank\" rel=\"noopener noreferrer\">Educaci\u00f3 Infantil<\/a><\/li>\n<li><a href=\"https:\/\/drive.google.com\/file\/d\/1WO71z1pmdcTiM2CLqw1DIEIBEQEQ1L7P\/view?usp=sharing\" target=\"_blank\" rel=\"noopener noreferrer\">Cicle inicial de prim\u00e0ria<\/a><\/li>\n<li><a href=\"https:\/\/drive.google.com\/file\/d\/1MDitNqWDdXkMb0QFNYKcUS4WoIAkhOtT\/view?usp=sharing\" target=\"_blank\" rel=\"noopener noreferrer\">Cicle mitj\u00e0 de prim\u00e0ria<\/a><\/li>\n<li><a href=\"https:\/\/drive.google.com\/file\/d\/1Y-DO37xcy7lglYJMmEnW8WlzWN8xMoRo\/view?usp=sharing\" target=\"_blank\" rel=\"noopener noreferrer\">Cicle superior de prim\u00e0ria<\/a><\/li>\n<li><a href=\"https:\/\/drive.google.com\/file\/d\/1OU5X36-PmFX6wbPrwWHGQe5QaZRB_XO0\/view?usp=sharing\" target=\"_blank\" rel=\"noopener noreferrer\">1r i 2n d&#8217;ESO<\/a><\/li>\n<li><a href=\"https:\/\/drive.google.com\/file\/d\/1e1dhb7BqELmGTTQJ7zLNi-oWyMC2VWwz\/view?usp=sharing\" target=\"_blank\" rel=\"noopener noreferrer\">3r i 4rt d&#8217;ESO<\/a><\/li>\n<li><a href=\"https:\/\/drive.google.com\/file\/d\/1W5w-kzZ8WwF0JtGdaHp9N_8U16ztC3aa\/view?usp=sharing\" target=\"_blank\" rel=\"noopener noreferrer\">Batxillerat<\/a><\/li>\n<\/ul>\n<\/li>\n<\/ul>\n<\/li>\n<\/ul>\n<\/li>\n<\/ul>\n<\/li>\n<\/ul>\n<\/li>\n<\/ul>\n<\/li>\n<\/ul>\n<\/li>\n<\/ul>\n<\/li>\n<\/ul>\n<\/li>\n<\/ul>\n<\/li>\n<\/ul>\n<p>&nbsp;<\/p>\n<p><img loading=\"lazy\" decoding=\"async\" class=\"size-medium wp-image-3904 aligncenter\" src=\"https:\/\/serveiseducatius.xtec.cat\/baixllobregat1\/wp-content\/uploads\/usu767\/2020\/12\/coeducat-gobern-pacto-300x82.png\" alt=\"\" width=\"300\" height=\"82\" srcset=\"https:\/\/serveiseducatius.xtec.cat\/baixllobregat1\/wp-content\/uploads\/usu767\/2020\/12\/coeducat-gobern-pacto-300x82.png 300w, https:\/\/serveiseducatius.xtec.cat\/baixllobregat1\/wp-content\/uploads\/usu767\/2020\/12\/coeducat-gobern-pacto.png 670w\" sizes=\"auto, (max-width: 300px) 100vw, 300px\" \/><\/p>\n","protected":false},"excerpt":{"rendered":"<p>El CRP\u00a0 posa disposici\u00f3 del centres unes maletes pedag\u00f2giques amb una selecci\u00f3 de llibres\u00a0 adre\u00e7ats a l&#8217;alumnat d&#8217;infantil, prim\u00e0ria, secund\u00e0ria obligat\u00f2ria i batxillerat. La finalitat \u00e9s oferir als centres educatius recursos\u00a0 que\u00a0 facilitin l\u2019abordatge de la coeducaci\u00f3, la perspectiva de g\u00e8nere, l\u2019educaci\u00f3 afectiva i sexual i la prevenci\u00f3 de la viol\u00e8ncia masclista. Per aix\u00f2 la [&hellip;]<\/p>\n","protected":false},"author":10,"featured_media":0,"parent":3856,"menu_order":10,"comment_status":"closed","ping_status":"closed","template":"page-templates\/side-menu.php","meta":{"_bbp_topic_count":0,"_bbp_reply_count":0,"_bbp_total_topic_count":0,"_bbp_total_reply_count":0,"_bbp_voice_count":0,"_bbp_anonymous_reply_count":0,"_bbp_topic_count_hidden":0,"_bbp_reply_count_hidden":0,"_bbp_forum_subforum_count":0,"site-sidebar-layout":"default","site-content-layout":"","ast-site-content-layout":"","site-content-style":"default","site-sidebar-style":"default","ast-global-header-display":"","ast-banner-title-visibility":"","ast-main-header-display":"","ast-hfb-above-header-display":"","ast-hfb-below-header-display":"","ast-hfb-mobile-header-display":"","site-post-title":"","ast-breadcrumbs-content":"","ast-featured-img":"","footer-sml-layout":"","theme-transparent-header-meta":"","adv-header-id-meta":"","stick-header-meta":"","header-above-stick-meta":"","header-main-stick-meta":"","header-below-stick-meta":"","astra-migrate-meta-layouts":"default","ast-page-background-enabled":"default","ast-page-background-meta":{"desktop":{"background-color":"var(--ast-global-color-4)","background-image":"","background-repeat":"repeat","background-position":"center center","background-size":"auto","background-attachment":"scroll","background-type":"","background-media":"","overlay-type":"","overlay-color":"","overlay-opacity":"","overlay-gradient":""},"tablet":{"background-color":"","background-image":"","background-repeat":"repeat","background-position":"center center","background-size":"auto","background-attachment":"scroll","background-type":"","background-media":"","overlay-type":"","overlay-color":"","overlay-opacity":"","overlay-gradient":""},"mobile":{"background-color":"","background-image":"","background-repeat":"repeat","background-position":"center center","background-size":"auto","background-attachment":"scroll","background-type":"","background-media":"","overlay-type":"","overlay-color":"","overlay-opacity":"","overlay-gradient":""}},"ast-content-background-meta":{"desktop":{"background-color":"var(--ast-global-color-5)","background-image":"","background-repeat":"repeat","background-position":"center center","background-size":"auto","background-attachment":"scroll","background-type":"","background-media":"","overlay-type":"","overlay-color":"","overlay-opacity":"","overlay-gradient":""},"tablet":{"background-color":"var(--ast-global-color-5)","background-image":"","background-repeat":"repeat","background-position":"center center","background-size":"auto","background-attachment":"scroll","background-type":"","background-media":"","overlay-type":"","overlay-color":"","overlay-opacity":"","overlay-gradient":""},"mobile":{"background-color":"var(--ast-global-color-5)","background-image":"","background-repeat":"repeat","background-position":"center center","background-size":"auto","background-attachment":"scroll","background-type":"","background-media":"","overlay-type":"","overlay-color":"","overlay-opacity":"","overlay-gradient":""}},"footnotes":""},"class_list":["post-3860","page","type-page","status-publish","hentry"],"post_mailing_queue_ids":[],"_links":{"self":[{"href":"https:\/\/serveiseducatius.xtec.cat\/baixllobregat1\/wp-json\/wp\/v2\/pages\/3860","targetHints":{"allow":["GET"]}}],"collection":[{"href":"https:\/\/serveiseducatius.xtec.cat\/baixllobregat1\/wp-json\/wp\/v2\/pages"}],"about":[{"href":"https:\/\/serveiseducatius.xtec.cat\/baixllobregat1\/wp-json\/wp\/v2\/types\/page"}],"author":[{"embeddable":true,"href":"https:\/\/serveiseducatius.xtec.cat\/baixllobregat1\/wp-json\/wp\/v2\/users\/10"}],"replies":[{"embeddable":true,"href":"https:\/\/serveiseducatius.xtec.cat\/baixllobregat1\/wp-json\/wp\/v2\/comments?post=3860"}],"version-history":[{"count":3,"href":"https:\/\/serveiseducatius.xtec.cat\/baixllobregat1\/wp-json\/wp\/v2\/pages\/3860\/revisions"}],"predecessor-version":[{"id":3934,"href":"https:\/\/serveiseducatius.xtec.cat\/baixllobregat1\/wp-json\/wp\/v2\/pages\/3860\/revisions\/3934"}],"up":[{"embeddable":true,"href":"https:\/\/serveiseducatius.xtec.cat\/baixllobregat1\/wp-json\/wp\/v2\/pages\/3856"}],"wp:attachment":[{"href":"https:\/\/serveiseducatius.xtec.cat\/baixllobregat1\/wp-json\/wp\/v2\/media?parent=3860"}],"curies":[{"name":"wp","href":"https:\/\/api.w.org\/{rel}","templated":true}]}}