{"id":385,"date":"2015-11-25T14:26:15","date_gmt":"2015-11-25T13:26:15","guid":{"rendered":"http:\/\/serveiseducatius.xtec.cat\/se-baixllobregat1\/?page_id=385"},"modified":"2025-09-10T12:40:09","modified_gmt":"2025-09-10T10:40:09","slug":"ensenyament-secundari-batxillerat-i-formacio-professional","status":"publish","type":"page","link":"https:\/\/serveiseducatius.xtec.cat\/baixllobregat1\/comunitat\/centres-educatius\/ensenyament-secundari-batxillerat-i-formacio-professional\/","title":{"rendered":"Educaci\u00f3 secund\u00e0ria, Batxillerat i Formaci\u00f3 professional p\u00fablics"},"content":{"rendered":"<h4><span style=\"color: #800080;\"><strong>Molins de Rei\u00a0<\/strong><\/span><\/h4>\n<p><strong>Institut Bernat El Ferrer<br \/>\n<\/strong>C. Ntra. Sra. de Lourdes, 34 08750 Molins de Rei<br \/>\n<a href=\"https:\/\/goo.gl\/maps\/x12QR2mL3Mk\" target=\"_blank\" rel=\"noopener noreferrer\">Ubicaci\u00f3 al mapa <\/a><br \/>\nTel. 93 668 37 62<br \/>\nCorreu electr\u00f2nic: <a href=\"mailto:a8034217@xtec.cat\">a8034217@xtec.cat<\/a><br \/>\n<a href=\"http:\/\/www.bernatelferrer.cat\/\" target=\"_blank\" rel=\"noopener\">Portal web<\/a><\/p>\n<p><strong>Institut Llu\u00eds de Requesens<br \/>\n<\/strong>Felip Canalias 19-23\u00a0 08750 Molins de Rei<br \/>\n<a href=\"https:\/\/www.google.com\/maps\/place\/Institut+P%C3%BAblic+Lluis+De+Requesens\/@41.404316,2.019541,12z\/data=!4m5!3m4!1s0x0:0x8ab6ee93ba0289a0!8m2!3d41.404316!4d2.019541?hl=ca-ES\" target=\"_blank\" rel=\"noopener noreferrer\">Ubicaci\u00f3 al mapa <\/a><br \/>\nTel. 93 680 24 38 \/ 93 680 25 63<br \/>\nCorreu electr\u00f2nic: <a href=\"mailto:a8021430@xtec.cat\">a8021430@xtec.cat<\/a><br \/>\n<a href=\"https:\/\/agora.xtec.cat\/ins-lluisderequesens\/\" target=\"_blank\" rel=\"noopener\">Portal web<\/a><\/p>\n<h4><span style=\"color: #800080;\"><strong>Sant Feliu de Llobregat\u00a0<\/strong><\/span><\/h4>\n<p><strong>Institut Mart\u00ed Dot<br \/>\n<\/strong>C. Josep Teixidor, \u00a008750 Molins de Rei<br \/>\n<a href=\"https:\/\/goo.gl\/maps\/p3r8fS1M8r32\" target=\"_blank\" rel=\"noopener noreferrer\">Ubicaci\u00f3 al mapa <\/a><br \/>\nTel. 93 685 18 01<br \/>\nCorreu electr\u00f2nic: <a href=\"mailto:a8041519@xtec.cat\">a8041519@xtec.cat<\/a><br \/>\n<a href=\"http:\/\/agora.xtec.cat\/insmartidot\/\" target=\"_blank\" rel=\"noopener\">Portal web<\/a><\/p>\n<p><strong>Institut Olorda<br \/>\n<\/strong>C\/ Carles Buigas 22, 28 08750 Molins de Rei<br \/>\n<a href=\"http:\/\/iesolorda.cat\/\" target=\"_blank\" rel=\"noopener noreferrer\">Ubicaci\u00f3 al mapa <\/a><br \/>\nTel. 93 666 10 92<br \/>\nCorreu electr\u00f2nic:<a href=\"mailto:a8026397@xtec.cat\"> a8026397@xtec.cat\u00a0\u00a0\u00a0\u00a0<\/a><br \/>\n<a href=\"http:\/\/iesolorda.cat\/\" target=\"_blank\" rel=\"noopener\">Portal web<\/a><\/p>\n<h5><\/h5>\n","protected":false},"excerpt":{"rendered":"<p>Molins de Rei\u00a0 Institut Bernat El Ferrer C. Ntra. Sra. de Lourdes, 34 08750 Molins de Rei Ubicaci\u00f3 al mapa Tel. 93 668 37 62 Correu electr\u00f2nic: a8034217@xtec.cat Portal web Institut Llu\u00eds de Requesens Felip Canalias 19-23\u00a0 08750 Molins de Rei Ubicaci\u00f3 al mapa Tel. 93 680 24 38 \/ 93 680 25 63 Correu [&hellip;]<\/p>\n","protected":false},"author":1,"featured_media":0,"parent":338,"menu_order":40,"comment_status":"closed","ping_status":"closed","template":"page-templates\/side-menu.php","meta":{"_bbp_topic_count":0,"_bbp_reply_count":0,"_bbp_total_topic_count":0,"_bbp_total_reply_count":0,"_bbp_voice_count":0,"_bbp_anonymous_reply_count":0,"_bbp_topic_count_hidden":0,"_bbp_reply_count_hidden":0,"_bbp_forum_subforum_count":0,"site-sidebar-layout":"default","site-content-layout":"","ast-site-content-layout":"","site-content-style":"default","site-sidebar-style":"default","ast-global-header-display":"","ast-banner-title-visibility":"","ast-main-header-display":"","ast-hfb-above-header-display":"","ast-hfb-below-header-display":"","ast-hfb-mobile-header-display":"","site-post-title":"","ast-breadcrumbs-content":"","ast-featured-img":"","footer-sml-layout":"","theme-transparent-header-meta":"","adv-header-id-meta":"","stick-header-meta":"","header-above-stick-meta":"","header-main-stick-meta":"","header-below-stick-meta":"","astra-migrate-meta-layouts":"default","ast-page-background-enabled":"default","ast-page-background-meta":{"desktop":{"background-color":"var(--ast-global-color-4)","background-image":"","background-repeat":"repeat","background-position":"center center","background-size":"auto","background-attachment":"scroll","background-type":"","background-media":"","overlay-type":"","overlay-color":"","overlay-opacity":"","overlay-gradient":""},"tablet":{"background-color":"","background-image":"","background-repeat":"repeat","background-position":"center center","background-size":"auto","background-attachment":"scroll","background-type":"","background-media":"","overlay-type":"","overlay-color":"","overlay-opacity":"","overlay-gradient":""},"mobile":{"background-color":"","background-image":"","background-repeat":"repeat","background-position":"center center","background-size":"auto","background-attachment":"scroll","background-type":"","background-media":"","overlay-type":"","overlay-color":"","overlay-opacity":"","overlay-gradient":""}},"ast-content-background-meta":{"desktop":{"background-color":"var(--ast-global-color-5)","background-image":"","background-repeat":"repeat","background-position":"center center","background-size":"auto","background-attachment":"scroll","background-type":"","background-media":"","overlay-type":"","overlay-color":"","overlay-opacity":"","overlay-gradient":""},"tablet":{"background-color":"var(--ast-global-color-5)","background-image":"","background-repeat":"repeat","background-position":"center center","background-size":"auto","background-attachment":"scroll","background-type":"","background-media":"","overlay-type":"","overlay-color":"","overlay-opacity":"","overlay-gradient":""},"mobile":{"background-color":"var(--ast-global-color-5)","background-image":"","background-repeat":"repeat","background-position":"center center","background-size":"auto","background-attachment":"scroll","background-type":"","background-media":"","overlay-type":"","overlay-color":"","overlay-opacity":"","overlay-gradient":""}},"footnotes":""},"class_list":["post-385","page","type-page","status-publish","hentry"],"post_mailing_queue_ids":[],"_links":{"self":[{"href":"https:\/\/serveiseducatius.xtec.cat\/baixllobregat1\/wp-json\/wp\/v2\/pages\/385","targetHints":{"allow":["GET"]}}],"collection":[{"href":"https:\/\/serveiseducatius.xtec.cat\/baixllobregat1\/wp-json\/wp\/v2\/pages"}],"about":[{"href":"https:\/\/serveiseducatius.xtec.cat\/baixllobregat1\/wp-json\/wp\/v2\/types\/page"}],"author":[{"embeddable":true,"href":"https:\/\/serveiseducatius.xtec.cat\/baixllobregat1\/wp-json\/wp\/v2\/users\/1"}],"replies":[{"embeddable":true,"href":"https:\/\/serveiseducatius.xtec.cat\/baixllobregat1\/wp-json\/wp\/v2\/comments?post=385"}],"version-history":[{"count":5,"href":"https:\/\/serveiseducatius.xtec.cat\/baixllobregat1\/wp-json\/wp\/v2\/pages\/385\/revisions"}],"predecessor-version":[{"id":8344,"href":"https:\/\/serveiseducatius.xtec.cat\/baixllobregat1\/wp-json\/wp\/v2\/pages\/385\/revisions\/8344"}],"up":[{"embeddable":true,"href":"https:\/\/serveiseducatius.xtec.cat\/baixllobregat1\/wp-json\/wp\/v2\/pages\/338"}],"wp:attachment":[{"href":"https:\/\/serveiseducatius.xtec.cat\/baixllobregat1\/wp-json\/wp\/v2\/media?parent=385"}],"curies":[{"name":"wp","href":"https:\/\/api.w.org\/{rel}","templated":true}]}}