{"id":379,"date":"2015-11-25T14:19:13","date_gmt":"2015-11-25T13:19:13","guid":{"rendered":"http:\/\/serveiseducatius.xtec.cat\/se-baixllobregat1\/?page_id=379"},"modified":"2025-09-10T12:39:18","modified_gmt":"2025-09-10T10:39:18","slug":"educacio-infantil-i-primaria","status":"publish","type":"page","link":"https:\/\/serveiseducatius.xtec.cat\/baixllobregat1\/comunitat\/centres-educatius\/educacio-infantil-i-primaria\/","title":{"rendered":"Escoles d&#8217;Educaci\u00f3 infantil i prim\u00e0ria p\u00fabliques"},"content":{"rendered":"<h4><span style=\"color: #800080;\"><strong>Molins de Rei\u00a0<\/strong><\/span><\/h4>\n<p><strong>Escola Alzina<br \/>\n<\/strong>C. Puigcerd\u00e0, 56 08750 Molins de Rei<br \/>\n<a href=\"https:\/\/goo.gl\/maps\/hvU4PtvU64s\" target=\"_blank\" rel=\"noopener noreferrer\">Ubicaci\u00f3 al mapa <\/a><br \/>\nTel. 93 680 16 33<br \/>\nCorreu electr\u00f2nic: <a href=\"mailto:a8021363@xtec.cat\">a8021363@xtec.cat<\/a><br \/>\n<a href=\"http:\/\/agora.xtec.cat\/ceip-lalzina\/\" target=\"_blank\" rel=\"noopener noreferrer\">Portal web<\/a><\/p>\n<p><strong>Escola Castell Ciur\u00f3<br \/>\n<\/strong>C. Ntra. Sra. de Lourdes, 36 08750 Molins de Rei<br \/>\n<a href=\"https:\/\/www.google.com\/maps\/place\/Escola+Castell+Ciur%C3%B3\/@41.4111887,2.0260301,19z\/data=!4m5!3m4!1s0x0000000000000000:0x7fd249d40f772bd6!8m2!3d41.4111538!4d2.0257736?hl=ca-ES\" target=\"_blank\" rel=\"noopener noreferrer\">Ubicaci\u00f3 al mapa <\/a><br \/>\nTel. 93 668 35 29<br \/>\nCorreu electr\u00f2nic: <a href=\"mailto:a8061671@xtec.cat\">a<\/a><a class=\"waffle-rich-text-link\" data-sheets-formula-bar-text-link=\"mailto:a8021442@xtec.cat\" data-sheets-formula-bar-text-style=\"font-size:15px;color:#0000ff;font-weight:normal;text-decoration:underline;font-family:'docs-Calibri';font-style:normal;text-decoration-skip-ink:none;\">8021442<\/a><a href=\"mailto:a8061671@xtec.cat\">@xtec.cat<\/a><br \/>\n<a href=\"http:\/\/agora.xtec.cat\/ceipcastellciuro\/\" target=\"_blank\" rel=\"noopener\">Portal web<\/a><\/p>\n<p><strong>Escola Estel<br \/>\n<\/strong>C. Sant Joan, 23, 36 08750 Molins de Rei<br \/>\n<a href=\"https:\/\/goo.gl\/maps\/Jgc4SmLC4nE2\" target=\"_blank\" rel=\"noopener noreferrer\">Ubicaci\u00f3 al mapa <\/a><br \/>\nTel. 93 668 40 54<br \/>\nCorreu electr\u00f2nic: <a class=\"waffle-rich-text-link\" data-sheets-formula-bar-text-link=\"mailto:a8044247@xtec.cat\" data-sheets-formula-bar-text-style=\"font-size:15px;color:#0000ff;font-weight:normal;text-decoration:underline;font-family:'docs-Calibri';font-style:normal;text-decoration-skip-ink:none;\">a8044247<\/a><a href=\"mailto:a8061671@xtec.cat\">@xtec.cat<\/a><br \/>\n<a href=\"https:\/\/agora.xtec.cat\/escestel\/\" target=\"_blank\" rel=\"noopener\">Portal web<\/a><\/p>\n<p><strong>Escola Josep M. Madorell<br \/>\n<\/strong>C. Men\u00e9ndez i Pelayo, 17 08750 Molins de Rei<br \/>\n<a href=\"https:\/\/goo.gl\/maps\/pkoDoso8fjK2\" target=\"_blank\" rel=\"noopener noreferrer\">Ubicaci\u00f3 al mapa <\/a><br \/>\nTel. 93 668 74 66<br \/>\nCorreu electr\u00f2nic: <a class=\"waffle-rich-text-link\" data-sheets-formula-bar-text-link=\"mailto:a8044247@xtec.cat\" data-sheets-formula-bar-text-style=\"font-size:15px;color:#0000ff;font-weight:normal;text-decoration:underline;font-family:'docs-Calibri';font-style:normal;text-decoration-skip-ink:none;\">a<\/a><a class=\"waffle-rich-text-link\" data-sheets-formula-bar-text-link=\"mailto:a8034102@xtec.cat\" data-sheets-formula-bar-text-style=\"font-size:15px;color:#0000ff;font-weight:normal;text-decoration:underline;font-family:'docs-Calibri';font-style:normal;text-decoration-skip-ink:none;\">8034102<\/a><a href=\"mailto:a8061671@xtec.cat\">@xtec.cat<\/a><br \/>\n<a href=\"http:\/\/agora.xtec.cat\/escmadorell\/\" target=\"_blank\" rel=\"noopener\">Portal web<\/a><\/p>\n<p><strong>Escola El Palau<br \/>\n<\/strong>C. Rubi\u00f3 i Ors, 1 08750 Molins de Rei<br \/>\n<a href=\"https:\/\/www.google.com\/maps\/place\/Escola+El+PalauEscola+El+Palau\/@41.411734,2.016202,17z\/data=!4m5!3m4!1s0x0:0xdc57a82b0ead11e7!8m2!3d41.4117344!4d2.0162019?hl=es-ES\" target=\"_blank\" rel=\"noopener noreferrer\">Ubicaci\u00f3 al mapa <\/a><br \/>\nTel. 93 680 16 45<br \/>\nCorreu electr\u00f2nic: <a class=\"waffle-rich-text-link\" data-sheets-formula-bar-text-link=\"mailto:a8044247@xtec.cat\" data-sheets-formula-bar-text-style=\"font-size:15px;color:#0000ff;font-weight:normal;text-decoration:underline;font-family:'docs-Calibri';font-style:normal;text-decoration-skip-ink:none;\">a<\/a><a class=\"waffle-rich-text-link\" data-sheets-formula-bar-text-link=\"mailto:a8021351@xtec.cat\" data-sheets-formula-bar-text-style=\"font-size:15px;color:#0000ff;font-weight:normal;text-decoration:underline;font-family:'docs-Calibri';font-style:normal;text-decoration-skip-ink:none;\">8021351<\/a><a href=\"mailto:a8061671@xtec.cat\">@xtec.cat<\/a><br \/>\n<a href=\"http:\/\/blocs.xtec.cat\/elpalau\/\" target=\"_blank\" rel=\"noopener\">Portal web<\/a><\/p>\n<p><strong>Escola Pont De La Cadena<br \/>\n<\/strong>C. Felip Canalies, 15 08750 Molins de Rei<br \/>\n<a href=\"https:\/\/goo.gl\/maps\/KapBsnmfxCu\" target=\"_blank\" rel=\"noopener noreferrer\">Ubicaci\u00f3 al mapa <\/a><br \/>\nTel. 93 680 16 20<br \/>\nCorreu electr\u00f2nic: <a class=\"waffle-rich-text-link\" data-sheets-formula-bar-text-link=\"mailto:a8044247@xtec.cat\" data-sheets-formula-bar-text-style=\"font-size:15px;color:#0000ff;font-weight:normal;text-decoration:underline;font-family:'docs-Calibri';font-style:normal;text-decoration-skip-ink:none;\">a<\/a><a class=\"waffle-rich-text-link\" data-sheets-formula-bar-text-link=\"mailto:a8041660@xtec.cat\" data-sheets-formula-bar-text-style=\"font-size:15px;color:#0000ff;font-weight:normal;text-decoration:underline;font-family:'docs-Calibri';font-style:normal;text-decoration-skip-ink:none;\">8041660<\/a><a href=\"mailto:a8061671@xtec.cat\">@xtec.cat<\/a><br \/>\n<a href=\"https:\/\/agora.xtec.cat\/ceippontdelacadena\/\" target=\"_blank\" rel=\"noopener\">Portal web<\/a><\/p>\n<p><strong>Escola La S\u00ednia<br \/>\n<\/strong>Pg. del Terrapl\u00e8 94 08750 Molins de Rei<br \/>\n<a href=\"https:\/\/goo.gl\/maps\/KtygYstXnz82\" target=\"_blank\" rel=\"noopener noreferrer\">Ubicaci\u00f3 al mapa <\/a><br \/>\nTel. 93 668 68 55<br \/>\nCorreu electr\u00f2nic: <a class=\"waffle-rich-text-link\" data-sheets-formula-bar-text-link=\"mailto:a8044247@xtec.cat\" data-sheets-formula-bar-text-style=\"font-size:15px;color:#0000ff;font-weight:normal;text-decoration:underline;font-family:'docs-Calibri';font-style:normal;text-decoration-skip-ink:none;\">a<\/a><a class=\"waffle-rich-text-link\" data-sheets-formula-bar-text-link=\"mailto:a8061610@xtec.cat\" data-sheets-formula-bar-text-style=\"font-size:15px;color:#0000ff;font-weight:normal;text-decoration:underline;font-family:'docs-Calibri';font-style:normal;text-decoration-skip-ink:none;\">8061610<\/a><a href=\"mailto:a8061671@xtec.cat\">@xtec.cat<\/a><br \/>\n<a href=\"http:\/\/www.xtec.cat\/centres\/a8061610\/\" target=\"_blank\" rel=\"noopener\">Portal web<\/a><\/p>\n<h4><span style=\"color: #800080;\"><strong>El Papiol<\/strong><\/span><\/h4>\n<p><strong>Escola Pau Vila<br \/>\n<\/strong>Pl. Dr. Barber\u00e0, 1 08754 El Papiol<br \/>\n<a href=\"https:\/\/www.google.es\/maps\/dir\/''\/escola+pau+vila+papiol\/@41.4380988,1.9464301,12z\/data=!3m1!4b1!4m8!4m7!1m0!1m5!1m1!1s0x12a4906f48f47013:0xf5b0f149791ed287!2m2!1d2.01647!2d41.43812\" target=\"_blank\" rel=\"noopener noreferrer\">Ubicaci\u00f3 al mapa<\/a><br \/>\nTel. 93 673 00 22 \/ 93 673 03 36<br \/>\nCorreu electr\u00f2nic:\u00a0<a href=\"mailto:a8063345@xtec.cat\">a<\/a><a class=\"waffle-rich-text-link\" data-sheets-formula-bar-text-link=\"mailto:a8022689@xtec.cat\" data-sheets-formula-bar-text-style=\"font-size:15px;color:#0000ff;font-weight:normal;text-decoration:underline;font-family:'docs-Calibri';font-style:normal;text-decoration-skip-ink:none;\">8022689<\/a><a href=\"mailto:a8063345@xtec.cat\">@xtec.cat<\/a><br \/>\n<a href=\"https:\/\/agora.xtec.cat\/ceippauvilaelpapiol\/\" target=\"_blank\" rel=\"noopener\">Portal web<\/a><br \/>\nTitularitat:\u00a0 p\u00fablica &#8211; municipal<\/p>\n<h4><span style=\"color: #800080;\"><strong>Sant Feliu de Llobregat<\/strong><\/span><\/h4>\n<p><strong>Escola Arquitecte Gaud\u00ed<br \/>\n<\/strong>Carretera Sanson, 10 08980 Sant Feliu de Llobregat<br \/>\n<a href=\"https:\/\/www.google.es\/maps\/place\/Escola+P%C3%BAblica+Arquitecte+Gaud%C3%AD\/@41.3878663,2.0393801,17z\/data=!3m1!4b1!4m5!3m4!1s0x12a49a4c26b6f9d9:0xeece487dab3eb10!8m2!3d41.3878663!4d2.0415688\" target=\"_blank\" rel=\"noopener noreferrer\">Ubicaci\u00f3 al mapa<\/a><br \/>\nTel. 93 666 41 52<br \/>\nCorreu electr\u00f2nic:\u00a0<a href=\"mailto:a8026385@xtec.cat\">a8026385@xtec.cat<\/a><br \/>\n<a href=\"http:\/\/agora.xtec.cat\/ceiparquitectegaudi\/\" target=\"_blank\" rel=\"noopener\">Portal web<\/a><\/p>\n<p><strong>Escola Falguera<br \/>\n<\/strong>C. Sant Josep, 97-101 08980 Sant Feliu de Llobregat<br \/>\n<a href=\"https:\/\/goo.gl\/maps\/XXUxjkTmKc22\" target=\"_blank\" rel=\"noopener noreferrer\">Ubicaci\u00f3 al mapa<\/a><br \/>\nTel. 93 666 17 53<br \/>\nCorreu electr\u00f2nic:\u00a0<a href=\"mailto:a8026385@xtec.cat\">a<\/a><a class=\"waffle-rich-text-link\" data-sheets-formula-bar-text-link=\"mailto:a8026221@xtec.cat\" data-sheets-formula-bar-text-style=\"font-size:15px;color:#0000ff;font-weight:normal;text-decoration:underline;font-family:'docs-Calibri';font-style:normal;text-decoration-skip-ink:none;\">8026221<\/a><a href=\"mailto:a8026385@xtec.cat\">@xtec.cat<\/a><br \/>\n<a href=\"http:\/\/www.xtec.cat\/centres\/a8026221\/Inici.html\" target=\"_blank\" rel=\"noopener\">Portal web<\/a><\/p>\n<p><strong>Escola Josep Monmany i Amat<br \/>\n<\/strong>C. Mas Llui, 3 08980 Sant Feliu de Llobregat<br \/>\n<a href=\"https:\/\/goo.gl\/maps\/AUhiysqeEN22\" target=\"_blank\" rel=\"noopener noreferrer\">Ubicaci\u00f3 al mapa<\/a><br \/>\nTel. 93 685 30 46<br \/>\nCorreu electr\u00f2nic:\u00a0<a href=\"mailto:a8026385@xtec.cat\">a<\/a><a class=\"waffle-rich-text-link\" data-sheets-formula-bar-text-link=\"mailto:a8026373@xtec.cat\" data-sheets-formula-bar-text-style=\"font-size:13px;color:#0000ff;font-weight:normal;text-decoration:underline;font-family:'Arial';font-style:normal;text-decoration-skip-ink:none;\">8026373<\/a><a href=\"mailto:a8026385@xtec.cat\">@xtec.cat<\/a><br \/>\n<a href=\"https:\/\/agora.xtec.cat\/escola-monmany\/\" target=\"_blank\" rel=\"noopener\">Portal web<\/a><\/p>\n<p><strong>Escola Miquel Mart\u00ed i Pol<br \/>\n<\/strong>C. Les Roses, 113-115 08980 Sant Feliu de Llobregat<br \/>\n<a href=\"https:\/\/goo.gl\/maps\/uV8iDdLvABm\" target=\"_blank\" rel=\"noopener noreferrer\">Ubicaci\u00f3 al mapa<\/a><br \/>\nTel. 93 632 67 21<br \/>\nCorreu electr\u00f2nic:\u00a0<a href=\"mailto:a8026385@xtec.cat\">a<\/a><a class=\"waffle-rich-text-link\" data-sheets-formula-bar-text-link=\"mailto:a8063394@xtec.cat\" data-sheets-formula-bar-text-style=\"font-size:15px;color:#0000ff;font-weight:normal;text-decoration:underline;font-family:'docs-Calibri';font-style:normal;text-decoration-skip-ink:none;\">8063394<\/a><a href=\"mailto:a8026385@xtec.cat\">@xtec.cat<\/a><br \/>\n<a href=\"https:\/\/agora.xtec.cat\/escolamartipolsantfeliu\/\" target=\"_blank\" rel=\"noopener\">Portal web<\/a><\/p>\n<p><strong>Escola Nadal<br \/>\n<\/strong>C. Eugeni d&#8217;Ors 3 A\u00a0 08980 Sant Feliu de Llobregat<br \/>\n<a href=\"https:\/\/goo.gl\/maps\/mjwMeXxBABU2\" target=\"_blank\" rel=\"noopener noreferrer\">Ubicaci\u00f3 al mapa<\/a><br \/>\nTel. 93 685 52 43<br \/>\nCorreu electr\u00f2nic:\u00a0<a href=\"mailto:a8026385@xtec.cat\">a<\/a><a class=\"waffle-rich-text-link\" data-sheets-formula-bar-text-link=\"mailto:a8026211@xtec.cat\" data-sheets-formula-bar-text-style=\"font-size:15px;color:#0000ff;font-weight:normal;text-decoration:underline;font-family:'docs-Calibri';font-style:normal;text-decoration-skip-ink:none;\">8026211<\/a><a href=\"mailto:a8026385@xtec.cat\">@xtec.cat<\/a><br \/>\n<a href=\"http:\/\/www.escolanadal.cat\/\" target=\"_blank\" rel=\"noopener\">Portal web<\/a><\/p>\n<p><strong>Escola Pau Vila<br \/>\n<\/strong>C. Mas Llu\u00ed, 11 08980 Sant Feliu de Llobregat<br \/>\n<a href=\"https:\/\/www.google.es\/maps\/place\/Escola+P%C3%BAblica+Pau+Vila\/@41.3869859,2.0512666,292m\/data=!3m1!1e3!4m5!3m4!1s0x0000000000000000:0xe8c1700e56244e90!8m2!3d41.3868!4d2.0515251\" target=\"_blank\" rel=\"noopener noreferrer\">Ubicaci\u00f3 al mapa<\/a><br \/>\nTel. 93 666 99 51<br \/>\nCorreu electr\u00f2nic:\u00a0<a href=\"mailto:a8026385@xtec.cat\">a<\/a><a class=\"waffle-rich-text-link\" data-sheets-formula-bar-text-link=\"mailto:a8036007@xtec.cat\" data-sheets-formula-bar-text-style=\"font-size:13px;color:#0000ff;font-weight:normal;text-decoration:underline;font-family:'Arial';font-style:normal;text-decoration-skip-ink:none;\">8036007<\/a><a href=\"mailto:a8026385@xtec.cat\">@xtec.cat<\/a><br \/>\n<a href=\"http:\/\/agora.xtec.cat\/ceip-pauvila\/\" target=\"_blank\" rel=\"noopener\">Portal web<\/a><\/p>\n<p><strong>Escola Salvador Espriu<br \/>\n<\/strong>Carrer Sant Joan, 10 08980 Sant Feliu de Llobregat<br \/>\n<a href=\"https:\/\/www.google.com\/maps\/place\/Escola+P%C3%BAblica+Salvador+Espriu\/@41.3779108,2.0398345,17z\/data=!3m1!4b1!4m5!3m4!1s0x12a49bb6ab350443:0x7a915593d23a73bf!8m2!3d41.3779068!4d2.0420232?hl=ca-ES\" target=\"_blank\" rel=\"noopener noreferrer\">Ubicaci\u00f3 al mapa<\/a><br \/>\nTel. 93 666 38 52<br \/>\nCorreu electr\u00f2nic:\u00a0<a href=\"mailto:a8026385@xtec.cat\">a<\/a><a class=\"waffle-rich-text-link\" data-sheets-formula-bar-text-link=\"mailto:a8035994@xtec.cat\" data-sheets-formula-bar-text-style=\"font-size:15px;color:#0000ff;font-weight:normal;text-decoration:underline;font-family:'docs-Calibri';font-style:normal;text-decoration-skip-ink:none;\">8035994<\/a><a href=\"mailto:a8026385@xtec.cat\">@xtec.cat<\/a><br \/>\n<a href=\"http:\/\/agora.xtec.cat\/ceip-espriu-sfeliu\/\" target=\"_blank\" rel=\"noopener\">Portal web<\/a><\/p>\n","protected":false},"excerpt":{"rendered":"<p>Molins de Rei\u00a0 Escola Alzina C. Puigcerd\u00e0, 56 08750 Molins de Rei Ubicaci\u00f3 al mapa Tel. 93 680 16 33 Correu electr\u00f2nic: a8021363@xtec.cat Portal web Escola Castell Ciur\u00f3 C. Ntra. Sra. de Lourdes, 36 08750 Molins de Rei Ubicaci\u00f3 al mapa Tel. 93 668 35 29 Correu electr\u00f2nic: a8021442@xtec.cat Portal web Escola Estel C. Sant [&hellip;]<\/p>\n","protected":false},"author":1,"featured_media":0,"parent":338,"menu_order":30,"comment_status":"closed","ping_status":"closed","template":"page-templates\/side-menu.php","meta":{"_bbp_topic_count":0,"_bbp_reply_count":0,"_bbp_total_topic_count":0,"_bbp_total_reply_count":0,"_bbp_voice_count":0,"_bbp_anonymous_reply_count":0,"_bbp_topic_count_hidden":0,"_bbp_reply_count_hidden":0,"_bbp_forum_subforum_count":0,"site-sidebar-layout":"default","site-content-layout":"","ast-site-content-layout":"","site-content-style":"default","site-sidebar-style":"default","ast-global-header-display":"","ast-banner-title-visibility":"","ast-main-header-display":"","ast-hfb-above-header-display":"","ast-hfb-below-header-display":"","ast-hfb-mobile-header-display":"","site-post-title":"","ast-breadcrumbs-content":"","ast-featured-img":"","footer-sml-layout":"","theme-transparent-header-meta":"","adv-header-id-meta":"","stick-header-meta":"","header-above-stick-meta":"","header-main-stick-meta":"","header-below-stick-meta":"","astra-migrate-meta-layouts":"default","ast-page-background-enabled":"default","ast-page-background-meta":{"desktop":{"background-color":"var(--ast-global-color-4)","background-image":"","background-repeat":"repeat","background-position":"center center","background-size":"auto","background-attachment":"scroll","background-type":"","background-media":"","overlay-type":"","overlay-color":"","overlay-opacity":"","overlay-gradient":""},"tablet":{"background-color":"","background-image":"","background-repeat":"repeat","background-position":"center center","background-size":"auto","background-attachment":"scroll","background-type":"","background-media":"","overlay-type":"","overlay-color":"","overlay-opacity":"","overlay-gradient":""},"mobile":{"background-color":"","background-image":"","background-repeat":"repeat","background-position":"center center","background-size":"auto","background-attachment":"scroll","background-type":"","background-media":"","overlay-type":"","overlay-color":"","overlay-opacity":"","overlay-gradient":""}},"ast-content-background-meta":{"desktop":{"background-color":"var(--ast-global-color-5)","background-image":"","background-repeat":"repeat","background-position":"center center","background-size":"auto","background-attachment":"scroll","background-type":"","background-media":"","overlay-type":"","overlay-color":"","overlay-opacity":"","overlay-gradient":""},"tablet":{"background-color":"var(--ast-global-color-5)","background-image":"","background-repeat":"repeat","background-position":"center center","background-size":"auto","background-attachment":"scroll","background-type":"","background-media":"","overlay-type":"","overlay-color":"","overlay-opacity":"","overlay-gradient":""},"mobile":{"background-color":"var(--ast-global-color-5)","background-image":"","background-repeat":"repeat","background-position":"center center","background-size":"auto","background-attachment":"scroll","background-type":"","background-media":"","overlay-type":"","overlay-color":"","overlay-opacity":"","overlay-gradient":""}},"footnotes":""},"class_list":["post-379","page","type-page","status-publish","hentry"],"post_mailing_queue_ids":[],"_links":{"self":[{"href":"https:\/\/serveiseducatius.xtec.cat\/baixllobregat1\/wp-json\/wp\/v2\/pages\/379","targetHints":{"allow":["GET"]}}],"collection":[{"href":"https:\/\/serveiseducatius.xtec.cat\/baixllobregat1\/wp-json\/wp\/v2\/pages"}],"about":[{"href":"https:\/\/serveiseducatius.xtec.cat\/baixllobregat1\/wp-json\/wp\/v2\/types\/page"}],"author":[{"embeddable":true,"href":"https:\/\/serveiseducatius.xtec.cat\/baixllobregat1\/wp-json\/wp\/v2\/users\/1"}],"replies":[{"embeddable":true,"href":"https:\/\/serveiseducatius.xtec.cat\/baixllobregat1\/wp-json\/wp\/v2\/comments?post=379"}],"version-history":[{"count":5,"href":"https:\/\/serveiseducatius.xtec.cat\/baixllobregat1\/wp-json\/wp\/v2\/pages\/379\/revisions"}],"predecessor-version":[{"id":8343,"href":"https:\/\/serveiseducatius.xtec.cat\/baixllobregat1\/wp-json\/wp\/v2\/pages\/379\/revisions\/8343"}],"up":[{"embeddable":true,"href":"https:\/\/serveiseducatius.xtec.cat\/baixllobregat1\/wp-json\/wp\/v2\/pages\/338"}],"wp:attachment":[{"href":"https:\/\/serveiseducatius.xtec.cat\/baixllobregat1\/wp-json\/wp\/v2\/media?parent=379"}],"curies":[{"name":"wp","href":"https:\/\/api.w.org\/{rel}","templated":true}]}}