{"id":3779,"date":"2020-11-20T09:10:56","date_gmt":"2020-11-20T08:10:56","guid":{"rendered":"http:\/\/serveiseducatius.xtec.cat\/baixllobregat1\/?page_id=3779"},"modified":"2022-03-24T10:20:18","modified_gmt":"2022-03-24T09:20:18","slug":"llar-dinfants-privades","status":"publish","type":"page","link":"https:\/\/serveiseducatius.xtec.cat\/baixllobregat1\/comunitat\/centres-educatius\/llar-dinfants-privades\/","title":{"rendered":"Llars d\u2019infants privades"},"content":{"rendered":"<h4><span style=\"color: #800080;\"><strong>Molins de Rei\u00a0<\/strong><\/span><\/h4>\n<p><strong>Llar d&#8217;infants Patufet<br \/>\n<\/strong>C. Rafael de Casanova, 15 08750 Molins de Rei<br \/>\n<a href=\"https:\/\/goo.gl\/maps\/PQodQH5U3U92\" target=\"_blank\" rel=\"noopener noreferrer\">Ubicaci\u00f3 al mapa<\/a><br \/>\nTel. 93 668 36 44<br \/>\nCorreu electr\u00f2nic: <a href=\"a8048848@xtec.cat\" target=\"_blank\" rel=\"noopener noreferrer\">a8048848@xtec.cat<\/a><br \/>\n<a href=\"http:\/\/www.patufetmolins.cat\/\">Portal web<\/a><\/p>\n<p><strong>Llar d&#8217;infants Tambor<br \/>\n<\/strong><span data-sheets-value=\"{&quot;1&quot;:2,&quot;2&quot;:&quot;C. del Pintor Fortuny, 47&quot;}\" data-sheets-userformat=\"{&quot;2&quot;:10241,&quot;3&quot;:{&quot;1&quot;:0,&quot;3&quot;:1},&quot;14&quot;:{&quot;1&quot;:3,&quot;3&quot;:1},&quot;16&quot;:9}\">C. del Pintor Fortuny, 47<\/span>08750 Molins de Rei<br \/>\n<a href=\"https:\/\/www.google.es\/maps\/dir\/''\/Lli+Privada+Tambor,+Calle+del+Pintor+Fortuny,+47,+08750+Molins+de+Rey,+Barcelona\/@41.4152605,1.946961,12z\/data=!3m1!4b1!4m8!4m7!1m0!1m5!1m1!1s0x12a49a9acf16a7d3:0xd9badc9e18dceb1!2m2!1d2.0170009!2d41.4152817\" target=\"_blank\" rel=\"noopener noreferrer\">Ubicaci\u00f3 al mapa<\/a><br \/>\nTel. 93 668 15 85<br \/>\nCorreu electr\u00f2nic: <a href=\"mailto:a8051379@xtec.cat\">a8051379@xtec.cat<\/a><br \/>\n<a href=\"http:\/\/www.molinsderei.cat\/adreces-i-telefons\/llar-dinfants-el-tambor\">Portal web<\/a><\/p>\n<h4><span style=\"color: #800080;\"><strong>Sant Feliu de Llobregat<\/strong><\/span><\/h4>\n<p><strong>Llar d&#8217;infants l&#8217;Avet<br \/>\n<\/strong>C. Ventura i Gassol, 5 bis 08980 Sant Feliu de Llobregat<br \/>\n<a href=\"https:\/\/goo.gl\/maps\/WfBF49i9wKR2\" target=\"_blank\" rel=\"noopener noreferrer\">Ubicaci\u00f3 al mapa<\/a><br \/>\nTel. 93 666 70 43<br \/>\nCorreu electr\u00f2nic: <a href=\"mailto:a8060435@xtec.cat\" target=\"_blank\" rel=\"noopener noreferrer\">a8060435@xtec.cat<\/a><br \/>\n<a href=\"http:\/\/www.lavet.es\/\" target=\"_blank\" rel=\"noopener noreferrer\">Portal web<\/a><\/p>\n<p><strong>Llar d&#8217;infants Giravolt<br \/>\n<\/strong>C. Margarida Xirgu, 3-5 08980 Sant Feliu de Llobregat<br \/>\n<a href=\"https:\/\/goo.gl\/maps\/cfPJ2d3cNkS2\" target=\"_blank\" rel=\"noopener noreferrer\">Ubicaci\u00f3 al mapa<\/a><br \/>\nTel. 93 666 21 25<br \/>\nCorreu electr\u00f2nic: <a href=\"mailto:a8059974@xtec.cat\" target=\"_blank\" rel=\"noopener noreferrer\">a8059974@xtec.cat<\/a><br \/>\n<a href=\"http:\/\/serveisoberts.gencat.cat\/equipaments\/2578610\" target=\"_blank\" rel=\"noopener noreferrer\">Portal web<\/a><\/p>\n<p><strong>Llar d&#8217;infants Mar i Cel<br \/>\n<\/strong>C. Pi i Margall, 36 08980 Sant Feliu de Llobregat<br \/>\n<a href=\"https:\/\/goo.gl\/maps\/DUzNo9QsEUA2\" target=\"_blank\" rel=\"noopener noreferrer\">Ubicaci\u00f3 al mapa<\/a><br \/>\nTel. 93 666 88 98<br \/>\nCorreu electr\u00f2nic:<a href=\"mailto:a8074197@xtec.cat\" target=\"_blank\" rel=\"noopener noreferrer\"> a8074197@xtec.cat<\/a><br \/>\n<a href=\"http:\/\/www.maricel.cat\/\" target=\"_blank\" rel=\"noopener noreferrer\">Pottal web<\/a><\/p>\n<p><strong>Llar d&#8217;infants Petits Gegants<br \/>\n<\/strong>C. Torras i Bages, 32 08980 Sant Feliu de Llobregat<br \/>\n<a href=\"https:\/\/www.google.com\/maps\/dir\/\/41.3808255,2.0473802\/@41.380826,2.04738,14z?hl=es-ES\" target=\"_blank\" rel=\"noopener noreferrer\">Ubicaci\u00f3 al mapa<\/a><br \/>\nTel. 93 685 59 11<br \/>\nCorreu electr\u00f2nic: <a href=\"mailto:a8070507@xtec.cat\" target=\"_blank\" rel=\"noopener noreferrer\">a8070507@xtec.cat<\/a><br \/>\n<a href=\"http:\/\/www.llardinfantspetitsgegants.com\/\" target=\"_blank\" rel=\"noopener noreferrer\">Portal web<\/a><\/p>\n<p><strong>Llar d&#8217;infants Pe\u00fccs<br \/>\n<\/strong>Passeig Comte Vilardaga 104, Baixos 08980 Sant Feliu de Llobregat<br \/>\n<a href=\"https:\/\/www.google.es\/maps\/place\/Llar+d'infants+Peucs\/@41.386005,2.0502343,17z\/data=!3m1!4b1!4m5!3m4!1s0x12a49a3385356a89:0x8ef02b733ef69667!8m2!3d41.386005!4d2.052423?hl=ca\" target=\"_blank\" rel=\"noopener noreferrer\">Ubicaci\u00f3 al mapa<\/a><br \/>\nTel. 93 666 18 42<br \/>\nCorreu electr\u00f2nic: <a href=\"mailto:a8063047@xtec.cat\" target=\"_blank\" rel=\"noopener noreferrer\">a8063047@xtec.cat<\/a><br \/>\n<a href=\"http:\/\/www.peucs.com\/\">Portal web<\/a><\/p>\n<p>&nbsp;<\/p>\n","protected":false},"excerpt":{"rendered":"<p>Molins de Rei\u00a0 Llar d&#8217;infants Patufet C. Rafael de Casanova, 15 08750 Molins de Rei Ubicaci\u00f3 al mapa Tel. 93 668 36 44 Correu electr\u00f2nic: a8048848@xtec.cat Portal web Llar d&#8217;infants Tambor C. del Pintor Fortuny, 4708750 Molins de Rei Ubicaci\u00f3 al mapa Tel. 93 668 15 85 Correu electr\u00f2nic: a8051379@xtec.cat Portal web Sant Feliu de [&hellip;]<\/p>\n","protected":false},"author":10,"featured_media":0,"parent":338,"menu_order":20,"comment_status":"closed","ping_status":"closed","template":"page-templates\/side-menu.php","meta":{"_bbp_topic_count":0,"_bbp_reply_count":0,"_bbp_total_topic_count":0,"_bbp_total_reply_count":0,"_bbp_voice_count":0,"_bbp_anonymous_reply_count":0,"_bbp_topic_count_hidden":0,"_bbp_reply_count_hidden":0,"_bbp_forum_subforum_count":0,"site-sidebar-layout":"default","site-content-layout":"","ast-site-content-layout":"","site-content-style":"default","site-sidebar-style":"default","ast-global-header-display":"","ast-banner-title-visibility":"","ast-main-header-display":"","ast-hfb-above-header-display":"","ast-hfb-below-header-display":"","ast-hfb-mobile-header-display":"","site-post-title":"","ast-breadcrumbs-content":"","ast-featured-img":"","footer-sml-layout":"","theme-transparent-header-meta":"","adv-header-id-meta":"","stick-header-meta":"","header-above-stick-meta":"","header-main-stick-meta":"","header-below-stick-meta":"","astra-migrate-meta-layouts":"default","ast-page-background-enabled":"default","ast-page-background-meta":{"desktop":{"background-color":"var(--ast-global-color-4)","background-image":"","background-repeat":"repeat","background-position":"center center","background-size":"auto","background-attachment":"scroll","background-type":"","background-media":"","overlay-type":"","overlay-color":"","overlay-opacity":"","overlay-gradient":""},"tablet":{"background-color":"","background-image":"","background-repeat":"repeat","background-position":"center center","background-size":"auto","background-attachment":"scroll","background-type":"","background-media":"","overlay-type":"","overlay-color":"","overlay-opacity":"","overlay-gradient":""},"mobile":{"background-color":"","background-image":"","background-repeat":"repeat","background-position":"center center","background-size":"auto","background-attachment":"scroll","background-type":"","background-media":"","overlay-type":"","overlay-color":"","overlay-opacity":"","overlay-gradient":""}},"ast-content-background-meta":{"desktop":{"background-color":"var(--ast-global-color-5)","background-image":"","background-repeat":"repeat","background-position":"center center","background-size":"auto","background-attachment":"scroll","background-type":"","background-media":"","overlay-type":"","overlay-color":"","overlay-opacity":"","overlay-gradient":""},"tablet":{"background-color":"var(--ast-global-color-5)","background-image":"","background-repeat":"repeat","background-position":"center center","background-size":"auto","background-attachment":"scroll","background-type":"","background-media":"","overlay-type":"","overlay-color":"","overlay-opacity":"","overlay-gradient":""},"mobile":{"background-color":"var(--ast-global-color-5)","background-image":"","background-repeat":"repeat","background-position":"center center","background-size":"auto","background-attachment":"scroll","background-type":"","background-media":"","overlay-type":"","overlay-color":"","overlay-opacity":"","overlay-gradient":""}},"footnotes":""},"class_list":["post-3779","page","type-page","status-publish","hentry"],"post_mailing_queue_ids":[],"_links":{"self":[{"href":"https:\/\/serveiseducatius.xtec.cat\/baixllobregat1\/wp-json\/wp\/v2\/pages\/3779","targetHints":{"allow":["GET"]}}],"collection":[{"href":"https:\/\/serveiseducatius.xtec.cat\/baixllobregat1\/wp-json\/wp\/v2\/pages"}],"about":[{"href":"https:\/\/serveiseducatius.xtec.cat\/baixllobregat1\/wp-json\/wp\/v2\/types\/page"}],"author":[{"embeddable":true,"href":"https:\/\/serveiseducatius.xtec.cat\/baixllobregat1\/wp-json\/wp\/v2\/users\/10"}],"replies":[{"embeddable":true,"href":"https:\/\/serveiseducatius.xtec.cat\/baixllobregat1\/wp-json\/wp\/v2\/comments?post=3779"}],"version-history":[{"count":3,"href":"https:\/\/serveiseducatius.xtec.cat\/baixllobregat1\/wp-json\/wp\/v2\/pages\/3779\/revisions"}],"predecessor-version":[{"id":5207,"href":"https:\/\/serveiseducatius.xtec.cat\/baixllobregat1\/wp-json\/wp\/v2\/pages\/3779\/revisions\/5207"}],"up":[{"embeddable":true,"href":"https:\/\/serveiseducatius.xtec.cat\/baixllobregat1\/wp-json\/wp\/v2\/pages\/338"}],"wp:attachment":[{"href":"https:\/\/serveiseducatius.xtec.cat\/baixllobregat1\/wp-json\/wp\/v2\/media?parent=3779"}],"curies":[{"name":"wp","href":"https:\/\/api.w.org\/{rel}","templated":true}]}}