{"id":3761,"date":"2020-11-17T16:52:13","date_gmt":"2020-11-17T15:52:13","guid":{"rendered":"http:\/\/serveiseducatius.xtec.cat\/baixllobregat1\/?page_id=3761"},"modified":"2022-03-24T10:30:41","modified_gmt":"2022-03-24T09:30:41","slug":"llars-dinfants-escoles-i-instituts-privats","status":"publish","type":"page","link":"https:\/\/serveiseducatius.xtec.cat\/baixllobregat1\/comunitat\/centres-educatius\/llars-dinfants-escoles-i-instituts-privats\/","title":{"rendered":"Centres concertats d\u2019Educaci\u00f3 infantil, prim\u00e0ria i secund\u00e0ria."},"content":{"rendered":"<h4><span style=\"color: #800080;\"><strong>Molins de Rei\u00a0<\/strong><\/span><\/h4>\n<p><strong>Col\u00b7legi Sant Miquel Arc\u00e0ngel &#8211; Manyanet <\/strong><strong><br \/>\n<\/strong><em>Educaci\u00f3 Infantil, Prim\u00e0ria i ESO<\/em><br \/>\nC. del Pintor Carbonell, 4 08750 Molins de Rei<br \/>\n<a href=\"https:\/\/www.google.com\/maps\/place\/Escola+Manyanet+Molins+de+Rei+-+Sant+Miquel\/@41.4142823,2.0155519,17z\/data=!3m1!4b1!4m5!3m4!1s0x12a49a85513b98c7:0x96575dd70b033dfc!8m2!3d41.4142823!4d2.0177406\" target=\"_blank\" rel=\"noopener noreferrer\">Ubicaci\u00f3 al mapa<\/a><br \/>\nTel. 93 668 34 50<br \/>\nCorreu electr\u00f2nic: <a href=\"mailto:a8021417@xtec.cat\" target=\"_blank\" rel=\"noopener noreferrer\">a8021417@xtec.cat<\/a><br \/>\n<a href=\"http:\/\/www.molins.manyanet.org\/\">Portal web<\/a><\/p>\n<p><strong>Col\u00b7legi Virolai<br \/>\n<\/strong><em>Educaci\u00f3 Infantil, Prim\u00e0ria i ESO i Batxillerat<\/em><br \/>\nCam\u00ed Antic de Santa Creu d\u2019Olorda, 106 08750 Molins de Rei<br \/>\n<a href=\"https:\/\/www.google.com\/maps\/place\/Escola+Manyanet+Molins+de+Rei+-+Sant+Miquel\/@41.4142823,2.0155519,17z\/data=!3m1!4b1!4m5!3m4!1s0x12a49a85513b98c7:0x96575dd70b033dfc!8m2!3d41.4142823!4d2.0177406\" target=\"_blank\" rel=\"noopener noreferrer\">Ubicaci\u00f3 al mapa <\/a><br \/>\nTel. 93 680 27 09<br \/>\nCorreu electr\u00f2nic: <a href=\"mailto:a8021405@xtec.cat\" target=\"_blank\" rel=\"noopener noreferrer\">a8021405@xtec.cat<\/a><br \/>\n<a href=\"https:\/\/www.col-legivirolai.cat\/\" target=\"_blank\" rel=\"noopener noreferrer\">Portal web<\/a><\/p>\n<h4><span style=\"color: #800080;\"><strong>Sant Feliu de Llobregat<\/strong><\/span><\/h4>\n<p><strong>Col\u00b7legi Bon Salvador<br \/>\n<\/strong><em>Educaci\u00f3 Infantil, Prim\u00e0ria i ESO i Batxillerat<\/em><br \/>\nC. d&#8217;Armenteres, 37-39 08980 Sant Feliu de Llobregat<br \/>\n<a href=\"https:\/\/goo.gl\/maps\/hECsvcjwGJE2\" target=\"_blank\" rel=\"noopener noreferrer\">Ubicaci\u00f3 al mapa<\/a><br \/>\nTel. 93 666 17 13<br \/>\nCorreu electr\u00f2nic: <a href=\"mailto:a8026269@xtec.cat\" target=\"_blank\" rel=\"noopener noreferrer\">a8026269@xtec.cat<\/a><br \/>\n<a href=\"http:\/\/www.bonsalvador.com\/\" target=\"_blank\" rel=\"noopener noreferrer\">Portal web<\/a><\/p>\n<p><strong>Col\u00b7legi Mare de D\u00e9u de la Merc\u00e8<br \/>\n<\/strong><em>Educaci\u00f3 Infantil, Prim\u00e0ria i ESO<\/em><br \/>\nC. Mare de D\u00e9u de la Merc\u00e8, 16 08980 Sant Feliu de Llobregat<br \/>\n<a href=\"https:\/\/www.google.es\/maps\/place\/Carrer+de+la+Verge+de+la+Merc%C3%A8,+16,+08980+Sant+Feliu+de+Llobregat,+Barcelona\/@41.3804807,2.045597,17z\/data=!3m1!4b1!4m5!3m4!1s0x12a49bca621120b7:0x927bab36c6d0b131!8m2!3d41.3804807!4d2.0477857\" target=\"_blank\" rel=\"noopener noreferrer\">Ubicaci\u00f3 al mapa<\/a><br \/>\nTel. 93 66610 79<br \/>\nCorreu electr\u00f2nic: <a href=\"mailto:a8026294@xtec.cat\" target=\"_blank\" rel=\"noopener noreferrer\">a8026294@xtec.cat<\/a><br \/>\n<a href=\"http:\/\/www.lamercesantfeliu.cat\/\">Portal web<\/a><\/p>\n<p><strong>Escola Mestral<br \/>\n<\/strong><em>Educaci\u00f3 Infantil, Prim\u00e0ria i ESO i Batxillerat<\/em><br \/>\nCarretera S\u00e0nson, 81 08980 Sant Feliu de Llobregat<br \/>\n<a href=\"https:\/\/goo.gl\/maps\/u5NtdU5YPLU2\" target=\"_blank\" rel=\"noopener noreferrer\">Ubicaci\u00f3 al mapa<\/a><br \/>\nTel. 93 666 14 28<br \/>\nCorreu electr\u00f2nic: <a href=\"mailto:a8026282@xtec.cat\" target=\"_blank\" rel=\"noopener noreferrer\">a8026282@xtec.cat<\/a><br \/>\n<a href=\"https:\/\/www.escolamestral.cat\/\" target=\"_blank\" rel=\"noopener noreferrer\">Portal web<\/a><\/p>\n<p><strong>Col\u00b7legi Verge de la Salut<br \/>\n<\/strong><em>Educaci\u00f3 Infantil, Prim\u00e0ria i ESO i Batxillerat<\/em><br \/>\nCarrer Constituci\u00f3, 3\u00a0 08980 Sant Feliu de Llobregat<br \/>\n<a href=\"https:\/\/goo.gl\/maps\/jXBvz5egfw62\" target=\"_blank\" rel=\"noopener noreferrer\">Ubicaci\u00f3 al mapa<\/a><br \/>\nTel. 93 666 18 69<br \/>\nCorreu electr\u00f2nic: <a href=\"a8026245@xtec.cat\" target=\"_blank\" rel=\"noopener noreferrer\">a8026245@xtec.cat<\/a><br \/>\n<a href=\"http:\/\/www.vergesalut.com\/index.php?option=com_content&amp;task=view&amp;id=52&amp;Itemid=4881\" target=\"_blank\" rel=\"noopener noreferrer\">Portal web<\/a><\/p>\n<p><strong>Centre Xamfr\u00e0-Taller Sant Miquel<br \/>\n<\/strong><em>12-18<\/em><br \/>\nRiera Pahissa, 44 08980 Sant Feliu de Llobregat<br \/>\n<a href=\"https:\/\/goo.gl\/maps\/DGDAJSGThZC2\" target=\"_blank\" rel=\"noopener noreferrer\">Ubicaci\u00f3 al mapa<\/a><br \/>\nTel. 93 666 11 95<br \/>\nCorreu electr\u00f2nic: <a href=\"mailto:a8041490@xtec.cat\">a8041490@xtec.cat<\/a><br \/>\n<a href=\"https:\/\/www.fundacioxamfra.cat\/serveis-a-les-persones\/formacio-professional\/\" target=\"_blank\" rel=\"noopener noreferrer\">Portal web<\/a><\/p>\n","protected":false},"excerpt":{"rendered":"<p>Molins de Rei\u00a0 Col\u00b7legi Sant Miquel Arc\u00e0ngel &#8211; Manyanet Educaci\u00f3 Infantil, Prim\u00e0ria i ESO C. del Pintor Carbonell, 4 08750 Molins de Rei Ubicaci\u00f3 al mapa Tel. 93 668 34 50 Correu electr\u00f2nic: a8021417@xtec.cat Portal web Col\u00b7legi Virolai Educaci\u00f3 Infantil, Prim\u00e0ria i ESO i Batxillerat Cam\u00ed Antic de Santa Creu d\u2019Olorda, 106 08750 Molins de [&hellip;]<\/p>\n","protected":false},"author":10,"featured_media":0,"parent":338,"menu_order":70,"comment_status":"closed","ping_status":"closed","template":"page-templates\/side-menu.php","meta":{"_bbp_topic_count":0,"_bbp_reply_count":0,"_bbp_total_topic_count":0,"_bbp_total_reply_count":0,"_bbp_voice_count":0,"_bbp_anonymous_reply_count":0,"_bbp_topic_count_hidden":0,"_bbp_reply_count_hidden":0,"_bbp_forum_subforum_count":0,"site-sidebar-layout":"default","site-content-layout":"","ast-site-content-layout":"","site-content-style":"default","site-sidebar-style":"default","ast-global-header-display":"","ast-banner-title-visibility":"","ast-main-header-display":"","ast-hfb-above-header-display":"","ast-hfb-below-header-display":"","ast-hfb-mobile-header-display":"","site-post-title":"","ast-breadcrumbs-content":"","ast-featured-img":"","footer-sml-layout":"","theme-transparent-header-meta":"","adv-header-id-meta":"","stick-header-meta":"","header-above-stick-meta":"","header-main-stick-meta":"","header-below-stick-meta":"","astra-migrate-meta-layouts":"default","ast-page-background-enabled":"default","ast-page-background-meta":{"desktop":{"background-color":"var(--ast-global-color-4)","background-image":"","background-repeat":"repeat","background-position":"center center","background-size":"auto","background-attachment":"scroll","background-type":"","background-media":"","overlay-type":"","overlay-color":"","overlay-opacity":"","overlay-gradient":""},"tablet":{"background-color":"","background-image":"","background-repeat":"repeat","background-position":"center center","background-size":"auto","background-attachment":"scroll","background-type":"","background-media":"","overlay-type":"","overlay-color":"","overlay-opacity":"","overlay-gradient":""},"mobile":{"background-color":"","background-image":"","background-repeat":"repeat","background-position":"center center","background-size":"auto","background-attachment":"scroll","background-type":"","background-media":"","overlay-type":"","overlay-color":"","overlay-opacity":"","overlay-gradient":""}},"ast-content-background-meta":{"desktop":{"background-color":"var(--ast-global-color-5)","background-image":"","background-repeat":"repeat","background-position":"center center","background-size":"auto","background-attachment":"scroll","background-type":"","background-media":"","overlay-type":"","overlay-color":"","overlay-opacity":"","overlay-gradient":""},"tablet":{"background-color":"var(--ast-global-color-5)","background-image":"","background-repeat":"repeat","background-position":"center center","background-size":"auto","background-attachment":"scroll","background-type":"","background-media":"","overlay-type":"","overlay-color":"","overlay-opacity":"","overlay-gradient":""},"mobile":{"background-color":"var(--ast-global-color-5)","background-image":"","background-repeat":"repeat","background-position":"center center","background-size":"auto","background-attachment":"scroll","background-type":"","background-media":"","overlay-type":"","overlay-color":"","overlay-opacity":"","overlay-gradient":""}},"footnotes":""},"class_list":["post-3761","page","type-page","status-publish","hentry"],"post_mailing_queue_ids":[],"_links":{"self":[{"href":"https:\/\/serveiseducatius.xtec.cat\/baixllobregat1\/wp-json\/wp\/v2\/pages\/3761","targetHints":{"allow":["GET"]}}],"collection":[{"href":"https:\/\/serveiseducatius.xtec.cat\/baixllobregat1\/wp-json\/wp\/v2\/pages"}],"about":[{"href":"https:\/\/serveiseducatius.xtec.cat\/baixllobregat1\/wp-json\/wp\/v2\/types\/page"}],"author":[{"embeddable":true,"href":"https:\/\/serveiseducatius.xtec.cat\/baixllobregat1\/wp-json\/wp\/v2\/users\/10"}],"replies":[{"embeddable":true,"href":"https:\/\/serveiseducatius.xtec.cat\/baixllobregat1\/wp-json\/wp\/v2\/comments?post=3761"}],"version-history":[{"count":3,"href":"https:\/\/serveiseducatius.xtec.cat\/baixllobregat1\/wp-json\/wp\/v2\/pages\/3761\/revisions"}],"predecessor-version":[{"id":3819,"href":"https:\/\/serveiseducatius.xtec.cat\/baixllobregat1\/wp-json\/wp\/v2\/pages\/3761\/revisions\/3819"}],"up":[{"embeddable":true,"href":"https:\/\/serveiseducatius.xtec.cat\/baixllobregat1\/wp-json\/wp\/v2\/pages\/338"}],"wp:attachment":[{"href":"https:\/\/serveiseducatius.xtec.cat\/baixllobregat1\/wp-json\/wp\/v2\/media?parent=3761"}],"curies":[{"name":"wp","href":"https:\/\/api.w.org\/{rel}","templated":true}]}}