{"id":3511,"date":"2019-10-29T16:28:50","date_gmt":"2019-10-29T15:28:50","guid":{"rendered":"http:\/\/serveiseducatius.xtec.cat\/baixllobregat1\/?page_id=3511"},"modified":"2019-10-31T11:41:47","modified_gmt":"2019-10-31T10:41:47","slug":"comics-dins-duna-maleta","status":"publish","type":"page","link":"https:\/\/serveiseducatius.xtec.cat\/baixllobregat1\/recursos\/maletes-pedagogiques\/maletes-danimacio-lectora\/comics-dins-duna-maleta\/","title":{"rendered":"&#8220;C\u00f2mics dins d&#8217;una maleta!&#8221;"},"content":{"rendered":"<p><img loading=\"lazy\" decoding=\"async\" class=\" wp-image-1823 alignright\" src=\"https:\/\/serveiseducatius.xtec.cat\/baixllobregat1\/wp-content\/uploads\/usu767\/2017\/03\/foto_comic_portada_resum-300x253.jpg\" alt=\"\" width=\"343\" height=\"289\" \/><\/p>\n<p style=\"text-align: justify;\">L\u2019objectiu d\u2019aquesta <strong>maleta d&#8217;animaci\u00f3 lectora<\/strong> per a prim\u00e0ria \u00e9s oferir recursos per introduir l\u2019\u00fas del c\u00f2mic a l\u2019aula com a eina d\u2019aprenentatge.<\/p>\n<p style=\"text-align: justify;\">La maleta inclou:<\/p>\n<ul>\n<li style=\"text-align: left;\">una <span style=\"text-decoration: underline;\">selecci\u00f3 de c\u00f2mics<\/span> per a tots els cicles d\u2019educaci\u00f3 prim\u00e0ria i amb t\u00edtols de col\u00b7leccions hist\u00f2riques i publicacions actuals: Wally, Mortadel\u00b7lo i Filem\u00f3, Ast\u00e8rix, Tintin, el Detectiu Conan, Les Tres Bessones i en Marsupilami entre d\u2019altres.<\/li>\n<li style=\"text-align: left;\">la <a href=\"https:\/\/drive.google.com\/open?id=1Ue0qiQuqQPOF4m_yoxd_hQOV2fCFUBmi\" target=\"_blank\" rel=\"noopener noreferrer\"><span style=\"text-decoration: underline;\"><strong>proposta did\u00e0ctica<\/strong><\/span><\/a> intenta treballar de manera l\u00fadica i atractiva tots els elements que envolten el c\u00f2mic, amb activitats dirigides als cicles mitj\u00e0 i superior (tot i que es poden adaptar f\u00e0cilment a altres nivells).<br \/>\nTamb\u00e9 recull un seguit de <span style=\"text-decoration: underline;\"><a href=\"https:\/\/drive.google.com\/open?id=17rKmmGgYcNCw0kjUEbsLPiV9VazHKDoi\" target=\"_blank\" rel=\"noopener noreferrer\">recursos en l\u00ednia<\/a><\/span> que ofereixen un gran ventall d\u2019eines a l&#8217;alumnat i al professorat.<\/li>\n<li style=\"text-align: left;\">diverses <span style=\"text-decoration: underline;\">pel\u00b7l\u00edcules<\/span> de personatges reconeguts en el m\u00f3n del c\u00f2mic.<\/li>\n<\/ul>\n<p style=\"text-align: left;\">Per con\u00e8ixer el <strong>contingut de la maleta, <a href=\"https:\/\/drive.google.com\/open?id=1MLMRUzTaEdo1ewJUJae2UzSTol4K9Sv_\" target=\"_blank\" rel=\"noopener noreferrer\">clica aqu\u00ed<\/a><\/strong>.<\/p>\n<p>&nbsp;<\/p>\n","protected":false},"excerpt":{"rendered":"<p>L\u2019objectiu d\u2019aquesta maleta d&#8217;animaci\u00f3 lectora per a prim\u00e0ria \u00e9s oferir recursos per introduir l\u2019\u00fas del c\u00f2mic a l\u2019aula com a eina d\u2019aprenentatge. La maleta inclou: una selecci\u00f3 de c\u00f2mics per a tots els cicles d\u2019educaci\u00f3 prim\u00e0ria i amb t\u00edtols de col\u00b7leccions hist\u00f2riques i publicacions actuals: Wally, Mortadel\u00b7lo i Filem\u00f3, Ast\u00e8rix, Tintin, el Detectiu Conan, Les [&hellip;]<\/p>\n","protected":false},"author":10,"featured_media":0,"parent":2344,"menu_order":10,"comment_status":"closed","ping_status":"closed","template":"page-templates\/side-menu.php","meta":{"_bbp_topic_count":0,"_bbp_reply_count":0,"_bbp_total_topic_count":0,"_bbp_total_reply_count":0,"_bbp_voice_count":0,"_bbp_anonymous_reply_count":0,"_bbp_topic_count_hidden":0,"_bbp_reply_count_hidden":0,"_bbp_forum_subforum_count":0,"site-sidebar-layout":"default","site-content-layout":"","ast-site-content-layout":"","site-content-style":"default","site-sidebar-style":"default","ast-global-header-display":"","ast-banner-title-visibility":"","ast-main-header-display":"","ast-hfb-above-header-display":"","ast-hfb-below-header-display":"","ast-hfb-mobile-header-display":"","site-post-title":"","ast-breadcrumbs-content":"","ast-featured-img":"","footer-sml-layout":"","theme-transparent-header-meta":"","adv-header-id-meta":"","stick-header-meta":"","header-above-stick-meta":"","header-main-stick-meta":"","header-below-stick-meta":"","astra-migrate-meta-layouts":"default","ast-page-background-enabled":"default","ast-page-background-meta":{"desktop":{"background-color":"var(--ast-global-color-4)","background-image":"","background-repeat":"repeat","background-position":"center center","background-size":"auto","background-attachment":"scroll","background-type":"","background-media":"","overlay-type":"","overlay-color":"","overlay-opacity":"","overlay-gradient":""},"tablet":{"background-color":"","background-image":"","background-repeat":"repeat","background-position":"center center","background-size":"auto","background-attachment":"scroll","background-type":"","background-media":"","overlay-type":"","overlay-color":"","overlay-opacity":"","overlay-gradient":""},"mobile":{"background-color":"","background-image":"","background-repeat":"repeat","background-position":"center center","background-size":"auto","background-attachment":"scroll","background-type":"","background-media":"","overlay-type":"","overlay-color":"","overlay-opacity":"","overlay-gradient":""}},"ast-content-background-meta":{"desktop":{"background-color":"var(--ast-global-color-5)","background-image":"","background-repeat":"repeat","background-position":"center center","background-size":"auto","background-attachment":"scroll","background-type":"","background-media":"","overlay-type":"","overlay-color":"","overlay-opacity":"","overlay-gradient":""},"tablet":{"background-color":"var(--ast-global-color-5)","background-image":"","background-repeat":"repeat","background-position":"center center","background-size":"auto","background-attachment":"scroll","background-type":"","background-media":"","overlay-type":"","overlay-color":"","overlay-opacity":"","overlay-gradient":""},"mobile":{"background-color":"var(--ast-global-color-5)","background-image":"","background-repeat":"repeat","background-position":"center center","background-size":"auto","background-attachment":"scroll","background-type":"","background-media":"","overlay-type":"","overlay-color":"","overlay-opacity":"","overlay-gradient":""}},"footnotes":""},"class_list":["post-3511","page","type-page","status-publish","hentry"],"post_mailing_queue_ids":[],"_links":{"self":[{"href":"https:\/\/serveiseducatius.xtec.cat\/baixllobregat1\/wp-json\/wp\/v2\/pages\/3511","targetHints":{"allow":["GET"]}}],"collection":[{"href":"https:\/\/serveiseducatius.xtec.cat\/baixllobregat1\/wp-json\/wp\/v2\/pages"}],"about":[{"href":"https:\/\/serveiseducatius.xtec.cat\/baixllobregat1\/wp-json\/wp\/v2\/types\/page"}],"author":[{"embeddable":true,"href":"https:\/\/serveiseducatius.xtec.cat\/baixllobregat1\/wp-json\/wp\/v2\/users\/10"}],"replies":[{"embeddable":true,"href":"https:\/\/serveiseducatius.xtec.cat\/baixllobregat1\/wp-json\/wp\/v2\/comments?post=3511"}],"version-history":[{"count":3,"href":"https:\/\/serveiseducatius.xtec.cat\/baixllobregat1\/wp-json\/wp\/v2\/pages\/3511\/revisions"}],"predecessor-version":[{"id":3537,"href":"https:\/\/serveiseducatius.xtec.cat\/baixllobregat1\/wp-json\/wp\/v2\/pages\/3511\/revisions\/3537"}],"up":[{"embeddable":true,"href":"https:\/\/serveiseducatius.xtec.cat\/baixllobregat1\/wp-json\/wp\/v2\/pages\/2344"}],"wp:attachment":[{"href":"https:\/\/serveiseducatius.xtec.cat\/baixllobregat1\/wp-json\/wp\/v2\/media?parent=3511"}],"curies":[{"name":"wp","href":"https:\/\/api.w.org\/{rel}","templated":true}]}}