{"id":3469,"date":"2019-10-25T12:34:49","date_gmt":"2019-10-25T10:34:49","guid":{"rendered":"http:\/\/serveiseducatius.xtec.cat\/baixllobregat1\/?page_id=3469"},"modified":"2019-10-31T11:58:00","modified_gmt":"2019-10-31T10:58:00","slug":"maleta-novella-grafica-comic-per-a-secundaria","status":"publish","type":"page","link":"https:\/\/serveiseducatius.xtec.cat\/baixllobregat1\/recursos\/maletes-pedagogiques\/maletes-danimacio-lectora\/maleta-novella-grafica-comic-per-a-secundaria\/","title":{"rendered":"&#8220;Novel\u00b7la Gr\u00e0fica &#8211; C\u00f2mic&#8221; per a secund\u00e0ria"},"content":{"rendered":"<p>Al CRP estrenem una nova <span style=\"color: #c21919;\"><strong>maleta d&#8217;animaci\u00f3 lectora<\/strong><\/span> adre\u00e7ada a l&#8217;alumnat de <strong><span style=\"color: #c21919;\">secund\u00e0ria<\/span><\/strong>.<\/p>\n<p>Amb m\u00e9s d&#8217;una quarantena de recursos, els nois i noies podran gaudir d\u2019algunes de les obres m\u00e9s significatives del 9\u00e8 art.<\/p>\n<p><a href=\"https:\/\/drive.google.com\/file\/d\/1CIT6kN7v6NDf242cuTadOCk4hhHoDmCA\/view\" rel=\"noopener noreferrer\"><img loading=\"lazy\" decoding=\"async\" class=\"https:\/\/drive.google.com\/open?id=1CIT6kN7v6NDf242cuTadOCk4hhHoDmCA alignleft wp-image-3451\" src=\"https:\/\/serveiseducatius.xtec.cat\/baixllobregat1\/wp-content\/uploads\/usu767\/2019\/10\/novel\u00b7la_grafica-300x96.jpg\" alt=\"\" width=\"656\" height=\"210\" srcset=\"https:\/\/serveiseducatius.xtec.cat\/baixllobregat1\/wp-content\/uploads\/usu767\/2019\/10\/novel\u00b7la_grafica-300x96.jpg 300w, https:\/\/serveiseducatius.xtec.cat\/baixllobregat1\/wp-content\/uploads\/usu767\/2019\/10\/novel\u00b7la_grafica-768x246.jpg 768w, https:\/\/serveiseducatius.xtec.cat\/baixllobregat1\/wp-content\/uploads\/usu767\/2019\/10\/novel\u00b7la_grafica.jpg 885w\" sizes=\"auto, (max-width: 656px) 100vw, 656px\" \/><\/a><\/p>\n<p>&nbsp;<\/p>\n<p>&nbsp;<\/p>\n<p>&nbsp;<\/p>\n<p>&nbsp;<\/p>\n<p>&nbsp;<\/p>\n<p>La maleta inclou una <span style=\"text-decoration: underline;\">selecci\u00f3 de novel\u00b7les gr\u00e0fiques i c\u00f2mics<\/span> de diversos g\u00e8neres, formats i \u00e8poques.<\/p>\n<p>Tamb\u00e9 hi trobareu <span style=\"text-decoration: underline;\">propostes did\u00e0ctiques<\/span>, una <span style=\"text-decoration: underline;\"><a href=\"https:\/\/drive.google.com\/open?id=1AlL4wrfSTZ_5sj-eJ3KK4tSSLeCiL3iw\" target=\"_blank\" rel=\"noopener noreferrer\">relaci\u00f3 d&#8217;enlla\u00e7os<\/a><\/span> interessants per poder aplicar amb els vostres alumnes i algunes\u00a0<span style=\"text-decoration: underline;\">pel\u00b7l\u00edcules<\/span>.<\/p>\n<p><a href=\"https:\/\/drive.google.com\/open?id=1CIT6kN7v6NDf242cuTadOCk4hhHoDmCA\" target=\"_blank\" rel=\"noopener noreferrer\"><strong>Maleta C\u00f2mic &#8211; Novel\u00b7la Gr\u00e0fica. Secund\u00e0ria&#8221;<\/strong>. Descarrega&#8217;t el contingut!<\/a><\/p>\n","protected":false},"excerpt":{"rendered":"<p>Al CRP estrenem una nova maleta d&#8217;animaci\u00f3 lectora adre\u00e7ada a l&#8217;alumnat de secund\u00e0ria. Amb m\u00e9s d&#8217;una quarantena de recursos, els nois i noies podran gaudir d\u2019algunes de les obres m\u00e9s significatives del 9\u00e8 art. &nbsp; &nbsp; &nbsp; &nbsp; &nbsp; La maleta inclou una selecci\u00f3 de novel\u00b7les gr\u00e0fiques i c\u00f2mics de diversos g\u00e8neres, formats i \u00e8poques. [&hellip;]<\/p>\n","protected":false},"author":10,"featured_media":0,"parent":2344,"menu_order":20,"comment_status":"closed","ping_status":"closed","template":"page-templates\/side-menu.php","meta":{"_bbp_topic_count":0,"_bbp_reply_count":0,"_bbp_total_topic_count":0,"_bbp_total_reply_count":0,"_bbp_voice_count":0,"_bbp_anonymous_reply_count":0,"_bbp_topic_count_hidden":0,"_bbp_reply_count_hidden":0,"_bbp_forum_subforum_count":0,"site-sidebar-layout":"default","site-content-layout":"","ast-site-content-layout":"","site-content-style":"default","site-sidebar-style":"default","ast-global-header-display":"","ast-banner-title-visibility":"","ast-main-header-display":"","ast-hfb-above-header-display":"","ast-hfb-below-header-display":"","ast-hfb-mobile-header-display":"","site-post-title":"","ast-breadcrumbs-content":"","ast-featured-img":"","footer-sml-layout":"","theme-transparent-header-meta":"","adv-header-id-meta":"","stick-header-meta":"","header-above-stick-meta":"","header-main-stick-meta":"","header-below-stick-meta":"","astra-migrate-meta-layouts":"default","ast-page-background-enabled":"default","ast-page-background-meta":{"desktop":{"background-color":"var(--ast-global-color-4)","background-image":"","background-repeat":"repeat","background-position":"center center","background-size":"auto","background-attachment":"scroll","background-type":"","background-media":"","overlay-type":"","overlay-color":"","overlay-opacity":"","overlay-gradient":""},"tablet":{"background-color":"","background-image":"","background-repeat":"repeat","background-position":"center center","background-size":"auto","background-attachment":"scroll","background-type":"","background-media":"","overlay-type":"","overlay-color":"","overlay-opacity":"","overlay-gradient":""},"mobile":{"background-color":"","background-image":"","background-repeat":"repeat","background-position":"center center","background-size":"auto","background-attachment":"scroll","background-type":"","background-media":"","overlay-type":"","overlay-color":"","overlay-opacity":"","overlay-gradient":""}},"ast-content-background-meta":{"desktop":{"background-color":"var(--ast-global-color-5)","background-image":"","background-repeat":"repeat","background-position":"center center","background-size":"auto","background-attachment":"scroll","background-type":"","background-media":"","overlay-type":"","overlay-color":"","overlay-opacity":"","overlay-gradient":""},"tablet":{"background-color":"var(--ast-global-color-5)","background-image":"","background-repeat":"repeat","background-position":"center center","background-size":"auto","background-attachment":"scroll","background-type":"","background-media":"","overlay-type":"","overlay-color":"","overlay-opacity":"","overlay-gradient":""},"mobile":{"background-color":"var(--ast-global-color-5)","background-image":"","background-repeat":"repeat","background-position":"center center","background-size":"auto","background-attachment":"scroll","background-type":"","background-media":"","overlay-type":"","overlay-color":"","overlay-opacity":"","overlay-gradient":""}},"footnotes":""},"class_list":["post-3469","page","type-page","status-publish","hentry"],"post_mailing_queue_ids":[],"_links":{"self":[{"href":"https:\/\/serveiseducatius.xtec.cat\/baixllobregat1\/wp-json\/wp\/v2\/pages\/3469","targetHints":{"allow":["GET"]}}],"collection":[{"href":"https:\/\/serveiseducatius.xtec.cat\/baixllobregat1\/wp-json\/wp\/v2\/pages"}],"about":[{"href":"https:\/\/serveiseducatius.xtec.cat\/baixllobregat1\/wp-json\/wp\/v2\/types\/page"}],"author":[{"embeddable":true,"href":"https:\/\/serveiseducatius.xtec.cat\/baixllobregat1\/wp-json\/wp\/v2\/users\/10"}],"replies":[{"embeddable":true,"href":"https:\/\/serveiseducatius.xtec.cat\/baixllobregat1\/wp-json\/wp\/v2\/comments?post=3469"}],"version-history":[{"count":3,"href":"https:\/\/serveiseducatius.xtec.cat\/baixllobregat1\/wp-json\/wp\/v2\/pages\/3469\/revisions"}],"predecessor-version":[{"id":3487,"href":"https:\/\/serveiseducatius.xtec.cat\/baixllobregat1\/wp-json\/wp\/v2\/pages\/3469\/revisions\/3487"}],"up":[{"embeddable":true,"href":"https:\/\/serveiseducatius.xtec.cat\/baixllobregat1\/wp-json\/wp\/v2\/pages\/2344"}],"wp:attachment":[{"href":"https:\/\/serveiseducatius.xtec.cat\/baixllobregat1\/wp-json\/wp\/v2\/media?parent=3469"}],"curies":[{"name":"wp","href":"https:\/\/api.w.org\/{rel}","templated":true}]}}