{"id":3412,"date":"2019-06-03T11:37:57","date_gmt":"2019-06-03T09:37:57","guid":{"rendered":"http:\/\/serveiseducatius.xtec.cat\/baixllobregat1\/?page_id=3412"},"modified":"2019-10-25T12:54:21","modified_gmt":"2019-10-25T10:54:21","slug":"rosa-joana-i-les-set-magnifiques","status":"publish","type":"page","link":"https:\/\/serveiseducatius.xtec.cat\/baixllobregat1\/recursos\/maletes-pedagogiques\/maletes-danimacio-lectora\/rosa-joana-i-les-set-magnifiques\/","title":{"rendered":"&#8220;Rosa Joana les set magn\u00edfiques&#8221;"},"content":{"rendered":"<h3 style=\"text-align: left;\"><span style=\"color: #ff63b1;\">Maleta d\u2019animaci\u00f3 a la lectura<\/span><\/h3>\n<p><img loading=\"lazy\" decoding=\"async\" class=\"wp-image-3114 size-medium alignleft\" src=\"https:\/\/serveiseducatius.xtec.cat\/baixllobregat1\/wp-content\/uploads\/usu767\/2019\/02\/Rosa_Joana-300x291.jpg\" alt=\"\" width=\"300\" height=\"291\" srcset=\"https:\/\/serveiseducatius.xtec.cat\/baixllobregat1\/wp-content\/uploads\/usu767\/2019\/02\/Rosa_Joana-300x291.jpg 300w, https:\/\/serveiseducatius.xtec.cat\/baixllobregat1\/wp-content\/uploads\/usu767\/2019\/02\/Rosa_Joana.jpg 578w\" sizes=\"auto, (max-width: 300px) 100vw, 300px\" \/><\/p>\n<p>&nbsp;<\/p>\n<p>&nbsp;<\/p>\n<p>&nbsp;<\/p>\n<p>&nbsp;<\/p>\n<p>&nbsp;<\/p>\n<p>&nbsp;<\/p>\n<p>&nbsp;<\/p>\n<p>La maleta<span style=\"color: #ff63b1;\"> \u201c<\/span><strong><span style=\"color: #ff63b1;\">Rosa Joana i les set magn\u00edfiques<\/span><\/strong><span style=\"color: #ff63b1;\">\u201d<\/span>, recull el llibre d&#8217;en Miquel Desclot, la proposta did\u00e0ctica i la bibliografia de la poeta santfeliuenca.<\/p>\n<ul>\n<li><strong><span style=\"color: #ff63b1;\">El llibre<\/span><\/strong>, basat en poemes de Joana Raspall, musicats per Joan Josep Blay i emmarcats en un conte escrit pel tamb\u00e9 poeta Miquel Desclot, va ser escrit espec\u00edficament per a la celebraci\u00f3 del centenari de la poeta santfeliuenca.<\/li>\n<li><strong><span style=\"color: #ff63b1;\">La proposta did\u00e0ctica<\/span><\/strong><span id=\"descripcioVal\" class=\"valor\" style=\"font-family: inherit; font-size: 1em;\">, elaborada per un grup de treball amb mestres de la localitat,\u00a0 est\u00e0 estructurada en dues parts: els <em>POEMES<\/em> i el <em>CONTE<\/em>.<\/span>\n<ul>\n<li style=\"list-style-type: none;\">\n<ul>\n<li>\u201c<span style=\"text-decoration: underline;\"><em>Els poemes<\/em><\/span>\u201d proposen un seguit d\u2019activitats interdisciplinars, orals i escrites, per a cada un dels 8 poemes que cont\u00e9 el llibre (7 de la Joana Raspall i el darrer d\u2019en Miquel Desclot, dedicat a la poeta), amb una estructura b\u00e0sica i comuna a tots ells (transcripci\u00f3 i lectura del poema -amb pautes espec\u00edfiques -, activitats de llengua -motivadores, innovadores i de f\u00e0cil resoluci\u00f3 per als infants- i una darrera activitat art\u00edstica).<\/li>\n<li>\u201c<span style=\"text-decoration: underline;\"><em>El conte<\/em><\/span>\u201d contempla aspectes de llengua, medi i educaci\u00f3 art\u00edstica.<\/li>\n<\/ul>\n<\/li>\n<\/ul>\n<\/li>\n<li><strong><span style=\"color: #ff63b1;\">12 llibres de la Joana Raspall<\/span><\/strong><\/li>\n<\/ul>\n<h3 style=\"text-align: center;\">VOLEU VEURE i CON\u00c8IXER EL CONTINGUT DE LA MALETA?<\/h3>\n<p style=\"text-align: center;\"><a href=\"https:\/\/drive.google.com\/file\/d\/1UxdEEugjyW9mQw9Rt3377qENW4_5enZx\/view?usp=sharing\" target=\"_blank\" rel=\"noopener noreferrer\"><strong><span style=\"color: #ff63b1;\">Cliqueu aqu\u00ed<\/span><\/strong><\/a><\/p>\n","protected":false},"excerpt":{"rendered":"<p>Maleta d\u2019animaci\u00f3 a la lectura &nbsp; &nbsp; &nbsp; &nbsp; &nbsp; &nbsp; &nbsp; La maleta \u201cRosa Joana i les set magn\u00edfiques\u201d, recull el llibre d&#8217;en Miquel Desclot, la proposta did\u00e0ctica i la bibliografia de la poeta santfeliuenca. El llibre, basat en poemes de Joana Raspall, musicats per Joan Josep Blay i emmarcats en un conte escrit [&hellip;]<\/p>\n","protected":false},"author":10,"featured_media":0,"parent":2344,"menu_order":100,"comment_status":"closed","ping_status":"closed","template":"page-templates\/side-menu.php","meta":{"_bbp_topic_count":0,"_bbp_reply_count":0,"_bbp_total_topic_count":0,"_bbp_total_reply_count":0,"_bbp_voice_count":0,"_bbp_anonymous_reply_count":0,"_bbp_topic_count_hidden":0,"_bbp_reply_count_hidden":0,"_bbp_forum_subforum_count":0,"site-sidebar-layout":"default","site-content-layout":"","ast-site-content-layout":"","site-content-style":"default","site-sidebar-style":"default","ast-global-header-display":"","ast-banner-title-visibility":"","ast-main-header-display":"","ast-hfb-above-header-display":"","ast-hfb-below-header-display":"","ast-hfb-mobile-header-display":"","site-post-title":"","ast-breadcrumbs-content":"","ast-featured-img":"","footer-sml-layout":"","theme-transparent-header-meta":"","adv-header-id-meta":"","stick-header-meta":"","header-above-stick-meta":"","header-main-stick-meta":"","header-below-stick-meta":"","astra-migrate-meta-layouts":"default","ast-page-background-enabled":"default","ast-page-background-meta":{"desktop":{"background-color":"var(--ast-global-color-4)","background-image":"","background-repeat":"repeat","background-position":"center center","background-size":"auto","background-attachment":"scroll","background-type":"","background-media":"","overlay-type":"","overlay-color":"","overlay-opacity":"","overlay-gradient":""},"tablet":{"background-color":"","background-image":"","background-repeat":"repeat","background-position":"center center","background-size":"auto","background-attachment":"scroll","background-type":"","background-media":"","overlay-type":"","overlay-color":"","overlay-opacity":"","overlay-gradient":""},"mobile":{"background-color":"","background-image":"","background-repeat":"repeat","background-position":"center center","background-size":"auto","background-attachment":"scroll","background-type":"","background-media":"","overlay-type":"","overlay-color":"","overlay-opacity":"","overlay-gradient":""}},"ast-content-background-meta":{"desktop":{"background-color":"var(--ast-global-color-5)","background-image":"","background-repeat":"repeat","background-position":"center center","background-size":"auto","background-attachment":"scroll","background-type":"","background-media":"","overlay-type":"","overlay-color":"","overlay-opacity":"","overlay-gradient":""},"tablet":{"background-color":"var(--ast-global-color-5)","background-image":"","background-repeat":"repeat","background-position":"center center","background-size":"auto","background-attachment":"scroll","background-type":"","background-media":"","overlay-type":"","overlay-color":"","overlay-opacity":"","overlay-gradient":""},"mobile":{"background-color":"var(--ast-global-color-5)","background-image":"","background-repeat":"repeat","background-position":"center center","background-size":"auto","background-attachment":"scroll","background-type":"","background-media":"","overlay-type":"","overlay-color":"","overlay-opacity":"","overlay-gradient":""}},"footnotes":""},"class_list":["post-3412","page","type-page","status-publish","hentry"],"post_mailing_queue_ids":[],"_links":{"self":[{"href":"https:\/\/serveiseducatius.xtec.cat\/baixllobregat1\/wp-json\/wp\/v2\/pages\/3412","targetHints":{"allow":["GET"]}}],"collection":[{"href":"https:\/\/serveiseducatius.xtec.cat\/baixllobregat1\/wp-json\/wp\/v2\/pages"}],"about":[{"href":"https:\/\/serveiseducatius.xtec.cat\/baixllobregat1\/wp-json\/wp\/v2\/types\/page"}],"author":[{"embeddable":true,"href":"https:\/\/serveiseducatius.xtec.cat\/baixllobregat1\/wp-json\/wp\/v2\/users\/10"}],"replies":[{"embeddable":true,"href":"https:\/\/serveiseducatius.xtec.cat\/baixllobregat1\/wp-json\/wp\/v2\/comments?post=3412"}],"version-history":[{"count":3,"href":"https:\/\/serveiseducatius.xtec.cat\/baixllobregat1\/wp-json\/wp\/v2\/pages\/3412\/revisions"}],"predecessor-version":[{"id":3418,"href":"https:\/\/serveiseducatius.xtec.cat\/baixllobregat1\/wp-json\/wp\/v2\/pages\/3412\/revisions\/3418"}],"up":[{"embeddable":true,"href":"https:\/\/serveiseducatius.xtec.cat\/baixllobregat1\/wp-json\/wp\/v2\/pages\/2344"}],"wp:attachment":[{"href":"https:\/\/serveiseducatius.xtec.cat\/baixllobregat1\/wp-json\/wp\/v2\/media?parent=3412"}],"curies":[{"name":"wp","href":"https:\/\/api.w.org\/{rel}","templated":true}]}}