{"id":338,"date":"2015-11-24T18:40:49","date_gmt":"2015-11-24T17:40:49","guid":{"rendered":"http:\/\/serveiseducatius.xtec.cat\/se-baixllobregat1\/?page_id=338"},"modified":"2022-02-07T12:24:26","modified_gmt":"2022-02-07T11:24:26","slug":"centres-educatius","status":"publish","type":"page","link":"https:\/\/serveiseducatius.xtec.cat\/baixllobregat1\/comunitat\/centres-educatius\/","title":{"rendered":"Centres educatius"},"content":{"rendered":"<p style=\"text-align: justify;\">En aquesta secci\u00f3 es poden consultar les dades de tots els Centres Educatius de la zona del\u00a0 Servei Educatiu del Baix Llobregat 1: Sant Feliu de Llobregat, Molins de Rei i El Papiol.<\/p>\n<ul>\n<li style=\"text-align: justify;\"><a style=\"font-family: inherit; font-size: 1em;\" href=\"https:\/\/serveiseducatius.xtec.cat\/baixllobregat1\/comunitat\/centres-educatius\/escoles-bressol\/\">Escoles Bressol p\u00fabliques<\/a><\/li>\n<li><a href=\"http:\/\/serveiseducatius.xtec.cat\/baixllobregat1\/comunitat\/centres-educatius\/llar-dinfants-privades\/\">Llar d&#8217;infants privades<\/a><\/li>\n<li style=\"text-align: justify;\"><a href=\"https:\/\/serveiseducatius.xtec.cat\/baixllobregat1\/comunitat\/centres-educatius\/educacio-infantil-i-primaria\/\">Escoles d&#8217;Educaci\u00f3 infantil i prim\u00e0ria p\u00fabliques<\/a><\/li>\n<li style=\"text-align: justify;\"><a href=\"https:\/\/serveiseducatius.xtec.cat\/baixllobregat1\/comunitat\/centres-educatius\/ensenyament-secundari-batxillerat-i-formacio-professional\/\"><span style=\"font-weight: 400;\">Educaci\u00f3 secund\u00e0ria, Batxillerat i Formaci\u00f3 professional p\u00fablics<\/span><\/a><\/li>\n<li style=\"text-align: justify;\"><a href=\"https:\/\/serveiseducatius.xtec.cat\/baixllobregat1\/comunitat\/centres-educatius\/educacio-especial\/\">Centres d&#8217;educaci\u00f3 especial<\/a><\/li>\n<li><a href=\"https:\/\/serveiseducatius.xtec.cat\/baixllobregat1\/?page_id=3764&amp;preview=true\">Centres de\u00a0 Formaci\u00f3 d&#8217;Adults<\/a><\/li>\n<li><a href=\"http:\/\/serveiseducatius.xtec.cat\/baixllobregat1\/comunitat\/centres-educatius\/llars-dinfants-escoles-i-instituts-privats\/\"><span style=\"font-weight: 400;\">Centres Concertats d\u2019Educaci\u00f3 infantil, prim\u00e0ria i secund\u00e0ria<\/span><\/a><\/li>\n<\/ul>\n<p>&nbsp;<\/p>\n<p>&nbsp;<\/p>\n<p><iframe loading=\"lazy\" src=\"http:\/\/www.instamaps.cat\/geocatweb\/visor.html?businessid=f623ab36c9dc28b7c159b350b279e99e&amp;id=1697256&amp;title=Centres-del-SEZ-del-Pla-de-lEstany&amp;embed=1\" width=\"100%\" height=\"600\" frameborder=\"0\"><\/iframe><\/p>\n<p style=\"text-align: justify;\">\n","protected":false},"excerpt":{"rendered":"<p>En aquesta secci\u00f3 es poden consultar les dades de tots els Centres Educatius de la zona del\u00a0 Servei Educatiu del Baix Llobregat 1: Sant Feliu de Llobregat, Molins de Rei i El Papiol. Escoles Bressol p\u00fabliques Llar d&#8217;infants privades Escoles d&#8217;Educaci\u00f3 infantil i prim\u00e0ria p\u00fabliques Educaci\u00f3 secund\u00e0ria, Batxillerat i Formaci\u00f3 professional p\u00fablics Centres d&#8217;educaci\u00f3 especial [&hellip;]<\/p>\n","protected":false},"author":1,"featured_media":0,"parent":341,"menu_order":10,"comment_status":"closed","ping_status":"closed","template":"page-templates\/side-menu.php","meta":{"_bbp_topic_count":0,"_bbp_reply_count":0,"_bbp_total_topic_count":0,"_bbp_total_reply_count":0,"_bbp_voice_count":0,"_bbp_anonymous_reply_count":0,"_bbp_topic_count_hidden":0,"_bbp_reply_count_hidden":0,"_bbp_forum_subforum_count":0,"site-sidebar-layout":"default","site-content-layout":"","ast-site-content-layout":"","site-content-style":"default","site-sidebar-style":"default","ast-global-header-display":"","ast-banner-title-visibility":"","ast-main-header-display":"","ast-hfb-above-header-display":"","ast-hfb-below-header-display":"","ast-hfb-mobile-header-display":"","site-post-title":"","ast-breadcrumbs-content":"","ast-featured-img":"","footer-sml-layout":"","theme-transparent-header-meta":"","adv-header-id-meta":"","stick-header-meta":"","header-above-stick-meta":"","header-main-stick-meta":"","header-below-stick-meta":"","astra-migrate-meta-layouts":"default","ast-page-background-enabled":"default","ast-page-background-meta":{"desktop":{"background-color":"var(--ast-global-color-4)","background-image":"","background-repeat":"repeat","background-position":"center center","background-size":"auto","background-attachment":"scroll","background-type":"","background-media":"","overlay-type":"","overlay-color":"","overlay-opacity":"","overlay-gradient":""},"tablet":{"background-color":"","background-image":"","background-repeat":"repeat","background-position":"center center","background-size":"auto","background-attachment":"scroll","background-type":"","background-media":"","overlay-type":"","overlay-color":"","overlay-opacity":"","overlay-gradient":""},"mobile":{"background-color":"","background-image":"","background-repeat":"repeat","background-position":"center center","background-size":"auto","background-attachment":"scroll","background-type":"","background-media":"","overlay-type":"","overlay-color":"","overlay-opacity":"","overlay-gradient":""}},"ast-content-background-meta":{"desktop":{"background-color":"var(--ast-global-color-5)","background-image":"","background-repeat":"repeat","background-position":"center center","background-size":"auto","background-attachment":"scroll","background-type":"","background-media":"","overlay-type":"","overlay-color":"","overlay-opacity":"","overlay-gradient":""},"tablet":{"background-color":"var(--ast-global-color-5)","background-image":"","background-repeat":"repeat","background-position":"center center","background-size":"auto","background-attachment":"scroll","background-type":"","background-media":"","overlay-type":"","overlay-color":"","overlay-opacity":"","overlay-gradient":""},"mobile":{"background-color":"var(--ast-global-color-5)","background-image":"","background-repeat":"repeat","background-position":"center center","background-size":"auto","background-attachment":"scroll","background-type":"","background-media":"","overlay-type":"","overlay-color":"","overlay-opacity":"","overlay-gradient":""}},"footnotes":""},"class_list":["post-338","page","type-page","status-publish","hentry"],"post_mailing_queue_ids":[],"_links":{"self":[{"href":"https:\/\/serveiseducatius.xtec.cat\/baixllobregat1\/wp-json\/wp\/v2\/pages\/338","targetHints":{"allow":["GET"]}}],"collection":[{"href":"https:\/\/serveiseducatius.xtec.cat\/baixllobregat1\/wp-json\/wp\/v2\/pages"}],"about":[{"href":"https:\/\/serveiseducatius.xtec.cat\/baixllobregat1\/wp-json\/wp\/v2\/types\/page"}],"author":[{"embeddable":true,"href":"https:\/\/serveiseducatius.xtec.cat\/baixllobregat1\/wp-json\/wp\/v2\/users\/1"}],"replies":[{"embeddable":true,"href":"https:\/\/serveiseducatius.xtec.cat\/baixllobregat1\/wp-json\/wp\/v2\/comments?post=338"}],"version-history":[{"count":4,"href":"https:\/\/serveiseducatius.xtec.cat\/baixllobregat1\/wp-json\/wp\/v2\/pages\/338\/revisions"}],"predecessor-version":[{"id":5212,"href":"https:\/\/serveiseducatius.xtec.cat\/baixllobregat1\/wp-json\/wp\/v2\/pages\/338\/revisions\/5212"}],"up":[{"embeddable":true,"href":"https:\/\/serveiseducatius.xtec.cat\/baixllobregat1\/wp-json\/wp\/v2\/pages\/341"}],"wp:attachment":[{"href":"https:\/\/serveiseducatius.xtec.cat\/baixllobregat1\/wp-json\/wp\/v2\/media?parent=338"}],"curies":[{"name":"wp","href":"https:\/\/api.w.org\/{rel}","templated":true}]}}