{"id":318,"date":"2015-11-24T18:18:24","date_gmt":"2015-11-24T17:18:24","guid":{"rendered":"http:\/\/serveiseducatius.xtec.cat\/se-baixllobregat1\/?page_id=318"},"modified":"2026-01-11T17:58:12","modified_gmt":"2026-01-11T16:58:12","slug":"on-som","status":"publish","type":"page","link":"https:\/\/serveiseducatius.xtec.cat\/baixllobregat1\/el-servei-educatiu\/on-som\/","title":{"rendered":"On som"},"content":{"rendered":"<p style=\"text-align: center;\"><iframe loading=\"lazy\" style=\"border: 0;\" src=\"https:\/\/www.google.com\/maps\/embed?pb=!1m14!1m8!1m3!1d605.1170884076969!2d2.0496307!3d41.3864789!3m2!1i1024!2i768!4f13.1!3m3!1m2!1s0x12a49b000e328a4d%3A0xbf2a1f33b7aa6b78!2sServei%20Educatiu%20Baix%20Llobregat%20I!5e1!3m2!1sca!2ses!4v1768150344613!5m2!1sca!2ses\" width=\"800\" height=\"600\" allowfullscreen=\"allowfullscreen\"><\/iframe><\/p>\n<h6><a href=\"https:\/\/maps.app.goo.gl\/JhmRv6m2Q2rE1xbD7\" target=\"_blank\" rel=\"noopener\"><strong>Indicacions<\/strong><\/a><\/h6>\n<h3><strong><br \/>\nCom arribar-hi:<br \/>\n<\/strong><\/h3>\n<ul>\n<li><strong>Per tren<\/strong>: Estaci\u00f3 Renfe Sant Feliu de Llobregat<br \/>\nL\u00ednia <a href=\"http:\/\/www.trenscat.com\/renfe\/r1_ct.html\" target=\"_blank\" rel=\"noopener\">R1<\/a>: Molins de Rei &#8211; Ma\u00e7anet Massanes<br \/>\nL\u00ednia <a href=\"http:\/\/www.trenscat.com\/renfe\/r4_ct.html\" target=\"_blank\" rel=\"noopener\">R4<\/a>: Sant Vicen\u00e7 de Calders \/ Vilafranca \/ Martorell &#8211; Terrassa \/ Manresa<span id=\"mainform:stmtren_detail\" class=\"detail\"><\/span><\/li>\n<li><strong>Per tramvia<\/strong>:<br \/>\n<span class=\"body interior\"><span id=\"mainform:stmtram_detail\" class=\"detail\">L\u00ednia <a href=\"http:\/\/www.tram.cat\/linies-i-horaris\/linea-t3\/\" target=\"_blank\" rel=\"noopener\">T3<\/a>: Barcelona (Francesc Maci\u00e0) &#8211; Sant Feliu Consell Comarcal<\/span><\/span><\/li>\n<li><strong>Per autob\u00fas interurb\u00e0<\/strong>:<br \/>\nL\u00ednia <a href=\"http:\/\/www.ambmobilitat.cat\/Principales\/TiraLinea.aspx?linea=167\" target=\"_blank\" rel=\"noopener\">L10<\/a>: El Prat de Llobregat &#8211; Sant Just Desvern (Mas Lluh\u00ed)<br \/>\nL\u00ednia <a href=\"http:\/\/www.solerisauret.com\/transport-urba-i-interurba\/interurbanes\/linies-i-parades\/item\/135-l50.html\">L50<\/a>: Barcelona\u00a0(Riera Blanca \u2013 Trav. de les Corts) &#8211; Avinyonet del Pened\u00e9s<br \/>\nL\u00ednia <a href=\"http:\/\/www.solerisauret.com\/transport-urba-i-interurba\/interurbanes\/linies-i-parades\/item\/119-l51.html\">L51<\/a>: Barcelona (Buenos Aires &#8211; Av. Sarri\u00e0) &#8211; Sant Feliu de Llobregat<br \/>\nL\u00ednia <a href=\"http:\/\/www.ambmobilitat.cat\/Principales\/TiraLinea.aspx?linea=181\" target=\"_blank\" rel=\"noopener\">L52<\/a>: L&#8217;Hospitalet de Llobregat (Ciutat de la Just\u00edcia) &#8211; Sant Feliu de Llobregat (pla\u00e7a Pere Dot)<br \/>\nL\u00ednia <a href=\"http:\/\/www.solerisauret.com\/transport-urba-i-interurba\/interurbanes\/linies-i-parades\/item\/136-l57.html\">L57<\/a>: Barcelona (Buenos Aires &#8211; Av. Sarri\u00e0) &#8211;\u00a0Avinyonet del Pened\u00e9s<br \/>\nL\u00ednia <span class=\"body interior\"><span id=\"mainform:stmsoler_detail\" class=\"detail\"><a class=\"underL\" href=\"http:\/\/www.solerisauret.com\/transport-urba-i-interurba\/interurbanes\/linies-i-parades\/item\/121-l60.html\" target=\"_blank\" rel=\"noopener\">L60<\/a><\/span><\/span>: Molins de Rei &#8211; Hospital de Sant Joan Desp\u00ed<br \/>\nL\u00ednia <span class=\"body interior\"><span id=\"mainform:stmsoler_detail\" class=\"detail\"> <a class=\"underL\" href=\"http:\/\/www.solerisauret.com\/transport-urba-i-interurba\/interurbanes\/linies-i-parades\/item\/140-l61.html\" target=\"_blank\" rel=\"noopener\">L61<\/a><\/span><\/span>: Barcelona (Buenos Aires &#8211; Av. Sarri\u00e0) &#8211; Sant Boi de Llobregat<br \/>\nL\u00ednia <span class=\"body interior\"><span id=\"mainform:stmsoler_detail\" class=\"detail\"><a class=\"underL\" href=\"http:\/\/www.solerisauret.com\/transport-urba-i-interurba\/interurbanes\/linies-i-parades\/item\/139-l62.html\" target=\"_blank\" rel=\"noopener\">L62<\/a><\/span><\/span>: Barcelona\u00a0(Riera Blanca \u2013 Trav. de les Corts) &#8211; Torrelles de Llobregat<br \/>\nL\u00ednia <span class=\"body interior\"><span id=\"mainform:stmsoler_detail\" class=\"detail\"><a class=\"underL\" href=\"http:\/\/www.solerisauret.com\/transport-urba-i-interurba\/interurbanes\/linies-i-parades\/item\/138-l64.html\" target=\"_blank\" rel=\"noopener\">L64<\/a><\/span><\/span>: Barcelona (Compte Borrell &#8211; Tarradelles) &#8211; Martorell<br \/>\nL\u00ednia <span class=\"body interior\"><span id=\"mainform:stmsoler_detail\" class=\"detail\"><a class=\"underL\" href=\"http:\/\/www.solerisauret.com\/transport-urba-i-interurba\/interurbanes\/linies-i-parades\/item\/137-l65.html\" target=\"_blank\" rel=\"noopener\">L65<\/a><\/span><\/span>: Sant Just Desvern &#8211; Martorell<\/li>\n<li><strong>Autobusos urbans<\/strong>:<br \/>\nL\u00ednia <a href=\"http:\/\/www.solerisauret.com\/transport-urba-i-interurba\/autobusos-urbans\/sant-feliu-de-llobregat\/itemlist\/category\/6-sf1.html\" target=\"_blank\" rel=\"noopener\">SF1<\/a>: Estaci\u00f3 Renfe &#8211; Tram &#8211; Mas Lluh\u00ed<br \/>\nL\u00ednia <a href=\"http:\/\/www.solerisauret.com\/transport-urba-i-interurba\/autobusos-urbans\/sant-feliu-de-llobregat\/itemlist\/category\/7-sf2.html\" target=\"_blank\" rel=\"noopener\">SF2<\/a>: Estaci\u00f3 &#8211; Falguera &#8211; El Pla &#8211; rambla Marquesa Castellbell &#8211; Estaci\u00f3<span id=\"mainform:stmsoler_detail\" class=\"detail\"><\/span><\/li>\n<\/ul>\n","protected":false},"excerpt":{"rendered":"<p>Indicacions Com arribar-hi: Per tren: Estaci\u00f3 Renfe Sant Feliu de Llobregat L\u00ednia R1: Molins de Rei &#8211; Ma\u00e7anet Massanes L\u00ednia R4: Sant Vicen\u00e7 de Calders \/ Vilafranca \/ Martorell &#8211; Terrassa \/ Manresa Per tramvia: L\u00ednia T3: Barcelona (Francesc Maci\u00e0) &#8211; Sant Feliu Consell Comarcal Per autob\u00fas interurb\u00e0: L\u00ednia L10: El Prat de Llobregat &#8211; [&hellip;]<\/p>\n","protected":false},"author":1,"featured_media":0,"parent":806,"menu_order":50,"comment_status":"closed","ping_status":"closed","template":"page-templates\/side-menu.php","meta":{"_bbp_topic_count":0,"_bbp_reply_count":0,"_bbp_total_topic_count":0,"_bbp_total_reply_count":0,"_bbp_voice_count":0,"_bbp_anonymous_reply_count":0,"_bbp_topic_count_hidden":0,"_bbp_reply_count_hidden":0,"_bbp_forum_subforum_count":0,"site-sidebar-layout":"default","site-content-layout":"","ast-site-content-layout":"","site-content-style":"default","site-sidebar-style":"default","ast-global-header-display":"","ast-banner-title-visibility":"","ast-main-header-display":"","ast-hfb-above-header-display":"","ast-hfb-below-header-display":"","ast-hfb-mobile-header-display":"","site-post-title":"","ast-breadcrumbs-content":"","ast-featured-img":"","footer-sml-layout":"","theme-transparent-header-meta":"","adv-header-id-meta":"","stick-header-meta":"","header-above-stick-meta":"","header-main-stick-meta":"","header-below-stick-meta":"","astra-migrate-meta-layouts":"default","ast-page-background-enabled":"default","ast-page-background-meta":{"desktop":{"background-color":"var(--ast-global-color-4)","background-image":"","background-repeat":"repeat","background-position":"center center","background-size":"auto","background-attachment":"scroll","background-type":"","background-media":"","overlay-type":"","overlay-color":"","overlay-opacity":"","overlay-gradient":""},"tablet":{"background-color":"","background-image":"","background-repeat":"repeat","background-position":"center center","background-size":"auto","background-attachment":"scroll","background-type":"","background-media":"","overlay-type":"","overlay-color":"","overlay-opacity":"","overlay-gradient":""},"mobile":{"background-color":"","background-image":"","background-repeat":"repeat","background-position":"center center","background-size":"auto","background-attachment":"scroll","background-type":"","background-media":"","overlay-type":"","overlay-color":"","overlay-opacity":"","overlay-gradient":""}},"ast-content-background-meta":{"desktop":{"background-color":"var(--ast-global-color-5)","background-image":"","background-repeat":"repeat","background-position":"center center","background-size":"auto","background-attachment":"scroll","background-type":"","background-media":"","overlay-type":"","overlay-color":"","overlay-opacity":"","overlay-gradient":""},"tablet":{"background-color":"var(--ast-global-color-5)","background-image":"","background-repeat":"repeat","background-position":"center center","background-size":"auto","background-attachment":"scroll","background-type":"","background-media":"","overlay-type":"","overlay-color":"","overlay-opacity":"","overlay-gradient":""},"mobile":{"background-color":"var(--ast-global-color-5)","background-image":"","background-repeat":"repeat","background-position":"center center","background-size":"auto","background-attachment":"scroll","background-type":"","background-media":"","overlay-type":"","overlay-color":"","overlay-opacity":"","overlay-gradient":""}},"footnotes":""},"class_list":["post-318","page","type-page","status-publish","hentry"],"post_mailing_queue_ids":[],"_links":{"self":[{"href":"https:\/\/serveiseducatius.xtec.cat\/baixllobregat1\/wp-json\/wp\/v2\/pages\/318","targetHints":{"allow":["GET"]}}],"collection":[{"href":"https:\/\/serveiseducatius.xtec.cat\/baixllobregat1\/wp-json\/wp\/v2\/pages"}],"about":[{"href":"https:\/\/serveiseducatius.xtec.cat\/baixllobregat1\/wp-json\/wp\/v2\/types\/page"}],"author":[{"embeddable":true,"href":"https:\/\/serveiseducatius.xtec.cat\/baixllobregat1\/wp-json\/wp\/v2\/users\/1"}],"replies":[{"embeddable":true,"href":"https:\/\/serveiseducatius.xtec.cat\/baixllobregat1\/wp-json\/wp\/v2\/comments?post=318"}],"version-history":[{"count":5,"href":"https:\/\/serveiseducatius.xtec.cat\/baixllobregat1\/wp-json\/wp\/v2\/pages\/318\/revisions"}],"predecessor-version":[{"id":1662,"href":"https:\/\/serveiseducatius.xtec.cat\/baixllobregat1\/wp-json\/wp\/v2\/pages\/318\/revisions\/1662"}],"up":[{"embeddable":true,"href":"https:\/\/serveiseducatius.xtec.cat\/baixllobregat1\/wp-json\/wp\/v2\/pages\/806"}],"wp:attachment":[{"href":"https:\/\/serveiseducatius.xtec.cat\/baixllobregat1\/wp-json\/wp\/v2\/media?parent=318"}],"curies":[{"name":"wp","href":"https:\/\/api.w.org\/{rel}","templated":true}]}}