{"id":2445,"date":"2017-09-17T17:45:53","date_gmt":"2017-09-17T15:45:53","guid":{"rendered":"http:\/\/serveiseducatius.xtec.cat\/baixllobregat1\/?page_id=2445"},"modified":"2026-04-08T13:20:17","modified_gmt":"2026-04-08T11:20:17","slug":"calendari-pfz","status":"publish","type":"page","link":"https:\/\/serveiseducatius.xtec.cat\/baixllobregat1\/formacio\/calendari-pfz\/","title":{"rendered":"Calendari PFZ 2026-2027"},"content":{"rendered":"\n<p><\/p>\n\n\n<p><a href=\"http:\/\/serveiseducatius.xtec.cat\/baixllobregat1\/wp-content\/uploads\/usu767\/2017\/05\/PFZ_petit_blanc.png\"><img loading=\"lazy\" decoding=\"async\" class=\"wp-image-2006 alignleft\" src=\"http:\/\/serveiseducatius.xtec.cat\/baixllobregat1\/wp-content\/uploads\/usu767\/2017\/05\/PFZ_petit_blanc.png\" alt=\"PFZ_petit_blanc\" width=\"149\" height=\"122\" \/><\/a><\/p>\n<h2>Pla de Formaci\u00f3 de Zona 2026-2027<\/h2>\n<ul>\n<li><a href=\"https:\/\/serveiseducatius.xtec.cat\/baixllobregat1\/formacio\/deteccio-necessitats\/\"><strong>Detecci\u00f3 de necessitats de formaci\u00f3<\/strong><\/a><\/li>\n<\/ul>\n<table style=\"height: 15px; width: 99.5834%; background-color: #ccc0fc;\" width=\"697\">\n<tbody>\n<tr style=\"height: 15px;\">\n<td style=\"width: 100%; height: 15px;\">\n<h4><span style=\"color: #000000;\"><strong>Calendari\u00a0 \u00a0 \u00a0 \u00a0 \u00a0 \u00a0 \u00a0 \u00a0 \u00a0 \u00a0 \u00a0 \u00a0 \u00a0 \u00a0 \u00a0 \u00a0 \u00a0 \u00a0 \u00a0 \u00a0 \u00a0 \u00a0 \u00a0 \u00a0 \u00a0 \u00a0 \u00a0 \u00a0 \u00a0 \u00a0 \u00a0 \u00a0 \u00a0 \u00a0 \u00a0 \u00a0 \u00a0 \u00a0 \u00a0 \u00a0 \u00a0 \u00a0 \u00a0 \u00a0 \u00a0 \u00a0 \u00a0 \u00a0 \u00a0 \u00a0 \u00a0 \u00a0 \u00a0 \u00a0 \u00a0 \u00a0 \u00a0 \u00a0 \u00a0 \u00a0 \u00a0 \u00a0 \u00a0 \u00a0 \u00a0 \u00a0 \u00a0 \u00a0 \u00a0<\/strong><\/span><\/h4>\n<\/td>\n<\/tr>\n<\/tbody>\n<\/table>\n<h4><a href=\"https:\/\/drive.google.com\/file\/d\/119deF7rsydSTMZqtfxRsSnmqyVJf3E08\/view?usp=drive_link\" target=\"_blank\" rel=\"noopener\"><span style=\"color: #000000;\"><strong><img loading=\"lazy\" decoding=\"async\" class=\"wp-image-9001 alignright\" src=\"https:\/\/serveiseducatius.xtec.cat\/baixllobregat1\/wp-content\/uploads\/usu767\/2026\/04\/IMG_pdf.jpg\" alt=\"\" width=\"36\" height=\"37\" srcset=\"https:\/\/serveiseducatius.xtec.cat\/baixllobregat1\/wp-content\/uploads\/usu767\/2026\/04\/IMG_pdf.jpg 174w, https:\/\/serveiseducatius.xtec.cat\/baixllobregat1\/wp-content\/uploads\/usu767\/2026\/04\/IMG_pdf-150x150.jpg 150w\" sizes=\"auto, (max-width: 36px) 100vw, 36px\" \/><\/strong><\/span><\/a><\/h4>\n<table class=\" alignleft\" style=\"height: 332px; width: 99.5015%; background-color: #ffffff; border-style: none; border-color: #000000;\">\n<tbody>\n<tr style=\"height: 44px;\">\n<td style=\"width: 70.0907%; height: 10px;\">\n<h5><span style=\"color: #ff0000;\"><strong>PRIMER TORN\u00a0<\/strong><\/span><\/h5>\n<\/td>\n<td style=\"width: 108.276%; height: 10px;\">\u00a0<\/td>\n<\/tr>\n<tr style=\"height: 32px;\">\n<td style=\"width: 70.0907%; height: 47px;\"><strong>Tramesa documentaci\u00f3 detecci\u00f3 de necessitats als centres<\/strong><\/td>\n<td style=\"width: 108.276%; height: 47px; text-align: center;\"><strong>9\u00a0 d\u2019abril de 2026<\/strong><\/td>\n<\/tr>\n<tr style=\"background-color: #ffff99;\">\n<td style=\"width: 70.0907%; height: 58px;\"><strong>Data l\u00edmit pera la recollida de propostes<\/strong> (Demandes de formaci\u00f3: Assessoraments, FIC, cursos, tallers, seminaris,.. )\u00a0 \u00a0 <span style=\"color: #ff0000;\"><strong>Per al primer i segon torn del curs 2026-2027<\/strong><\/span><\/td>\n<td style=\"width: 108.276%; height: 58px; text-align: center;\"><span style=\"color: #ff0000;\"><strong>27\u00a0 d&#8217;abril de 2026<\/strong><\/span><\/td>\n<\/tr>\n<tr style=\"height: 44px;\">\n<td style=\"width: 70.0907%; height: 40px; vertical-align: middle;\">An\u00e0lisi i aprovaci\u00f3 de la proposta dels PFZ en la comissi\u00f3 del PFZ<\/td>\n<td style=\"width: 108.276%; text-align: center; height: 40px;\">28 de maig de 2026<\/td>\n<\/tr>\n<tr style=\"height: 43px;\">\n<td style=\"width: 70.0907%; vertical-align: middle; height: 40px;\">Introducci\u00f3 de la proposta a l\u2019aplicaci\u00f3 GTAF<\/td>\n<td style=\"width: 108.276%; text-align: center; height: 40px;\">Fins al 8 de juny de 2026<\/td>\n<\/tr>\n<tr style=\"height: 50px;\">\n<td style=\"width: 70.0907%; height: 48px;\">Revisi\u00f3 i vistiplau de la proposta per part de la Subdirecci\u00f3 General d\u2019Innovaci\u00f3 i Formaci\u00f3<\/td>\n<td style=\"width: 108.276%; height: 48px; text-align: center; vertical-align: middle;\">Fins\u00a0 al 29 de juny de 2026<\/td>\n<\/tr>\n<tr style=\"height: 0px;\">\n<td style=\"width: 70.0907%; height: 21px;\">Confirmaci\u00f3 de les activitats<\/td>\n<td style=\"width: 108.276%; height: 21px; vertical-align: middle;\">\n<p style=\"text-align: center;\">Fins al 15\u00a0 de juliol de 2026<\/p>\n<\/td>\n<\/tr>\n<tr style=\"height: 32px;\">\n<td style=\"width: 70.0907%; height: 10px;\"><strong>Publicaci\u00f3 activitats al Web<\/strong><\/td>\n<td style=\"width: 108.276%; height: 10px;\">\n<p style=\"text-align: center;\"><strong>juliol &#8211; agost\u00a0 de 2026<\/strong><\/p>\n<\/td>\n<\/tr>\n<tr style=\"height: 32px; background-color: #ffff99;\">\n<td style=\"width: 70.0907%; height: 32px;\"><strong>Inscripci\u00f3 a les activitats<\/strong><\/td>\n<td style=\"width: 108.276%; height: 32px; text-align: center;\"><strong>Del 4\u00a0 al\u00a0 20\u00a0 de setembre de 2026<\/strong><\/td>\n<\/tr>\n<tr style=\"border-color: #000000;\">\n<td style=\"width: 70.0907%; height: 10px;\">Consulta d\u2019assignacions<\/td>\n<td style=\"width: 108.276%; height: 10px;\">\n<p style=\"text-align: center;\">6 d\u2019octubre de 2026<\/p>\n<\/td>\n<\/tr>\n<tr style=\"border-color: #000000;\">\n<td style=\"width: 70.0907%; height: 16px;\">Inici de les activitats de formaci\u00f3<\/td>\n<td style=\"width: 108.276%; height: 16px;\">\n<p style=\"text-align: center;\">A partir del 13 d\u2019octubre 2026<\/p>\n<\/td>\n<\/tr>\n<\/tbody>\n<\/table>\n<p>\u00a0<\/p>\n<p>\u00a0<\/p>\n<p>\u00a0<\/p>\n<p>\u00a0<\/p>\n<p>\u00a0<\/p>\n<p>\u00a0<\/p>\n<p>\u00a0<\/p>\n<p>\u00a0<\/p>\n<p>\u00a0<\/p>\n<table style=\"height: 406px; width: 99.6342%; background-color: #ffffff;\" width=\"80.3904%\">\n<tbody>\n<tr style=\"height: 50px;\">\n<td style=\"width: 70.1095%; height: 50px;\">\n<h5><span style=\"color: #ff0000;\"><strong>SEGON TORN<\/strong><\/span><\/h5>\n<\/td>\n<td style=\"width: 112.88%; height: 50px;\">\u00a0<\/td>\n<\/tr>\n<tr style=\"height: 33px;\">\n<td style=\"width: 70.1095%; height: 33px;\"><strong>Tramesa documentaci\u00f3 detecci\u00f3 de necessitats al centres<\/strong><\/td>\n<td style=\"width: 112.88%; text-align: center; height: 33px;\"><strong>8 d&#8217;octubre de 2026<\/strong><\/td>\n<\/tr>\n<tr style=\"height: 65px; background-color: #ffff99;\">\n<td style=\"width: 70.1095%; height: 56px;\"><strong>Data l\u00edmit pera la recollida de propostes<\/strong> (Demandes de formaci\u00f3: Assessoraments, FIC, cursos, tallers, seminaris,..)\u00a0 \u00a0 \u00a0 <span style=\"color: #ff0000;\"><strong>Per al segon torn del curs 2026-2027<\/strong><\/span><\/td>\n<td style=\"width: 112.88%; height: 56px;\" width=\"201\">\n<p style=\"text-align: center;\"><span style=\"color: #ff0000;\"><strong>22\u00a0 d&#8217;octubre de 2026<\/strong><\/span><\/p>\n<\/td>\n<\/tr>\n<tr style=\"height: 50px;\">\n<td style=\"width: 70.1095%; height: 61px;\">Aprovaci\u00f3 de la proposta d&#8217;activitats. Reuni\u00f3 de la comissi\u00f3 del PFZ o de la comissi\u00f3 t\u00e8cnica.<\/td>\n<td style=\"width: 112.88%; height: 61px; text-align: center;\">29 d\u2019octubre de 2026<\/td>\n<\/tr>\n<tr>\n<td style=\"width: 70.1095%;\">Data l\u00edmit per introduir les activitats a l\u2019expedient econ\u00f2mic<\/td>\n<td style=\"width: 112.88%;\">\n<p style=\"text-align: center;\"><strong>15 de novembre de 2026<\/strong><\/p>\n<\/td>\n<\/tr>\n<tr style=\"height: 50px;\">\n<td style=\"width: 70.1095%; height: 45px;\">Introducci\u00f3 de la proposta a l\u2019aplicaci\u00f3 GTAF<\/td>\n<td style=\"width: 112.88%; height: 45px;\">\n<p style=\"text-align: center;\">Fins al 27 de novembre de 2026<\/p>\n<\/td>\n<\/tr>\n<tr style=\"height: 32px;\">\n<td style=\"width: 70.1095%; height: 12px;\"><strong>Publicaci\u00f3 activitats al Web<\/strong><\/td>\n<td style=\"width: 112.88%; height: 12px;\">\n<p style=\"text-align: center;\"><strong>Abans del 4 de desembre de 2026<\/strong><\/p>\n<\/td>\n<\/tr>\n<tr style=\"height: 32px; background-color: #ffff99;\">\n<td style=\"width: 70.1095%; height: 32px;\"><strong>Inscripci\u00f3 a les activitats<\/strong><\/td>\n<td style=\"width: 112.88%; height: 32px; text-align: center;\"><strong>Del 7 al\u00a0 15 de gener de 2027<\/strong><\/td>\n<\/tr>\n<tr style=\"height: 32px;\">\n<td style=\"width: 70.1095%; height: 32px;\">Consulta d\u2019assignacions<\/td>\n<td style=\"width: 112.88%; height: 32px;\">\n<p style=\"text-align: center;\">29 de gener de 2027<\/p>\n<\/td>\n<\/tr>\n<tr style=\"height: 32px;\">\n<td style=\"width: 70.1095%; height: 32px;\">Inici de les activitats de formaci\u00f3<\/td>\n<td style=\"width: 112.88%; height: 32px;\">\n<p style=\"text-align: center;\">A partir del 5 de febrer de 2027<\/p>\n<\/td>\n<\/tr>\n<\/tbody>\n<\/table>\n<p>\u00a0<\/p>","protected":false},"excerpt":{"rendered":"<p>Pla de Formaci\u00f3 de Zona 2026-2027 Detecci\u00f3 de necessitats de formaci\u00f3 Calendari\u00a0 \u00a0 \u00a0 \u00a0 \u00a0 \u00a0 \u00a0 \u00a0 \u00a0 \u00a0 \u00a0 \u00a0 \u00a0 \u00a0 \u00a0 \u00a0 \u00a0 \u00a0 \u00a0 \u00a0 \u00a0 \u00a0 \u00a0 \u00a0 \u00a0 \u00a0 \u00a0 \u00a0 \u00a0 \u00a0 \u00a0 \u00a0 \u00a0 \u00a0 \u00a0 \u00a0 \u00a0 \u00a0 \u00a0 \u00a0 \u00a0 \u00a0 \u00a0 \u00a0 [&hellip;]<\/p>\n","protected":false},"author":10,"featured_media":0,"parent":416,"menu_order":20,"comment_status":"closed","ping_status":"closed","template":"","meta":{"_bbp_topic_count":0,"_bbp_reply_count":0,"_bbp_total_topic_count":0,"_bbp_total_reply_count":0,"_bbp_voice_count":0,"_bbp_anonymous_reply_count":0,"_bbp_topic_count_hidden":0,"_bbp_reply_count_hidden":0,"_bbp_forum_subforum_count":0,"site-sidebar-layout":"default","site-content-layout":"","ast-site-content-layout":"default","site-content-style":"default","site-sidebar-style":"default","ast-global-header-display":"","ast-banner-title-visibility":"","ast-main-header-display":"","ast-hfb-above-header-display":"","ast-hfb-below-header-display":"","ast-hfb-mobile-header-display":"","site-post-title":"","ast-breadcrumbs-content":"","ast-featured-img":"","footer-sml-layout":"","theme-transparent-header-meta":"","adv-header-id-meta":"","stick-header-meta":"","header-above-stick-meta":"","header-main-stick-meta":"","header-below-stick-meta":"","astra-migrate-meta-layouts":"set","ast-page-background-enabled":"default","ast-page-background-meta":{"desktop":{"background-color":"var(--ast-global-color-4)","background-image":"","background-repeat":"repeat","background-position":"center center","background-size":"auto","background-attachment":"scroll","background-type":"","background-media":"","overlay-type":"","overlay-color":"","overlay-opacity":"","overlay-gradient":""},"tablet":{"background-color":"","background-image":"","background-repeat":"repeat","background-position":"center center","background-size":"auto","background-attachment":"scroll","background-type":"","background-media":"","overlay-type":"","overlay-color":"","overlay-opacity":"","overlay-gradient":""},"mobile":{"background-color":"","background-image":"","background-repeat":"repeat","background-position":"center center","background-size":"auto","background-attachment":"scroll","background-type":"","background-media":"","overlay-type":"","overlay-color":"","overlay-opacity":"","overlay-gradient":""}},"ast-content-background-meta":{"desktop":{"background-color":"var(--ast-global-color-5)","background-image":"","background-repeat":"repeat","background-position":"center center","background-size":"auto","background-attachment":"scroll","background-type":"","background-media":"","overlay-type":"","overlay-color":"","overlay-opacity":"","overlay-gradient":""},"tablet":{"background-color":"var(--ast-global-color-5)","background-image":"","background-repeat":"repeat","background-position":"center center","background-size":"auto","background-attachment":"scroll","background-type":"","background-media":"","overlay-type":"","overlay-color":"","overlay-opacity":"","overlay-gradient":""},"mobile":{"background-color":"var(--ast-global-color-5)","background-image":"","background-repeat":"repeat","background-position":"center center","background-size":"auto","background-attachment":"scroll","background-type":"","background-media":"","overlay-type":"","overlay-color":"","overlay-opacity":"","overlay-gradient":""}},"footnotes":""},"class_list":["post-2445","page","type-page","status-publish","hentry"],"post_mailing_queue_ids":[],"_links":{"self":[{"href":"https:\/\/serveiseducatius.xtec.cat\/baixllobregat1\/wp-json\/wp\/v2\/pages\/2445","targetHints":{"allow":["GET"]}}],"collection":[{"href":"https:\/\/serveiseducatius.xtec.cat\/baixllobregat1\/wp-json\/wp\/v2\/pages"}],"about":[{"href":"https:\/\/serveiseducatius.xtec.cat\/baixllobregat1\/wp-json\/wp\/v2\/types\/page"}],"author":[{"embeddable":true,"href":"https:\/\/serveiseducatius.xtec.cat\/baixllobregat1\/wp-json\/wp\/v2\/users\/10"}],"replies":[{"embeddable":true,"href":"https:\/\/serveiseducatius.xtec.cat\/baixllobregat1\/wp-json\/wp\/v2\/comments?post=2445"}],"version-history":[{"count":6,"href":"https:\/\/serveiseducatius.xtec.cat\/baixllobregat1\/wp-json\/wp\/v2\/pages\/2445\/revisions"}],"predecessor-version":[{"id":9004,"href":"https:\/\/serveiseducatius.xtec.cat\/baixllobregat1\/wp-json\/wp\/v2\/pages\/2445\/revisions\/9004"}],"up":[{"embeddable":true,"href":"https:\/\/serveiseducatius.xtec.cat\/baixllobregat1\/wp-json\/wp\/v2\/pages\/416"}],"wp:attachment":[{"href":"https:\/\/serveiseducatius.xtec.cat\/baixllobregat1\/wp-json\/wp\/v2\/media?parent=2445"}],"curies":[{"name":"wp","href":"https:\/\/api.w.org\/{rel}","templated":true}]}}