{"id":2344,"date":"2019-01-18T12:28:23","date_gmt":"2019-01-18T11:28:23","guid":{"rendered":"http:\/\/serveiseducatius.xtec.cat\/baixllobregat1\/?page_id=2344"},"modified":"2021-09-16T11:57:59","modified_gmt":"2021-09-16T09:57:59","slug":"maletes-danimacio-lectora","status":"publish","type":"page","link":"https:\/\/serveiseducatius.xtec.cat\/baixllobregat1\/recursos\/maletes-pedagogiques\/maletes-danimacio-lectora\/","title":{"rendered":"Maletes d&#8217;animaci\u00f3 lectora"},"content":{"rendered":"<p>Conjunt de materials de lectura per a treballar a l&#8217;aula amb alumnat d&#8217;educaci\u00f3 infanti, prim\u00e0ria i secund\u00e0ria.<\/p>\n<p>El per\u00edode de pr\u00e9stec habitual \u00e9s de 21 dies, prorrogable.<br \/>\nPer fer una reserva contacteu amb el CRP.\u00a0 93 685 31 00\u00a0 \u00a0 crp-santfeliu@xtec.cat<\/p>\n<table style=\"width: 100%; border-collapse: collapse; height: 583px;\" border=\"0\">\n<tbody>\n<tr style=\"height: 30px;\">\n<td style=\"width: 33.3333%; height: 30px;\"><a href=\"https:\/\/serveiseducatius.xtec.cat\/baixllobregat1\/recursos\/maletes-pedagogiques\/maletes-danimacio-lectora\/quin-quadre-laboratori-de-lectura\/\"><img loading=\"lazy\" decoding=\"async\" class=\"size-medium wp-image-3563 aligncenter\" src=\"https:\/\/serveiseducatius.xtec.cat\/baixllobregat1\/wp-content\/uploads\/usu767\/2019\/11\/difusio_reduida-300x218.jpg\" alt=\"\" width=\"300\" height=\"218\" srcset=\"https:\/\/serveiseducatius.xtec.cat\/baixllobregat1\/wp-content\/uploads\/usu767\/2019\/11\/difusio_reduida-300x218.jpg 300w, https:\/\/serveiseducatius.xtec.cat\/baixllobregat1\/wp-content\/uploads\/usu767\/2019\/11\/difusio_reduida.jpg 414w\" sizes=\"auto, (max-width: 300px) 100vw, 300px\" \/><\/a><\/td>\n<td style=\"width: 33.3333%; height: 30px;\"><a href=\"http:\/\/serveiseducatius.xtec.cat\/baixllobregat1\/recursos\/maletes-pedagogiques\/maletes-danimacio-lectora\/comics-dins-duna-maleta\/\"><img loading=\"lazy\" decoding=\"async\" class=\"aligncenter wp-image-1823\" src=\"https:\/\/serveiseducatius.xtec.cat\/baixllobregat1\/wp-content\/uploads\/usu767\/2017\/03\/foto_comic_portada_resum-300x253.jpg\" alt=\"\" width=\"276\" height=\"233\" \/><\/a><\/td>\n<td style=\"width: 33.3333%; height: 30px;\"><a href=\"https:\/\/serveiseducatius.xtec.cat\/baixllobregat1\/recursos\/maletes-pedagogiques\/maletes-danimacio-lectora\/maleta-novella-grafica-comic-per-a-secundaria\/\"><img loading=\"lazy\" decoding=\"async\" class=\"aligncenter wp-image-3451\" src=\"https:\/\/serveiseducatius.xtec.cat\/baixllobregat1\/wp-content\/uploads\/usu767\/2019\/10\/novel\u00b7la_grafica-300x96.jpg\" alt=\"\" width=\"446\" height=\"143\" srcset=\"https:\/\/serveiseducatius.xtec.cat\/baixllobregat1\/wp-content\/uploads\/usu767\/2019\/10\/novel\u00b7la_grafica-300x96.jpg 300w, https:\/\/serveiseducatius.xtec.cat\/baixllobregat1\/wp-content\/uploads\/usu767\/2019\/10\/novel\u00b7la_grafica-768x246.jpg 768w, https:\/\/serveiseducatius.xtec.cat\/baixllobregat1\/wp-content\/uploads\/usu767\/2019\/10\/novel\u00b7la_grafica.jpg 885w\" sizes=\"auto, (max-width: 446px) 100vw, 446px\" \/><\/a><\/td>\n<\/tr>\n<tr style=\"height: 64px;\">\n<td style=\"width: 33.3333%; height: 64px;\">\n<h3 style=\"text-align: center;\"><a href=\"https:\/\/serveiseducatius.xtec.cat\/baixllobregat1\/recursos\/maletes-pedagogiques\/maletes-danimacio-lectora\/quin-quadre-laboratori-de-lectura\/\"><span style=\"color: #800080;\"><b>Quin quadre!<\/b><\/span><\/a><b><\/b><\/h3>\n<h4 style=\"text-align: center;\">Laboratori de lectura<\/h4>\n<\/td>\n<td style=\"width: 33.3333%; height: 64px;\">\n<h3 style=\"text-align: center;\"><a href=\"http:\/\/serveiseducatius.xtec.cat\/baixllobregat1\/recursos\/maletes-pedagogiques\/maletes-danimacio-lectora\/comics-dins-duna-maleta\/\"><span style=\"color: #c72828;\"><b>C\u00f2mics dins d&#8217;una maleta!<\/b><\/span><\/a><b><\/b><\/h3>\n<\/td>\n<td style=\"width: 33.3333%; text-align: left; height: 64px;\">\n<h3 style=\"text-align: center;\"><span style=\"color: #333399;\"><a href=\"https:\/\/serveiseducatius.xtec.cat\/baixllobregat1\/recursos\/maletes-pedagogiques\/maletes-danimacio-lectora\/maleta-novella-grafica-comic-per-a-secundaria\/\"><strong>Novel\u00b7la<\/strong><span style=\"text-decoration: underline;\"><strong> gr\u00e0fica &#8211; c\u00f2mic\u00a0<\/strong><\/span><\/a><\/span><\/h3>\n<\/td>\n<\/tr>\n<tr style=\"height: 10px;\">\n<td style=\"width: 33.3333%; height: 10px;\">Proposta d\u2019activitat de promoci\u00f3 de la lectura que convida a experimentar al voltant de la lectura amb llibres i \u00e0lbums il\u00b7lustrats sobre pintura i pintors de totes les \u00e8poques i estils.<\/p>\n<p>Adre\u00e7ada a educaci\u00f3 prim\u00e0ria (1r a 6\u00e8)\u00a0 i tamb\u00e9 a\u00a0 educaci\u00f3 infantil.<\/td>\n<td style=\"width: 33.3333%; height: 10px;\">\n<pre style=\"text-align: center;\"><span style=\"color: #c72828;\"><b>(prim\u00e0ria)<\/b><\/span><\/pre>\n<p>Maleta per a prim\u00e0ria amb recursos per introduir l\u2019\u00fas del c\u00f2mic a l\u2019aula com a eina d\u2019aprenentatge.<\/p>\n<h3 style=\"text-align: center;\"><\/h3>\n<\/td>\n<td style=\"width: 33.3333%; text-align: left; height: 10px;\">\n<pre style=\"text-align: center;\">\u00a0<span style=\"color: #333399;\">(secund\u00e0ria)\r\n<\/span><\/pre>\n<p>Maleta amb una selecci\u00f3 de novel\u00b7les gr\u00e0fiques i c\u00f2mics de diversos g\u00e8neres, formats i \u00e8poques, amb les que els nois i noies podran gaudir d\u2019algunes de les obres m\u00e9s significatives del 9\u00e8 art.<\/td>\n<\/tr>\n<tr style=\"height: 30px;\">\n<td style=\"width: 33.3333%; height: 10px;\"><\/td>\n<td style=\"width: 33.3333%; height: 10px;\"><\/td>\n<td style=\"width: 33.3333%; height: 10px; text-align: left;\"><\/td>\n<\/tr>\n<tr style=\"height: 296px;\">\n<td style=\"width: 33.3333%; height: 296px;\"><a href=\"http:\/\/serveiseducatius.xtec.cat\/baixllobregat1\/recursos\/maletes-pedagogiques\/maletes-danimacio-lectora\/rosa-joana-i-les-set-magnifiques\/\"><img loading=\"lazy\" decoding=\"async\" class=\"aligncenter wp-image-3068 size-full\" src=\"https:\/\/serveiseducatius.xtec.cat\/baixllobregat1\/wp-content\/uploads\/usu767\/2019\/01\/Rosa_Joana1.jpg\" alt=\"\" width=\"289\" height=\"281\" \/><\/a><\/td>\n<td style=\"width: 33.3333%; height: 30px;\"><a href=\"https:\/\/serveiseducatius.xtec.cat\/baixllobregat1\/?page_id=4311&amp;preview=true\"><img loading=\"lazy\" decoding=\"async\" class=\"aligncenter size-full wp-image-4310\" src=\"https:\/\/serveiseducatius.xtec.cat\/baixllobregat1\/wp-content\/uploads\/usu767\/2021\/09\/WhatsApp-Image-2021-09-09-at-10.50.24-1.jpeg\" alt=\"\" width=\"1600\" height=\"1200\" srcset=\"https:\/\/serveiseducatius.xtec.cat\/baixllobregat1\/wp-content\/uploads\/usu767\/2021\/09\/WhatsApp-Image-2021-09-09-at-10.50.24-1.jpeg 1600w, https:\/\/serveiseducatius.xtec.cat\/baixllobregat1\/wp-content\/uploads\/usu767\/2021\/09\/WhatsApp-Image-2021-09-09-at-10.50.24-1-300x225.jpeg 300w, https:\/\/serveiseducatius.xtec.cat\/baixllobregat1\/wp-content\/uploads\/usu767\/2021\/09\/WhatsApp-Image-2021-09-09-at-10.50.24-1-1024x768.jpeg 1024w, https:\/\/serveiseducatius.xtec.cat\/baixllobregat1\/wp-content\/uploads\/usu767\/2021\/09\/WhatsApp-Image-2021-09-09-at-10.50.24-1-768x576.jpeg 768w, https:\/\/serveiseducatius.xtec.cat\/baixllobregat1\/wp-content\/uploads\/usu767\/2021\/09\/WhatsApp-Image-2021-09-09-at-10.50.24-1-1536x1152.jpeg 1536w, https:\/\/serveiseducatius.xtec.cat\/baixllobregat1\/wp-content\/uploads\/usu767\/2021\/09\/WhatsApp-Image-2021-09-09-at-10.50.24-1-200x150.jpeg 200w\" sizes=\"auto, (max-width: 1600px) 100vw, 1600px\" \/><\/a><\/td>\n<td style=\"width: 33.3333%; height: 30px;\"><a href=\"https:\/\/serveiseducatius.xtec.cat\/baixllobregat1\/recursos\/maletes-pedagogiques\/maletes-danimacio-lectora\/el-petit-princep\/\"><img loading=\"lazy\" decoding=\"async\" class=\"aligncenter size-full wp-image-4329\" src=\"https:\/\/serveiseducatius.xtec.cat\/baixllobregat1\/wp-content\/uploads\/usu767\/2021\/09\/petit-princep.jpg\" alt=\"\" width=\"300\" height=\"163\" \/><\/a><\/td>\n<\/tr>\n<tr style=\"height: 53px;\">\n<td style=\"width: 33.3333%; height: 53px;\">\n<h3><\/h3>\n<h3 style=\"text-align: center;\"><span style=\"color: #ff00ff;\"><b><a href=\"http:\/\/serveiseducatius.xtec.cat\/baixllobregat1\/recursos\/maletes-pedagogiques\/maletes-danimacio-lectora\/rosa-joana-i-les-set-magnifiques\/\">Rosa Joana i les set magn\u00edfiques<\/a><u><br \/>\n<\/u><\/b><\/span><\/h3>\n<p>&nbsp;<\/td>\n<td style=\"width: 33.3333%; height: 30px;\">\n<h3 style=\"text-align: center;\"><a href=\"https:\/\/serveiseducatius.xtec.cat\/baixllobregat1\/?page_id=4311&amp;preview=true\">Roal Dahl<\/a><\/h3>\n<\/td>\n<td style=\"width: 33.3333%; height: 30px;\">\n<h3 style=\"text-align: center;\"><a href=\"https:\/\/serveiseducatius.xtec.cat\/baixllobregat1\/recursos\/maletes-pedagogiques\/maletes-danimacio-lectora\/el-petit-princep\/\">El petit pr\u00edncep<\/a><\/h3>\n<\/td>\n<\/tr>\n<tr style=\"height: 30px;\">\n<td style=\"width: 33.3333%; height: 30px;\"><span style=\"color: #000000;\">Maleta amb les obres de la Joana Raspall, el llibre d&#8217;en Miquel Descolt &#8220;<strong><em>Rosa Joana i les set magn\u00edfiques<\/em><\/strong>&#8221; i la seva proposta did\u00e0ctica.<\/span><\/td>\n<td style=\"width: 33.3333%; height: 30px;\">La maleta de pedag\u00f2gica\u00a0<strong>\u201cRoald Dahl\u201d<\/strong> , d\u2019animaci\u00f3 a la lectura, ha estat elaborada a partir de la proposta did\u00e0ctica de la Lola Casas \u201c<em>Tot Dahl<\/em>\u201c, recollida tamb\u00e9 en aquesta maleta.<\/p>\n<p>Adre\u00e7ada a prim\u00e0ria i ESO.<\/td>\n<td style=\"width: 33.3333%; height: 30px;\">Maleta en pr\u00e9stec al CRP, que cont\u00e9 25 exemplars del conte \u201cEl petit pr\u00edncep\u201d, una mostra de diferents edicions i formats del mateix conte, una cantata, un cd amb la narraci\u00f3 del conte, un cd-rom interactiu, un c\u00f2mic i altres recursos.<\/td>\n<\/tr>\n<tr style=\"height: 30px;\">\n<td style=\"width: 33.3333%; height: 30px;\"><\/td>\n<td style=\"width: 33.3333%; height: 30px;\"><\/td>\n<td style=\"width: 33.3333%; height: 30px;\"><\/td>\n<\/tr>\n<tr style=\"height: 296px;\">\n<td style=\"width: 33.3333%; height: 296px;\"><a href=\"https:\/\/serveiseducatius.xtec.cat\/baixllobregat1\/recursos\/maletes-pedagogiques\/maletes-danimacio-lectora\/caputxetes\/\"><img loading=\"lazy\" decoding=\"async\" class=\"aligncenter wp-image-4398\" src=\"https:\/\/serveiseducatius.xtec.cat\/baixllobregat1\/wp-content\/uploads\/usu767\/2021\/09\/WhatsApp-Image-2021-09-09-at-14.50.29-1-1.jpeg\" alt=\"\" width=\"197\" height=\"262\" srcset=\"https:\/\/serveiseducatius.xtec.cat\/baixllobregat1\/wp-content\/uploads\/usu767\/2021\/09\/WhatsApp-Image-2021-09-09-at-14.50.29-1-1.jpeg 1512w, https:\/\/serveiseducatius.xtec.cat\/baixllobregat1\/wp-content\/uploads\/usu767\/2021\/09\/WhatsApp-Image-2021-09-09-at-14.50.29-1-1-225x300.jpeg 225w, https:\/\/serveiseducatius.xtec.cat\/baixllobregat1\/wp-content\/uploads\/usu767\/2021\/09\/WhatsApp-Image-2021-09-09-at-14.50.29-1-1-768x1024.jpeg 768w, https:\/\/serveiseducatius.xtec.cat\/baixllobregat1\/wp-content\/uploads\/usu767\/2021\/09\/WhatsApp-Image-2021-09-09-at-14.50.29-1-1-1152x1536.jpeg 1152w\" sizes=\"auto, (max-width: 197px) 100vw, 197px\" \/><\/a><\/td>\n<td style=\"width: 33.3333%; height: 296px;\"><\/td>\n<td style=\"width: 33.3333%; height: 296px;\"><\/td>\n<\/tr>\n<tr style=\"height: 53px;\">\n<td style=\"width: 33.3333%; height: 53px;\">\n<h3><a href=\"https:\/\/serveiseducatius.xtec.cat\/baixllobregat1\/recursos\/maletes-pedagogiques\/maletes-danimacio-lectora\/caputxetes\/\">Caputxetes<\/a><\/h3>\n<\/td>\n<td style=\"width: 33.3333%; height: 53px;\"><\/td>\n<td style=\"width: 33.3333%; height: 53px;\"><\/td>\n<\/tr>\n<tr>\n<td style=\"width: 33.3333%;\">Titelles i recull de llibres de diferents versions sobre el cl\u00e0ssic conte de la caputxeta vermella.<\/td>\n<td style=\"width: 33.3333%;\"><\/td>\n<td style=\"width: 33.3333%;\"><\/td>\n<\/tr>\n<\/tbody>\n<\/table>\n","protected":false},"excerpt":{"rendered":"<p>Conjunt de materials de lectura per a treballar a l&#8217;aula amb alumnat d&#8217;educaci\u00f3 infanti, prim\u00e0ria i secund\u00e0ria. El per\u00edode de pr\u00e9stec habitual \u00e9s de 21 dies, prorrogable. Per fer una reserva contacteu amb el CRP.\u00a0 93 685 31 00\u00a0 \u00a0 crp-santfeliu@xtec.cat Quin quadre! Laboratori de lectura C\u00f2mics dins d&#8217;una maleta! Novel\u00b7la gr\u00e0fica &#8211; c\u00f2mic\u00a0 Proposta [&hellip;]<\/p>\n","protected":false},"author":10,"featured_media":0,"parent":541,"menu_order":30,"comment_status":"closed","ping_status":"closed","template":"page-templates\/side-menu.php","meta":{"_bbp_topic_count":0,"_bbp_reply_count":0,"_bbp_total_topic_count":0,"_bbp_total_reply_count":0,"_bbp_voice_count":0,"_bbp_anonymous_reply_count":0,"_bbp_topic_count_hidden":0,"_bbp_reply_count_hidden":0,"_bbp_forum_subforum_count":0,"site-sidebar-layout":"default","site-content-layout":"","ast-site-content-layout":"","site-content-style":"default","site-sidebar-style":"default","ast-global-header-display":"","ast-banner-title-visibility":"","ast-main-header-display":"","ast-hfb-above-header-display":"","ast-hfb-below-header-display":"","ast-hfb-mobile-header-display":"","site-post-title":"","ast-breadcrumbs-content":"","ast-featured-img":"","footer-sml-layout":"","theme-transparent-header-meta":"","adv-header-id-meta":"","stick-header-meta":"","header-above-stick-meta":"","header-main-stick-meta":"","header-below-stick-meta":"","astra-migrate-meta-layouts":"default","ast-page-background-enabled":"default","ast-page-background-meta":{"desktop":{"background-color":"var(--ast-global-color-4)","background-image":"","background-repeat":"repeat","background-position":"center center","background-size":"auto","background-attachment":"scroll","background-type":"","background-media":"","overlay-type":"","overlay-color":"","overlay-opacity":"","overlay-gradient":""},"tablet":{"background-color":"","background-image":"","background-repeat":"repeat","background-position":"center center","background-size":"auto","background-attachment":"scroll","background-type":"","background-media":"","overlay-type":"","overlay-color":"","overlay-opacity":"","overlay-gradient":""},"mobile":{"background-color":"","background-image":"","background-repeat":"repeat","background-position":"center center","background-size":"auto","background-attachment":"scroll","background-type":"","background-media":"","overlay-type":"","overlay-color":"","overlay-opacity":"","overlay-gradient":""}},"ast-content-background-meta":{"desktop":{"background-color":"var(--ast-global-color-5)","background-image":"","background-repeat":"repeat","background-position":"center center","background-size":"auto","background-attachment":"scroll","background-type":"","background-media":"","overlay-type":"","overlay-color":"","overlay-opacity":"","overlay-gradient":""},"tablet":{"background-color":"var(--ast-global-color-5)","background-image":"","background-repeat":"repeat","background-position":"center center","background-size":"auto","background-attachment":"scroll","background-type":"","background-media":"","overlay-type":"","overlay-color":"","overlay-opacity":"","overlay-gradient":""},"mobile":{"background-color":"var(--ast-global-color-5)","background-image":"","background-repeat":"repeat","background-position":"center center","background-size":"auto","background-attachment":"scroll","background-type":"","background-media":"","overlay-type":"","overlay-color":"","overlay-opacity":"","overlay-gradient":""}},"footnotes":""},"class_list":["post-2344","page","type-page","status-publish","hentry"],"post_mailing_queue_ids":[],"_links":{"self":[{"href":"https:\/\/serveiseducatius.xtec.cat\/baixllobregat1\/wp-json\/wp\/v2\/pages\/2344","targetHints":{"allow":["GET"]}}],"collection":[{"href":"https:\/\/serveiseducatius.xtec.cat\/baixllobregat1\/wp-json\/wp\/v2\/pages"}],"about":[{"href":"https:\/\/serveiseducatius.xtec.cat\/baixllobregat1\/wp-json\/wp\/v2\/types\/page"}],"author":[{"embeddable":true,"href":"https:\/\/serveiseducatius.xtec.cat\/baixllobregat1\/wp-json\/wp\/v2\/users\/10"}],"replies":[{"embeddable":true,"href":"https:\/\/serveiseducatius.xtec.cat\/baixllobregat1\/wp-json\/wp\/v2\/comments?post=2344"}],"version-history":[{"count":3,"href":"https:\/\/serveiseducatius.xtec.cat\/baixllobregat1\/wp-json\/wp\/v2\/pages\/2344\/revisions"}],"predecessor-version":[{"id":4497,"href":"https:\/\/serveiseducatius.xtec.cat\/baixllobregat1\/wp-json\/wp\/v2\/pages\/2344\/revisions\/4497"}],"up":[{"embeddable":true,"href":"https:\/\/serveiseducatius.xtec.cat\/baixllobregat1\/wp-json\/wp\/v2\/pages\/541"}],"wp:attachment":[{"href":"https:\/\/serveiseducatius.xtec.cat\/baixllobregat1\/wp-json\/wp\/v2\/media?parent=2344"}],"curies":[{"name":"wp","href":"https:\/\/api.w.org\/{rel}","templated":true}]}}