{"id":8869,"date":"2025-04-04T12:04:32","date_gmt":"2025-04-04T10:04:32","guid":{"rendered":"https:\/\/serveiseducatius.xtec.cat\/baixllobregat\/?page_id=8869"},"modified":"2025-09-15T09:11:51","modified_gmt":"2025-09-15T07:11:51","slug":"cataleg-daapp","status":"publish","type":"page","link":"https:\/\/serveiseducatius.xtec.cat\/baixllobregat\/cataleg-daapp\/","title":{"rendered":"Cat\u00e0legs d&#8217;AAPP"},"content":{"rendered":"<p><a href=\"https:\/\/drive.google.com\/file\/d\/1K8n4Q-xFC0gm8drJjVvOlsYssj-pV8u6\/view?usp=drive_link\">Cat\u00e0leg 2024-2028<\/a><\/p>\n<p><a href=\"https:\/\/drive.google.com\/file\/d\/1QEuYuZbDJCG5XM89TK6wMXUu2JlH3hca\/view?usp=drive_link\">Cat\u00e0leg 2023-2024<\/a><\/p>\n<p><a href=\"https:\/\/drive.google.com\/file\/d\/1yawMS_BeITVYfTxmGLtIYXtwM000bsiK\/view?usp=drive_link\">Cat\u00e0leg 2022-2023<\/a><\/p>\n<p><a href=\"https:\/\/drive.google.com\/file\/d\/1YXCM339vfajCQ5JFL5CNmZa0E04X7ppm\/view?usp=drive_link\">Cat\u00e0leg 2021-2022<\/a><\/p>\n","protected":false},"excerpt":{"rendered":"<p>Cat\u00e0leg 2024-2028 Cat\u00e0leg 2023-2024 Cat\u00e0leg 2022-2023 Cat\u00e0leg 2021-2022<\/p>\n","protected":false},"author":4,"featured_media":0,"parent":0,"menu_order":0,"comment_status":"closed","ping_status":"closed","template":"","meta":{"_bbp_topic_count":0,"_bbp_reply_count":0,"_bbp_total_topic_count":0,"_bbp_total_reply_count":0,"_bbp_voice_count":0,"_bbp_anonymous_reply_count":0,"_bbp_topic_count_hidden":0,"_bbp_reply_count_hidden":0,"_bbp_forum_subforum_count":0,"site-sidebar-layout":"no-sidebar","site-content-layout":"","ast-site-content-layout":"default","site-content-style":"default","site-sidebar-style":"default","ast-global-header-display":"","ast-banner-title-visibility":"","ast-main-header-display":"","ast-hfb-above-header-display":"","ast-hfb-below-header-display":"","ast-hfb-mobile-header-display":"","site-post-title":"","ast-breadcrumbs-content":"","ast-featured-img":"","footer-sml-layout":"","theme-transparent-header-meta":"default","adv-header-id-meta":"","stick-header-meta":"","header-above-stick-meta":"","header-main-stick-meta":"","header-below-stick-meta":"","astra-migrate-meta-layouts":"set","ast-page-background-enabled":"default","ast-page-background-meta":{"desktop":{"background-color":"var(--ast-global-color-4)","background-image":"","background-repeat":"repeat","background-position":"center center","background-size":"auto","background-attachment":"scroll","background-type":"","background-media":"","overlay-type":"","overlay-color":"","overlay-opacity":"","overlay-gradient":""},"tablet":{"background-color":"","background-image":"","background-repeat":"repeat","background-position":"center center","background-size":"auto","background-attachment":"scroll","background-type":"","background-media":"","overlay-type":"","overlay-color":"","overlay-opacity":"","overlay-gradient":""},"mobile":{"background-color":"","background-image":"","background-repeat":"repeat","background-position":"center center","background-size":"auto","background-attachment":"scroll","background-type":"","background-media":"","overlay-type":"","overlay-color":"","overlay-opacity":"","overlay-gradient":""}},"ast-content-background-meta":{"desktop":{"background-color":"var(--ast-global-color-5)","background-image":"","background-repeat":"repeat","background-position":"center center","background-size":"auto","background-attachment":"scroll","background-type":"","background-media":"","overlay-type":"","overlay-color":"","overlay-opacity":"","overlay-gradient":""},"tablet":{"background-color":"var(--ast-global-color-5)","background-image":"","background-repeat":"repeat","background-position":"center center","background-size":"auto","background-attachment":"scroll","background-type":"","background-media":"","overlay-type":"","overlay-color":"","overlay-opacity":"","overlay-gradient":""},"mobile":{"background-color":"var(--ast-global-color-5)","background-image":"","background-repeat":"repeat","background-position":"center center","background-size":"auto","background-attachment":"scroll","background-type":"","background-media":"","overlay-type":"","overlay-color":"","overlay-opacity":"","overlay-gradient":""}},"footnotes":""},"class_list":["post-8869","page","type-page","status-publish","hentry"],"post_mailing_queue_ids":[],"_links":{"self":[{"href":"https:\/\/serveiseducatius.xtec.cat\/baixllobregat\/wp-json\/wp\/v2\/pages\/8869","targetHints":{"allow":["GET"]}}],"collection":[{"href":"https:\/\/serveiseducatius.xtec.cat\/baixllobregat\/wp-json\/wp\/v2\/pages"}],"about":[{"href":"https:\/\/serveiseducatius.xtec.cat\/baixllobregat\/wp-json\/wp\/v2\/types\/page"}],"author":[{"embeddable":true,"href":"https:\/\/serveiseducatius.xtec.cat\/baixllobregat\/wp-json\/wp\/v2\/users\/4"}],"replies":[{"embeddable":true,"href":"https:\/\/serveiseducatius.xtec.cat\/baixllobregat\/wp-json\/wp\/v2\/comments?post=8869"}],"version-history":[{"count":6,"href":"https:\/\/serveiseducatius.xtec.cat\/baixllobregat\/wp-json\/wp\/v2\/pages\/8869\/revisions"}],"predecessor-version":[{"id":9016,"href":"https:\/\/serveiseducatius.xtec.cat\/baixllobregat\/wp-json\/wp\/v2\/pages\/8869\/revisions\/9016"}],"wp:attachment":[{"href":"https:\/\/serveiseducatius.xtec.cat\/baixllobregat\/wp-json\/wp\/v2\/media?parent=8869"}],"curies":[{"name":"wp","href":"https:\/\/api.w.org\/{rel}","templated":true}]}}