{"id":8181,"date":"2020-05-27T13:26:35","date_gmt":"2020-05-27T11:26:35","guid":{"rendered":"http:\/\/serveiseducatius.xtec.cat\/baixemporda\/?page_id=8181"},"modified":"2020-05-29T11:32:02","modified_gmt":"2020-05-29T09:32:02","slug":"escoles-de-musica","status":"publish","type":"page","link":"https:\/\/serveiseducatius.xtec.cat\/baixemporda\/comunitat\/centres-educatius\/escoles-de-musica\/","title":{"rendered":"Escoles de m\u00fasica"},"content":{"rendered":"<h3 id=\"sites-page-title-header\" align=\"left\"><span id=\"sites-page-title\" dir=\"ltr\" tabindex=\"-1\">Escoles de m\u00fasica<\/span><\/h3>\n<div id=\"sites-canvas-main\" class=\"sites-canvas-main\">\n<div id=\"sites-canvas-main-content\">\n<table class=\"sites-layout-name-one-column sites-layout-hbox\" style=\"width: 1050px;\" cellspacing=\"0\">\n<tbody>\n<tr>\n<td class=\"sites-layout-tile sites-tile-name-content-1\" style=\"width: 1048.33px;\">\n<div dir=\"ltr\">\n<table style=\"width: 1026px;\" border=\"0\" cellspacing=\"0\" cellpadding=\"0\">\n<tbody>\n<tr>\n<td style=\"width: 403.333px;\" colspan=\"2\"><span style=\"color: #000066; font-family: Arial, Helvetica, sans-serif; font-size: small;\"><b>Palafrugell<\/b><\/span><\/td>\n<td style=\"width: 245px;\"><span style=\"color: #000066; font-family: verdana, sans-serif; font-size: xx-small;\"><b>Codi Postal: 17200<\/b><\/span><\/td>\n<td style=\"width: 140.833px;\"><\/td>\n<td style=\"width: 235px;\"><\/td>\n<\/tr>\n<tr>\n<td style=\"width: 17.5px;\"><\/td>\n<td style=\"width: 385.833px;\"><span style=\"font-family: Arial, Helvetica, sans-serif; font-size: small;\"><a href=\"http:\/\/www.escolademusica.com\/\" target=\"_blank\" rel=\"nofollow noopener noreferrer\">L&#8217;Escola de M\u00fasica de Palafrugell<\/a><\/span><\/td>\n<td style=\"width: 245px;\"><span style=\"font-family: Arial, Helvetica, sans-serif; font-size: small;\">San Joan, 23<\/span><\/td>\n<td style=\"width: 140.833px;\"><span style=\"font-family: Arial, Helvetica, sans-serif; font-size: small;\">972 30 42 15<\/span><\/td>\n<td style=\"width: 235px;\"><a href=\"mailto:informacio@escolademusica.com\">informacio@escolademusica.com<\/a><\/td>\n<\/tr>\n<tr>\n<td style=\"width: 1024.17px;\" colspan=\"5\"><\/td>\n<\/tr>\n<tr>\n<td style=\"width: 403.333px;\" colspan=\"2\"><span style=\"color: #000066; font-family: Arial, Helvetica, sans-serif; font-size: small;\"><b>La Bisbal d&#8217;Empord\u00e0<br \/>\n<\/b><\/span><\/td>\n<td style=\"width: 245px;\"><span style=\"color: #000066; font-family: verdana, sans-serif; font-size: xx-small;\"><b>Codi Postal: 17100<\/b><\/span><\/td>\n<td style=\"width: 140.833px;\"><\/td>\n<td style=\"width: 235px;\"><\/td>\n<\/tr>\n<tr>\n<td style=\"width: 17.5px;\"><\/td>\n<td style=\"width: 385.833px;\"><span style=\"font-family: Arial, Helvetica, sans-serif; font-size: small;\"><a href=\"http:\/\/www.escolaconradsalo.cat\/\" target=\"_blank\" rel=\"nofollow noopener noreferrer\">Escola Municipal de M\u00fasica Conrad Sal\u00f3<\/a><br \/>\n<\/span><\/td>\n<td style=\"width: 245px;\"><span style=\"font-family: Arial, Helvetica, sans-serif; font-size: small;\">Passeig Marimon Asprer, 12<\/span><\/td>\n<td style=\"width: 140.833px;\">972 64 67 37 (ext. 6)<\/td>\n<td style=\"width: 235px;\"><a href=\"mailto:info@escolaconradsalo.cat\" target=\"_blank\" rel=\"noopener noreferrer\">info@escolaconradsalo.cat<\/a><\/td>\n<\/tr>\n<tr>\n<td style=\"width: 1024.17px;\" colspan=\"5\"><\/td>\n<\/tr>\n<tr>\n<td style=\"width: 403.333px;\" colspan=\"2\"><span style=\"color: #000066; font-family: Arial, Helvetica, sans-serif; font-size: small;\"><b>Castell d&#8217;Aro<\/b><\/span><\/td>\n<td style=\"width: 245px;\"><span style=\"color: #000066; font-family: verdana, sans-serif; font-size: xx-small;\"><b>Codi Postal: 17853<\/b><\/span><\/td>\n<td style=\"width: 140.833px;\"><\/td>\n<td style=\"width: 235px;\"><\/td>\n<\/tr>\n<tr>\n<td style=\"width: 17.5px;\"><\/td>\n<td style=\"width: 385.833px;\"><span style=\"font-family: Arial, Helvetica, sans-serif; font-size: small;\">Escola de M\u00fasica Municipal<\/span><\/td>\n<td style=\"width: 245px;\"><span style=\"font-family: Arial, Helvetica, sans-serif; font-size: small;\">Av. de Fanals, 13, Masia Bas \u00a0 \u00a0 \u00a0<\/span><\/td>\n<td style=\"width: 140.833px;\">972 81 71 96<\/td>\n<td style=\"width: 235px;\"><a href=\"mailto:escolamusica@platjadaro.com\">escolamusica@platjadaro.com<\/a><\/td>\n<\/tr>\n<tr>\n<td style=\"width: 1024.17px;\" colspan=\"5\"><\/td>\n<\/tr>\n<tr>\n<td style=\"width: 403.333px;\" colspan=\"2\"><span style=\"color: #000066; font-family: Arial, Helvetica, sans-serif; font-size: small;\"><b>Palam\u00f3s<\/b><\/span><\/td>\n<td style=\"width: 245px;\"><span style=\"color: #000066; font-family: verdana, sans-serif; font-size: xx-small;\"><b>Codi Postal: 17230<\/b><\/span><\/td>\n<td style=\"width: 140.833px;\"><\/td>\n<td style=\"width: 235px;\"><\/td>\n<\/tr>\n<tr>\n<td style=\"width: 17.5px;\"><\/td>\n<td style=\"width: 385.833px;\"><span style=\"font-family: Arial, Helvetica, sans-serif; font-size: small;\"><a href=\"http:\/\/www.aulamusicalpalamoslavila.cat\/\" target=\"_blank\" rel=\"nofollow noopener noreferrer\">Aula musical de Palam\u00f3s La Vila<\/a><br \/>\n<\/span><\/td>\n<td style=\"width: 245px;\"><span style=\"font-family: Arial, Helvetica, sans-serif; font-size: small;\">Carrer del Foment, 18-20<\/span><\/td>\n<td style=\"width: 140.833px;\">639 53 80 49<\/td>\n<td style=\"width: 235px;\"><a href=\"mailto:aulamusical.lavila@gmail.com\">aulamusical.lavila@gmail.com<\/a><\/td>\n<\/tr>\n<tr>\n<td style=\"width: 1024.17px;\" colspan=\"5\"><\/td>\n<\/tr>\n<tr>\n<td style=\"width: 403.333px;\" colspan=\"2\"><span style=\"color: #000066; font-family: Arial, Helvetica, sans-serif; font-size: small;\"><b>Sant Feliu de Gu\u00edxols<\/b><\/span><\/td>\n<td style=\"width: 245px;\"><span style=\"color: #000066; font-family: verdana, sans-serif; font-size: xx-small;\"><b>Codi Postal: 17220<\/b><\/span><\/td>\n<td style=\"width: 140.833px;\"><\/td>\n<td style=\"width: 235px;\"><\/td>\n<\/tr>\n<tr>\n<td style=\"width: 17.5px;\"><\/td>\n<td style=\"width: 385.833px;\"><a href=\"http:\/\/escolademusica.guixols.cat\/\" target=\"_blank\" rel=\"nofollow noopener noreferrer\"><span style=\"font-family: Arial, Helvetica, sans-serif; font-size: small;\">Escola de Musica de Sant Feliu de Gu\u00edxols i Castell-Platja d&#8217;Aro<\/span><\/a><\/td>\n<td style=\"width: 245px;\"><span style=\"font-family: Arial, Helvetica, sans-serif; font-size: small;\">Capmany, 23-25<\/span><\/td>\n<td style=\"width: 140.833px;\">972 82 13 93<\/td>\n<td style=\"width: 235px;\"><a href=\"mailto:escolamusica@guixols.cat\" target=\"_blank\" rel=\"noopener noreferrer\">escolamusica@guixols.cat<\/a><\/td>\n<\/tr>\n<tr>\n<td style=\"width: 1024.17px;\" colspan=\"5\"><\/td>\n<\/tr>\n<tr>\n<td style=\"width: 403.333px;\" colspan=\"2\"><span style=\"color: #000066; font-family: Arial, Helvetica, sans-serif; font-size: small;\"><b>Torroella de Montgr\u00ed<\/b><\/span><\/td>\n<td style=\"width: 245px;\"><span style=\"color: #000066; font-family: verdana, sans-serif; font-size: xx-small;\"><b>Codi Postal: 17257<\/b><\/span><\/td>\n<td style=\"width: 140.833px;\"><\/td>\n<td style=\"width: 235px;\"><\/td>\n<\/tr>\n<tr>\n<td style=\"width: 17.5px;\"><\/td>\n<td style=\"width: 385.833px;\"><span style=\"font-family: Arial, Helvetica, sans-serif; font-size: small;\"><a href=\"https:\/\/www.emmtorroellademontgri.cat\/\" target=\"_blank\" rel=\"nofollow noopener noreferrer\">Escola de M\u00fasica Municipal Anselm Viola<\/a><\/span><\/td>\n<td style=\"width: 245px;\"><span style=\"font-family: Arial, Helvetica, sans-serif; font-size: small;\">Onze de setembre,\u00a0<\/span><\/td>\n<\/tr>\n<\/tbody>\n<\/table>\n<\/div>\n<\/td>\n<\/tr>\n<\/tbody>\n<\/table>\n<\/div>\n<\/div>\n","protected":false},"excerpt":{"rendered":"<p>Escoles de m\u00fasica Palafrugell Codi Postal: 17200 L&#8217;Escola de M\u00fasica de Palafrugell San Joan, 23 972 30 42 15 informacio@escolademusica.com La Bisbal d&#8217;Empord\u00e0 Codi Postal: 17100 Escola Municipal de M\u00fasica Conrad Sal\u00f3 Passeig Marimon Asprer, 12 972 64 67 37 (ext. 6) info@escolaconradsalo.cat Castell d&#8217;Aro Codi Postal: 17853 Escola de M\u00fasica Municipal Av. de Fanals, [&hellip;]<\/p>\n","protected":false},"author":1,"featured_media":0,"parent":338,"menu_order":5,"comment_status":"closed","ping_status":"closed","template":"page-templates\/side-menu.php","meta":{"_bbp_topic_count":0,"_bbp_reply_count":0,"_bbp_total_topic_count":0,"_bbp_total_reply_count":0,"_bbp_voice_count":0,"_bbp_anonymous_reply_count":0,"_bbp_topic_count_hidden":0,"_bbp_reply_count_hidden":0,"_bbp_forum_subforum_count":0,"site-sidebar-layout":"default","site-content-layout":"","ast-site-content-layout":"","site-content-style":"default","site-sidebar-style":"default","ast-global-header-display":"","ast-banner-title-visibility":"","ast-main-header-display":"","ast-hfb-above-header-display":"","ast-hfb-below-header-display":"","ast-hfb-mobile-header-display":"","site-post-title":"","ast-breadcrumbs-content":"","ast-featured-img":"","footer-sml-layout":"","theme-transparent-header-meta":"","adv-header-id-meta":"","stick-header-meta":"","header-above-stick-meta":"","header-main-stick-meta":"","header-below-stick-meta":"","astra-migrate-meta-layouts":"default","ast-page-background-enabled":"default","ast-page-background-meta":{"desktop":{"background-color":"var(--ast-global-color-4)","background-image":"","background-repeat":"repeat","background-position":"center center","background-size":"auto","background-attachment":"scroll","background-type":"","background-media":"","overlay-type":"","overlay-color":"","overlay-opacity":"","overlay-gradient":""},"tablet":{"background-color":"","background-image":"","background-repeat":"repeat","background-position":"center center","background-size":"auto","background-attachment":"scroll","background-type":"","background-media":"","overlay-type":"","overlay-color":"","overlay-opacity":"","overlay-gradient":""},"mobile":{"background-color":"","background-image":"","background-repeat":"repeat","background-position":"center center","background-size":"auto","background-attachment":"scroll","background-type":"","background-media":"","overlay-type":"","overlay-color":"","overlay-opacity":"","overlay-gradient":""}},"ast-content-background-meta":{"desktop":{"background-color":"var(--ast-global-color-5)","background-image":"","background-repeat":"repeat","background-position":"center center","background-size":"auto","background-attachment":"scroll","background-type":"","background-media":"","overlay-type":"","overlay-color":"","overlay-opacity":"","overlay-gradient":""},"tablet":{"background-color":"var(--ast-global-color-5)","background-image":"","background-repeat":"repeat","background-position":"center center","background-size":"auto","background-attachment":"scroll","background-type":"","background-media":"","overlay-type":"","overlay-color":"","overlay-opacity":"","overlay-gradient":""},"mobile":{"background-color":"var(--ast-global-color-5)","background-image":"","background-repeat":"repeat","background-position":"center center","background-size":"auto","background-attachment":"scroll","background-type":"","background-media":"","overlay-type":"","overlay-color":"","overlay-opacity":"","overlay-gradient":""}},"footnotes":""},"class_list":["post-8181","page","type-page","status-publish","hentry"],"post_mailing_queue_ids":[],"_links":{"self":[{"href":"https:\/\/serveiseducatius.xtec.cat\/baixemporda\/wp-json\/wp\/v2\/pages\/8181","targetHints":{"allow":["GET"]}}],"collection":[{"href":"https:\/\/serveiseducatius.xtec.cat\/baixemporda\/wp-json\/wp\/v2\/pages"}],"about":[{"href":"https:\/\/serveiseducatius.xtec.cat\/baixemporda\/wp-json\/wp\/v2\/types\/page"}],"author":[{"embeddable":true,"href":"https:\/\/serveiseducatius.xtec.cat\/baixemporda\/wp-json\/wp\/v2\/users\/1"}],"replies":[{"embeddable":true,"href":"https:\/\/serveiseducatius.xtec.cat\/baixemporda\/wp-json\/wp\/v2\/comments?post=8181"}],"version-history":[{"count":1,"href":"https:\/\/serveiseducatius.xtec.cat\/baixemporda\/wp-json\/wp\/v2\/pages\/8181\/revisions"}],"predecessor-version":[{"id":8182,"href":"https:\/\/serveiseducatius.xtec.cat\/baixemporda\/wp-json\/wp\/v2\/pages\/8181\/revisions\/8182"}],"up":[{"embeddable":true,"href":"https:\/\/serveiseducatius.xtec.cat\/baixemporda\/wp-json\/wp\/v2\/pages\/338"}],"wp:attachment":[{"href":"https:\/\/serveiseducatius.xtec.cat\/baixemporda\/wp-json\/wp\/v2\/media?parent=8181"}],"curies":[{"name":"wp","href":"https:\/\/api.w.org\/{rel}","templated":true}]}}