{"id":797,"date":"2015-11-28T21:06:57","date_gmt":"2015-11-28T20:06:57","guid":{"rendered":"http:\/\/serveiseducatius.xtec.cat\/baixemporda\/?page_id=797"},"modified":"2025-12-10T12:40:14","modified_gmt":"2025-12-10T11:40:14","slug":"presentacio","status":"publish","type":"page","link":"https:\/\/serveiseducatius.xtec.cat\/baixemporda\/el-servei-educatiu\/presentacio\/","title":{"rendered":"Presentaci\u00f3"},"content":{"rendered":"<p>Els <strong>Serveis Educatius<\/strong> del Departament d&#8217;Educaci\u00f3 donen suport i assessorament als centres educatius p\u00fablics i privats concertats de nivells educatius no universitaris. Cada servei educatiu est\u00e0 format per un equip multidisciplinar que ofereix els seg\u00fcents serveis a la comarca:<\/p>\n<ul>\n<li>Suport i assessorament en estrat\u00e8gies organitzatives, did\u00e0ctiques i metodol\u00f2giques per a l\u2019assoliment de les <strong>compet\u00e8ncies.<\/strong><\/li>\n<li>Suport en la <strong>tutoria i l\u2019orientaci\u00f3<\/strong> educativa.<\/li>\n<li><strong>Detecci\u00f3 preco\u00e7<\/strong> de les dificultats d\u2019aprenentatge, socials, motrius i fer avaluacions psicopedag\u00f2giques.<\/li>\n<li>Assessorament sobre el proc\u00e9s d\u2019escolaritzaci\u00f3 en <strong>necessitats educatives espec\u00edfiques i especials<\/strong> (NEE).<\/li>\n<li>Assessorament sobre <strong>adaptacions curriculars individuals<\/strong>.<\/li>\n<li>Suport en la <strong>prevenci\u00f3 de l\u2019abandonament escolar<\/strong> prematur.<\/li>\n<li>Suport en el tractament integrat de <strong>llengua i continguts<\/strong>.<\/li>\n<li>Planificaci\u00f3 i gesti\u00f3 del cat\u00e0leg de <strong>formaci\u00f3 del professorat<\/strong> de la zona.<\/li>\n<li>Suport i assessorament en did\u00e0ctica, <strong>innovaci\u00f3<\/strong> i\/o <strong>planificaci\u00f3<\/strong>: plans de millora, TAC, suport a la lectura\u2026<\/li>\n<li><strong>Servei de pr\u00e9stec<\/strong> de maquinari, v\u00eddeos i textos especialitzats en temes educatius.<\/li>\n<li>Suport a <strong>projectes internacionals<\/strong> pel desenvolupament del <strong>pluriling\u00fcisme<\/strong> i de les <strong>compet\u00e8ncies comunicatives<\/strong> dels alumnes.<\/li>\n<\/ul>\n<h4>Qui pot fer la demanda dels serveis?<\/h4>\n<ul>\n<li>Els centres, mitjan\u00e7ant els seus equips de direcci\u00f3.<\/li>\n<li>Col\u00b7lectius de docents, d\u2019especialitat, de nivell, d\u2019interessos, etc.<\/li>\n<li>Els docents directament.<\/li>\n<li>Altres entitats vinculades a l\u2019Educaci\u00f3.<\/li>\n<\/ul>\n<h4>Com es fa la demanda?<\/h4>\n<p>Trucant al tel\u00e8fon <strong>972-643686<\/strong> o enviant un correu electr\u00f2nic a <strong>b7870504<span class=\"\">@xtec.cat<\/span><\/strong><\/p>\n<h4><\/h4>\n","protected":false},"excerpt":{"rendered":"<p>Els Serveis Educatius del Departament d&#8217;Educaci\u00f3 donen suport i assessorament als centres educatius p\u00fablics i privats concertats de nivells educatius no universitaris. Cada servei educatiu est\u00e0 format per un equip multidisciplinar que ofereix els seg\u00fcents serveis a la comarca: Suport i assessorament en estrat\u00e8gies organitzatives, did\u00e0ctiques i metodol\u00f2giques per a l\u2019assoliment de les compet\u00e8ncies. Suport [&hellip;]<\/p>\n","protected":false},"author":1,"featured_media":0,"parent":806,"menu_order":1,"comment_status":"closed","ping_status":"closed","template":"","meta":{"_bbp_topic_count":0,"_bbp_reply_count":0,"_bbp_total_topic_count":0,"_bbp_total_reply_count":0,"_bbp_voice_count":0,"_bbp_anonymous_reply_count":0,"_bbp_topic_count_hidden":0,"_bbp_reply_count_hidden":0,"_bbp_forum_subforum_count":0,"site-sidebar-layout":"default","site-content-layout":"","ast-site-content-layout":"default","site-content-style":"default","site-sidebar-style":"default","ast-global-header-display":"","ast-banner-title-visibility":"","ast-main-header-display":"","ast-hfb-above-header-display":"","ast-hfb-below-header-display":"","ast-hfb-mobile-header-display":"","site-post-title":"","ast-breadcrumbs-content":"","ast-featured-img":"","footer-sml-layout":"","theme-transparent-header-meta":"","adv-header-id-meta":"","stick-header-meta":"","header-above-stick-meta":"","header-main-stick-meta":"","header-below-stick-meta":"","astra-migrate-meta-layouts":"set","ast-page-background-enabled":"default","ast-page-background-meta":{"desktop":{"background-color":"var(--ast-global-color-4)","background-image":"","background-repeat":"repeat","background-position":"center center","background-size":"auto","background-attachment":"scroll","background-type":"","background-media":"","overlay-type":"","overlay-color":"","overlay-opacity":"","overlay-gradient":""},"tablet":{"background-color":"","background-image":"","background-repeat":"repeat","background-position":"center center","background-size":"auto","background-attachment":"scroll","background-type":"","background-media":"","overlay-type":"","overlay-color":"","overlay-opacity":"","overlay-gradient":""},"mobile":{"background-color":"","background-image":"","background-repeat":"repeat","background-position":"center center","background-size":"auto","background-attachment":"scroll","background-type":"","background-media":"","overlay-type":"","overlay-color":"","overlay-opacity":"","overlay-gradient":""}},"ast-content-background-meta":{"desktop":{"background-color":"var(--ast-global-color-5)","background-image":"","background-repeat":"repeat","background-position":"center center","background-size":"auto","background-attachment":"scroll","background-type":"","background-media":"","overlay-type":"","overlay-color":"","overlay-opacity":"","overlay-gradient":""},"tablet":{"background-color":"var(--ast-global-color-5)","background-image":"","background-repeat":"repeat","background-position":"center center","background-size":"auto","background-attachment":"scroll","background-type":"","background-media":"","overlay-type":"","overlay-color":"","overlay-opacity":"","overlay-gradient":""},"mobile":{"background-color":"var(--ast-global-color-5)","background-image":"","background-repeat":"repeat","background-position":"center center","background-size":"auto","background-attachment":"scroll","background-type":"","background-media":"","overlay-type":"","overlay-color":"","overlay-opacity":"","overlay-gradient":""}},"footnotes":""},"class_list":["post-797","page","type-page","status-publish","hentry"],"post_mailing_queue_ids":[],"_links":{"self":[{"href":"https:\/\/serveiseducatius.xtec.cat\/baixemporda\/wp-json\/wp\/v2\/pages\/797","targetHints":{"allow":["GET"]}}],"collection":[{"href":"https:\/\/serveiseducatius.xtec.cat\/baixemporda\/wp-json\/wp\/v2\/pages"}],"about":[{"href":"https:\/\/serveiseducatius.xtec.cat\/baixemporda\/wp-json\/wp\/v2\/types\/page"}],"author":[{"embeddable":true,"href":"https:\/\/serveiseducatius.xtec.cat\/baixemporda\/wp-json\/wp\/v2\/users\/1"}],"replies":[{"embeddable":true,"href":"https:\/\/serveiseducatius.xtec.cat\/baixemporda\/wp-json\/wp\/v2\/comments?post=797"}],"version-history":[{"count":4,"href":"https:\/\/serveiseducatius.xtec.cat\/baixemporda\/wp-json\/wp\/v2\/pages\/797\/revisions"}],"predecessor-version":[{"id":17580,"href":"https:\/\/serveiseducatius.xtec.cat\/baixemporda\/wp-json\/wp\/v2\/pages\/797\/revisions\/17580"}],"up":[{"embeddable":true,"href":"https:\/\/serveiseducatius.xtec.cat\/baixemporda\/wp-json\/wp\/v2\/pages\/806"}],"wp:attachment":[{"href":"https:\/\/serveiseducatius.xtec.cat\/baixemporda\/wp-json\/wp\/v2\/media?parent=797"}],"curies":[{"name":"wp","href":"https:\/\/api.w.org\/{rel}","templated":true}]}}