{"id":548,"date":"2015-11-26T18:10:47","date_gmt":"2015-11-26T17:10:47","guid":{"rendered":"http:\/\/serveiseducatius.xtec.cat\/baixemporda\/?page_id=548"},"modified":"2025-09-25T13:30:10","modified_gmt":"2025-09-25T11:30:10","slug":"zona-formadors","status":"publish","type":"page","link":"https:\/\/serveiseducatius.xtec.cat\/baixemporda\/formacio\/zona-formadors\/","title":{"rendered":"Zona formadors"},"content":{"rendered":"<p><img decoding=\"async\" src=\"http:\/\/serveiseducatius.xtec.cat\/baixemporda\/wp-content\/uploads\/usu1155\/2015\/11\/formador.png\" alt=\"\" \/><\/p>\n<p style=\"text-align: justify;\">Primer de tot, us agra\u00efm la vostra col\u00b7laboraci\u00f3 i us desitgem que gaudiu de l&#8217;experi\u00e8ncia com a formadors. Posem al vostre abast els seg\u00fcents recursos per tal de fer el seguiment de la vostra activitat formativa:<\/p>\n<ul style=\"text-align: justify;\">\n<li>Acc\u00e9s a l&#8217;aplicatiu per a la gesti\u00f3 d&#8217;activitats de formaci\u00f3: <a href=\"https:\/\/aplicacions.gestioeducativa.gencat.cat\/ords\/pls\/gtaf\/inici\" target=\"_blank\" rel=\"noopener noreferrer\">GTAF.<\/a><\/li>\n<li><a href=\"https:\/\/drive.google.com\/file\/d\/1iZ5gh_prWi16n1ggde2LT4zU_xoimq4n\/view?usp=sharing\" target=\"_blank\" rel=\"noopener\">Tutorial GTAF CRP Baix Empord\u00e0<\/a><\/li>\n<li><a href=\"https:\/\/docs.google.com\/presentation\/d\/1pSwSthAtc1Ajqh5WuHitndjXe_YMAX8UBFAJy6Uey7c\/present?slide=id.i0\" target=\"_blank\" rel=\"noopener\">Reuni\u00f3 de formadors curs 2025-2026<\/a><\/li>\n<\/ul>\n<p><span style=\"color: #993366;\"><strong>Registre d&#8217;assist\u00e8ncia curs 2025-2026<\/strong><\/span><\/p>\n<ul style=\"text-align: justify;\">\n<li><span style=\"color: #000000;\"><strong>Per a la formaci\u00f3 presencial<\/strong>: caldr\u00e0 utilitzar el document oficial del GTAF (seguiment d&#8217;assistents)<\/span><\/li>\n<li><span style=\"color: #000000;\"><strong>Per a la formaci\u00f3 virtual: <\/strong> <a href=\"https:\/\/docs.google.com\/document\/d\/1lPlHmgNGK7Y2kgSsRDIRVTbxdT13bQEcw_uV53mMom8\/copy\" target=\"_blank\" rel=\"noopener\">Certificat<\/a> on s\u2019especifica la relaci\u00f3 de persones que han assistit al 80% de la formaci\u00f3 i han presentat la tasca no presencial (evid\u00e8ncies).<\/span><\/li>\n<\/ul>\n<ul style=\"text-align: justify;\">\n<li>M\u00e9s informaci\u00f3:\n<ul>\n<li style=\"list-style-type: none;\">\n<ul>\n<li><a href=\"http:\/\/ateneu.xtec.cat\/wikiform\/wikiexport\/materials\/practica_reflexiva\/eines\/index#perfil\" target=\"_blank\" rel=\"noopener noreferrer\">Perfil i eines<\/a> de la persona formadora.<\/li>\n<\/ul>\n<\/li>\n<\/ul>\n<\/li>\n<\/ul>\n<p style=\"text-align: justify;\">Per a qualsevol dubte, podeu contactar amb el Servei Educatiu del Baix Empord\u00e0 mitjan\u00e7ant el correu electr\u00f2nic crp-baixemporda<span class=\"\">@xtec.cat<\/span> o trucant al tel\u00e8fon 972 64 36 86.<\/p>\n","protected":false},"excerpt":{"rendered":"<p>Primer de tot, us agra\u00efm la vostra col\u00b7laboraci\u00f3 i us desitgem que gaudiu de l&#8217;experi\u00e8ncia com a formadors. Posem al vostre abast els seg\u00fcents recursos per tal de fer el seguiment de la vostra activitat formativa: Acc\u00e9s a l&#8217;aplicatiu per a la gesti\u00f3 d&#8217;activitats de formaci\u00f3: GTAF. Tutorial GTAF CRP Baix Empord\u00e0 Reuni\u00f3 de formadors [&hellip;]<\/p>\n","protected":false},"author":1,"featured_media":0,"parent":416,"menu_order":30,"comment_status":"closed","ping_status":"closed","template":"","meta":{"_bbp_topic_count":0,"_bbp_reply_count":0,"_bbp_total_topic_count":0,"_bbp_total_reply_count":0,"_bbp_voice_count":0,"_bbp_anonymous_reply_count":0,"_bbp_topic_count_hidden":0,"_bbp_reply_count_hidden":0,"_bbp_forum_subforum_count":0,"site-sidebar-layout":"default","site-content-layout":"","ast-site-content-layout":"","site-content-style":"default","site-sidebar-style":"default","ast-global-header-display":"","ast-banner-title-visibility":"","ast-main-header-display":"","ast-hfb-above-header-display":"","ast-hfb-below-header-display":"","ast-hfb-mobile-header-display":"","site-post-title":"","ast-breadcrumbs-content":"","ast-featured-img":"","footer-sml-layout":"","theme-transparent-header-meta":"","adv-header-id-meta":"","stick-header-meta":"","header-above-stick-meta":"","header-main-stick-meta":"","header-below-stick-meta":"","astra-migrate-meta-layouts":"default","ast-page-background-enabled":"default","ast-page-background-meta":{"desktop":{"background-color":"var(--ast-global-color-4)","background-image":"","background-repeat":"repeat","background-position":"center center","background-size":"auto","background-attachment":"scroll","background-type":"","background-media":"","overlay-type":"","overlay-color":"","overlay-opacity":"","overlay-gradient":""},"tablet":{"background-color":"","background-image":"","background-repeat":"repeat","background-position":"center center","background-size":"auto","background-attachment":"scroll","background-type":"","background-media":"","overlay-type":"","overlay-color":"","overlay-opacity":"","overlay-gradient":""},"mobile":{"background-color":"","background-image":"","background-repeat":"repeat","background-position":"center center","background-size":"auto","background-attachment":"scroll","background-type":"","background-media":"","overlay-type":"","overlay-color":"","overlay-opacity":"","overlay-gradient":""}},"ast-content-background-meta":{"desktop":{"background-color":"var(--ast-global-color-5)","background-image":"","background-repeat":"repeat","background-position":"center center","background-size":"auto","background-attachment":"scroll","background-type":"","background-media":"","overlay-type":"","overlay-color":"","overlay-opacity":"","overlay-gradient":""},"tablet":{"background-color":"var(--ast-global-color-5)","background-image":"","background-repeat":"repeat","background-position":"center center","background-size":"auto","background-attachment":"scroll","background-type":"","background-media":"","overlay-type":"","overlay-color":"","overlay-opacity":"","overlay-gradient":""},"mobile":{"background-color":"var(--ast-global-color-5)","background-image":"","background-repeat":"repeat","background-position":"center center","background-size":"auto","background-attachment":"scroll","background-type":"","background-media":"","overlay-type":"","overlay-color":"","overlay-opacity":"","overlay-gradient":""}},"footnotes":""},"class_list":["post-548","page","type-page","status-publish","hentry"],"post_mailing_queue_ids":[],"_links":{"self":[{"href":"https:\/\/serveiseducatius.xtec.cat\/baixemporda\/wp-json\/wp\/v2\/pages\/548","targetHints":{"allow":["GET"]}}],"collection":[{"href":"https:\/\/serveiseducatius.xtec.cat\/baixemporda\/wp-json\/wp\/v2\/pages"}],"about":[{"href":"https:\/\/serveiseducatius.xtec.cat\/baixemporda\/wp-json\/wp\/v2\/types\/page"}],"author":[{"embeddable":true,"href":"https:\/\/serveiseducatius.xtec.cat\/baixemporda\/wp-json\/wp\/v2\/users\/1"}],"replies":[{"embeddable":true,"href":"https:\/\/serveiseducatius.xtec.cat\/baixemporda\/wp-json\/wp\/v2\/comments?post=548"}],"version-history":[{"count":7,"href":"https:\/\/serveiseducatius.xtec.cat\/baixemporda\/wp-json\/wp\/v2\/pages\/548\/revisions"}],"predecessor-version":[{"id":17173,"href":"https:\/\/serveiseducatius.xtec.cat\/baixemporda\/wp-json\/wp\/v2\/pages\/548\/revisions\/17173"}],"up":[{"embeddable":true,"href":"https:\/\/serveiseducatius.xtec.cat\/baixemporda\/wp-json\/wp\/v2\/pages\/416"}],"wp:attachment":[{"href":"https:\/\/serveiseducatius.xtec.cat\/baixemporda\/wp-json\/wp\/v2\/media?parent=548"}],"curies":[{"name":"wp","href":"https:\/\/api.w.org\/{rel}","templated":true}]}}