{"id":391,"date":"2015-11-25T14:31:04","date_gmt":"2015-11-25T13:31:04","guid":{"rendered":"http:\/\/serveiseducatius.xtec.cat\/baixemporda\/?page_id=391"},"modified":"2024-04-24T16:22:50","modified_gmt":"2024-04-24T14:22:50","slug":"educacio-especial","status":"publish","type":"page","link":"https:\/\/serveiseducatius.xtec.cat\/baixemporda\/comunitat\/centres-educatius\/educacio-especial\/","title":{"rendered":"Educaci\u00f3 Especial"},"content":{"rendered":"<p>&nbsp;<\/p>\n<h3 id=\"sites-page-title-header\" align=\"left\"><span id=\"sites-page-title\" dir=\"ltr\" tabindex=\"-1\">Centre Educaci\u00f3 Especial<\/span><\/h3>\n<div id=\"sites-canvas-main\" class=\"sites-canvas-main\">\n<div id=\"sites-canvas-main-content\">\n<table class=\"sites-layout-name-one-column sites-layout-hbox\" style=\"width: 1053px;\" cellspacing=\"0\">\n<tbody>\n<tr>\n<td class=\"sites-layout-tile sites-tile-name-content-1\" style=\"width: 1050.83px;\">\n<div dir=\"ltr\">\n<table style=\"width: 100%;\" border=\"0\" width=\"100%\" cellspacing=\"0\" cellpadding=\"0\">\n<tbody>\n<tr>\n<td style=\"width: 22.5994%;\" colspan=\"2\"><span style=\"color: #000066; font-family: Arial, Helvetica, sans-serif; font-size: small;\"><b>Palam\u00f3s<\/b><\/span><\/td>\n<td style=\"width: 26.3822%;\"><span style=\"color: #000066; font-family: verdana, sans-serif; font-size: xx-small;\"><b>Codi Postal: 17230<\/b><\/span><\/td>\n<td style=\"width: 19.3986%;\"><\/td>\n<td style=\"width: 31.4258%;\"><\/td>\n<\/tr>\n<tr>\n<td style=\"width: 7.27449%;\">17004736<\/td>\n<td style=\"width: 15.3249%;\"><span style=\"font-family: Arial, Helvetica, sans-serif; font-size: small;\"><a href=\"https:\/\/agora.xtec.cat\/cee-elsangels\/\" target=\"_blank\" rel=\"nofollow noopener noreferrer\">Els \u00c0ngels<\/a><\/span><\/td>\n<td style=\"width: 26.3822%;\"><span style=\"font-family: Arial, Helvetica, sans-serif;\">Almog\u00e0vers, s\/n<\/span><\/td>\n<td style=\"width: 19.3986%;\"><span style=\"font-family: Arial, Helvetica, sans-serif; font-size: small;\">972315769<\/span><\/td>\n<td style=\"width: 31.4258%;\"><span style=\"font-family: Arial, Helvetica, sans-serif; font-size: small;\"><a href=\"mailto:b7004736@xtec.cat\">b7004736@xtec.cat<\/a><\/span><\/td>\n<\/tr>\n<\/tbody>\n<\/table>\n<\/div>\n<\/td>\n<\/tr>\n<\/tbody>\n<\/table>\n<\/div>\n<\/div>\n<h5><\/h5>\n","protected":false},"excerpt":{"rendered":"<p>&nbsp; Centre Educaci\u00f3 Especial Palam\u00f3s Codi Postal: 17230 17004736 Els \u00c0ngels Almog\u00e0vers, s\/n 972315769 b7004736@xtec.cat<\/p>\n","protected":false},"author":1,"featured_media":0,"parent":338,"menu_order":4,"comment_status":"closed","ping_status":"closed","template":"page-templates\/side-menu.php","meta":{"_bbp_topic_count":0,"_bbp_reply_count":0,"_bbp_total_topic_count":0,"_bbp_total_reply_count":0,"_bbp_voice_count":0,"_bbp_anonymous_reply_count":0,"_bbp_topic_count_hidden":0,"_bbp_reply_count_hidden":0,"_bbp_forum_subforum_count":0,"site-sidebar-layout":"default","site-content-layout":"","ast-site-content-layout":"","site-content-style":"default","site-sidebar-style":"default","ast-global-header-display":"","ast-banner-title-visibility":"","ast-main-header-display":"","ast-hfb-above-header-display":"","ast-hfb-below-header-display":"","ast-hfb-mobile-header-display":"","site-post-title":"","ast-breadcrumbs-content":"","ast-featured-img":"","footer-sml-layout":"","theme-transparent-header-meta":"","adv-header-id-meta":"","stick-header-meta":"","header-above-stick-meta":"","header-main-stick-meta":"","header-below-stick-meta":"","astra-migrate-meta-layouts":"default","ast-page-background-enabled":"default","ast-page-background-meta":{"desktop":{"background-color":"var(--ast-global-color-4)","background-image":"","background-repeat":"repeat","background-position":"center center","background-size":"auto","background-attachment":"scroll","background-type":"","background-media":"","overlay-type":"","overlay-color":"","overlay-opacity":"","overlay-gradient":""},"tablet":{"background-color":"","background-image":"","background-repeat":"repeat","background-position":"center center","background-size":"auto","background-attachment":"scroll","background-type":"","background-media":"","overlay-type":"","overlay-color":"","overlay-opacity":"","overlay-gradient":""},"mobile":{"background-color":"","background-image":"","background-repeat":"repeat","background-position":"center center","background-size":"auto","background-attachment":"scroll","background-type":"","background-media":"","overlay-type":"","overlay-color":"","overlay-opacity":"","overlay-gradient":""}},"ast-content-background-meta":{"desktop":{"background-color":"var(--ast-global-color-5)","background-image":"","background-repeat":"repeat","background-position":"center center","background-size":"auto","background-attachment":"scroll","background-type":"","background-media":"","overlay-type":"","overlay-color":"","overlay-opacity":"","overlay-gradient":""},"tablet":{"background-color":"var(--ast-global-color-5)","background-image":"","background-repeat":"repeat","background-position":"center center","background-size":"auto","background-attachment":"scroll","background-type":"","background-media":"","overlay-type":"","overlay-color":"","overlay-opacity":"","overlay-gradient":""},"mobile":{"background-color":"var(--ast-global-color-5)","background-image":"","background-repeat":"repeat","background-position":"center center","background-size":"auto","background-attachment":"scroll","background-type":"","background-media":"","overlay-type":"","overlay-color":"","overlay-opacity":"","overlay-gradient":""}},"footnotes":""},"class_list":["post-391","page","type-page","status-publish","hentry"],"post_mailing_queue_ids":[],"_links":{"self":[{"href":"https:\/\/serveiseducatius.xtec.cat\/baixemporda\/wp-json\/wp\/v2\/pages\/391","targetHints":{"allow":["GET"]}}],"collection":[{"href":"https:\/\/serveiseducatius.xtec.cat\/baixemporda\/wp-json\/wp\/v2\/pages"}],"about":[{"href":"https:\/\/serveiseducatius.xtec.cat\/baixemporda\/wp-json\/wp\/v2\/types\/page"}],"author":[{"embeddable":true,"href":"https:\/\/serveiseducatius.xtec.cat\/baixemporda\/wp-json\/wp\/v2\/users\/1"}],"replies":[{"embeddable":true,"href":"https:\/\/serveiseducatius.xtec.cat\/baixemporda\/wp-json\/wp\/v2\/comments?post=391"}],"version-history":[{"count":4,"href":"https:\/\/serveiseducatius.xtec.cat\/baixemporda\/wp-json\/wp\/v2\/pages\/391\/revisions"}],"predecessor-version":[{"id":15635,"href":"https:\/\/serveiseducatius.xtec.cat\/baixemporda\/wp-json\/wp\/v2\/pages\/391\/revisions\/15635"}],"up":[{"embeddable":true,"href":"https:\/\/serveiseducatius.xtec.cat\/baixemporda\/wp-json\/wp\/v2\/pages\/338"}],"wp:attachment":[{"href":"https:\/\/serveiseducatius.xtec.cat\/baixemporda\/wp-json\/wp\/v2\/media?parent=391"}],"curies":[{"name":"wp","href":"https:\/\/api.w.org\/{rel}","templated":true}]}}