{"id":343,"date":"2015-11-24T18:43:38","date_gmt":"2015-11-24T17:43:38","guid":{"rendered":"http:\/\/serveiseducatius.xtec.cat\/baixemporda\/?page_id=343"},"modified":"2023-01-11T16:07:10","modified_gmt":"2023-01-11T15:07:10","slug":"institucions-i-entitats","status":"publish","type":"page","link":"https:\/\/serveiseducatius.xtec.cat\/baixemporda\/comunitat\/institucions-i-entitats\/","title":{"rendered":"Museus i altres llocs d&#8217;inter\u00e8s"},"content":{"rendered":"<h3 id=\"sites-page-title-header\" align=\"left\"><span id=\"sites-page-title\" dir=\"ltr\" tabindex=\"-1\">Museus i altres llocs d&#8217;inter\u00e8s<\/span><\/h3>\n<div id=\"sites-canvas-main\" class=\"sites-canvas-main\">\n<div id=\"sites-canvas-main-content\">\n<table class=\"sites-layout-name-one-column sites-layout-hbox\" cellspacing=\"0\">\n<tbody>\n<tr>\n<td class=\"sites-layout-tile sites-tile-name-content-1\">\n<div dir=\"ltr\">\n<table style=\"height: 805px; width: 100%;\">\n<tbody>\n<tr style=\"height: 29px;\" bgcolor=\"#FFFFD5\">\n<td style=\"height: 29px; width: 1028.33px; background-color: #e1e2e3;\" colspan=\"5\"><span style=\"font-family: Arial, Helvetica, sans-serif;\"><b><span style=\"font-family: Verdana, Arial, Helvetica, sans-serif;\">Museus i Fundacions\u00a0<\/span><\/b><\/span><\/td>\n<\/tr>\n<tr style=\"height: 28px;\">\n<td style=\"height: 28px; width: 17.5px;\"><\/td>\n<td style=\"height: 28px; width: 356.667px;\"><\/td>\n<td style=\"height: 28px; width: 338.333px;\"><\/td>\n<td style=\"height: 28px; width: 82.5px;\"><\/td>\n<td style=\"height: 28px; width: 226.667px;\"><\/td>\n<\/tr>\n<tr style=\"height: 41px;\">\n<td style=\"height: 41px; width: 17.5px;\"><\/td>\n<td style=\"height: 41px; width: 356.667px;\"><a href=\"http:\/\/www.labisbal.cat\/ca\/terracotta-museu.html\" target=\"_blank\" rel=\"nofollow noopener noreferrer\">Terracotta Museu<\/a><\/td>\n<td style=\"height: 41px; width: 338.333px;\">Sis d\u2019Octubre, 99<br \/>\n17100 LA BISBAL D\u2019EMPORD\u00c0<\/td>\n<td style=\"height: 41px; width: 82.5px;\"><span style=\"font-family: Arial, Helvetica, sans-serif; font-size: small;\">972642067<\/span><\/td>\n<td style=\"height: 41px; width: 226.667px;\">reserves.terracotta@labisbal.<wbr \/>cat<\/td>\n<\/tr>\n<tr style=\"height: 28px;\">\n<td style=\"height: 28px; width: 1028.33px;\" colspan=\"5\"><\/td>\n<\/tr>\n<tr style=\"height: 41px;\">\n<td style=\"height: 41px; width: 17.5px;\"><\/td>\n<td style=\"height: 41px; width: 356.667px;\"><a href=\"http:\/\/www.museudelamediterrania.org\/\" target=\"_blank\" rel=\"nofollow noopener noreferrer\">Museu de la Mediterr\u00e0nia<\/a><\/td>\n<td style=\"height: 41px; width: 338.333px;\">Ull\u00e0, 31<br \/>\n17257 TORROELLA DE MONTGR\u00cd<\/td>\n<td style=\"height: 41px; width: 82.5px;\">972755180<\/td>\n<td style=\"height: 41px; width: 226.667px;\">educacio@<wbr \/>museudelamediterrania.cat<\/td>\n<\/tr>\n<tr style=\"height: 28px;\">\n<td style=\"height: 28px; width: 1028.33px;\" colspan=\"5\"><\/td>\n<\/tr>\n<tr style=\"height: 41px;\">\n<td style=\"height: 41px; width: 17.5px;\"><\/td>\n<td style=\"height: 41px; width: 356.667px;\"><a href=\"http:\/\/www.museudelsuro.cat\/\" target=\"_blank\" rel=\"nofollow noopener noreferrer\">Museu del Suro de Catalunya<\/a><\/td>\n<td style=\"height: 41px; width: 338.333px;\">Placeta del Museu del Suro, s\/n<br \/>\n17200 PALAFRUGELL<\/td>\n<td style=\"height: 41px; width: 82.5px;\">972307825<\/td>\n<td style=\"height: 41px; width: 226.667px;\">info@museudelsuro.cat<br \/>\nservei.educatiu@museudelsuro.cat<\/td>\n<\/tr>\n<tr style=\"height: 28px;\">\n<td style=\"height: 28px; width: 17.5px;\"><\/td>\n<td style=\"height: 28px; width: 356.667px;\"><\/td>\n<td style=\"height: 28px; width: 338.333px;\"><\/td>\n<td style=\"height: 28px; width: 82.5px;\"><\/td>\n<td style=\"height: 28px; width: 226.667px;\"><\/td>\n<\/tr>\n<tr style=\"height: 41px;\">\n<td style=\"height: 41px; width: 17.5px;\"><\/td>\n<td style=\"height: 41px; width: 356.667px;\"><a href=\"http:\/\/www.museudelapesca.org\/\" target=\"_blank\" rel=\"nofollow noopener noreferrer\">Museu de la Pesca<\/a><\/td>\n<td style=\"height: 41px; width: 338.333px;\">Moll Pesquer, s\/n<br \/>\n17230 PALAM\u00d3S<\/td>\n<td style=\"height: 41px; width: 82.5px;\">972600424<\/td>\n<td style=\"height: 41px; width: 226.667px;\">infomuseu@palamos.cat<\/td>\n<\/tr>\n<tr style=\"height: 28px;\">\n<td style=\"height: 28px; width: 17.5px;\"><\/td>\n<td style=\"height: 28px; width: 356.667px;\"><\/td>\n<td style=\"height: 28px; width: 338.333px;\"><\/td>\n<td style=\"height: 28px; width: 82.5px;\"><\/td>\n<td style=\"height: 28px; width: 226.667px;\"><\/td>\n<\/tr>\n<tr style=\"height: 41px;\">\n<td style=\"height: 41px; width: 17.5px;\"><\/td>\n<td style=\"height: 41px; width: 356.667px;\"><a href=\"http:\/\/www.fundaciovilacasas.com\/ca\/museu\/museu-can-mario-palafrugell\" target=\"_blank\" rel=\"nofollow noopener noreferrer\">Can Mario &#8211; Fundaci\u00f3 Vila Casas<\/a><\/td>\n<td style=\"height: 41px; width: 338.333px;\">Pl. Can Mario, 7<br \/>\n17200 PALAFRUGELL<\/td>\n<td style=\"height: 41px; width: 82.5px;\">972306246<\/td>\n<td style=\"height: 41px; width: 226.667px;\">canmario@fundacionvilacasas.org<\/td>\n<\/tr>\n<tr style=\"height: 28px;\">\n<td style=\"height: 28px; width: 17.5px;\"><\/td>\n<td style=\"height: 28px; width: 356.667px;\"><\/td>\n<td style=\"height: 28px; width: 338.333px;\"><\/td>\n<td style=\"height: 28px; width: 82.5px;\"><\/td>\n<td style=\"height: 28px; width: 226.667px;\"><\/td>\n<\/tr>\n<tr style=\"height: 41px;\">\n<td style=\"height: 41px; width: 17.5px;\"><\/td>\n<td style=\"height: 41px; width: 356.667px;\"><a href=\"http:\/\/www.fundaciovilacasas.com\/ca\/museu\/museu-palau-solterra-torroella-de-montgri\" target=\"_blank\" rel=\"nofollow noopener noreferrer\">Palau Solterra &#8211; Fundaci\u00f3 Vila Casas<\/a><\/td>\n<td style=\"height: 41px; width: 338.333px;\">Carrer de l&#8217;Esgl\u00e9sia, 10<br \/>\n17257 TORROELLA DE MONTGR\u00cd<\/td>\n<td style=\"height: 41px; width: 82.5px;\">972761976<\/td>\n<td style=\"height: 41px; width: 226.667px;\">palausolterra@fundacionvilacasas.org<\/td>\n<\/tr>\n<tr style=\"height: 28px;\">\n<td style=\"height: 28px; width: 17.5px;\"><\/td>\n<td style=\"height: 28px; width: 356.667px;\"><a href=\"http:\/\/www.espaicarmenthyssen.com\/es\/\" target=\"_blank\" rel=\"noopener\">Espai Carmen Thyssen<\/a><\/td>\n<td style=\"height: 28px; width: 338.333px;\">Pla\u00e7a del Monestir s\/n (Monestir)<br \/>\n17220 SANT FELIU DE GU\u00cdXOLS<\/td>\n<td style=\"height: 28px; width: 82.5px;\">972820051<\/td>\n<td style=\"height: 28px; width: 226.667px;\">info@espaicarmenthyssen.com<\/td>\n<\/tr>\n<tr style=\"height: 41px;\">\n<td style=\"height: 41px; width: 17.5px;\"><\/td>\n<td style=\"height: 41px; width: 356.667px;\"><a href=\"http:\/\/www.mac.cat\/Seus\/Ullastret\" target=\"_blank\" rel=\"nofollow noopener noreferrer\">Museu d&#8217;Arqueologia de Catalunya &#8211; Ciutat Ib\u00e8rica d&#8217;Ullastret<\/a><\/td>\n<td style=\"height: 41px; width: 338.333px;\">Afores s\/n. Puig de Sant Andreu<br \/>\n17114 ULLASTRET<\/td>\n<td style=\"height: 41px; width: 82.5px;\">972179058<\/td>\n<td style=\"height: 41px; width: 226.667px;\">macullastret.cultura@gencat.<wbr \/>cat<\/td>\n<\/tr>\n<tr style=\"height: 28px;\">\n<td style=\"height: 28px; width: 17.5px;\"><\/td>\n<td style=\"height: 28px; width: 356.667px;\"><a href=\"https:\/\/www.salvador-dali.org\/ca\/museus\/castell-gala-dali-de-pubol\/\" target=\"_blank\" rel=\"noopener noreferrer\">Castell Gala-Dal\u00ed<\/a><\/td>\n<td style=\"height: 28px; width: 338.333px;\">Pla\u00e7a Gala Dal\u00ed\u00a017120 P\u00daBOL &#8211; LA PERA<\/td>\n<td style=\"height: 28px; width: 82.5px;\">972488655<\/td>\n<td style=\"height: 28px; width: 226.667px;\">pubol@fundaciodali.org<\/td>\n<\/tr>\n<tr style=\"height: 41px;\">\n<td style=\"height: 41px; width: 17.5px;\"><\/td>\n<td style=\"height: 41px; width: 356.667px;\"><a href=\"http:\/\/www.guixols.cat\/museu\/\" target=\"_blank\" rel=\"nofollow noopener noreferrer\">Museu d\u2019Hist\u00f2ria de Sant Feliu de Gu\u00edxols<\/a><\/td>\n<td style=\"height: 41px; width: 338.333px;\">Pla\u00e7a del Monestir s\/n (Monestir)<br \/>\n17220 SANT FELIU DE GU\u00cdXOLS<\/td>\n<td style=\"height: 41px; width: 82.5px;\">972821575<\/td>\n<td style=\"height: 41px; width: 226.667px;\">museuhistoria@guixols.cat<\/td>\n<\/tr>\n<tr style=\"height: 41px;\">\n<td style=\"height: 41px; width: 17.5px;\"><\/td>\n<td style=\"height: 41px; width: 356.667px;\"><a href=\"http:\/\/fundaciojoseppla.cat\/\" target=\"_blank\" rel=\"nofollow noopener noreferrer\">\u00a0Fundaci\u00f3 Josep Pla.\u00a0<\/a><\/td>\n<td style=\"height: 41px; width: 338.333px;\">\u00a0Nou, 51<br \/>\n17200 PALAFRUGELL<\/td>\n<td style=\"height: 41px; width: 82.5px;\">\u00a0972305577<\/td>\n<td style=\"height: 41px; width: 226.667px;\">\u00a0info@fundaciojoseppla.cat<\/td>\n<\/tr>\n<tr style=\"height: 29px;\" bgcolor=\"#FFFFD5\">\n<td style=\"height: 29px; width: 1028.33px; background-color: #cfd3d4;\" colspan=\"5\"><span style=\"font-family: Arial, Helvetica, sans-serif;\"><b><span style=\"font-family: Verdana, Arial, Helvetica, sans-serif;\">Altres llocs d&#8217;inter\u00e8s<\/span><\/b><\/span><\/td>\n<\/tr>\n<tr style=\"height: 28px;\">\n<td style=\"height: 28px; width: 17.5px;\"><\/td>\n<td style=\"height: 28px; width: 356.667px;\"><a href=\"https:\/\/parcsnaturals.gencat.cat\/ca\/xarxa-de-parcs\/illes-medes\/inici\/\" target=\"_blank\" rel=\"noopener\">Parc Natural del Montgr\u00ed, les Illes Medes i el Baix Ter<\/a><\/td>\n<td style=\"height: 28px; width: 338.333px;\">Passeig del Port, s\/n Espig\u00f3 de Llevant 17258 L&#8217;Estartit<\/td>\n<td style=\"height: 28px; width: 82.5px;\">972751701<\/td>\n<td style=\"height: 28px; width: 226.667px;\">pnmmbt@gencat.cat<\/td>\n<\/tr>\n<tr style=\"height: 41px;\">\n<td style=\"height: 41px; width: 17.5px;\"><\/td>\n<td style=\"height: 41px; width: 356.667px;\"><a href=\"http:\/\/jardins.caproig.cat\/index.php\" target=\"_blank\" rel=\"nofollow noopener noreferrer\">Jard\u00ed Bot\u00e0nic de Cap Roig<\/a><\/td>\n<td style=\"height: 41px; width: 338.333px;\">Cap Roig<br \/>\n17210 CALELLA DE PALAFRUGELL<\/td>\n<td style=\"height: 41px; width: 82.5px;\">972614582<\/td>\n<td style=\"height: 41px; width: 226.667px;\">info@caproig.cat<\/td>\n<\/tr>\n<tr style=\"height: 28px;\">\n<td style=\"height: 28px; width: 17.5px;\"><\/td>\n<td style=\"height: 28px; width: 356.667px;\"><\/td>\n<td style=\"height: 28px; width: 338.333px;\"><\/td>\n<td style=\"height: 28px; width: 82.5px;\"><\/td>\n<td style=\"height: 28px; width: 226.667px;\"><\/td>\n<\/tr>\n<tr style=\"height: 57px;\">\n<td style=\"height: 57px; width: 17.5px;\"><\/td>\n<td style=\"height: 57px; width: 356.667px;\"><a href=\"http:\/\/www.gavarres.cat\/\" target=\"_blank\" rel=\"nofollow noopener noreferrer\">Itineraris did\u00e0ctics per les Gavarres<\/a><\/td>\n<td style=\"height: 57px; width: 338.333px;\">Consorci de les Gavarres.\u00a0<span style=\"font-family: Verdana;\">Finca<br \/>\nCamps i Armet, s\/n (Can Geron\u00e8s). 17121 MONELLS<\/span><\/td>\n<td style=\"height: 57px; width: 82.5px;\">972643695<\/td>\n<td style=\"height: 57px; width: 226.667px;\">Contacte<\/td>\n<\/tr>\n<\/tbody>\n<\/table>\n<\/div>\n<\/td>\n<\/tr>\n<\/tbody>\n<\/table>\n<\/div>\n<\/div>\n","protected":false},"excerpt":{"rendered":"<p>Museus i altres llocs d&#8217;inter\u00e8s Museus i Fundacions\u00a0 Terracotta Museu Sis d\u2019Octubre, 99 17100 LA BISBAL D\u2019EMPORD\u00c0 972642067 reserves.terracotta@labisbal.cat Museu de la Mediterr\u00e0nia Ull\u00e0, 31 17257 TORROELLA DE MONTGR\u00cd 972755180 educacio@museudelamediterrania.cat Museu del Suro de Catalunya Placeta del Museu del Suro, s\/n 17200 PALAFRUGELL 972307825 info@museudelsuro.cat servei.educatiu@museudelsuro.cat Museu de la Pesca Moll Pesquer, s\/n 17230 [&hellip;]<\/p>\n","protected":false},"author":1,"featured_media":0,"parent":341,"menu_order":4,"comment_status":"closed","ping_status":"closed","template":"page-templates\/side-menu.php","meta":{"_bbp_topic_count":0,"_bbp_reply_count":0,"_bbp_total_topic_count":0,"_bbp_total_reply_count":0,"_bbp_voice_count":0,"_bbp_anonymous_reply_count":0,"_bbp_topic_count_hidden":0,"_bbp_reply_count_hidden":0,"_bbp_forum_subforum_count":0,"site-sidebar-layout":"default","site-content-layout":"","ast-site-content-layout":"","site-content-style":"default","site-sidebar-style":"default","ast-global-header-display":"","ast-banner-title-visibility":"","ast-main-header-display":"","ast-hfb-above-header-display":"","ast-hfb-below-header-display":"","ast-hfb-mobile-header-display":"","site-post-title":"","ast-breadcrumbs-content":"","ast-featured-img":"","footer-sml-layout":"","theme-transparent-header-meta":"","adv-header-id-meta":"","stick-header-meta":"","header-above-stick-meta":"","header-main-stick-meta":"","header-below-stick-meta":"","astra-migrate-meta-layouts":"default","ast-page-background-enabled":"default","ast-page-background-meta":{"desktop":{"background-color":"var(--ast-global-color-4)","background-image":"","background-repeat":"repeat","background-position":"center center","background-size":"auto","background-attachment":"scroll","background-type":"","background-media":"","overlay-type":"","overlay-color":"","overlay-opacity":"","overlay-gradient":""},"tablet":{"background-color":"","background-image":"","background-repeat":"repeat","background-position":"center center","background-size":"auto","background-attachment":"scroll","background-type":"","background-media":"","overlay-type":"","overlay-color":"","overlay-opacity":"","overlay-gradient":""},"mobile":{"background-color":"","background-image":"","background-repeat":"repeat","background-position":"center center","background-size":"auto","background-attachment":"scroll","background-type":"","background-media":"","overlay-type":"","overlay-color":"","overlay-opacity":"","overlay-gradient":""}},"ast-content-background-meta":{"desktop":{"background-color":"var(--ast-global-color-5)","background-image":"","background-repeat":"repeat","background-position":"center center","background-size":"auto","background-attachment":"scroll","background-type":"","background-media":"","overlay-type":"","overlay-color":"","overlay-opacity":"","overlay-gradient":""},"tablet":{"background-color":"var(--ast-global-color-5)","background-image":"","background-repeat":"repeat","background-position":"center center","background-size":"auto","background-attachment":"scroll","background-type":"","background-media":"","overlay-type":"","overlay-color":"","overlay-opacity":"","overlay-gradient":""},"mobile":{"background-color":"var(--ast-global-color-5)","background-image":"","background-repeat":"repeat","background-position":"center center","background-size":"auto","background-attachment":"scroll","background-type":"","background-media":"","overlay-type":"","overlay-color":"","overlay-opacity":"","overlay-gradient":""}},"footnotes":""},"class_list":["post-343","page","type-page","status-publish","hentry"],"post_mailing_queue_ids":[],"_links":{"self":[{"href":"https:\/\/serveiseducatius.xtec.cat\/baixemporda\/wp-json\/wp\/v2\/pages\/343","targetHints":{"allow":["GET"]}}],"collection":[{"href":"https:\/\/serveiseducatius.xtec.cat\/baixemporda\/wp-json\/wp\/v2\/pages"}],"about":[{"href":"https:\/\/serveiseducatius.xtec.cat\/baixemporda\/wp-json\/wp\/v2\/types\/page"}],"author":[{"embeddable":true,"href":"https:\/\/serveiseducatius.xtec.cat\/baixemporda\/wp-json\/wp\/v2\/users\/1"}],"replies":[{"embeddable":true,"href":"https:\/\/serveiseducatius.xtec.cat\/baixemporda\/wp-json\/wp\/v2\/comments?post=343"}],"version-history":[{"count":4,"href":"https:\/\/serveiseducatius.xtec.cat\/baixemporda\/wp-json\/wp\/v2\/pages\/343\/revisions"}],"predecessor-version":[{"id":13788,"href":"https:\/\/serveiseducatius.xtec.cat\/baixemporda\/wp-json\/wp\/v2\/pages\/343\/revisions\/13788"}],"up":[{"embeddable":true,"href":"https:\/\/serveiseducatius.xtec.cat\/baixemporda\/wp-json\/wp\/v2\/pages\/341"}],"wp:attachment":[{"href":"https:\/\/serveiseducatius.xtec.cat\/baixemporda\/wp-json\/wp\/v2\/media?parent=343"}],"curies":[{"name":"wp","href":"https:\/\/api.w.org\/{rel}","templated":true}]}}