{"id":17640,"date":"2025-12-11T13:39:10","date_gmt":"2025-12-11T12:39:10","guid":{"rendered":"https:\/\/serveiseducatius.xtec.cat\/baixemporda\/?page_id=17640"},"modified":"2025-12-12T08:54:07","modified_gmt":"2025-12-12T07:54:07","slug":"educacio-secundaria","status":"publish","type":"page","link":"https:\/\/serveiseducatius.xtec.cat\/baixemporda\/educacio-secundaria\/","title":{"rendered":"Educaci\u00f3 Secund\u00e0ria"},"content":{"rendered":"\n<h5 class=\"wp-block-heading\">Instituts de secund\u00e0ria p\u00fablics del Baix Empord\u00e0<\/h5>\n\n\n\n<figure class=\"wp-block-table is-style-stripes\"><table><tbody><tr><td><strong>POBLACI\u00d3<\/strong><\/td><td><strong>NOM<\/strong><\/td><td><strong>ADRE\u00c7A<\/strong><\/td><td><strong>TEL\u00c8FON<\/strong><\/td><td><strong>CORREU ELECTR\u00d2NIC<\/strong><\/td><\/tr><tr><td>Castell &#8211; Platja d&#8217;Aro<\/td><td><a href=\"https:\/\/agora.xtec.cat\/iesridaura\/\" target=\"_blank\" rel=\"noreferrer noopener\">INS Ridaura<\/a><\/td><td>Amadeu Vives, 42<\/td><td>972826009<\/td><td><a href=\"mailto:b7006691@xtec.cat\">b7006691@xtec.cat<\/a><\/td><\/tr><tr><td>La Bisbal d&#8217;Empord\u00e0<\/td><td><a href=\"https:\/\/agora.xtec.cat\/ieslabisbal\/\" target=\"_blank\" rel=\"noreferrer noopener\">INS La Bisbal<\/a><\/td><td>Eusebi D\u00edaz Costa, 16-38<\/td><td>972640016<\/td><td><a href=\"mailto:b7007300@xtec.cat\">b7007300@xtec.cat<\/a><\/td><\/tr><tr><td>Palafrugell<\/td><td><a href=\"https:\/\/insbaixemporda.cat\/\" target=\"_blank\" rel=\"noreferrer noopener\">INS Baix Empord\u00e0<\/a><\/td><td>Avda. Corts Catalanes, s\/n<\/td><td>972300323&nbsp;<\/td><td><a href=\"http:\/\/insbaixemporda.cat\/contacte\/\">insbaixemporda@xtec.cat<\/a><\/td><\/tr><tr><td>Palafrugell<\/td><td><a href=\"https:\/\/agora.xtec.cat\/iesfredericmarti\/\" target=\"_blank\" rel=\"noreferrer noopener\">INS Frederic Mart\u00ed Carreras<\/a><\/td><td>C\/ Frederic Mart\u00ed Carreras, 13<\/td><td>972301079<\/td><td><a href=\"mailto:iesfredericmarti@xtec.cat\">iesfredericmarti@xtec.cat<\/a><\/td><\/tr><tr><td>Palafrugell<\/td><td><a href=\"https:\/\/agora.xtec.cat\/institutlasureda\/\" target=\"_blank\" rel=\"noreferrer noopener\">INS La Sureda<\/a><\/td><td>Pals, 91<\/td><td>972903976<\/td><td><a href=\"mailto:b7010840@xtec.cat\">b7010840@xtec.cat<\/a><\/td><\/tr><tr><td>Palam\u00f3s<\/td><td><a href=\"http:\/\/inspalamos.cat\/\" target=\"_blank\" rel=\"noreferrer noopener\">INS Palam\u00f3s<\/a><\/td><td>N\u00e0pols, 22<\/td><td>972602344<\/td><td><a href=\"mailto:b7005352@xtec.cat\">b7005352@xtec.cat<\/a><\/td><\/tr><tr><td>Palam\u00f3s<\/td><td><a href=\"https:\/\/agora.xtec.cat\/ievila-roma\/\" target=\"_blank\" rel=\"noreferrer noopener\">IE Vila-Rom\u00e0<\/a><\/td><td>Riera, 29-31<\/td><td>972316125<\/td><td><a href=\"mailto:b7010815@xtec.cat\">b7010815@xtec.cat<\/a><\/td><\/tr><tr><td>Calonge i Sant Antoni<\/td><td><a href=\"https:\/\/agora.xtec.cat\/iespuigcargol-calonge\/\" target=\"_blank\" rel=\"noreferrer noopener\">INS Puig Cargol<\/a><\/td><td>Pla de Calonge s\/n<\/td><td>972652598<\/td><td><a href=\"mailto:b7000706@xtec.cat\">b7000706@xtec.cat<\/a><\/td><\/tr><tr><td>Sant Feliu de Gu\u00edxols<\/td><td><a href=\"https:\/\/agora.xtec.cat\/ies-santelm\/\" target=\"_blank\" rel=\"noreferrer noopener\">INS Sant Elm<\/a><\/td><td>Abat Sunyer, s\/n<\/td><td>972321381<\/td><td><a href=\"mailto:b7003306@xtec.cat\">b7003306@xtec.cat<\/a><\/td><\/tr><tr><td>Sant Feliu de Gu\u00edxols<\/td><td><a href=\"https:\/\/agora.xtec.cat\/iessantfeliu\/\" target=\"_blank\" rel=\"noreferrer noopener\">INS Sant Feliu de Gu\u00edxols<\/a><\/td><td>C\/ Canig\u00f3, 41<\/td><td>972820118<\/td><td><a href=\"mailto:institut@isantfeliu.net\">institut@isantfeliu.net<\/a><\/td><\/tr><tr><td>Torroella de Montgr\u00ed<\/td><td><a href=\"https:\/\/agora.xtec.cat\/iesmontgri\/\" target=\"_blank\" rel=\"noreferrer noopener\">INS Montgr\u00ed<\/a><\/td><td>Santa Caterina, 137<\/td><td>972759242<\/td><td><a href=\"mailto:institut@institutmontgri.cat\" target=\"_blank\" rel=\"noreferrer noopener\">institut@institutmontgri.cat<\/a><\/td><\/tr><tr><td>Verges<\/td><td><a href=\"https:\/\/agora.xtec.cat\/iecamboverges\/\" target=\"_blank\" rel=\"noreferrer noopener\">IE Francesc Camb\u00f3 i Batlle<\/a><\/td><td>Cam\u00ed de Mareny\u00e0, s\/n<\/td><td>972780141<\/td><td><a href=\"mailto:b7009795@xtec.cat\">b7009795@xtec.cat<\/a><\/td><\/tr><\/tbody><\/table><\/figure>\n\n\n\n<h5 class=\"wp-block-heading\">Centres de secund\u00e0ria concertats del Baix Empord\u00e0<\/h5>\n\n\n\n<figure class=\"wp-block-table is-style-stripes\"><table><tbody><tr><td><strong>POBLACI\u00d3<\/strong><\/td><td><strong>NOM<\/strong><\/td><td><strong>ADRE\u00c7A<\/strong><\/td><td><strong>TEL\u00c8FON<\/strong><\/td><td><strong>CORREU ELECTR\u00d2NIC<\/strong><\/td><\/tr><tr><td>La Bisbal d&#8217;Empord\u00e0<\/td><td><a href=\"https:\/\/www.cordemarialabisbal.cat\/\" target=\"_blank\" rel=\"noreferrer noopener\">Cor de Maria<\/a><\/td><td>U d\u2019Octubre de 2017, 2<\/td><td>972640162<\/td><td><a href=\"mailto:cordemaria@cordemarialabisbal.cat\">cordemaria@cordemarialabisbal.cat<\/a><\/td><\/tr><tr><td>Palafrugell<\/td><td><a href=\"http:\/\/www.pratsdelacarrera.org\/\" target=\"_blank\" rel=\"noreferrer noopener\">Prats de la Carrera<\/a><\/td><td>Anselm Clav\u00e9, 33<\/td><td>972300204<\/td><td><a href=\"mailto:pratsdelacarrera@vedruna.cat\">pratsdelacarrera@vedruna.cat<\/a><\/td><\/tr><tr><td>Palafrugell<\/td><td><a href=\"https:\/\/www.escolasantjordi.cat\/\" target=\"_blank\" rel=\"noreferrer noopener\">Sant Jordi<\/a><\/td><td>Tarongeta, 65<\/td><td>972302898<\/td><td><a href=\"mailto:santjordi@escolasantjordi.cat\">santjordi@escolasantjordi.cat<\/a><\/td><\/tr><tr><td>Palam\u00f3s<\/td><td><a href=\"https:\/\/www.vedrunapalamos.org\/\" target=\"_blank\" rel=\"noreferrer noopener\">Vedruna Xaloc<\/a><\/td><td>Xaloc, 22<\/td><td>972314286<\/td><td><a href=\"mailto:vedrunapalamos@vedruna.cat\">vedrunapalamos@vedruna.cat<\/a><\/td><\/tr><tr><td>Sant Feliu de Gu\u00edxols<\/td><td><a href=\"https:\/\/www.fundaciocordemariasantjosep.com\/\" target=\"_blank\" rel=\"noreferrer noopener\">Cor de Maria Sant Josep<\/a><\/td><td>Ferran Romaguera, 20<\/td><td>972320435<\/td><td><a href=\"mailto:b7003288@xtec.cat\">b7003288@xtec.cat<\/a><\/td><\/tr><tr><td>Torroella de Montgr\u00ed<\/td><td><a href=\"https:\/\/torroella.gabrielistas.org\/\" target=\"_blank\" rel=\"noreferrer noopener\">Sant Gabriel<\/a><\/td><td>Ronda Pau Casals, 36<\/td><td>972758416<\/td><td><a href=\"mailto:b7003896@xtec.cat\">b7003896@xtec.cat<\/a><\/td><\/tr><\/tbody><\/table><\/figure>\n","protected":false},"excerpt":{"rendered":"<p>Instituts de secund\u00e0ria p\u00fablics del Baix Empord\u00e0 POBLACI\u00d3 NOM ADRE\u00c7A TEL\u00c8FON CORREU ELECTR\u00d2NIC Castell &#8211; Platja d&#8217;Aro INS Ridaura Amadeu Vives, 42 972826009 b7006691@xtec.cat La Bisbal d&#8217;Empord\u00e0 INS La Bisbal Eusebi D\u00edaz Costa, 16-38 972640016 b7007300@xtec.cat Palafrugell INS Baix Empord\u00e0 Avda. Corts Catalanes, s\/n 972300323&nbsp; insbaixemporda@xtec.cat Palafrugell INS Frederic Mart\u00ed Carreras C\/ Frederic Mart\u00ed Carreras, [&hellip;]<\/p>\n","protected":false},"author":1,"featured_media":0,"parent":0,"menu_order":0,"comment_status":"closed","ping_status":"close","template":"","meta":{"_bbp_topic_count":0,"_bbp_reply_count":0,"_bbp_total_topic_count":0,"_bbp_total_reply_count":0,"_bbp_voice_count":0,"_bbp_anonymous_reply_count":0,"_bbp_topic_count_hidden":0,"_bbp_reply_count_hidden":0,"_bbp_forum_subforum_count":0,"site-sidebar-layout":"default","site-content-layout":"","ast-site-content-layout":"default","site-content-style":"default","site-sidebar-style":"default","ast-global-header-display":"","ast-banner-title-visibility":"","ast-main-header-display":"","ast-hfb-above-header-display":"","ast-hfb-below-header-display":"","ast-hfb-mobile-header-display":"","site-post-title":"","ast-breadcrumbs-content":"","ast-featured-img":"","footer-sml-layout":"","theme-transparent-header-meta":"","adv-header-id-meta":"","stick-header-meta":"","header-above-stick-meta":"","header-main-stick-meta":"","header-below-stick-meta":"","astra-migrate-meta-layouts":"set","ast-page-background-enabled":"default","ast-page-background-meta":{"desktop":{"background-color":"var(--ast-global-color-4)","background-image":"","background-repeat":"repeat","background-position":"center center","background-size":"auto","background-attachment":"scroll","background-type":"","background-media":"","overlay-type":"","overlay-color":"","overlay-opacity":"","overlay-gradient":""},"tablet":{"background-color":"","background-image":"","background-repeat":"repeat","background-position":"center center","background-size":"auto","background-attachment":"scroll","background-type":"","background-media":"","overlay-type":"","overlay-color":"","overlay-opacity":"","overlay-gradient":""},"mobile":{"background-color":"","background-image":"","background-repeat":"repeat","background-position":"center center","background-size":"auto","background-attachment":"scroll","background-type":"","background-media":"","overlay-type":"","overlay-color":"","overlay-opacity":"","overlay-gradient":""}},"ast-content-background-meta":{"desktop":{"background-color":"var(--ast-global-color-5)","background-image":"","background-repeat":"repeat","background-position":"center center","background-size":"auto","background-attachment":"scroll","background-type":"","background-media":"","overlay-type":"","overlay-color":"","overlay-opacity":"","overlay-gradient":""},"tablet":{"background-color":"var(--ast-global-color-5)","background-image":"","background-repeat":"repeat","background-position":"center center","background-size":"auto","background-attachment":"scroll","background-type":"","background-media":"","overlay-type":"","overlay-color":"","overlay-opacity":"","overlay-gradient":""},"mobile":{"background-color":"var(--ast-global-color-5)","background-image":"","background-repeat":"repeat","background-position":"center center","background-size":"auto","background-attachment":"scroll","background-type":"","background-media":"","overlay-type":"","overlay-color":"","overlay-opacity":"","overlay-gradient":""}},"footnotes":""},"class_list":["post-17640","page","type-page","status-publish","hentry"],"post_mailing_queue_ids":[],"_links":{"self":[{"href":"https:\/\/serveiseducatius.xtec.cat\/baixemporda\/wp-json\/wp\/v2\/pages\/17640","targetHints":{"allow":["GET"]}}],"collection":[{"href":"https:\/\/serveiseducatius.xtec.cat\/baixemporda\/wp-json\/wp\/v2\/pages"}],"about":[{"href":"https:\/\/serveiseducatius.xtec.cat\/baixemporda\/wp-json\/wp\/v2\/types\/page"}],"author":[{"embeddable":true,"href":"https:\/\/serveiseducatius.xtec.cat\/baixemporda\/wp-json\/wp\/v2\/users\/1"}],"replies":[{"embeddable":true,"href":"https:\/\/serveiseducatius.xtec.cat\/baixemporda\/wp-json\/wp\/v2\/comments?post=17640"}],"version-history":[{"count":4,"href":"https:\/\/serveiseducatius.xtec.cat\/baixemporda\/wp-json\/wp\/v2\/pages\/17640\/revisions"}],"predecessor-version":[{"id":17649,"href":"https:\/\/serveiseducatius.xtec.cat\/baixemporda\/wp-json\/wp\/v2\/pages\/17640\/revisions\/17649"}],"wp:attachment":[{"href":"https:\/\/serveiseducatius.xtec.cat\/baixemporda\/wp-json\/wp\/v2\/media?parent=17640"}],"curies":[{"name":"wp","href":"https:\/\/api.w.org\/{rel}","templated":true}]}}