{"id":17636,"date":"2025-12-11T13:02:40","date_gmt":"2025-12-11T12:02:40","guid":{"rendered":"https:\/\/serveiseducatius.xtec.cat\/baixemporda\/?page_id=17636"},"modified":"2025-12-12T08:56:35","modified_gmt":"2025-12-12T07:56:35","slug":"escoles-dadults-2","status":"publish","type":"page","link":"https:\/\/serveiseducatius.xtec.cat\/baixemporda\/escoles-dadults-2\/","title":{"rendered":"Escoles d&#8217;adults"},"content":{"rendered":"\n<h5 class=\"wp-block-heading\">Escoles d\u2019adults del Baix Empord\u00e0<\/h5>\n\n\n\n<figure class=\"wp-block-table is-style-stripes\"><table><tbody><tr><td><strong>POBLACI\u00d3<\/strong><\/td><td><strong>NOM<\/strong><\/td><td><strong>ADRE\u00c7A<\/strong><\/td><td><strong>TEL\u00c8FON<\/strong><\/td><td><strong>CORREU ELECTR\u00d2NIC<\/strong><\/td><\/tr><tr><td>Calonge i Sant Antoni<\/td><td><a href=\"https:\/\/www.cfacalonge.cat\/\" target=\"_blank\" rel=\"noreferrer noopener\">CFA Calonge i Sant Antoni<\/a><\/td><td>Pla\u00e7a Major, 3&nbsp;<\/td><td>972609407<br>972660481<\/td><td><a href=\"mailto:escoladults@calonge.cat\" target=\"_blank\" rel=\"noreferrer noopener\">escoladults@calonge.cat<\/a><\/td><\/tr><tr><td>Castell &#8211; Platja d&#8217;Aro<\/td><td><a href=\"https:\/\/ciutada.platjadaro.com\/serveis\/educacio-i-formacio\/centre-formacio-persones-adultes\/\" target=\"_blank\" rel=\"noreferrer noopener\">Centre de Formaci\u00f3 d&#8217;Adults<\/a><\/td><td>Escoles, 2<\/td><td>972818341<\/td><td><a href=\"mailto:secretaria@cfaplatjadaro.cat\">secretaria@cfaplatjadaro.cat<\/a><\/td><\/tr><tr><td>La Bisbal d&#8217;Empord\u00e0<\/td><td><a href=\"https:\/\/labisbal.cat\/serveis\/educacio\/aulaadults\/\" target=\"_blank\" rel=\"noreferrer noopener\">Aula d&#8217;adults<\/a><\/td><td>1 d&#8217;octubre, 16-24<\/td><td>972646737<\/td><td><a href=\"mailto:aulaadults@labisbal.cat\">aulaadults@labisbal.cat<\/a><\/td><\/tr><tr><td>Palafrugell<\/td><td><a href=\"https:\/\/agora.xtec.cat\/cfapalafrugell\/\" target=\"_blank\" rel=\"noreferrer noopener\">CFA Palafrugell<\/a><\/td><td>Bruguerol, 12<\/td><td>972981917<\/td><td><a href=\"mailto:b7008146@xtec.cat\">b7008146@xtec.cat<\/a><\/td><\/tr><tr><td>Palam\u00f3s<\/td><td><a href=\"http:\/\/www.palamos.cat\/palamos\/ajuntament\/punts.aspx?punt=p07\" target=\"_blank\" rel=\"noreferrer noopener\">Escola Municipal d\u2019Adults<\/a><\/td><td>De la Riera 31<\/td><td>972600810<\/td><td><a href=\"mailto:escolaadults@palamos.cat\">escolaadults@palamos.cat<\/a><\/td><\/tr><tr><td>Sant Feliu de Gu\u00edxols<\/td><td><a href=\"https:\/\/agora.xtec.cat\/cfaguixols\/\" target=\"_blank\" rel=\"noreferrer noopener\">CFA Sant Feliu de Gu\u00edxols<\/a><\/td><td>Pla\u00e7a Salvador Espriu, s\/n<\/td><td>972821022<\/td><td><a href=\"mailto:b7007658@xtec.cat\">b7007658@xtec.cat<\/a><\/td><\/tr><tr><td>Torroella de Montgr\u00ed<\/td><td><a href=\"https:\/\/agora.xtec.cat\/cfaguixols\/\" target=\"_blank\" rel=\"noreferrer noopener\">CFA Torroella de Montgr\u00ed<\/a><\/td><td>1 d&#8217;octubre de 2017, 2<\/td><td>972755144<\/td><td><a href=\"mailto:cfatorroella@xtec.cat\">cfatorroella@xtec.cat<\/a><\/td><\/tr><\/tbody><\/table><\/figure>\n","protected":false},"excerpt":{"rendered":"<p>Escoles d\u2019adults del Baix Empord\u00e0 POBLACI\u00d3 NOM ADRE\u00c7A TEL\u00c8FON CORREU ELECTR\u00d2NIC Calonge i Sant Antoni CFA Calonge i Sant Antoni Pla\u00e7a Major, 3&nbsp; 972609407972660481 escoladults@calonge.cat Castell &#8211; Platja d&#8217;Aro Centre de Formaci\u00f3 d&#8217;Adults Escoles, 2 972818341 secretaria@cfaplatjadaro.cat La Bisbal d&#8217;Empord\u00e0 Aula d&#8217;adults 1 d&#8217;octubre, 16-24 972646737 aulaadults@labisbal.cat Palafrugell CFA Palafrugell Bruguerol, 12 972981917 b7008146@xtec.cat Palam\u00f3s [&hellip;]<\/p>\n","protected":false},"author":1,"featured_media":0,"parent":0,"menu_order":0,"comment_status":"closed","ping_status":"close","template":"","meta":{"_bbp_topic_count":0,"_bbp_reply_count":0,"_bbp_total_topic_count":0,"_bbp_total_reply_count":0,"_bbp_voice_count":0,"_bbp_anonymous_reply_count":0,"_bbp_topic_count_hidden":0,"_bbp_reply_count_hidden":0,"_bbp_forum_subforum_count":0,"site-sidebar-layout":"default","site-content-layout":"","ast-site-content-layout":"default","site-content-style":"default","site-sidebar-style":"default","ast-global-header-display":"","ast-banner-title-visibility":"","ast-main-header-display":"","ast-hfb-above-header-display":"","ast-hfb-below-header-display":"","ast-hfb-mobile-header-display":"","site-post-title":"","ast-breadcrumbs-content":"","ast-featured-img":"","footer-sml-layout":"","theme-transparent-header-meta":"","adv-header-id-meta":"","stick-header-meta":"","header-above-stick-meta":"","header-main-stick-meta":"","header-below-stick-meta":"","astra-migrate-meta-layouts":"set","ast-page-background-enabled":"default","ast-page-background-meta":{"desktop":{"background-color":"var(--ast-global-color-4)","background-image":"","background-repeat":"repeat","background-position":"center center","background-size":"auto","background-attachment":"scroll","background-type":"","background-media":"","overlay-type":"","overlay-color":"","overlay-opacity":"","overlay-gradient":""},"tablet":{"background-color":"","background-image":"","background-repeat":"repeat","background-position":"center center","background-size":"auto","background-attachment":"scroll","background-type":"","background-media":"","overlay-type":"","overlay-color":"","overlay-opacity":"","overlay-gradient":""},"mobile":{"background-color":"","background-image":"","background-repeat":"repeat","background-position":"center center","background-size":"auto","background-attachment":"scroll","background-type":"","background-media":"","overlay-type":"","overlay-color":"","overlay-opacity":"","overlay-gradient":""}},"ast-content-background-meta":{"desktop":{"background-color":"var(--ast-global-color-5)","background-image":"","background-repeat":"repeat","background-position":"center center","background-size":"auto","background-attachment":"scroll","background-type":"","background-media":"","overlay-type":"","overlay-color":"","overlay-opacity":"","overlay-gradient":""},"tablet":{"background-color":"var(--ast-global-color-5)","background-image":"","background-repeat":"repeat","background-position":"center center","background-size":"auto","background-attachment":"scroll","background-type":"","background-media":"","overlay-type":"","overlay-color":"","overlay-opacity":"","overlay-gradient":""},"mobile":{"background-color":"var(--ast-global-color-5)","background-image":"","background-repeat":"repeat","background-position":"center center","background-size":"auto","background-attachment":"scroll","background-type":"","background-media":"","overlay-type":"","overlay-color":"","overlay-opacity":"","overlay-gradient":""}},"footnotes":""},"class_list":["post-17636","page","type-page","status-publish","hentry"],"post_mailing_queue_ids":[],"_links":{"self":[{"href":"https:\/\/serveiseducatius.xtec.cat\/baixemporda\/wp-json\/wp\/v2\/pages\/17636","targetHints":{"allow":["GET"]}}],"collection":[{"href":"https:\/\/serveiseducatius.xtec.cat\/baixemporda\/wp-json\/wp\/v2\/pages"}],"about":[{"href":"https:\/\/serveiseducatius.xtec.cat\/baixemporda\/wp-json\/wp\/v2\/types\/page"}],"author":[{"embeddable":true,"href":"https:\/\/serveiseducatius.xtec.cat\/baixemporda\/wp-json\/wp\/v2\/users\/1"}],"replies":[{"embeddable":true,"href":"https:\/\/serveiseducatius.xtec.cat\/baixemporda\/wp-json\/wp\/v2\/comments?post=17636"}],"version-history":[{"count":2,"href":"https:\/\/serveiseducatius.xtec.cat\/baixemporda\/wp-json\/wp\/v2\/pages\/17636\/revisions"}],"predecessor-version":[{"id":17653,"href":"https:\/\/serveiseducatius.xtec.cat\/baixemporda\/wp-json\/wp\/v2\/pages\/17636\/revisions\/17653"}],"wp:attachment":[{"href":"https:\/\/serveiseducatius.xtec.cat\/baixemporda\/wp-json\/wp\/v2\/media?parent=17636"}],"curies":[{"name":"wp","href":"https:\/\/api.w.org\/{rel}","templated":true}]}}