{"id":17629,"date":"2025-12-11T12:34:41","date_gmt":"2025-12-11T11:34:41","guid":{"rendered":"https:\/\/serveiseducatius.xtec.cat\/baixemporda\/?page_id=17629"},"modified":"2025-12-12T08:56:13","modified_gmt":"2025-12-12T07:56:13","slug":"escoles-de-musica","status":"publish","type":"page","link":"https:\/\/serveiseducatius.xtec.cat\/baixemporda\/escoles-de-musica\/","title":{"rendered":"Escoles de m\u00fasica"},"content":{"rendered":"\n<h5 class=\"wp-block-heading\">Escoles de m\u00fasica del Baix Empord\u00e0<\/h5>\n\n\n\n<figure class=\"wp-block-table is-style-stripes\"><table><tbody><tr><td>POBLACI\u00d3<\/td><td>NOM<\/td><td>ADRE\u00c7A<\/td><td>TEL\u00c8FON<\/td><td>CORREU ELECTR\u00d2NIC<\/td><\/tr><tr><td>Palafrugell<\/td><td><a href=\"https:\/\/escolademusica.com\/\" target=\"_blank\" rel=\"noreferrer noopener\">L&#8217;Escola de M\u00fasica<\/a><\/td><td>Pi i Margall, 128<\/td><td>972308956<\/td><td><a href=\"mailto:info@escolademusica.com\">info@escolademusica.com<\/a><\/td><\/tr><tr><td>La Bisbal d&#8217;Empord\u00e0<\/td><td><a href=\"https:\/\/www.escolaconradsalo.cat\/\" target=\"_blank\" rel=\"noreferrer noopener\">Escola municipal de m\u00fasica Conrad Sal\u00f3<\/a><\/td><td>Carrer de l\u2019Estaci\u00f3, 2-10<\/td><td>647833753<\/td><td><a href=\"mailto:info@escolaconradsalo.cat\">info@escolaconradsalo.cat<\/a><\/td><\/tr><tr><td>Sant Feliu de Gu\u00edxols i Vall d&#8217;Aro<\/td><td><a href=\"https:\/\/emmguixolsvalldaro.cat\/\" target=\"_blank\" rel=\"noreferrer noopener\">Escola municipal de m\u00fasica Gu\u00edxols i Vall d&#8217;Aro<\/a><\/td><td><\/td><td>972821393<\/td><td><a href=\"mailto:info@emmguixolsvalldaro.cat\">info@emmguixolsvalldaro.cat<\/a><\/td><\/tr><tr><td>Torroella de Montgr\u00ed<\/td><td><a href=\"https:\/\/www.emmtorroellademontgri.cat\/\" target=\"_blank\" rel=\"noreferrer noopener\">Escola municipal de m\u00fasica i dansa<\/a><\/td><td>C\/ Sant Agust\u00ed, 13<\/td><td>972760605<\/td><td><a href=\"mailto:escolademusica@jmtorroella.cat\">escolademusica@jmtorroella.cat<\/a><\/td><\/tr><\/tbody><\/table><\/figure>\n\n\n\n<p><\/p>\n","protected":false},"excerpt":{"rendered":"<p>Escoles de m\u00fasica del Baix Empord\u00e0 POBLACI\u00d3 NOM ADRE\u00c7A TEL\u00c8FON CORREU ELECTR\u00d2NIC Palafrugell L&#8217;Escola de M\u00fasica Pi i Margall, 128 972308956 info@escolademusica.com La Bisbal d&#8217;Empord\u00e0 Escola municipal de m\u00fasica Conrad Sal\u00f3 Carrer de l\u2019Estaci\u00f3, 2-10 647833753 info@escolaconradsalo.cat Sant Feliu de Gu\u00edxols i Vall d&#8217;Aro Escola municipal de m\u00fasica Gu\u00edxols i Vall d&#8217;Aro 972821393 info@emmguixolsvalldaro.cat Torroella [&hellip;]<\/p>\n","protected":false},"author":1,"featured_media":0,"parent":0,"menu_order":0,"comment_status":"closed","ping_status":"close","template":"","meta":{"_bbp_topic_count":0,"_bbp_reply_count":0,"_bbp_total_topic_count":0,"_bbp_total_reply_count":0,"_bbp_voice_count":0,"_bbp_anonymous_reply_count":0,"_bbp_topic_count_hidden":0,"_bbp_reply_count_hidden":0,"_bbp_forum_subforum_count":0,"site-sidebar-layout":"default","site-content-layout":"","ast-site-content-layout":"default","site-content-style":"default","site-sidebar-style":"default","ast-global-header-display":"","ast-banner-title-visibility":"","ast-main-header-display":"","ast-hfb-above-header-display":"","ast-hfb-below-header-display":"","ast-hfb-mobile-header-display":"","site-post-title":"","ast-breadcrumbs-content":"","ast-featured-img":"","footer-sml-layout":"","theme-transparent-header-meta":"","adv-header-id-meta":"","stick-header-meta":"","header-above-stick-meta":"","header-main-stick-meta":"","header-below-stick-meta":"","astra-migrate-meta-layouts":"set","ast-page-background-enabled":"default","ast-page-background-meta":{"desktop":{"background-color":"var(--ast-global-color-4)","background-image":"","background-repeat":"repeat","background-position":"center center","background-size":"auto","background-attachment":"scroll","background-type":"","background-media":"","overlay-type":"","overlay-color":"","overlay-opacity":"","overlay-gradient":""},"tablet":{"background-color":"","background-image":"","background-repeat":"repeat","background-position":"center center","background-size":"auto","background-attachment":"scroll","background-type":"","background-media":"","overlay-type":"","overlay-color":"","overlay-opacity":"","overlay-gradient":""},"mobile":{"background-color":"","background-image":"","background-repeat":"repeat","background-position":"center center","background-size":"auto","background-attachment":"scroll","background-type":"","background-media":"","overlay-type":"","overlay-color":"","overlay-opacity":"","overlay-gradient":""}},"ast-content-background-meta":{"desktop":{"background-color":"var(--ast-global-color-5)","background-image":"","background-repeat":"repeat","background-position":"center center","background-size":"auto","background-attachment":"scroll","background-type":"","background-media":"","overlay-type":"","overlay-color":"","overlay-opacity":"","overlay-gradient":""},"tablet":{"background-color":"var(--ast-global-color-5)","background-image":"","background-repeat":"repeat","background-position":"center center","background-size":"auto","background-attachment":"scroll","background-type":"","background-media":"","overlay-type":"","overlay-color":"","overlay-opacity":"","overlay-gradient":""},"mobile":{"background-color":"var(--ast-global-color-5)","background-image":"","background-repeat":"repeat","background-position":"center center","background-size":"auto","background-attachment":"scroll","background-type":"","background-media":"","overlay-type":"","overlay-color":"","overlay-opacity":"","overlay-gradient":""}},"footnotes":""},"class_list":["post-17629","page","type-page","status-publish","hentry"],"post_mailing_queue_ids":[],"_links":{"self":[{"href":"https:\/\/serveiseducatius.xtec.cat\/baixemporda\/wp-json\/wp\/v2\/pages\/17629","targetHints":{"allow":["GET"]}}],"collection":[{"href":"https:\/\/serveiseducatius.xtec.cat\/baixemporda\/wp-json\/wp\/v2\/pages"}],"about":[{"href":"https:\/\/serveiseducatius.xtec.cat\/baixemporda\/wp-json\/wp\/v2\/types\/page"}],"author":[{"embeddable":true,"href":"https:\/\/serveiseducatius.xtec.cat\/baixemporda\/wp-json\/wp\/v2\/users\/1"}],"replies":[{"embeddable":true,"href":"https:\/\/serveiseducatius.xtec.cat\/baixemporda\/wp-json\/wp\/v2\/comments?post=17629"}],"version-history":[{"count":2,"href":"https:\/\/serveiseducatius.xtec.cat\/baixemporda\/wp-json\/wp\/v2\/pages\/17629\/revisions"}],"predecessor-version":[{"id":17652,"href":"https:\/\/serveiseducatius.xtec.cat\/baixemporda\/wp-json\/wp\/v2\/pages\/17629\/revisions\/17652"}],"wp:attachment":[{"href":"https:\/\/serveiseducatius.xtec.cat\/baixemporda\/wp-json\/wp\/v2\/media?parent=17629"}],"curies":[{"name":"wp","href":"https:\/\/api.w.org\/{rel}","templated":true}]}}