{"id":17601,"date":"2025-12-11T12:04:48","date_gmt":"2025-12-11T11:04:48","guid":{"rendered":"https:\/\/serveiseducatius.xtec.cat\/baixemporda\/?page_id=17601"},"modified":"2025-12-12T08:55:33","modified_gmt":"2025-12-12T07:55:33","slug":"educacio-infantil-i-primaria","status":"publish","type":"page","link":"https:\/\/serveiseducatius.xtec.cat\/baixemporda\/educacio-infantil-i-primaria\/","title":{"rendered":"Educaci\u00f3 Infantil i Prim\u00e0ria"},"content":{"rendered":"\n<h5 class=\"wp-block-heading\">Centres p\u00fablics d\u2019educaci\u00f3 infantil i prim\u00e0ria del Baix Empord\u00e0<\/h5>\n\n\n\n<figure class=\"wp-block-table is-style-stripes\"><table><tbody><tr><td><strong>POBLACI\u00d3<\/strong><\/td><td><strong>NOM<\/strong><\/td><td><strong>ADRE\u00c7A<\/strong><\/td><td><strong>TEL\u00c8FON<\/strong><\/td><td><strong>CORREU ELECTR\u00d2NIC<\/strong><\/td><\/tr><tr><td>Albons<\/td><td><a href=\"https:\/\/agora.xtec.cat\/zermontgri\/categoria\/general\/labranca\/\" target=\"_blank\" rel=\"noreferrer noopener\">ESC La Branca<\/a><\/td><td>Tor,1<\/td><td>972788767<\/td><td><a href=\"mailto:b7000056@xtec.cat\">b7000056@xtec.cat<\/a><\/td><\/tr><tr><td>Begur<\/td><td><a href=\"https:\/\/agora.xtec.cat\/ceipdoctorarruga\/\" target=\"_blank\" rel=\"noreferrer noopener\">ESC Doctor Arruga<\/a><\/td><td>Pavell\u00f3, 1<\/td><td>972624114<\/td><td><a href=\"mailto:b7000263@xtec.cat\">b7000263@xtec.cat<\/a><\/td><\/tr><tr><td>Bellcaire d&#8217;Empord\u00e0<\/td><td><a href=\"https:\/\/agora.xtec.cat\/zermontgri\/categoria\/general\/rajaret\/\" target=\"_blank\" rel=\"noreferrer noopener\">ESC El Rajaret<\/a><\/td><td>Pon\u00e7 Hug, 1<\/td><td>972788035<\/td><td><a href=\"mailto:b7000381@xtec.cat\">b7000381@xtec.cat<\/a><\/td><\/tr><tr><td>Calonge i Sant Antoni<\/td><td><a href=\"https:\/\/agora.xtec.cat\/escolapererossello\/\" target=\"_blank\" rel=\"noreferrer noopener\">ESC Pere Rossell\u00f3<\/a><\/td><td>Pla\u00e7a de les escoles, 1<\/td><td>972660285<\/td><td><a href=\"mailto:b7000381@xtec.cat\">b7000688@xtec.cat<\/a><\/td><\/tr><tr><td>Calonge i Sant Antoni<\/td><td><a href=\"https:\/\/agora.xtec.cat\/ceiplasinia\/\" target=\"_blank\" rel=\"noreferrer noopener\">ESC La S\u00ednia<\/a><\/td><td>c\/Mascarell, 10<\/td><td>972662271<\/td><td><a href=\"mailto:b7008468@xtec.cat\">b7008468@xtec.cat<\/a><\/td><\/tr><tr><td>Calonge i Sant Antoni<\/td><td><a href=\"https:\/\/agora.xtec.cat\/esc-llevantidemar\/\" target=\"_blank\" rel=\"noreferrer noopener\">ESC Llevant\u00ed de Mar<\/a><\/td><td>Mestra Num\u00e0ncia, 3<\/td><td>972660414<\/td><td><a href=\"mailto:b7000718@xtec.cat\">b7000718@xtec.cat<\/a><\/td><\/tr><tr><td>Castell-Platja d&#8217;Aro<\/td><td><a href=\"https:\/\/agora.xtec.cat\/ceipvalldaro\/\" target=\"_blank\" rel=\"noreferrer noopener\">ESC Vall d&#8217;Aro<\/a><\/td><td>Poeta Sitjar, 9<\/td><td>972817112<\/td><td><a href=\"mailto:b7000883@xtec.cat\">b7000883@xtec.cat<\/a><\/td><\/tr><tr><td>Castell-Platja d&#8217;Aro<\/td><td><a href=\"https:\/\/agora.xtec.cat\/escolafanalsdaro\/\" target=\"_blank\" rel=\"noreferrer noopener\">ESC Fanals d&#8217;Aro<\/a><\/td><td>C\/ Josep M\u00aa Vila, 7<\/td><td>972829800<\/td><td><a href=\"mailto:b7009278@xtec.cat\">b7009278@xtec.cat<\/a><\/td><\/tr><tr><td>Castell-Platja d&#8217;Aro<\/td><td><a href=\"https:\/\/agora.xtec.cat\/escola-elsestanys\/\" target=\"_blank\" rel=\"noreferrer noopener\">ESC Els Estanys<\/a><\/td><td>C\/ Josep M\u00aa Vila, 5<\/td><td>972817407<\/td><td><a href=\"mailto:b7002651@xtec.cat\">b7000895@xtec.cat<\/a><\/td><\/tr><tr><td>Cor\u00e7\u00e0<\/td><td><a href=\"https:\/\/agora.xtec.cat\/ceipelrodonell\/\" target=\"_blank\" rel=\"noreferrer noopener\">ESC El Rodonell<\/a><\/td><td>Major, 10<\/td><td>972630079<\/td><td><a href=\"mailto:b7000998@xtec.cat\">b7000998@xtec.cat<\/a><\/td><\/tr><tr><td>Cru\u00eflles<\/td><td><a href=\"https:\/\/sites.google.com\/zeremga.cat\/inici\/cru%C3%AFlles?authuser=0\" target=\"_blank\" rel=\"noreferrer noopener\">ESC Les Gavarres<\/a><\/td><td>Raval, 8<\/td><td>972640569<\/td><td><a href=\"mailto:b7001024@xtec.cat\">b7001024@xtec.cat<\/a><\/td><\/tr><tr><td>Esclany\u00e0<\/td><td><a href=\"https:\/\/agora.xtec.cat\/ceipolivarvell\/\" target=\"_blank\" rel=\"noreferrer noopener\">ESC L&#8217;Olivar Vell<\/a><\/td><td>Ve\u00efnat Colomina, s\/n<\/td><td>972611990<\/td><td><a href=\"mailto:b7004876@xtec.cat\">b7004876@xtec.cat<\/a><\/td><\/tr><tr><td>La Bisbal d&#8217;Empord\u00e0<\/td><td><a href=\"https:\/\/agora.xtec.cat\/ceipjoandemargarit\/\" target=\"_blank\" rel=\"noreferrer noopener\">ESC Joan de Margarit<\/a><\/td><td>Morr\u00f3, 37<\/td><td>972640236<\/td><td><a href=\"mailto:b7000411@xtec.cat\">b7000411@xtec.cat<\/a><\/td><\/tr><tr><td>La Bisbal d&#8217;Empord\u00e0<\/td><td><a href=\"https:\/\/agora.xtec.cat\/ceipmasclara\/\" target=\"_blank\" rel=\"noreferrer noopener\">ESC Mas Clar\u00e0<\/a><\/td><td>Av. Mas Clar\u00e0, s\/n<\/td><td>972642910<\/td><td><a href=\"mailto:b7005248@xtec.cat\">b7005248@xtec.cat<\/a><\/td><\/tr><tr><td>La Bisbal d&#8217;Empord\u00e0<\/td><td><a href=\"https:\/\/agora.xtec.cat\/escolaempordanet\/\" target=\"_blank\" rel=\"noreferrer noopener\">ESC Empordanet<\/a><\/td><td>Coll i Veh\u00ed, 6<\/td><td>695357309<\/td><td><a href=\"mailto:b7009710@xtec.cat\">b7009710@xtec.cat<\/a><\/td><\/tr><tr><td>La Pera<\/td><td><a href=\"https:\/\/sites.google.com\/zeremga.cat\/inici\/la-pera\" target=\"_blank\" rel=\"noreferrer noopener\">ESC Pedra Blanca<\/a><\/td><td>Pla\u00e7a de l\u2019Esgl\u00e9sia, s\/n<\/td><td>972488540<\/td><td><a href=\"mailto:b7002715@xtec.cat\">b7002715@xtec.cat<\/a><\/td><\/tr><tr><td>L&#8217;Estartit<\/td><td><a href=\"https:\/\/sites.google.com\/a\/xtec.cat\/escola-portitxol\/\" target=\"_blank\" rel=\"noreferrer noopener\">ESC Portitxol<\/a><\/td><td>Roca Maura, 15<\/td><td>972751447<\/td><td><a href=\"mailto:b7003860@xtec.cat\">b7003860@xtec.cat<\/a><\/td><\/tr><tr><td>Mont-ras<\/td><td><a href=\"https:\/\/agora.xtec.cat\/ceiptorresjonama\/\" target=\"_blank\" rel=\"noreferrer noopener\">ESC Torres Jonama<\/a><\/td><td>Torres Jonama, 3<\/td><td>972304769<\/td><td><a href=\"mailto:b7002259@xtec.cat\">b7002259@xtec.cat<\/a><\/td><\/tr><tr><td>Palafrugell<\/td><td><a href=\"https:\/\/agora.xtec.cat\/ceipbarceloimatas\/\" target=\"_blank\" rel=\"noreferrer noopener\">ESC Barcel\u00f3 i Matas<\/a><\/td><td>Pals, 75<\/td><td>972300924<\/td><td><a href=\"mailto:b7002491@xtec.cat\">b7002491@xtec.cat<\/a><\/td><\/tr><tr><td>Palafrugell<\/td><td><a href=\"https:\/\/agora.xtec.cat\/ceiptorresjonama-palafrugell\/\" target=\"_blank\" rel=\"noreferrer noopener\">ESC Torres Jonama<\/a><\/td><td>Escoles, 10<\/td><td>972610882<\/td><td><a href=\"mailto:b7002481@xtec.cat\">b7002481@xtec.cat<\/a><\/td><\/tr><tr><td>Palafrugell<\/td><td><a href=\"https:\/\/agora.xtec.cat\/escolacarrilet\/\" target=\"_blank\" rel=\"noreferrer noopener\">ESC Carrilet<\/a><\/td><td>Pla\u00e7a Narcisa Oliver s\/n<\/td><td>972306765<\/td><td><a href=\"mailto:b7007682@xtec.cat\">b7007682@xtec.cat<\/a><\/td><\/tr><tr><td>Palafrugell<\/td><td><a href=\"https:\/\/agora.xtec.cat\/escpiverd\/\" target=\"_blank\" rel=\"noreferrer noopener\">ESC Pi Verd<\/a><\/td><td>Alfons XII, 18-22<\/td><td>972610457<\/td><td><a href=\"mailto:b7008523@xtec.cat\">b7008523@xtec.cat<\/a><\/td><\/tr><tr><td>Palam\u00f3s<\/td><td><a href=\"https:\/\/agora.xtec.cat\/escolalavilapalamos\/\" target=\"_blank\" rel=\"noreferrer noopener\">ESC La Vila<\/a><\/td><td>Foment, 18-20<\/td><td>972314344<\/td><td><a href=\"mailto:b7002569@xtec.cat\">b7002569@xtec.cat<\/a><\/td><\/tr><tr><td>Palam\u00f3s<\/td><td><a href=\"https:\/\/agora.xtec.cat\/ievila-roma\/\" target=\"_blank\" rel=\"noreferrer noopener\">IE Vila-Rom\u00e0<\/a><\/td><td>Riera, 29-31<\/td><td>972316125<\/td><td><a href=\"mailto:b7002612@xtec.cat\">b7010815@xtec.cat<\/a><\/td><\/tr><tr><td>Pals<\/td><td><a href=\"https:\/\/agora.xtec.cat\/ceipquermany\/\" target=\"_blank\" rel=\"noreferrer noopener\">ESC Quermany<\/a><\/td><td>Pg. Aniceta de Figueres, 9<\/td><td>972636439<\/td><td><a href=\"mailto:b7002651@xtec.cat\">b7002651@xtec.cat<\/a><\/td><\/tr><tr><td>Sant Feliu de Gu\u00edxols<\/td><td><a href=\"https:\/\/agora.xtec.cat\/escardenya\/\" target=\"_blank\" rel=\"noreferrer noopener\">ESC Ardenya<\/a><\/td><td>Crtra. Sant Aman\u00e7, s\/n<\/td><td>972328013<\/td><td><a href=\"mailto:b7008018@xtec.cat\">b7008018@xtec.cat<\/a><\/td><\/tr><tr><td>Sant Feliu de Gu\u00edxols<\/td><td><a href=\"https:\/\/agora.xtec.cat\/ceipgaziel\/\" target=\"_blank\" rel=\"noreferrer noopener\">ESC Gaziel<\/a><\/td><td>Del Mall, 98<\/td><td>972321126<\/td><td><a href=\"mailto:b7003264@xtec.cat\">b7003264@xtec.cat<\/a><\/td><\/tr><tr><td>Sant Feliu de Gu\u00edxols<\/td><td><a href=\"https:\/\/agora.xtec.cat\/ceipestacio\/\" target=\"_blank\" rel=\"noreferrer noopener\">ESC L&#8217;Estaci\u00f3<\/a><\/td><td>Santa Teresa, 49<\/td><td>972323050<\/td><td><a href=\"mailto:b7004682@xtec.cat\">b7004682@xtec.cat<\/a><\/td><\/tr><tr><td>Sant Feliu de Gu\u00edxols<\/td><td><a href=\"https:\/\/agora.xtec.cat\/baldirireixach\/\" target=\"_blank\" rel=\"noreferrer noopener\">ESC Baldiri Reixac<\/a><\/td><td>Corunya, s\/n<\/td><td>972320071<\/td><td><a href=\"mailto:b7003321@xtec.cat\">b7003321@xtec.cat<\/a><\/td><\/tr><tr><td>Sant Sadurn\u00ed de l&#8217;Heura<\/td><td><a href=\"https:\/\/sites.google.com\/zeremga.cat\/inici\/st-sadurn%C3%AD-de-lheura\" target=\"_blank\" rel=\"noreferrer noopener\">ESC La Pedra Dreta<\/a><\/td><td>Av. de Catalunya, 2<\/td><td>972641717<\/td><td><a href=\"mailto:b7003631@xtec.cat\">b7003631@xtec.cat<\/a><\/td><\/tr><tr><td>Santa Cristina d&#8217;Aro<\/td><td><a href=\"https:\/\/agora.xtec.cat\/ceippedralta\/\" target=\"_blank\" rel=\"noreferrer noopener\">ESC Pedralta<\/a><\/td><td>Pujada de l\u2019Esgl\u00e9sia, 5<\/td><td>972837752<\/td><td><a href=\"mailto:b7003689@xtec.cat\">b7003689@xtec.cat<\/a><\/td><\/tr><tr><td>Torroella de Montgr\u00ed<\/td><td><a href=\"https:\/\/agora.xtec.cat\/ceip-guillemdemontgri\/\" target=\"_blank\" rel=\"noreferrer noopener\">ESC Guillem de Montgr\u00ed<\/a><\/td><td>C\/ Roser, 81-83<\/td><td>972 57272<\/td><td><a href=\"mailto:b7003872@xtec.cat\">b7003872@xtec.cat<\/a><\/td><\/tr><tr><td>Ull\u00e0<\/td><td><a href=\"https:\/\/agora.xtec.cat\/zermontgri\/categoria\/general\/puigrodo\/\" target=\"_blank\" rel=\"noreferrer noopener\">ESC Puig Rod\u00f3<\/a><\/td><td>Ctra. de Torroella, s\/n<\/td><td>972760616<\/td><td><a href=\"mailto:b7003938@xtec.cat\">b7003938@xtec.cat<\/a><\/td><\/tr><tr><td>Ullastret<\/td><td><a href=\"https:\/\/sites.google.com\/zeremga.cat\/inici\/ullastret\" target=\"_blank\" rel=\"noreferrer noopener\">ESC L&#8217;Estany<\/a><\/td><td>Pl. de Garvina, s\/n<\/td><td>972760303<\/td><td><a href=\"mailto:b7003941@xtec.cat\">b7003941@xtec.cat<\/a><\/td><\/tr><tr><td>Vall-llobrega<\/td><td><a href=\"https:\/\/agora.xtec.cat\/ceipvall-llobrega\/\" target=\"_blank\" rel=\"noreferrer noopener\">ESC Vall-llobrega<\/a><\/td><td>Rei Lotari, 13<\/td><td>972601913<\/td><td><a href=\"mailto:b7008493@xtec.cat\">b7008493@xtec.cat<\/a><\/td><\/tr><tr><td>Verges<\/td><td><a href=\"https:\/\/agora.xtec.cat\/iecamboverges\/\" target=\"_blank\" rel=\"noreferrer noopener\">IE Francesc Camb\u00f3 i Batlle<\/a><\/td><td>Carrer Defora s\/n<\/td><td>972780141<\/td><td><a href=\"mailto:b7009795@xtec.cat\">b7009795@xtec.cat<\/a><\/td><\/tr><tr><td>Vulpellac<\/td><td><a href=\"https:\/\/agora.xtec.cat\/escola-forallac\/\" target=\"_blank\" rel=\"noreferrer noopener\">ESC Forallac<\/a><\/td><td>Uni\u00f3 s\/n<\/td><td>972641830<\/td><td><a href=\"mailto:b7008997@xtec.cat\">b7008997@xtec.cat<\/a><\/td><\/tr><\/tbody><\/table><\/figure>\n\n\n\n<h5 class=\"wp-block-heading\">Centres concertats d\u2019educaci\u00f3 infantil i prim\u00e0ria concertats del Baix Empord\u00e0<\/h5>\n\n\n\n<figure class=\"wp-block-table is-style-stripes\"><table><tbody><tr><td><strong>POBLACI\u00d3<\/strong><\/td><td><strong>NOM<\/strong><\/td><td><strong>ADRE\u00c7A<\/strong><\/td><td><strong>TEL\u00c8FON<\/strong><\/td><td><strong>CORREU ELECTR\u00d2NIC<\/strong><\/td><\/tr><tr><td>La Bisbal d&#8217;Empord\u00e0<\/td><td><a href=\"https:\/\/www.cordemarialabisbal.cat\/\" target=\"_blank\" rel=\"noreferrer noopener\">Cor de Maria<\/a><\/td><td>U d\u2019Octubre de 2017, 2<\/td><td>972640162<\/td><td><a href=\"mailto:b7000421@xtec.cat\">b7000421@xtec.cat<\/a><\/td><\/tr><tr><td>Palafrugell<\/td><td><a href=\"https:\/\/www.escolasantjordi.cat\/\" target=\"_blank\" rel=\"noreferrer noopener\">Sant Jordi<\/a><\/td><td>Tarongeta, 53<\/td><td>972302898<\/td><td><a href=\"mailto:b7002521@xtec.cat\">b7002521@xtec.cat<\/a><\/td><\/tr><tr><td>Palafrugell<\/td><td><a href=\"https:\/\/vedrunapalafrugell.org\/\" target=\"_blank\" rel=\"noreferrer noopener\">Vedruna<\/a><\/td><td>Sant Sebasti\u00e0, 85<\/td><td>972300739<\/td><td><a href=\"mailto:b7002511@xtec.cat\">b7002511@xtec.cat<\/a><\/td><\/tr><tr><td>Palam\u00f3s<\/td><td><a href=\"https:\/\/www.vedrunapalamos.org\/\" target=\"_blank\" rel=\"noreferrer noopener\">Vedruna Xaloc<\/a><\/td><td>Xaloc, 22<\/td><td>972314286<\/td><td><a href=\"mailto:b7002594@xtec.cat\">b7002594@xtec.cat<\/a><\/td><\/tr><tr><td>Palam\u00f3s<\/td><td><a href=\"https:\/\/www.vedrunapalamos.org\/\" target=\"_blank\" rel=\"noreferrer noopener\">Vedruna Centre<\/a><\/td><td>Sant Josep, 15<\/td><td>972314236<\/td><td><a href=\"mailto:b7002594@xtec.cat\">b7002594@xtec.cat<\/a><\/td><\/tr><tr><td>Sant Feliu de Gu\u00edxols<\/td><td><a href=\"https:\/\/www.fundaciocordemariasantjosep.com\/\" target=\"_blank\" rel=\"noreferrer noopener\">Cor de Maria Sant Josep<\/a><\/td><td>Creu, 69<br>Ferran Romaguera, 20<\/td><td>972320373<br>972320435<\/td><td><a href=\"mailto:b7003291@xtec.cat\" target=\"_blank\" rel=\"noreferrer noopener\">b7003288@xtec.cat<\/a><\/td><\/tr><tr><td>Torroella de Montgr\u00ed<\/td><td><a href=\"https:\/\/torroella.gabrielistas.org\/\" target=\"_blank\" rel=\"noreferrer noopener\">Sant Gabriel<\/a><\/td><td>Ronda Pau Casals, 36<\/td><td>972758416<\/td><td><a href=\"mailto:b7003896@xtec.cat\">b7003896@xtec.cat<\/a><\/td><\/tr><\/tbody><\/table><\/figure>\n","protected":false},"excerpt":{"rendered":"<p>Centres p\u00fablics d\u2019educaci\u00f3 infantil i prim\u00e0ria del Baix Empord\u00e0 POBLACI\u00d3 NOM ADRE\u00c7A TEL\u00c8FON CORREU ELECTR\u00d2NIC Albons ESC La Branca Tor,1 972788767 b7000056@xtec.cat Begur ESC Doctor Arruga Pavell\u00f3, 1 972624114 b7000263@xtec.cat Bellcaire d&#8217;Empord\u00e0 ESC El Rajaret Pon\u00e7 Hug, 1 972788035 b7000381@xtec.cat Calonge i Sant Antoni ESC Pere Rossell\u00f3 Pla\u00e7a de les escoles, 1 972660285 b7000688@xtec.cat Calonge [&hellip;]<\/p>\n","protected":false},"author":1,"featured_media":0,"parent":0,"menu_order":0,"comment_status":"closed","ping_status":"close","template":"","meta":{"_bbp_topic_count":0,"_bbp_reply_count":0,"_bbp_total_topic_count":0,"_bbp_total_reply_count":0,"_bbp_voice_count":0,"_bbp_anonymous_reply_count":0,"_bbp_topic_count_hidden":0,"_bbp_reply_count_hidden":0,"_bbp_forum_subforum_count":0,"site-sidebar-layout":"default","site-content-layout":"","ast-site-content-layout":"default","site-content-style":"default","site-sidebar-style":"default","ast-global-header-display":"","ast-banner-title-visibility":"","ast-main-header-display":"","ast-hfb-above-header-display":"","ast-hfb-below-header-display":"","ast-hfb-mobile-header-display":"","site-post-title":"","ast-breadcrumbs-content":"","ast-featured-img":"","footer-sml-layout":"","theme-transparent-header-meta":"","adv-header-id-meta":"","stick-header-meta":"","header-above-stick-meta":"","header-main-stick-meta":"","header-below-stick-meta":"","astra-migrate-meta-layouts":"set","ast-page-background-enabled":"default","ast-page-background-meta":{"desktop":{"background-color":"var(--ast-global-color-4)","background-image":"","background-repeat":"repeat","background-position":"center center","background-size":"auto","background-attachment":"scroll","background-type":"","background-media":"","overlay-type":"","overlay-color":"","overlay-opacity":"","overlay-gradient":""},"tablet":{"background-color":"","background-image":"","background-repeat":"repeat","background-position":"center center","background-size":"auto","background-attachment":"scroll","background-type":"","background-media":"","overlay-type":"","overlay-color":"","overlay-opacity":"","overlay-gradient":""},"mobile":{"background-color":"","background-image":"","background-repeat":"repeat","background-position":"center center","background-size":"auto","background-attachment":"scroll","background-type":"","background-media":"","overlay-type":"","overlay-color":"","overlay-opacity":"","overlay-gradient":""}},"ast-content-background-meta":{"desktop":{"background-color":"var(--ast-global-color-5)","background-image":"","background-repeat":"repeat","background-position":"center center","background-size":"auto","background-attachment":"scroll","background-type":"","background-media":"","overlay-type":"","overlay-color":"","overlay-opacity":"","overlay-gradient":""},"tablet":{"background-color":"var(--ast-global-color-5)","background-image":"","background-repeat":"repeat","background-position":"center center","background-size":"auto","background-attachment":"scroll","background-type":"","background-media":"","overlay-type":"","overlay-color":"","overlay-opacity":"","overlay-gradient":""},"mobile":{"background-color":"var(--ast-global-color-5)","background-image":"","background-repeat":"repeat","background-position":"center center","background-size":"auto","background-attachment":"scroll","background-type":"","background-media":"","overlay-type":"","overlay-color":"","overlay-opacity":"","overlay-gradient":""}},"footnotes":""},"class_list":["post-17601","page","type-page","status-publish","hentry"],"post_mailing_queue_ids":[],"_links":{"self":[{"href":"https:\/\/serveiseducatius.xtec.cat\/baixemporda\/wp-json\/wp\/v2\/pages\/17601","targetHints":{"allow":["GET"]}}],"collection":[{"href":"https:\/\/serveiseducatius.xtec.cat\/baixemporda\/wp-json\/wp\/v2\/pages"}],"about":[{"href":"https:\/\/serveiseducatius.xtec.cat\/baixemporda\/wp-json\/wp\/v2\/types\/page"}],"author":[{"embeddable":true,"href":"https:\/\/serveiseducatius.xtec.cat\/baixemporda\/wp-json\/wp\/v2\/users\/1"}],"replies":[{"embeddable":true,"href":"https:\/\/serveiseducatius.xtec.cat\/baixemporda\/wp-json\/wp\/v2\/comments?post=17601"}],"version-history":[{"count":6,"href":"https:\/\/serveiseducatius.xtec.cat\/baixemporda\/wp-json\/wp\/v2\/pages\/17601\/revisions"}],"predecessor-version":[{"id":17650,"href":"https:\/\/serveiseducatius.xtec.cat\/baixemporda\/wp-json\/wp\/v2\/pages\/17601\/revisions\/17650"}],"wp:attachment":[{"href":"https:\/\/serveiseducatius.xtec.cat\/baixemporda\/wp-json\/wp\/v2\/media?parent=17601"}],"curies":[{"name":"wp","href":"https:\/\/api.w.org\/{rel}","templated":true}]}}