{"id":17581,"date":"2025-12-11T08:48:05","date_gmt":"2025-12-11T07:48:05","guid":{"rendered":"https:\/\/serveiseducatius.xtec.cat\/baixemporda\/?page_id=17581"},"modified":"2025-12-11T09:47:17","modified_gmt":"2025-12-11T08:47:17","slug":"llars-dinfants","status":"publish","type":"page","link":"https:\/\/serveiseducatius.xtec.cat\/baixemporda\/comunitat\/centres-educatius\/llars-dinfants\/","title":{"rendered":"Llars d&#8217;infants"},"content":{"rendered":"\n<h5 class=\"wp-block-heading\">Llars d&#8217;infants municipals del Baix Empord\u00e0<\/h5>\n\n\n\n<figure class=\"wp-block-table is-style-stripes\"><table class=\"has-white-background-color has-background\"><tbody><tr><td><strong>POBLACI\u00d3<\/strong><\/td><td><strong>NOM DEL CENTRE<\/strong><\/td><td><strong>ADRE\u00c7A<\/strong><\/td><td><strong>TEL\u00c8FON<\/strong><\/td><td><strong>CORREU ELECTR\u00d2NIC<\/strong><\/td><\/tr><tr><td>Begur<\/td><td>Ses Falugues<\/td><td>Bonaventura Carles, 11<\/td><td>972624304<\/td><td><a href=\"mailto:b7005625@xtec.\">b7005625@xtec.cat<\/a><br><a href=\"https:\/\/sites.google.com\/a\/xtec.cat\/se-baixemporda\/centres\/goog_168464407\">sesfalugues@begur.cat<\/a><\/td><\/tr><tr><td>Bellcaire d&#8217;Empord\u00e0<\/td><td>El Rajol\u00ed<\/td><td>C. del Safareig, 1<\/td><td>618861782<\/td><td><a href=\"mailto:b7005625@xtec.\">b7010311@xtec.cat<\/a><\/td><\/tr><tr><td>Calonge<\/td><td>La Palmera<\/td><td>Paratge Escoles, s\/n<\/td><td>972.65.21.39<\/td><td><a href=\"mailto:b7008195@xtec.net\">b7008195@xtec.cat<\/a><br><a href=\"mailto:llar.infants@calonge.cat\">llar.infants@calonge.cat<\/a><\/td><\/tr><tr><td>Cor\u00e7\u00e0<\/td><td>La B\u00f2bila<\/td><td>Can Caramany, s\/n<\/td><td>972.63.06.61 <br>638.59.81.63<\/td><td><a href=\"mailto:b7010402@xtec.cat\">b7010402@xtec.cat<\/a><\/td><\/tr><tr><td>La Bisbal d&#8217;Empord\u00e0<\/td><td>El Tren Petit<\/td><td>Folch i Torres, s\/n<\/td><td>972.64.16.05<\/td><td><a href=\"mailto:b7005571@xtec.cat\">b7005571@xtec.cat<\/a><\/td><\/tr><tr><td>Monells<\/td><td>El Molinet<\/td><td><\/td><td>972.63.09.45 <br>638.59.81.63<\/td><td><a href=\"mailto:b7009503@xtec.cat\">b7009503@xtec.cat<\/a><\/td><\/tr><tr><td>Mont-ras<\/td><td>El Girasol<\/td><td>Torres Jonama, s\/n<\/td><td>972305030<\/td><td><a href=\"mailto:b7008328@xtec.cat\">b7008328@xtec.cat<\/a><\/td><\/tr><tr><td>Palafrugell<\/td><td>Tomany\u00ed<\/td><td>\u00c0ngel Guimer\u00e0, 12<\/td><td>972305576<\/td><td><a href=\"mailto:tomanyi@palafrugell.cat\">tomanyi@palafrugell.cat<\/a><\/td><\/tr><tr><td>Palafrugell<\/td><td>Els Belluguets<\/td><td>Av. de la Generalitat, 13-15<\/td><td>972306029<\/td><td><a href=\"mailto:b7008560@xtec.cat\">b7008560@xtec.cat<\/a><br><a href=\"mailto:elsbelluguets@palafrugell.cat\">elsbelluguets@palafrugell.cat<\/a><\/td><\/tr><tr><td>Palam\u00f3s<\/td><td>L\u2019Estel de Moss\u00e8n Gumersind<\/td><td>C\/ Val\u00e8ncia-Proven\u00e7a<\/td><td>972602081<\/td><td><a href=\"mailto:b7008021@xtec.cat\">b7009424@xtec.cat<\/a><\/td><\/tr><tr><td>Pals<\/td><td>Quermany Petit<\/td><td>Pg. Aniceta de Figueres, 12<\/td><td>972667298<\/td><td><a href=\"mailto:quermanypetit@suara.coop\">quermanypetit@suara.coop<\/a><\/td><\/tr><tr><td>Parlav\u00e0<\/td><td>El Montori<\/td><td>Salvatat, 3<\/td><td>972769288<\/td><td><a href=\"mailto:b7008021@xtec.cat\">b7009734@xtec.cat<\/a><\/td><\/tr><tr><td>Platja d&#8217;Aro<\/td><td>Platja d&#8217;Aro<\/td><td>Pompeu Fabra, s\/n<\/td><td>972818906<\/td><td><a href=\"mailto:b7005844@xtec.cat\">b7005844@xtec.cat<\/a><\/td><\/tr><tr><td>Sant Antoni de Calonge<\/td><td>El Ginjoler<\/td><td>Mascarell, s\/n<\/td><td>972660971<\/td><td><a href=\"mailto:llar.infants@calonge.cat\">llar.infants@calonge.cat<\/a><\/td><\/tr><tr><td>Sant Feliu de Gu\u00edxols<\/td><td>L&#8217;oreneta<\/td><td>C\u00f3rdoba, 43<\/td><td>972823018<\/td><td><a href=\"mailto:b7005601@xtec.cat\">b7005601@xtec.cat<\/a><\/td><\/tr><tr><td>Sant Feliu de Gu\u00edxols<\/td><td>Mas Balmanya<\/td><td>C\/ Mart\u00ed Sureda s\/n<\/td><td>972814072<\/td><td><a href=\"mailto:b7005601@xtec.cat\">b7009904@xtec.cat<\/a><\/td><\/tr><tr><td>Santa Cristina d&#8217;Aro<\/td><td>Guirigall<\/td><td>Pujada de l\u2019Esgl\u00e9sia, 6<\/td><td>972838198<\/td><td><a href=\"mailto:b7006061@xtec.cat\">b7006061@xtec.cat<\/a><\/td><\/tr><tr><td>Torroella de Montgr\u00ed <\/td><td>El Petit Montgr\u00ed<\/td><td>Roser, s\/n<\/td><td>972759272<\/td><td><a href=\"https:\/\/aplicacions.gestioeducativa.gencat.cat\/ords\/pls\/e13_formacio_gaf\/correu.correu_elec?p_to=b7009114@xtec.cat\">b7009114@xtec.cat<\/a><\/td><\/tr><tr><td>L&#8217;Estartit<\/td><td>Mar i Cel<\/td><td>Escoles, s\/n<\/td><td>972751917<\/td><td><a href=\"https:\/\/aplicacions.gestioeducativa.gencat.cat\/ords\/pls\/e13_formacio_gaf\/correu.correu_elec?p_to=b7006149@xtec.cat\">b7006149@xtec.cat<\/a><\/td><\/tr><tr><td>Ullastret<\/td><td>Ullastret<\/td><td>Tramuntana s\/n<\/td><td>972757767<\/td><td><a href=\"mailto:b7008353@xtec.cat\">b7008353@xtec.cat<\/a><\/td><\/tr><tr><td>Vall-llobrega<\/td><td>Quitxalla<\/td><td>Raval de Baix, s\/n<\/td><td>972314325<\/td><td><a href=\"mailto:b7008201@xtec.cat\">b7008493@xtec.cat<\/a><\/td><\/tr><tr><td>Verges<\/td><td>Bombolles<\/td><td>Escoles, 1<\/td><td>972780582<\/td><td><a href=\"mailto:b7007956@xtec.cat\">b7007956@xtec.cat<\/a><\/td><\/tr><tr><td><\/td><td><\/td><td><\/td><td><\/td><td><\/td><\/tr><\/tbody><\/table><\/figure>\n\n\n\n<h5 class=\"wp-block-heading\">Llars d&#8217;infants privades del Baix Empord\u00e0<\/h5>\n\n\n\n<figure class=\"wp-block-table is-style-stripes\"><table><tbody><tr><td><strong>Poblaci\u00f3<\/strong><\/td><td><strong>Nom del centre<\/strong><\/td><td><strong>Adre\u00e7a<\/strong><\/td><td><strong>Tel\u00e8fon<\/strong><\/td><td><strong>Correu electr\u00f2nic<\/strong><\/td><\/tr><tr><td>Palafrugell<\/td><td>Petit Vedruna<\/td><td>Sant Sebasti\u00e0, 85<\/td><td>972300739<\/td><td><a href=\"mailto:petitvedruna@vedrunapalafrugell.org\">petitvedruna@vedrunapalafrugell.org<\/a><\/td><\/tr><tr><td>Palafrugell<\/td><td>Els Cargolets<\/td><td>Sagunt, 26<\/td><td>972301767<\/td><td><a href=\"mailto:b7007610@xtec.cat\">b7007610@xtec.cat<\/a><\/td><\/tr><tr><td>Palafrugell<\/td><td>Santa Teresa<\/td><td>Caritat, 50<\/td><td>972301042<\/td><td><a href=\"mailto:b7002533@xtec.cat\">b7002533@xtec.cat<\/a><br><a href=\"mailto:calatulita@gmail.com\">calatulita@gmail.com<\/a><\/td><\/tr><tr><td>Palam\u00f3s<\/td><td>Petit M\u00f3n<\/td><td>Josep Joan, 29<\/td><td>972317482<\/td><td><a href=\"mailto:escola@petitmon.cat\">escola@petitmon.cat<\/a><\/td><\/tr><tr><td>Sant Feliu de Gu\u00edxols<\/td><td>Els Patufets<\/td><td>Sant Dom\u00e8nec, 61<\/td><td>972321555<\/td><td><a href=\"mailto:b7006460@xtec.cat\">b7006460@xtec.cat<\/a><\/td><\/tr><tr><td>Torroella de Montgr\u00ed<\/td><td>Els Petits-Barrufet<\/td><td>Sant Antoni, 39<\/td><td>972758223<\/td><td><a href=\"mailto:b7006587@xtec.cat\">b7006587@xtec.cat<\/a><\/td><\/tr><\/tbody><\/table><\/figure>\n","protected":false},"excerpt":{"rendered":"<p>Llars d&#8217;infants municipals del Baix Empord\u00e0 POBLACI\u00d3 NOM DEL CENTRE ADRE\u00c7A TEL\u00c8FON CORREU ELECTR\u00d2NIC Begur Ses Falugues Bonaventura Carles, 11 972624304 b7005625@xtec.catsesfalugues@begur.cat Bellcaire d&#8217;Empord\u00e0 El Rajol\u00ed C. del Safareig, 1 618861782 b7010311@xtec.cat Calonge La Palmera Paratge Escoles, s\/n 972.65.21.39 b7008195@xtec.catllar.infants@calonge.cat Cor\u00e7\u00e0 La B\u00f2bila Can Caramany, s\/n 972.63.06.61 638.59.81.63 b7010402@xtec.cat La Bisbal d&#8217;Empord\u00e0 El Tren Petit [&hellip;]<\/p>\n","protected":false},"author":1,"featured_media":0,"parent":338,"menu_order":0,"comment_status":"closed","ping_status":"close","template":"","meta":{"_bbp_topic_count":0,"_bbp_reply_count":0,"_bbp_total_topic_count":0,"_bbp_total_reply_count":0,"_bbp_voice_count":0,"_bbp_anonymous_reply_count":0,"_bbp_topic_count_hidden":0,"_bbp_reply_count_hidden":0,"_bbp_forum_subforum_count":0,"site-sidebar-layout":"default","site-content-layout":"","ast-site-content-layout":"default","site-content-style":"default","site-sidebar-style":"default","ast-global-header-display":"","ast-banner-title-visibility":"","ast-main-header-display":"","ast-hfb-above-header-display":"","ast-hfb-below-header-display":"","ast-hfb-mobile-header-display":"","site-post-title":"","ast-breadcrumbs-content":"","ast-featured-img":"","footer-sml-layout":"","theme-transparent-header-meta":"","adv-header-id-meta":"","stick-header-meta":"","header-above-stick-meta":"","header-main-stick-meta":"","header-below-stick-meta":"","astra-migrate-meta-layouts":"set","ast-page-background-enabled":"default","ast-page-background-meta":{"desktop":{"background-color":"var(--ast-global-color-4)","background-image":"","background-repeat":"repeat","background-position":"center center","background-size":"auto","background-attachment":"scroll","background-type":"","background-media":"","overlay-type":"","overlay-color":"","overlay-opacity":"","overlay-gradient":""},"tablet":{"background-color":"","background-image":"","background-repeat":"repeat","background-position":"center center","background-size":"auto","background-attachment":"scroll","background-type":"","background-media":"","overlay-type":"","overlay-color":"","overlay-opacity":"","overlay-gradient":""},"mobile":{"background-color":"","background-image":"","background-repeat":"repeat","background-position":"center center","background-size":"auto","background-attachment":"scroll","background-type":"","background-media":"","overlay-type":"","overlay-color":"","overlay-opacity":"","overlay-gradient":""}},"ast-content-background-meta":{"desktop":{"background-color":"var(--ast-global-color-5)","background-image":"","background-repeat":"repeat","background-position":"center center","background-size":"auto","background-attachment":"scroll","background-type":"","background-media":"","overlay-type":"","overlay-color":"","overlay-opacity":"","overlay-gradient":""},"tablet":{"background-color":"var(--ast-global-color-5)","background-image":"","background-repeat":"repeat","background-position":"center center","background-size":"auto","background-attachment":"scroll","background-type":"","background-media":"","overlay-type":"","overlay-color":"","overlay-opacity":"","overlay-gradient":""},"mobile":{"background-color":"var(--ast-global-color-5)","background-image":"","background-repeat":"repeat","background-position":"center center","background-size":"auto","background-attachment":"scroll","background-type":"","background-media":"","overlay-type":"","overlay-color":"","overlay-opacity":"","overlay-gradient":""}},"footnotes":""},"class_list":["post-17581","page","type-page","status-publish","hentry"],"post_mailing_queue_ids":[],"_links":{"self":[{"href":"https:\/\/serveiseducatius.xtec.cat\/baixemporda\/wp-json\/wp\/v2\/pages\/17581","targetHints":{"allow":["GET"]}}],"collection":[{"href":"https:\/\/serveiseducatius.xtec.cat\/baixemporda\/wp-json\/wp\/v2\/pages"}],"about":[{"href":"https:\/\/serveiseducatius.xtec.cat\/baixemporda\/wp-json\/wp\/v2\/types\/page"}],"author":[{"embeddable":true,"href":"https:\/\/serveiseducatius.xtec.cat\/baixemporda\/wp-json\/wp\/v2\/users\/1"}],"replies":[{"embeddable":true,"href":"https:\/\/serveiseducatius.xtec.cat\/baixemporda\/wp-json\/wp\/v2\/comments?post=17581"}],"version-history":[{"count":6,"href":"https:\/\/serveiseducatius.xtec.cat\/baixemporda\/wp-json\/wp\/v2\/pages\/17581\/revisions"}],"predecessor-version":[{"id":17598,"href":"https:\/\/serveiseducatius.xtec.cat\/baixemporda\/wp-json\/wp\/v2\/pages\/17581\/revisions\/17598"}],"up":[{"embeddable":true,"href":"https:\/\/serveiseducatius.xtec.cat\/baixemporda\/wp-json\/wp\/v2\/pages\/338"}],"wp:attachment":[{"href":"https:\/\/serveiseducatius.xtec.cat\/baixemporda\/wp-json\/wp\/v2\/media?parent=17581"}],"curies":[{"name":"wp","href":"https:\/\/api.w.org\/{rel}","templated":true}]}}