{"id":1314,"date":"2016-03-15T10:23:40","date_gmt":"2016-03-15T09:23:40","guid":{"rendered":"http:\/\/serveiseducatius.xtec.cat\/baixemporda\/?page_id=1314"},"modified":"2026-04-15T10:14:53","modified_gmt":"2026-04-15T08:14:53","slug":"calendari-pfz","status":"publish","type":"page","link":"https:\/\/serveiseducatius.xtec.cat\/baixemporda\/formacio\/calendari-pfz\/","title":{"rendered":"Pla de Formaci\u00f3 de Zona: 2026\/27"},"content":{"rendered":"\n<figure class=\"wp-block-image aligncenter size-full\"><a href=\"https:\/\/serveiseducatius.xtec.cat\/baixemporda\/wp-content\/uploads\/usu1155\/2023\/09\/PFZ_logo-300x247-1.png\"><img loading=\"lazy\" decoding=\"async\" width=\"300\" height=\"247\" src=\"https:\/\/serveiseducatius.xtec.cat\/baixemporda\/wp-content\/uploads\/usu1155\/2023\/09\/PFZ_logo-300x247-1.png\" alt=\"\" class=\"wp-image-14768\"\/><\/a><\/figure>\n\n\n\n<p>El Departament d&#8217;Educaci\u00f3 estableix un conjunt de l\u00ednies de formaci\u00f3 per donar resposta a les necessitats de formaci\u00f3 permanent dels centres educatius i dels docents de Catalunya. El Pla de Formaci\u00f3 de Zona (PFZ) \u00e9s la planificaci\u00f3 a nivell comarcal de la formaci\u00f3 permanent del professorat, la qual incorpora les activitats de formaci\u00f3 en centre i altres activitats adre\u00e7ades a tot el professorat de la comarca. El professorat hi participa a trav\u00e9s del proc\u00e9s de detecci\u00f3 de necessitats (demandes formatives) i mitjan\u00e7ant la seva representaci\u00f3 en la comissi\u00f3 del PFZ:<\/p>\n\n\n\n<h5 class=\"wp-block-heading\"><strong>Pla de Formaci\u00f3 de Zona del Baix Empord\u00e0. Curs 2026\/2027:<\/strong><\/h5>\n\n\n\n<ul class=\"wp-block-list\">\n<li>Detecci\u00f3 de necessitats formatives: <a href=\"https:\/\/forms.gle\/1RxgeR1qrrEaBwDq8\" target=\"_blank\" rel=\"noreferrer noopener\">formulari<\/a>. Del 20 d&#8217;abril al 29 de maig.<\/li>\n<\/ul>\n\n\n\n<h5 class=\"wp-block-heading\"><strong>Calendari del Pla de Formaci\u00f3 de Zona 2026\/27:<\/strong><\/h5>\n\n\n\n<figure class=\"wp-block-table\"><table class=\"has-fixed-layout\"><tbody><tr><td><strong>Proc\u00e9s 1r torn 2026-27<\/strong><\/td><td><strong>Inici<\/strong><\/td><td><strong>Fi<\/strong><\/td><\/tr><tr><td>Inscripcions a les activitats del PFZ \u2013 1r torn<\/td><td>4\/09<\/td><td>20\/09<\/td><\/tr><tr><td>Assignacions d\u2019activitats \u2013 1r torn<\/td><td>21\/09<\/td><td>5\/10<\/td><\/tr><tr><td>Consulta d\u2019assignacions \u2013 1r torn<\/td><td>6\/10<\/td><td><\/td><\/tr><tr><td>Inici de les activitats PFZ \u2013&nbsp; 1r torn<\/td><td>13\/10<\/td><td><\/td><\/tr><tr><td><strong>Proc\u00e9s 2n torn 2026-27<\/strong><\/td><td><\/td><td><\/td><\/tr><tr><td>Inscripcions a les activitats del PFZ \u2013 2n torn<\/td><td>7\/01<\/td><td>15\/01<\/td><\/tr><tr><td>Assignaci\u00f3 d\u2019activitats \u2013 2n torn<\/td><td>16\/01<\/td><td>29\/01<\/td><\/tr><tr><td>Consulta d\u2019assignacions \u2013 2n torn<\/td><td>30\/01<\/td><td><\/td><\/tr><tr><td>Inici de les activitats PFZ \u2013 2n torn<\/td><td>5\/02<\/td><td><\/td><\/tr><\/tbody><\/table><\/figure>\n\n\n\n<h5 class=\"wp-block-heading\"><strong>Pla de Formaci\u00f3 de Zona. Curs 2025\/2026<\/strong>:<strong><a href=\"https:\/\/serveiseducatius.xtec.cat\/baixemporda\/formacio\/activitats\/\" target=\"_blank\" rel=\"noreferrer noopener\">&nbsp;Enlla\u00e7<\/a>&nbsp;a les activitats (el curs 26-27 el trobareu a partir del 15\/07).<\/strong><\/h5>\n\n\n\n<h5 class=\"wp-block-heading\"><strong>Recordeu<\/strong>:<\/h5>\n\n\n\n<ul class=\"wp-block-list\">\n<li>Si sou&nbsp;<strong>formadors<\/strong>&nbsp;aneu a la&nbsp;<a href=\"https:\/\/serveiseducatius.xtec.cat\/baixemporda\/formacio\/zona-formadors\/https:\/\/serveiseducatius.xtec.cat\/baixemporda\/formacio\/zona-formadors\/\" target=\"_blank\" rel=\"noreferrer noopener\">Zona de formadors<\/a>.<\/li>\n\n\n\n<li>Si sou&nbsp;<strong>assistents<\/strong>, per a revisar sol\u00b7licituds, consultar assignacions i omplir q\u00fcestionaris aneu a:&nbsp;<a href=\"http:\/\/xtec.gencat.cat\/ca\/formacio\/la-meva-formacio\/les-meves-activitats\/\" target=\"_blank\" rel=\"noreferrer noopener\">Les meves activitats<\/a><\/li>\n<\/ul>\n\n\n\n<h5 class=\"wp-block-heading\"><strong>Tancament i certificaci\u00f3:<\/strong><\/h5>\n\n\n\n<p>El CRP, amb la documentaci\u00f3 recollida, tramita la certificaci\u00f3 de&nbsp; cada activitat. Els assistents i formadors d\u2019una activitat poden imprimir els seus&nbsp;<a href=\"http:\/\/xtec.gencat.cat\/ca\/formacio\/la-meva-formacio\/els-meus-certificats\/\" target=\"_blank\" rel=\"noreferrer noopener\">certificats<\/a>&nbsp;a l\u2019XTEC 15 dies despr\u00e9s del tancament de l\u2019activitat.<\/p>\n","protected":false},"excerpt":{"rendered":"<p>El Departament d&#8217;Educaci\u00f3 estableix un conjunt de l\u00ednies de formaci\u00f3 per donar resposta a les necessitats de formaci\u00f3 permanent dels centres educatius i dels docents de Catalunya. El Pla de Formaci\u00f3 de Zona (PFZ) \u00e9s la planificaci\u00f3 a nivell comarcal de la formaci\u00f3 permanent del professorat, la qual incorpora les activitats de formaci\u00f3 en centre [&hellip;]<\/p>\n","protected":false},"author":1,"featured_media":0,"parent":416,"menu_order":0,"comment_status":"closed","ping_status":"closed","template":"","meta":{"_bbp_topic_count":0,"_bbp_reply_count":0,"_bbp_total_topic_count":0,"_bbp_total_reply_count":0,"_bbp_voice_count":0,"_bbp_anonymous_reply_count":0,"_bbp_topic_count_hidden":0,"_bbp_reply_count_hidden":0,"_bbp_forum_subforum_count":0,"site-sidebar-layout":"default","site-content-layout":"","ast-site-content-layout":"default","site-content-style":"default","site-sidebar-style":"default","ast-global-header-display":"","ast-banner-title-visibility":"","ast-main-header-display":"","ast-hfb-above-header-display":"","ast-hfb-below-header-display":"","ast-hfb-mobile-header-display":"","site-post-title":"","ast-breadcrumbs-content":"","ast-featured-img":"","footer-sml-layout":"","theme-transparent-header-meta":"default","adv-header-id-meta":"","stick-header-meta":"","header-above-stick-meta":"","header-main-stick-meta":"","header-below-stick-meta":"","astra-migrate-meta-layouts":"set","ast-page-background-enabled":"default","ast-page-background-meta":{"desktop":{"background-color":"var(--ast-global-color-4)","background-image":"","background-repeat":"repeat","background-position":"center center","background-size":"auto","background-attachment":"scroll","background-type":"","background-media":"","overlay-type":"","overlay-color":"","overlay-opacity":"","overlay-gradient":""},"tablet":{"background-color":"","background-image":"","background-repeat":"repeat","background-position":"center center","background-size":"auto","background-attachment":"scroll","background-type":"","background-media":"","overlay-type":"","overlay-color":"","overlay-opacity":"","overlay-gradient":""},"mobile":{"background-color":"","background-image":"","background-repeat":"repeat","background-position":"center center","background-size":"auto","background-attachment":"scroll","background-type":"","background-media":"","overlay-type":"","overlay-color":"","overlay-opacity":"","overlay-gradient":""}},"ast-content-background-meta":{"desktop":{"background-color":"var(--ast-global-color-5)","background-image":"","background-repeat":"repeat","background-position":"center center","background-size":"auto","background-attachment":"scroll","background-type":"","background-media":"","overlay-type":"","overlay-color":"","overlay-opacity":"","overlay-gradient":""},"tablet":{"background-color":"var(--ast-global-color-5)","background-image":"","background-repeat":"repeat","background-position":"center center","background-size":"auto","background-attachment":"scroll","background-type":"","background-media":"","overlay-type":"","overlay-color":"","overlay-opacity":"","overlay-gradient":""},"mobile":{"background-color":"var(--ast-global-color-5)","background-image":"","background-repeat":"repeat","background-position":"center center","background-size":"auto","background-attachment":"scroll","background-type":"","background-media":"","overlay-type":"","overlay-color":"","overlay-opacity":"","overlay-gradient":""}},"footnotes":""},"class_list":["post-1314","page","type-page","status-publish","hentry"],"post_mailing_queue_ids":[],"_links":{"self":[{"href":"https:\/\/serveiseducatius.xtec.cat\/baixemporda\/wp-json\/wp\/v2\/pages\/1314","targetHints":{"allow":["GET"]}}],"collection":[{"href":"https:\/\/serveiseducatius.xtec.cat\/baixemporda\/wp-json\/wp\/v2\/pages"}],"about":[{"href":"https:\/\/serveiseducatius.xtec.cat\/baixemporda\/wp-json\/wp\/v2\/types\/page"}],"author":[{"embeddable":true,"href":"https:\/\/serveiseducatius.xtec.cat\/baixemporda\/wp-json\/wp\/v2\/users\/1"}],"replies":[{"embeddable":true,"href":"https:\/\/serveiseducatius.xtec.cat\/baixemporda\/wp-json\/wp\/v2\/comments?post=1314"}],"version-history":[{"count":6,"href":"https:\/\/serveiseducatius.xtec.cat\/baixemporda\/wp-json\/wp\/v2\/pages\/1314\/revisions"}],"predecessor-version":[{"id":18101,"href":"https:\/\/serveiseducatius.xtec.cat\/baixemporda\/wp-json\/wp\/v2\/pages\/1314\/revisions\/18101"}],"up":[{"embeddable":true,"href":"https:\/\/serveiseducatius.xtec.cat\/baixemporda\/wp-json\/wp\/v2\/pages\/416"}],"wp:attachment":[{"href":"https:\/\/serveiseducatius.xtec.cat\/baixemporda\/wp-json\/wp\/v2\/media?parent=1314"}],"curies":[{"name":"wp","href":"https:\/\/api.w.org\/{rel}","templated":true}]}}