{"id":906,"date":"2015-11-29T17:08:01","date_gmt":"2015-11-29T16:08:01","guid":{"rendered":"http:\/\/serveiseducatius.xtec.cat\/se-baixebre\/?page_id=906"},"modified":"2016-02-05T12:56:23","modified_gmt":"2016-02-05T11:56:23","slug":"recursos","status":"publish","type":"page","link":"https:\/\/serveiseducatius.xtec.cat\/baixebre\/recursos\/","title":{"rendered":"Recursos"},"content":{"rendered":"<p style=\"text-align: justify;\">Els recursos estan organitzats en dos seccions. Per una part hi ha els\u00a0recursos f\u00edsics i permanents que disposa el\u00a0CRP del Baix Ebre (accessibles des del men\u00fa lateral esquerre), com ara:<\/p>\n<ul>\n<li>Cat\u00e0legs tem\u00e0tics<\/li>\n<li>Documents de refer\u00e8ncia<\/li>\n<li>eP\u00e8rgam<\/li>\n<li>Maletes pedag\u00f2giques<\/li>\n<li>Merl\u00ed<\/li>\n<li>Motxilla Bioclim\u00e0tica<\/li>\n<li>Recursos tecnol\u00f2gics o aparells<\/li>\n<li>Revistes<\/li>\n<\/ul>\n<p style=\"text-align: justify;\">Per altra banda, hi ha una secci\u00f3 (accessible mitjan\u00e7ant el men\u00fa horitzontal superior) dedicada a novetats i recull de recursos en l\u00ednia:<\/p>\n<ul style=\"text-align: justify;\">\n<li>Cat\u00e0leg propi a Merl\u00ed<\/li>\n<li>Mediateca<\/li>\n<li>Biblioteca de webs<\/li>\n<li>Recursos TAC<\/li>\n<li>ARC: Aplicaci\u00f3 de Recursos al Curr\u00edculum<\/li>\n<li>El Banc de Recursos (BDR)<\/li>\n<\/ul>\n<p style=\"text-align: justify;\">EL Departament d&#8217;Ensenyament tamb\u00e9 disposa d&#8217;altres espais espec\u00edfics que utilitza com a llocs de recolida de recursos, com ara:<\/p>\n<ul>\n<li style=\"text-align: justify;\"><b><a href=\"http:\/\/www.edu365.cat\/\" target=\"_blank\" rel=\"nofollow\">Edu365.cat<\/a>:<\/b>\u00a0\u00e9s el servei d&#8217;Internet que el Departament d&#8217;Educaci\u00f3, a trav\u00e9s de la Xarxa Telem\u00e0tica Educativa de Catalunya, posa a disposici\u00f3 de t<b>ot l&#8217;alumnat de Catalunya i les seves fam\u00edlies<\/b>. Hi ha una gran quantitat de recursos educatius organitzats per mat\u00e8ries.<\/li>\n<li style=\"text-align: justify;\">El portal <b><a href=\"http:\/\/www.edu3.cat\/\" target=\"_blank\" rel=\"nofollow\">edu3.cat<\/a><\/b>\u00a0ofereix materials educatius audiovisuals de <b>Televisi\u00f3 de Catalunya<\/b>, <b>Catalunya R\u00e0dio<\/b> i el <b>Departament d\u2019Educaci\u00f3<\/b>. Els materials, que es poden visionar a temps real i de manera gratu\u00efta, poden servir de suport a la tasca docent. El professorat pot descarregar-se els arxius de v\u00eddeo i \u00e0udio i fer-los servir a l&#8217;aula.<\/li>\n<\/ul>\n","protected":false},"excerpt":{"rendered":"<p>Els recursos estan organitzats en dos seccions. Per una part hi ha els\u00a0recursos f\u00edsics i permanents que disposa el\u00a0CRP del [&hellip;]<\/p>\n","protected":false},"author":1,"featured_media":0,"parent":0,"menu_order":0,"comment_status":"closed","ping_status":"closed","template":"page-templates\/side-menu.php","meta":{"_bbp_topic_count":0,"_bbp_reply_count":0,"_bbp_total_topic_count":0,"_bbp_total_reply_count":0,"_bbp_voice_count":0,"_bbp_anonymous_reply_count":0,"_bbp_topic_count_hidden":0,"_bbp_reply_count_hidden":0,"_bbp_forum_subforum_count":0,"site-sidebar-layout":"default","site-content-layout":"","ast-site-content-layout":"","site-content-style":"default","site-sidebar-style":"default","ast-global-header-display":"","ast-banner-title-visibility":"","ast-main-header-display":"","ast-hfb-above-header-display":"","ast-hfb-below-header-display":"","ast-hfb-mobile-header-display":"","site-post-title":"","ast-breadcrumbs-content":"","ast-featured-img":"","footer-sml-layout":"","theme-transparent-header-meta":"","adv-header-id-meta":"","stick-header-meta":"","header-above-stick-meta":"","header-main-stick-meta":"","header-below-stick-meta":"","astra-migrate-meta-layouts":"default","ast-page-background-enabled":"default","ast-page-background-meta":{"desktop":{"background-color":"var(--ast-global-color-4)","background-image":"","background-repeat":"repeat","background-position":"center center","background-size":"auto","background-attachment":"scroll","background-type":"","background-media":"","overlay-type":"","overlay-color":"","overlay-opacity":"","overlay-gradient":""},"tablet":{"background-color":"","background-image":"","background-repeat":"repeat","background-position":"center center","background-size":"auto","background-attachment":"scroll","background-type":"","background-media":"","overlay-type":"","overlay-color":"","overlay-opacity":"","overlay-gradient":""},"mobile":{"background-color":"","background-image":"","background-repeat":"repeat","background-position":"center center","background-size":"auto","background-attachment":"scroll","background-type":"","background-media":"","overlay-type":"","overlay-color":"","overlay-opacity":"","overlay-gradient":""}},"ast-content-background-meta":{"desktop":{"background-color":"var(--ast-global-color-5)","background-image":"","background-repeat":"repeat","background-position":"center center","background-size":"auto","background-attachment":"scroll","background-type":"","background-media":"","overlay-type":"","overlay-color":"","overlay-opacity":"","overlay-gradient":""},"tablet":{"background-color":"var(--ast-global-color-5)","background-image":"","background-repeat":"repeat","background-position":"center center","background-size":"auto","background-attachment":"scroll","background-type":"","background-media":"","overlay-type":"","overlay-color":"","overlay-opacity":"","overlay-gradient":""},"mobile":{"background-color":"var(--ast-global-color-5)","background-image":"","background-repeat":"repeat","background-position":"center center","background-size":"auto","background-attachment":"scroll","background-type":"","background-media":"","overlay-type":"","overlay-color":"","overlay-opacity":"","overlay-gradient":""}},"footnotes":""},"class_list":["post-906","page","type-page","status-publish","hentry"],"post_mailing_queue_ids":[],"_links":{"self":[{"href":"https:\/\/serveiseducatius.xtec.cat\/baixebre\/wp-json\/wp\/v2\/pages\/906","targetHints":{"allow":["GET"]}}],"collection":[{"href":"https:\/\/serveiseducatius.xtec.cat\/baixebre\/wp-json\/wp\/v2\/pages"}],"about":[{"href":"https:\/\/serveiseducatius.xtec.cat\/baixebre\/wp-json\/wp\/v2\/types\/page"}],"author":[{"embeddable":true,"href":"https:\/\/serveiseducatius.xtec.cat\/baixebre\/wp-json\/wp\/v2\/users\/1"}],"replies":[{"embeddable":true,"href":"https:\/\/serveiseducatius.xtec.cat\/baixebre\/wp-json\/wp\/v2\/comments?post=906"}],"version-history":[{"count":4,"href":"https:\/\/serveiseducatius.xtec.cat\/baixebre\/wp-json\/wp\/v2\/pages\/906\/revisions"}],"predecessor-version":[{"id":1914,"href":"https:\/\/serveiseducatius.xtec.cat\/baixebre\/wp-json\/wp\/v2\/pages\/906\/revisions\/1914"}],"wp:attachment":[{"href":"https:\/\/serveiseducatius.xtec.cat\/baixebre\/wp-json\/wp\/v2\/media?parent=906"}],"curies":[{"name":"wp","href":"https:\/\/api.w.org\/{rel}","templated":true}]}}