{"id":4224,"date":"2018-11-21T15:44:31","date_gmt":"2018-11-21T14:44:31","guid":{"rendered":"http:\/\/serveiseducatius.xtec.cat\/baixebre\/?page_id=4224"},"modified":"2024-10-09T15:28:39","modified_gmt":"2024-10-09T13:28:39","slug":"opcions-per-rebre-les-novetats","status":"publish","type":"page","link":"https:\/\/serveiseducatius.xtec.cat\/baixebre\/opcions-per-rebre-les-novetats\/","title":{"rendered":"Opcions per rebre les novetats"},"content":{"rendered":"<p>Per tal que de poder rebre les novetats de forma instant\u00e0nia, disposem de diversos canals de difusi\u00f3. A continuaci\u00f3 us detallem els canals que hi ha a disposici\u00f3 i com us hi podeu subscriure en cas que algun d&#8217;ells sigui del vostre inter\u00e8s.<\/p>\n<ul>\n<li><strong>Correu electr\u00f2nic:<\/strong> est\u00e0 situat a la columna lateral esquerra de la p\u00e0gina principal. Nom\u00e9s cal que introdu\u00efu el vostre nom i adre\u00e7a de correu i estareu subscrits a les novetats de la nostra p\u00e0gina. Cada cop que publicarem un article rebreu una notificaci\u00f3 al vostre compte de correu electr\u00f2nic.<\/li>\n<li><strong>Twitter: <\/strong>el nostre canal a \u00e9s\u00a0<strong><a href=\"https:\/\/x.com\/sebaixebre\">https:\/\/x.com\/sebaixebre<\/a><\/strong> . Si ets usuari d&#8217;aquesta xarxa social segueix-nos. A m\u00e9s de les not\u00edcies que hi ha al web tamb\u00e9 hi publiquem informaci\u00f3 relacionada amb el m\u00f3n educatiu i activitast que porten a terme els centres de la zona. Si ens vols fer arribar alguna informaci\u00f3 etiqueta&#8217;ns amb <span class=\"\"><strong>@sebaixebre<\/strong>. A la barra lateral esquerra de la p\u00e0gina d&#8217;inici del nostre web podeu trobar els darrers tweets.<\/span><\/li>\n<li><strong>RSS:<\/strong> el nostre canal de not\u00edcies RSS \u00e9s\u00a0<strong><a href=\"http:\/\/serveiseducatius.xtec.cat\/baixebre\/feed\">http:\/\/serveiseducatius.xtec.cat\/baixebre\/feed<\/a><\/strong> . Per tal de subscriure-vos-hi, en aquest cas, necessiteru un lector de RSS&#8217;s o feeds.<\/li>\n<\/ul>\n<p>En cap cas \u00e9s obligatori ni necessari utilitzar algun dels de difusi\u00f3. Simplement s\u00f3n eines que posem a l&#8217;abast per tal de que, tothom que vulgui, tingui opcions senzilles de seguir les novetats que anem posant.<\/p>\n","protected":false},"excerpt":{"rendered":"<p>Per tal que de poder rebre les novetats de forma instant\u00e0nia, disposem de diversos canals de difusi\u00f3. A continuaci\u00f3 us [&hellip;]<\/p>\n","protected":false},"author":5,"featured_media":0,"parent":0,"menu_order":0,"comment_status":"closed","ping_status":"closed","template":"","meta":{"_bbp_topic_count":0,"_bbp_reply_count":0,"_bbp_total_topic_count":0,"_bbp_total_reply_count":0,"_bbp_voice_count":0,"_bbp_anonymous_reply_count":0,"_bbp_topic_count_hidden":0,"_bbp_reply_count_hidden":0,"_bbp_forum_subforum_count":0,"site-sidebar-layout":"default","site-content-layout":"","ast-site-content-layout":"","site-content-style":"default","site-sidebar-style":"default","ast-global-header-display":"","ast-banner-title-visibility":"","ast-main-header-display":"","ast-hfb-above-header-display":"","ast-hfb-below-header-display":"","ast-hfb-mobile-header-display":"","site-post-title":"","ast-breadcrumbs-content":"","ast-featured-img":"","footer-sml-layout":"","theme-transparent-header-meta":"","adv-header-id-meta":"","stick-header-meta":"","header-above-stick-meta":"","header-main-stick-meta":"","header-below-stick-meta":"","astra-migrate-meta-layouts":"default","ast-page-background-enabled":"default","ast-page-background-meta":{"desktop":{"background-color":"var(--ast-global-color-4)","background-image":"","background-repeat":"repeat","background-position":"center center","background-size":"auto","background-attachment":"scroll","background-type":"","background-media":"","overlay-type":"","overlay-color":"","overlay-opacity":"","overlay-gradient":""},"tablet":{"background-color":"","background-image":"","background-repeat":"repeat","background-position":"center center","background-size":"auto","background-attachment":"scroll","background-type":"","background-media":"","overlay-type":"","overlay-color":"","overlay-opacity":"","overlay-gradient":""},"mobile":{"background-color":"","background-image":"","background-repeat":"repeat","background-position":"center center","background-size":"auto","background-attachment":"scroll","background-type":"","background-media":"","overlay-type":"","overlay-color":"","overlay-opacity":"","overlay-gradient":""}},"ast-content-background-meta":{"desktop":{"background-color":"var(--ast-global-color-5)","background-image":"","background-repeat":"repeat","background-position":"center center","background-size":"auto","background-attachment":"scroll","background-type":"","background-media":"","overlay-type":"","overlay-color":"","overlay-opacity":"","overlay-gradient":""},"tablet":{"background-color":"var(--ast-global-color-5)","background-image":"","background-repeat":"repeat","background-position":"center center","background-size":"auto","background-attachment":"scroll","background-type":"","background-media":"","overlay-type":"","overlay-color":"","overlay-opacity":"","overlay-gradient":""},"mobile":{"background-color":"var(--ast-global-color-5)","background-image":"","background-repeat":"repeat","background-position":"center center","background-size":"auto","background-attachment":"scroll","background-type":"","background-media":"","overlay-type":"","overlay-color":"","overlay-opacity":"","overlay-gradient":""}},"footnotes":""},"class_list":["post-4224","page","type-page","status-publish","hentry"],"post_mailing_queue_ids":[],"_links":{"self":[{"href":"https:\/\/serveiseducatius.xtec.cat\/baixebre\/wp-json\/wp\/v2\/pages\/4224","targetHints":{"allow":["GET"]}}],"collection":[{"href":"https:\/\/serveiseducatius.xtec.cat\/baixebre\/wp-json\/wp\/v2\/pages"}],"about":[{"href":"https:\/\/serveiseducatius.xtec.cat\/baixebre\/wp-json\/wp\/v2\/types\/page"}],"author":[{"embeddable":true,"href":"https:\/\/serveiseducatius.xtec.cat\/baixebre\/wp-json\/wp\/v2\/users\/5"}],"replies":[{"embeddable":true,"href":"https:\/\/serveiseducatius.xtec.cat\/baixebre\/wp-json\/wp\/v2\/comments?post=4224"}],"version-history":[{"count":4,"href":"https:\/\/serveiseducatius.xtec.cat\/baixebre\/wp-json\/wp\/v2\/pages\/4224\/revisions"}],"predecessor-version":[{"id":8911,"href":"https:\/\/serveiseducatius.xtec.cat\/baixebre\/wp-json\/wp\/v2\/pages\/4224\/revisions\/8911"}],"wp:attachment":[{"href":"https:\/\/serveiseducatius.xtec.cat\/baixebre\/wp-json\/wp\/v2\/media?parent=4224"}],"curies":[{"name":"wp","href":"https:\/\/api.w.org\/{rel}","templated":true}]}}