{"id":414,"date":"2015-11-25T15:58:37","date_gmt":"2015-11-25T14:58:37","guid":{"rendered":"http:\/\/serveiseducatius.xtec.cat\/se-baixebre\/?page_id=414"},"modified":"2026-04-07T11:29:47","modified_gmt":"2026-04-07T09:29:47","slug":"pla-de-formacio-de-zona-pfz","status":"publish","type":"page","link":"https:\/\/serveiseducatius.xtec.cat\/baixebre\/formacio\/pla-de-formacio-de-zona-pfz\/","title":{"rendered":"Pla de formaci\u00f3 de zona (PFZ)"},"content":{"rendered":"<p style=\"text-align: justify;\">El Departament d\u2019Educaci\u00f3 i Formaci\u00f3 Professional ha establert un conjunt de l\u00ednies de formaci\u00f3 permanent per donar resposta a les necessitats de formaci\u00f3 dels centres educatius i dels docents de Catalunya. <strong>El Pla de Formaci\u00f3 de Zona (PFZ) del Baix Ebre<\/strong> \u00e9s la planificaci\u00f3 a nivell comarcal de la formaci\u00f3 del professorat, la qual incorpora les activitats en centre i altres activitats adre\u00e7ades a tot el professorat de la comarca. El professorat hi participa a trav\u00e9s del proc\u00e9s de detecci\u00f3 de necessitats i mitjan\u00e7ant la seva representaci\u00f3 en la comissi\u00f3 del PFZ del Baix Ebre.<\/p>\n<p style=\"text-align: justify;\"><a href=\"https:\/\/docs.google.com\/document\/d\/1VrV-6xOfI92O0rZI9iCbGsY2wsX_RN8kxstJdwuw_Tk\/edit?tab=t.0#heading=h.gjdgxs\">Criteris, instruccions i orientacions del PFZ 2026-2027<\/a><\/p>\n<p><a href=\"https:\/\/serveiseducatius.xtec.cat\/baixebre\/wp-content\/uploads\/usu624\/2026\/04\/PFZ26_27.jpg\"><img loading=\"lazy\" decoding=\"async\" class=\"aligncenter size-full wp-image-9372\" src=\"https:\/\/serveiseducatius.xtec.cat\/baixebre\/wp-content\/uploads\/usu624\/2026\/04\/PFZ26_27.jpg\" alt=\"\" width=\"1866\" height=\"936\" srcset=\"https:\/\/serveiseducatius.xtec.cat\/baixebre\/wp-content\/uploads\/usu624\/2026\/04\/PFZ26_27.jpg 1866w, https:\/\/serveiseducatius.xtec.cat\/baixebre\/wp-content\/uploads\/usu624\/2026\/04\/PFZ26_27-300x150.jpg 300w, https:\/\/serveiseducatius.xtec.cat\/baixebre\/wp-content\/uploads\/usu624\/2026\/04\/PFZ26_27-1024x514.jpg 1024w, https:\/\/serveiseducatius.xtec.cat\/baixebre\/wp-content\/uploads\/usu624\/2026\/04\/PFZ26_27-768x385.jpg 768w, https:\/\/serveiseducatius.xtec.cat\/baixebre\/wp-content\/uploads\/usu624\/2026\/04\/PFZ26_27-1536x770.jpg 1536w\" sizes=\"auto, (max-width: 1866px) 100vw, 1866px\" \/><\/a><\/p>\n<p><a href=\"https:\/\/aplicacions.gestioeducativa.gencat.cat\/ords\/pls\/e13_formacio_gaf\/formacio_gaf.inici\">GAF<\/a><\/p>\n\n\n<p><\/p>\n","protected":false},"excerpt":{"rendered":"<p>El Departament d\u2019Educaci\u00f3 i Formaci\u00f3 Professional ha establert un conjunt de l\u00ednies de formaci\u00f3 permanent per donar resposta a les [&hellip;]<\/p>\n","protected":false},"author":1,"featured_media":0,"parent":416,"menu_order":10,"comment_status":"closed","ping_status":"closed","template":"","meta":{"_bbp_topic_count":0,"_bbp_reply_count":0,"_bbp_total_topic_count":0,"_bbp_total_reply_count":0,"_bbp_voice_count":0,"_bbp_anonymous_reply_count":0,"_bbp_topic_count_hidden":0,"_bbp_reply_count_hidden":0,"_bbp_forum_subforum_count":0,"site-sidebar-layout":"default","site-content-layout":"","ast-site-content-layout":"default","site-content-style":"default","site-sidebar-style":"default","ast-global-header-display":"","ast-banner-title-visibility":"","ast-main-header-display":"","ast-hfb-above-header-display":"","ast-hfb-below-header-display":"","ast-hfb-mobile-header-display":"","site-post-title":"","ast-breadcrumbs-content":"","ast-featured-img":"","footer-sml-layout":"","theme-transparent-header-meta":"","adv-header-id-meta":"","stick-header-meta":"","header-above-stick-meta":"","header-main-stick-meta":"","header-below-stick-meta":"","astra-migrate-meta-layouts":"set","ast-page-background-enabled":"default","ast-page-background-meta":{"desktop":{"background-color":"var(--ast-global-color-4)","background-image":"","background-repeat":"repeat","background-position":"center center","background-size":"auto","background-attachment":"scroll","background-type":"","background-media":"","overlay-type":"","overlay-color":"","overlay-opacity":"","overlay-gradient":""},"tablet":{"background-color":"","background-image":"","background-repeat":"repeat","background-position":"center center","background-size":"auto","background-attachment":"scroll","background-type":"","background-media":"","overlay-type":"","overlay-color":"","overlay-opacity":"","overlay-gradient":""},"mobile":{"background-color":"","background-image":"","background-repeat":"repeat","background-position":"center center","background-size":"auto","background-attachment":"scroll","background-type":"","background-media":"","overlay-type":"","overlay-color":"","overlay-opacity":"","overlay-gradient":""}},"ast-content-background-meta":{"desktop":{"background-color":"var(--ast-global-color-5)","background-image":"","background-repeat":"repeat","background-position":"center center","background-size":"auto","background-attachment":"scroll","background-type":"","background-media":"","overlay-type":"","overlay-color":"","overlay-opacity":"","overlay-gradient":""},"tablet":{"background-color":"var(--ast-global-color-5)","background-image":"","background-repeat":"repeat","background-position":"center center","background-size":"auto","background-attachment":"scroll","background-type":"","background-media":"","overlay-type":"","overlay-color":"","overlay-opacity":"","overlay-gradient":""},"mobile":{"background-color":"var(--ast-global-color-5)","background-image":"","background-repeat":"repeat","background-position":"center center","background-size":"auto","background-attachment":"scroll","background-type":"","background-media":"","overlay-type":"","overlay-color":"","overlay-opacity":"","overlay-gradient":""}},"footnotes":""},"class_list":["post-414","page","type-page","status-publish","hentry"],"post_mailing_queue_ids":[],"_links":{"self":[{"href":"https:\/\/serveiseducatius.xtec.cat\/baixebre\/wp-json\/wp\/v2\/pages\/414","targetHints":{"allow":["GET"]}}],"collection":[{"href":"https:\/\/serveiseducatius.xtec.cat\/baixebre\/wp-json\/wp\/v2\/pages"}],"about":[{"href":"https:\/\/serveiseducatius.xtec.cat\/baixebre\/wp-json\/wp\/v2\/types\/page"}],"author":[{"embeddable":true,"href":"https:\/\/serveiseducatius.xtec.cat\/baixebre\/wp-json\/wp\/v2\/users\/1"}],"replies":[{"embeddable":true,"href":"https:\/\/serveiseducatius.xtec.cat\/baixebre\/wp-json\/wp\/v2\/comments?post=414"}],"version-history":[{"count":6,"href":"https:\/\/serveiseducatius.xtec.cat\/baixebre\/wp-json\/wp\/v2\/pages\/414\/revisions"}],"predecessor-version":[{"id":9376,"href":"https:\/\/serveiseducatius.xtec.cat\/baixebre\/wp-json\/wp\/v2\/pages\/414\/revisions\/9376"}],"up":[{"embeddable":true,"href":"https:\/\/serveiseducatius.xtec.cat\/baixebre\/wp-json\/wp\/v2\/pages\/416"}],"wp:attachment":[{"href":"https:\/\/serveiseducatius.xtec.cat\/baixebre\/wp-json\/wp\/v2\/media?parent=414"}],"curies":[{"name":"wp","href":"https:\/\/api.w.org\/{rel}","templated":true}]}}